{"id":1068,"date":"2023-11-20T15:26:15","date_gmt":"2023-11-20T13:26:15","guid":{"rendered":"https:\/\/ambbucarest.esteri.it\/?page_id=1068"},"modified":"2026-03-09T15:17:33","modified_gmt":"2026-03-09T13:17:33","slug":"studi-legali-di-bucarest-con-conoscenza-della-lingua-italiana","status":"publish","type":"page","link":"https:\/\/ambbucarest.esteri.it\/it\/servizi-consolari-e-visti\/servizi-per-il-cittadino-italiano\/assistenza-ai-cittadini-allestero\/studi-legali-di-bucarest-con-conoscenza-della-lingua-italiana\/","title":{"rendered":"Studi legali di Bucarest con conoscenza della lingua italiana"},"content":{"rendered":"<p>L\u2019elenco (<a href=\"https:\/\/ambbucarest.esteri.it\/wp-content\/uploads\/2026\/03\/Elenco-studi-legali-2026.pdf\"><strong>disponibile qui<\/strong><\/a>), costituito da studi legali che hanno manifestato alla Cancelleria consolare dell&#8217;Ambasciata la disponibilit\u00e0 ad assistere i nostri connazionali e che dispongono di personale che parla italiano, non \u00e8 in alcun modo esaustivo.<br \/>\nL&#8217;Ambasciata non si assume alcuna responsabilit\u00e0 connessa all&#8217;operato di tali studi legali n\u00e9 per le tariffe dai medesimi praticate.<br \/>\nI titolari di questi ultimi che siano interessati ad essere inseriti in tale elenco dovranno inoltrare una richiesta di incontro alla Cancelleria consolare di questa Ambasciata (consolato.bucarest@esteri.it), riportando, nella medesima, i seguenti dati: denominazione dello studio legale, nome del titolare e\/o di altra persona di contatto, indirizzo, telefono, fax, e-mail e sito web.<br \/>\nI requisiti imprescindibili per l\u2019inserimento nell\u2019elenco sono i seguenti:<br \/>\n&#8211; l&#8217;iscrizione del titolare alla &#8220;Uniunii Na\u0163ionala a Barourilor din Rom\u00e2nia&#8221; (U.N.B.R), con sede in Palatul de Justi\u0163ie, Splaiul Indipenden\u0163ei n.5, Sector 5, Bucarest;<br \/>\n&#8211; Curriculum Vitae del titolare;<br \/>\n&#8211; la circostanza &#8211; da autocertificare &#8211; di non aver subito condanne penali n\u00e9 di avere procedimenti penali in corso;<br \/>\n&#8211; la disponibilit\u00e0 a fornire assistenza legale alle imprese italiane;<br \/>\n&#8211; la capacit\u00e0 di fornire tale assistenza in lingua italiana e romena;<br \/>\nNel corso dell\u2019incontro dovr\u00e0 essere presentata dall\u2019interessato idonea documentazione comprovante quanto sopra.<br \/>\nSaranno anche prese in esame l\u2019esperienza e le attivit\u00e0 dello studio legale, ed in particolare l\u2019eventuale specializzazione nel diritto italiano e l\u2019esistenza di rapporti di associazione o collaborazione con analoghi studi italiani.<br \/>\nSuccessivamente all\u2019incontro, sar\u00e0 cura della Cancelleria consolare di questa Ambasciata fornire all\u2019interessato il riscontro sulla possibilit\u00e0 o meno dell\u2019inserimento nell\u2019elenco di riferimento di cui sopra.<br \/>\nSi segnala l\u2019esistenza, nella sezione \u2018Fare affari in Romania\u2019 di questo sito web, di un ulteriore elenco di professionisti di riferimento per le imprese italiane in Romania.<\/p>\n","protected":false},"excerpt":{"rendered":"L\u2019elenco (disponibile qui), costituito da studi legali che hanno manifestato alla Cancelleria consolare dell&#8217;Ambasciata la disponibilit\u00e0 ad assistere i nostri connazionali e che dispongono di personale che parla italiano, non \u00e8 in alcun modo esaustivo. L&#8217;Ambasciata non si assume alcuna responsabilit\u00e0 connessa all&#8217;operato di tali studi legali n\u00e9 per le tariffe dai medesimi praticate. I [&hellip;]","protected":false},"author":8,"featured_media":0,"parent":69,"menu_order":0,"comment_status":"closed","ping_status":"closed","template":"","meta":{"footnotes":""},"class_list":["post-1068","page","type-page","status-publish","hentry"],"_links":{"self":[{"href":"https:\/\/ambbucarest.esteri.it\/it\/wp-json\/wp\/v2\/pages\/1068","targetHints":{"allow":["GET"]}}],"collection":[{"href":"https:\/\/ambbucarest.esteri.it\/it\/wp-json\/wp\/v2\/pages"}],"about":[{"href":"https:\/\/ambbucarest.esteri.it\/it\/wp-json\/wp\/v2\/types\/page"}],"author":[{"embeddable":true,"href":"https:\/\/ambbucarest.esteri.it\/it\/wp-json\/wp\/v2\/users\/8"}],"replies":[{"embeddable":true,"href":"https:\/\/ambbucarest.esteri.it\/it\/wp-json\/wp\/v2\/comments?post=1068"}],"version-history":[{"count":6,"href":"https:\/\/ambbucarest.esteri.it\/it\/wp-json\/wp\/v2\/pages\/1068\/revisions"}],"predecessor-version":[{"id":7663,"href":"https:\/\/ambbucarest.esteri.it\/it\/wp-json\/wp\/v2\/pages\/1068\/revisions\/7663"}],"up":[{"embeddable":true,"href":"https:\/\/ambbucarest.esteri.it\/it\/wp-json\/wp\/v2\/pages\/69"}],"wp:attachment":[{"href":"https:\/\/ambbucarest.esteri.it\/it\/wp-json\/wp\/v2\/media?parent=1068"}],"curies":[{"name":"wp","href":"https:\/\/api.w.org\/{rel}","templated":true}]}}