{"id":1137,"date":"2023-11-21T12:36:45","date_gmt":"2023-11-21T10:36:45","guid":{"rendered":"https:\/\/ambbucarest.esteri.it\/?page_id=1137"},"modified":"2023-11-21T12:58:50","modified_gmt":"2023-11-21T10:58:50","slug":"atti-notori","status":"publish","type":"page","link":"https:\/\/ambbucarest.esteri.it\/it\/servizi-consolari-e-visti\/servizi-per-il-cittadino-italiano\/servizi-notarili\/atti-notori\/","title":{"rendered":"Atti notori"},"content":{"rendered":"<p><strong>Atti notori<\/strong><\/p>\n<p>Gli interessati possono ricorrere all&#8217;autocertificazione per tutti gli stati, fatti e qualit\u00e0 personali che non siano certificabili da parte di una pubblica amministrazione, mediante dichiarazione sostitutiva dell&#8217;atto di notoriet\u00e0 ai sensi dell&#8217;art.47 del DPR 445\/2000.<br \/>\nInoltre, la dichiarazione sostitutiva dell&#8217;atto di notoriet\u00e0 pu\u00f2 riguardare anche circostanze relative ad altri soggetti, di cui il dichiarante abbia diretta conoscenza, nonch\u00e9 la possibilit\u00e0 di attestare la conformit\u00e0 all&#8217;originale di una pubblicazione.<\/p>\n<p>La dichiarazione sostitutiva di atti notori pu\u00f2 essere fatta dichiarando fatti, stati o qualit\u00e0 personali a diretta conoscenza dell&#8217;interessato dinanzi al funzionario competente a ricevere la documentazione, o dinanzi a un notaio, cancelliere, segretario comunale o altro funzionario incaricato dal sindaco.<\/p>\n<p>Qualora si tratti di stati, fatti e qualit\u00e0 personali certificabili o attestabili da parte di un altro soggetto pubblico e l&#8217;amministrazione ritenga necessario controllare la veridicit\u00e0 delle dichiarazioni, ha a disposizione 15 giorni di tempo dalle dichiarazioni per richiedere la necessaria documentazione.<\/p>\n<p><strong><u>L&#8217;autocertificazione<\/u><\/strong><\/p>\n<p>Per autocertificazione si intende &#8220;la certificazione prodotta dall&#8217;interessato in sostituzione della normale certificazione&#8221; (<a href=\"https:\/\/www.normattiva.it\/uri-res\/N2Ls?urn:nir:stato:legge:1968-01-04;15@originale\">art. 2, legge 15\/1968<\/a>). Essa rappresenta cio\u00e8 la possibilit\u00e0 per il cittadino di fornire le stesse notizie presenti in un registro pubblico in modo pi\u00f9 semplice e con meno oneri.<br \/>\nLa possibilit\u00e0 di avvalersi dell&#8217;autocertificazione \u00e8 concessa a tutti i cittadini italiani e dei Paesi europei.<br \/>\nLa facolt\u00e0 di avvalersi di dichiarazioni sostitutive \u00e8 stata estesa anche ai cittadini extracomunitari regolarmente soggiornanti in Italia limitatamente ai dati verificabili o certificabili in Italia da soggetti pubblici.<\/p>\n<p>L&#8217;autocertificazione e le dichiarazioni sostitutive possono essere utilizzate nei rapporti con la Pubblica Amministrazione e con i concessionari e i gestori di pubblici servizi.<br \/>\nNon possono invece essere utilizzate nei rapporti tra i privati, salvo che gli stessi non vi acconsentano, e davanti all&#8217;autorit\u00e0 giudiziaria nello svolgimento di funzioni giurisdizionali.<\/p>\n<p><u>Certificati sostituiti dall&#8217;autocertificazione<\/u><\/p>\n<p>L&#8217;autocertificazione pu\u00f2 essere sostitutiva di normali certificazioni, si pu\u00f2 dunque ricorrere all&#8217;autocertificazione nei seguenti casi:<\/p>\n<ul>\n<li>data e luogo di nascita;<br \/>\n\u2022 residenza;<br \/>\n\u2022 cittadinanza;<br \/>\n\u2022 godimento dei diritti politici;<br \/>\n\u2022 stato di celibe, coniugato o vedovo;<br \/>\n\u2022 stato di famiglia;<br \/>\n\u2022 esistenza in vita;<br \/>\n\u2022 nascita del figlio;<br \/>\n\u2022 decesso del coniuge, dell&#8217;ascendente o discendente;<br \/>\n\u2022 posizione agli effetti degli obblighi militari;<br \/>\n\u2022 iscrizione in albi o elenchi tenuti dalla Pubblica Amministrazione;<br \/>\n\u2022 titoli di studio acquisiti;<br \/>\n\u2022 qualifiche professionali;<br \/>\n\u2022 esami sostenuti universitari e di stato;<br \/>\n\u2022 titoli di specializzazione;<br \/>\n\u2022 titoli di abilitazione;<br \/>\n\u2022 titoli di formazione;<br \/>\n\u2022 titoli di aggiornamento;<br \/>\n\u2022 titoli di qualificazione tecnica;<br \/>\n\u2022 situazione reddituale o economica anche ai fini della concessione di benefici e vantaggi di qualsiasi tipo previsti da leggi speciali;<br \/>\n\u2022 assolvimento di specifici obblighi contributivi con l&#8217;indicazione dell&#8217;ammontare;<br \/>\n\u2022 codice fiscale o partita IVA;<br \/>\n\u2022 qualsiasi dato dell&#8217;anagrafe tributaria;<br \/>\n\u2022 stato di disoccupazione;<br \/>\n\u2022 qualit\u00e0 di pensionato e categoria di pensione;<br \/>\n\u2022 qualit\u00e0 di studente;<br \/>\n\u2022 qualit\u00e0 di casalinga;<br \/>\n\u2022 qualit\u00e0 di legale rappresentante di persone fisiche o giuridiche, di tutore, di curatore e simili;<br \/>\n\u2022 iscrizione presso associazioni o formazioni sociali di qualsiasi tipo;<br \/>\n\u2022 adempimento o meno degli obblighi militari compresi quelli di cui all&#8217;art. 77 del D.P.R. n. 237\/64 come modificato dall&#8217;<a href=\"https:\/\/www.normattiva.it\/uri-res\/N2Ls?urn:nir:stato:legge:1986-12-24;958\">art. 22 della legge 958\/86<\/a>;<br \/>\n\u2022 assenza di condanne penali;<br \/>\n\u2022 qualit\u00e0 di vivenza a carico;<br \/>\n\u2022 tutti i dati a diretta conoscenza dell&#8217;interessato contenuti nei registri dello stato civile.<\/li>\n<\/ul>\n<p><strong>Modalit\u00e0 della dichiarazione sostitutiva di certificati<\/strong><\/p>\n<p>La dichiarazione sostitutiva delle normali certificazioni si pu\u00f2 fare scrivendo su carta semplice e firmando sotto la propria ed esclusiva responsabilit\u00e0 (non \u00e8 necessario firmare davanti all&#8217;impiegato) o compilando dichiarazioni sostitutive.<br \/>\nInoltre, \u00e8 possibile trasmettere documenti, atti e certificati per fax, per posta o mezzo telematico e informatico alle Amministrazioni Pubbliche.<\/p>\n<p><strong>Validit\u00e0 delle dichiarazioni sostitutive di normali certificazioni e di atti notori<\/strong><\/p>\n<p>Le dichiarazioni sostitutive hanno la stessa validit\u00e0 degli atti che sostituiscono.<br \/>\nNormalmente i certificati hanno validit\u00e0 per sei mesi dalla data in cui sono stati rilasciati, salvo che norme di legge o regolamentari non dispongano una validit\u00e0 superiore. La validit\u00e0 delle certificazioni anagrafiche e quelle relative allo stato civile \u00e8 prolungabile se l&#8217;interessato dichiara che i dati contenuti nel certificato non hanno subito modifiche e sottoscrive tale dichiarazione.<br \/>\nHanno validit\u00e0 illimitata, invece, i certificati e le dichiarazioni sostitutive che attestano stati e fatti personali che non sono soggetti a modificazioni (certificati di nascita, di morte, titoli di studio, ecc.).<\/p>\n<p><strong>Quali sono i casi in cui l&#8217;autocertificazione non \u00e8 mai ammessa<\/strong><br \/>\nLa possibilit\u00e0 di avvalersi dell&#8217;autocertificazione non \u00e8 mai ammessa per i certificati:<br \/>\n\u2022 medici;<br \/>\n\u2022 sanitari;<br \/>\n\u2022 veterinari;<br \/>\n\u2022 di origine;<br \/>\n\u2022 di conformit\u00e0 all&#8217;UE;<br \/>\n\u2022 marchi;<br \/>\n\u2022 brevetti.<\/p>\n<p><strong>Casi in cui la Pubblica Amministrazione non pu\u00f2 pi\u00f9 chiedere certificazioni ai cittadini<\/strong><br \/>\nNel caso in cui si debba certificare i dati relativi a cognome, nome, luogo e data di nascita, cittadinanza, stato civile e residenza, la Pubblica Amministrazione non pu\u00f2 pi\u00f9 chiedere certificazioni ma \u00e8 sufficiente l&#8217;esibizione di un documento di riconoscimento.<br \/>\nLa registrazione dei dati avviene attraverso la fotocopia non autenticata del documento stesso.<br \/>\nSe il documento non \u00e8 pi\u00f9 valido, l&#8217;interessato deve dichiarare, in margine alla fotocopia, che i dati contenuti nel documento non sono variati dalla data del rilascio.<\/p>\n<p><strong>Sanzioni per i cittadini che forniscono dichiarazioni non veritiere<\/strong><\/p>\n<p>Se le amministrazioni hanno dubbi sulla veridicit\u00e0 delle autocertificazioni, sono tenute a effettuare i controlli necessari.<\/p>\n<p>Nel caso vengano riscontrate dichiarazioni mendaci, la falsit\u00e0 negli atti e l&#8217;uso di atti falsi sono puniti ai sensi del codice penale e delle leggi in materia.<\/p>\n<p>Il dichiarante inoltre decade dai benefici eventualmente conseguiti grazie a provvedimenti basati su dichiarazioni non veritiere.<\/p>\n<p><strong>Documenti di riconoscimento e di identit\u00e0<\/strong><\/p>\n<p>In tutti i casi in cui viene richiesto un documento di identit\u00e0 esso pu\u00f2 essere sostituito da un documento di riconoscimento equipollente. Sono equipollenti alla carta di identit\u00e0:<\/p>\n<ul>\n<li>il passaporto;<br \/>\n\u2022 la patente di guida;<br \/>\n\u2022 la patente nautica;<br \/>\n\u2022 il libretto di pensione;<br \/>\n\u2022 il patentino di abilitazione alla conduzione di impianti termici;<br \/>\n\u2022 il porto d&#8217;armi;<br \/>\n\u2022 le tessere di riconoscimento rilasciate da un&#8217;Amministrazione dello Stato, purch\u00e9 munite di fotografia e di timbro o altra segnatura equivalente.<br \/>\nNel caso il documento sia scaduto, esso pu\u00f2 essere ugualmente esibito, con una dichiarazione dell&#8217;interessato sulla fotocopia del documento che i dati in esso contenuti non sono cambiati.<\/li>\n<\/ul>\n<p>&nbsp;<\/p>\n","protected":false},"excerpt":{"rendered":"Atti notori Gli interessati possono ricorrere all&#8217;autocertificazione per tutti gli stati, fatti e qualit\u00e0 personali che non siano certificabili da parte di una pubblica amministrazione, mediante dichiarazione sostitutiva dell&#8217;atto di notoriet\u00e0 ai sensi dell&#8217;art.47 del DPR 445\/2000. Inoltre, la dichiarazione sostitutiva dell&#8217;atto di notoriet\u00e0 pu\u00f2 riguardare anche circostanze relative ad altri soggetti, di cui il [&hellip;]","protected":false},"author":8,"featured_media":0,"parent":71,"menu_order":1,"comment_status":"closed","ping_status":"closed","template":"","meta":{"footnotes":""},"class_list":["post-1137","page","type-page","status-publish","hentry"],"_links":{"self":[{"href":"https:\/\/ambbucarest.esteri.it\/it\/wp-json\/wp\/v2\/pages\/1137","targetHints":{"allow":["GET"]}}],"collection":[{"href":"https:\/\/ambbucarest.esteri.it\/it\/wp-json\/wp\/v2\/pages"}],"about":[{"href":"https:\/\/ambbucarest.esteri.it\/it\/wp-json\/wp\/v2\/types\/page"}],"author":[{"embeddable":true,"href":"https:\/\/ambbucarest.esteri.it\/it\/wp-json\/wp\/v2\/users\/8"}],"replies":[{"embeddable":true,"href":"https:\/\/ambbucarest.esteri.it\/it\/wp-json\/wp\/v2\/comments?post=1137"}],"version-history":[{"count":2,"href":"https:\/\/ambbucarest.esteri.it\/it\/wp-json\/wp\/v2\/pages\/1137\/revisions"}],"predecessor-version":[{"id":1151,"href":"https:\/\/ambbucarest.esteri.it\/it\/wp-json\/wp\/v2\/pages\/1137\/revisions\/1151"}],"up":[{"embeddable":true,"href":"https:\/\/ambbucarest.esteri.it\/it\/wp-json\/wp\/v2\/pages\/71"}],"wp:attachment":[{"href":"https:\/\/ambbucarest.esteri.it\/it\/wp-json\/wp\/v2\/media?parent=1137"}],"curies":[{"name":"wp","href":"https:\/\/api.w.org\/{rel}","templated":true}]}}