{"id":1158,"date":"2023-11-21T13:02:43","date_gmt":"2023-11-21T11:02:43","guid":{"rendered":"https:\/\/ambbucarest.esteri.it\/?page_id=1158"},"modified":"2023-11-21T13:06:07","modified_gmt":"2023-11-21T11:06:07","slug":"disposizioni-anticipate-di-trattamento-dat","status":"publish","type":"page","link":"https:\/\/ambbucarest.esteri.it\/it\/servizi-consolari-e-visti\/servizi-per-il-cittadino-italiano\/servizi-notarili\/disposizioni-anticipate-di-trattamento-dat\/","title":{"rendered":"Disposizioni Anticipate di Trattamento (DAT)"},"content":{"rendered":"<p>Le Disposizioni Anticipate di Trattamento \u2013 DAT (anche dette \u201cbiotestamento\u201d o \u201ctestamento biologico\u201d), regolate dall\u2019art.<a href=\"https:\/\/www.normattiva.it\/uri-res\/N2Ls?urn:nir:stato:legge:2017-12-22;219~art4!vig=\"> 4 della legge 219 del 22 dicembre 2017<\/a>, sono le disposizioni che permettono ad ogni persona, maggiorenne e capace di intendere e volere, di\u00a0<strong>esprimere il proprio consenso o rifiuto<\/strong>\u00a0su accertamenti diagnostici, scelte terapeutiche e singoli trattamenti sanitari, in previsione di una eventuale futura incapacit\u00e0 di comunicare la propria volont\u00e0.<br \/>\nPer essere valide devono essere\u00a0<strong>redatte solo dopo aver acquisito adeguate informazioni mediche<\/strong>\u00a0sulle conseguenze delle scelte prese con tali disposizioni.<\/p>\n<p>Le\u00a0<strong>DAT non hanno scadenza<\/strong>. Possono essere rinnovate, modificate o revocate in qualsiasi momento, con le stesse forme con le quali possono essere redatte. In ogni caso non sostituiscono mai la volont\u00e0 attuale della persona finch\u00e9 questa \u00e8 capace di autodeterminarsi.<\/p>\n<p>Chi redige le DAT pu\u00f2 nominare anche un\u00a0<strong>fiduciario<\/strong>, ovvero una persona di fiducia, maggiorenne e capace di intendere e di volere, per rappresentare e far rispettare le proprie volont\u00e0 nelle relazioni con il medico e con le strutture sanitarie in caso di sopraggiunta incapacit\u00e0 a comunicare con loro.<\/p>\n<p>I cittadini italiani residenti in Italia possono redigere la DAT nella forma dell\u2019atto pubblico, della scrittura privata autenticata oppure della scrittura privata consegnata personalmente al proprio Comune italiano di residenza. Per i minori la DAT pu\u00f2 essere redatta dagli esercenti la responsabilit\u00e0 genitoriale.<\/p>\n<p>I cittadini italiani residenti nella circoscrizione consolare della Romania e regolarmente iscritti all\u2019AIRE possono sottoscrivere le proprie Disposizioni Anticipate di Trattamento, oltre che presso il Comune di iscrizione AIRE, anche presso questa Cancelleria consolare previo appuntamento che pu\u00f2 essere chiesto per mail all\u2019indirizzo:\u00a0<a href=\"mailto:consolato.bucarest@esteri.it\">consolato.bucarest@esteri.it<\/a>\u00a0.<br \/>\nIl giorno dell\u2019appuntamento bisogna presentare: 1) documento di riconoscimento; 2) codice fiscale; 3) il formulario compilato in ogni sua parte (il Ministero della Salute non fornisce un modello unico, tuttavia sono presenti in internet vari esempi di formulari).<\/p>\n<p><strong>Attenzione:<\/strong>\u00a0la firma del dichiarante va apposta\u00a0<u>di fronte all\u2019incaricato dell\u2019Ufficio Notarile<\/u>\u00a0il giorno dell\u2019appuntamento.<br \/>\nIn caso di nomina di un fiduciario occorre presentare anche: 1) il formulario completo, inclusa la firma del fiduciario nell\u2019apposita sezione; 2) copia del documento del fiduciario; e\u00a0 3) codice fiscale del fiduciario.<\/p>\n<p><strong>\u00a0<\/strong><strong>Attenzione: Le DAT rese di fronte all\u2019autorit\u00e0 italiana non hanno effetto nei confronti delle autorit\u00e0 della Romania<\/strong>. Per informazioni sulle modalit\u00e0 di presentazione alle autorit\u00e0 romene della dichiarazione relativa alle proprie disposizioni, si prega di prendere contatto con le competenti Autorit\u00e0 di Romania.<\/p>\n<p>Ulteriori informazioni sulle Disposizioni Anticipate di Trattamento sono disponibili sul sito del Ministero della Salute (<a href=\"https:\/\/www.salute.gov.it\/portale\/dat\/dettaglioContenutiDat.jsp?lingua=italiano&amp;id=4954&amp;area=dat&amp;menu=vuoto\"><strong>clicca qui<\/strong><\/a>)<\/p>\n<p>Normativa:<br \/>\n\u2022\u00a0<a href=\"https:\/\/www.trovanorme.salute.gov.it\/norme\/dettaglioAtto?id=62663\"><strong>Legge 22 dicembre 2017, nr. 219<\/strong><\/a><\/p>\n<ul>\n<li><a href=\"https:\/\/www.trovanorme.salute.gov.it\/norme\/dettaglioAtto?id=72772\"><strong>D.M. 10 dicembre 2019, nr. 168<\/strong><\/a><\/li>\n<\/ul>\n<p>&nbsp;<\/p>\n","protected":false},"excerpt":{"rendered":"Le Disposizioni Anticipate di Trattamento \u2013 DAT (anche dette \u201cbiotestamento\u201d o \u201ctestamento biologico\u201d), regolate dall\u2019art. 4 della legge 219 del 22 dicembre 2017, sono le disposizioni che permettono ad ogni persona, maggiorenne e capace di intendere e volere, di\u00a0esprimere il proprio consenso o rifiuto\u00a0su accertamenti diagnostici, scelte terapeutiche e singoli trattamenti sanitari, in previsione di [&hellip;]","protected":false},"author":8,"featured_media":0,"parent":71,"menu_order":5,"comment_status":"closed","ping_status":"closed","template":"","meta":{"footnotes":""},"class_list":["post-1158","page","type-page","status-publish","hentry"],"_links":{"self":[{"href":"https:\/\/ambbucarest.esteri.it\/it\/wp-json\/wp\/v2\/pages\/1158","targetHints":{"allow":["GET"]}}],"collection":[{"href":"https:\/\/ambbucarest.esteri.it\/it\/wp-json\/wp\/v2\/pages"}],"about":[{"href":"https:\/\/ambbucarest.esteri.it\/it\/wp-json\/wp\/v2\/types\/page"}],"author":[{"embeddable":true,"href":"https:\/\/ambbucarest.esteri.it\/it\/wp-json\/wp\/v2\/users\/8"}],"replies":[{"embeddable":true,"href":"https:\/\/ambbucarest.esteri.it\/it\/wp-json\/wp\/v2\/comments?post=1158"}],"version-history":[{"count":3,"href":"https:\/\/ambbucarest.esteri.it\/it\/wp-json\/wp\/v2\/pages\/1158\/revisions"}],"predecessor-version":[{"id":1166,"href":"https:\/\/ambbucarest.esteri.it\/it\/wp-json\/wp\/v2\/pages\/1158\/revisions\/1166"}],"up":[{"embeddable":true,"href":"https:\/\/ambbucarest.esteri.it\/it\/wp-json\/wp\/v2\/pages\/71"}],"wp:attachment":[{"href":"https:\/\/ambbucarest.esteri.it\/it\/wp-json\/wp\/v2\/media?parent=1158"}],"curies":[{"name":"wp","href":"https:\/\/api.w.org\/{rel}","templated":true}]}}