{"id":1200,"date":"2023-11-21T16:31:11","date_gmt":"2023-11-21T14:31:11","guid":{"rendered":"https:\/\/ambbucarest.esteri.it\/?page_id=1200"},"modified":"2023-11-21T16:31:32","modified_gmt":"2023-11-21T14:31:32","slug":"testamento-pubblico","status":"publish","type":"page","link":"https:\/\/ambbucarest.esteri.it\/it\/servizi-consolari-e-visti\/servizi-per-il-cittadino-italiano\/servizi-notarili\/testamento-pubblico\/","title":{"rendered":"Testamento pubblico"},"content":{"rendered":"<p>Tra le attivit\u00e0 proprie dell&#8217;Ufficio notarile presso un Consolato rientra la redazione di alcuni atti concernenti le dichiarazioni di ultima volont\u00e0 di soggetti che si trovano all&#8217;estero.<br \/>\nIl testamento pubblico \u00e8 la dichiarazione di volont\u00e0 del testatore resa ad un funzionario delegato alle funzioni notarili in presenza di due testimoni e redatta in forma scritta.<br \/>\nNel testamento segreto, invece, le funzioni dell&#8217;Ufficio notarile si limitano al ricevimento formale dell&#8217;atto (il cui contenuto rimane segreto) ed al suo deposito nell&#8217;Ufficio.<br \/>\nIl testamento olografo, infine, non necessita della stesura da parte di un funzionario dell&#8217;Ufficio notarile e pu\u00f2 essere depositato in ogni luogo e presso chiunque. Solitamente esso viene depositato presso l&#8217;Ufficio notarile al fine di evitare la possibilit\u00e0 di un suo smarrimento e per assicurarne l&#8217;immediata pubblicazione alla morte del testatore.<\/p>\n","protected":false},"excerpt":{"rendered":"Tra le attivit\u00e0 proprie dell&#8217;Ufficio notarile presso un Consolato rientra la redazione di alcuni atti concernenti le dichiarazioni di ultima volont\u00e0 di soggetti che si trovano all&#8217;estero. Il testamento pubblico \u00e8 la dichiarazione di volont\u00e0 del testatore resa ad un funzionario delegato alle funzioni notarili in presenza di due testimoni e redatta in forma scritta. [&hellip;]","protected":false},"author":8,"featured_media":0,"parent":71,"menu_order":7,"comment_status":"closed","ping_status":"closed","template":"","meta":{"footnotes":""},"class_list":["post-1200","page","type-page","status-publish","hentry"],"_links":{"self":[{"href":"https:\/\/ambbucarest.esteri.it\/it\/wp-json\/wp\/v2\/pages\/1200","targetHints":{"allow":["GET"]}}],"collection":[{"href":"https:\/\/ambbucarest.esteri.it\/it\/wp-json\/wp\/v2\/pages"}],"about":[{"href":"https:\/\/ambbucarest.esteri.it\/it\/wp-json\/wp\/v2\/types\/page"}],"author":[{"embeddable":true,"href":"https:\/\/ambbucarest.esteri.it\/it\/wp-json\/wp\/v2\/users\/8"}],"replies":[{"embeddable":true,"href":"https:\/\/ambbucarest.esteri.it\/it\/wp-json\/wp\/v2\/comments?post=1200"}],"version-history":[{"count":1,"href":"https:\/\/ambbucarest.esteri.it\/it\/wp-json\/wp\/v2\/pages\/1200\/revisions"}],"predecessor-version":[{"id":1202,"href":"https:\/\/ambbucarest.esteri.it\/it\/wp-json\/wp\/v2\/pages\/1200\/revisions\/1202"}],"up":[{"embeddable":true,"href":"https:\/\/ambbucarest.esteri.it\/it\/wp-json\/wp\/v2\/pages\/71"}],"wp:attachment":[{"href":"https:\/\/ambbucarest.esteri.it\/it\/wp-json\/wp\/v2\/media?parent=1200"}],"curies":[{"name":"wp","href":"https:\/\/api.w.org\/{rel}","templated":true}]}}