{"id":134,"date":"2023-09-25T15:28:57","date_gmt":"2023-09-25T13:28:57","guid":{"rendered":"https:\/\/ambasciatatirana.esteri.it\/?page_id=134"},"modified":"2023-12-12T13:08:08","modified_gmt":"2023-12-12T11:08:08","slug":"bandi-di-gara-e-contratti","status":"publish","type":"page","link":"https:\/\/ambbucarest.esteri.it\/it\/amministrazione-trasparente\/bandi-di-gara-e-contratti\/","title":{"rendered":"Bandi di gara e contratti"},"content":{"rendered":"<p><strong>Anno 2022<\/strong><\/p>\n<ol>\n<li>Avviso pubblico di manifestazione d&#8217;interesse finalizzata all&#8217;affidamento in concessione del servizio di somministrazione di bevande calde, fredde e alimenti preconfezionati da effettuarsi mediante distributori automatici da installare presso le sedi dell&#8217;Ambasciata d&#8217;Italia in Bucarest &#8211; CIG ZBA33B1F24:<strong><a href=\"https:\/\/ambbucarest.esteri.it\/wp-content\/uploads\/resource\/doc\/2022\/01\/avviso_prot._n._236_del_13.01.2022.pdf\">Avviso prot. n. 236 del 13.01.2022<\/a><\/strong><strong><a href=\"https:\/\/ambbucarest.esteri.it\/wp-content\/uploads\/resource\/doc\/2022\/02\/verbale_esito_manifestazione_dinteresse.pdf\">Verbale esito manifestazione d&#8217;interesse<\/a><\/strong><strong><a href=\"https:\/\/ambbucarest.esteri.it\/wp-content\/uploads\/resource\/doc\/2022\/03\/verbale_n._1381_del_28.02.2022.pdf\">Verbale apertura offerta<\/a><\/strong>\n<p><strong><a href=\"https:\/\/ambbucarest.esteri.it\/wp-content\/uploads\/resource\/doc\/2022\/03\/determina_n._1420_del_1.03.2022.pdf\">Determina aggiudicazione provvisoria<\/a><\/strong><\/li>\n<li>Avviso ricerca sponsorizzazioni per gli eventi promozionali e culturali 2022<strong><a href=\"https:\/\/ambbucarest.esteri.it\/wp-content\/uploads\/resource\/resource\/2022\/02\/avviso_proroga_sponsorizzazioni_2022.pdf\">Avviso proroga scadenza Sponsorizzazioni 2022\/Anunt de prelungire scadenta Sponsorizari 2022<\/a><\/strong><a href=\"https:\/\/ambbucarest.esteri.it\/wp-content\/uploads\/resource\/doc\/2022\/01\/avviso_sponsorizzazioni_2022.pdf\"><strong>Avviso ricerca sponsor<\/strong><\/a>\n<p><a href=\"https:\/\/ambbucarest.esteri.it\/wp-content\/uploads\/resource\/doc\/2022\/01\/domanda_di_sponsorizzazione_anno_2022.docx\"><strong>Modello domanda di partecipazione<\/strong><\/a><a href=\"https:\/\/ambbucarest.esteri.it\/wp-content\/uploads\/resource\/doc\/2022\/01\/avviso_sponsorizzazioni_2022.pdf\"><br \/>\n<\/a><\/p>\n<p><a href=\"https:\/\/ambbucarest.esteri.it\/wp-content\/uploads\/resource\/doc\/2022\/01\/informativa_privacy.docx.pdf\"><strong>Informativa privacy<\/strong><\/a><\/li>\n<li><a href=\"https:\/\/ambbucarest.esteri.it\/wp-content\/uploads\/it\/informazioni_e_servizi\/amministrazione%20trasparente\/avviso-manifestazione-di-interesse.html\">Avviso manifestazione di interesse a partecipare alla procedura negoziata senza previa pubblicazione del bando ai sensi dell&#8217;art. 7, comma 2, lett. c) D.M. 192\/2017 per l&#8217;affidamento dei lavori di adeguamento funzionale ed impiantistico degli spazi della nuova Sede della Cancelleria Diplomatica sita in Strada Nicolae Iorga N. 28&#8217;30, Settore 1, Bucarest.<\/a><\/li>\n<\/ol>\n<p><strong>Anno 2021<\/strong><\/p>\n<ol>\n<li>Avviso d&#8217;asta per la vendita di cinque immobili di propriet\u00e0 dello Stato Italiano ubicati in Romania\/ Anun\u021b licita\u021bie pentru v\u00e2nzarea a cinci imobile aflate \u00een proprietatea Statului Italian situate \u00een Rom\u00e2nia<a href=\"https:\/\/ambbucarest.esteri.it\/wp-content\/uploads\/resource\/doc\/2021\/12\/avviso_d_asta__006566_13_12_2021.pdf\">Avviso d&#8217;asta<\/a>\u00a0(italiano)<a href=\"https:\/\/ambbucarest.esteri.it\/wp-content\/uploads\/resource\/doc\/2021\/12\/aviz_licitatie_006566_13_12_2021.pdf\">Aviz de licita\u021bie<\/a>\u00a0(rom\u00e2n\u0103)<a href=\"https:\/\/ambbucarest.esteri.it\/wp-content\/uploads\/resource\/doc\/2021\/12\/determina_n._6418_del_6.12.2021_-_avvio_asta_vendita.pdf\">Determina n. 6418 del 6.12.2021 &#8211; Avvio asta vendita<\/a>\n<p><a href=\"https:\/\/ambbucarest.esteri.it\/wp-content\/uploads\/resource\/doc\/2021\/12\/lotto_1__targoviste_.pdf\">LOTTO 1_ Targoviste<\/a><\/p>\n<p><a href=\"https:\/\/ambbucarest.esteri.it\/wp-content\/uploads\/resource\/doc\/2021\/12\/lotto_2__galati.pdf\">LOTTO 2_ Galati<\/a><\/p>\n<p><a href=\"https:\/\/ambbucarest.esteri.it\/wp-content\/uploads\/resource\/doc\/2021\/12\/lotto_3__costanza.pdf\">LOTTO 3_ Costanza<\/a><\/p>\n<p><a href=\"https:\/\/ambbucarest.esteri.it\/wp-content\/uploads\/resource\/doc\/2021\/12\/lotto_4___ploiesti.pdf\">LOTTO 4 _ Ploiesti<\/a><\/p>\n<p><a href=\"https:\/\/ambbucarest.esteri.it\/wp-content\/uploads\/resource\/doc\/2021\/12\/lotto_5__luigi_cazzavillan.pdf\">LOTTO 5 _Luigi Cazzavillan<\/a><\/p>\n<p><a href=\"https:\/\/ambbucarest.esteri.it\/wp-content\/uploads\/resource\/doc\/2022\/02\/avviso_seduta_pubblica_apertura_offerte.pdf\">Avviso seduta pubblica apertura offerte<\/a>\/<a href=\"https:\/\/ambbucarest.esteri.it\/wp-content\/uploads\/resource\/doc\/2022\/02\/anunt_sedinta_de_deschidere_a_ofertelor.pdf\">Anunt sedinta de deschidere a ofertelor<\/a><\/p>\n<p><a href=\"https:\/\/ambbucarest.esteri.it\/wp-content\/uploads\/resource\/doc\/2022\/02\/decreto_nomina_commissione.pdf\">Decreto nomina Commissione\/Decret de numire a Comisiei<\/a><\/p>\n<p><a href=\"https:\/\/ambbucarest.esteri.it\/wp-content\/uploads\/resource\/doc\/2022\/02\/verbale_di_asta_pubblica_n._1049_del_15.02.2022.pdf\">Verbale di seduta pubblica<\/a>\u00a0\/\u00a0<a href=\"https:\/\/ambbucarest.esteri.it\/wp-content\/uploads\/resource\/doc\/2022\/02\/proces_verbal_de_licitatie_publica_n._1049_din_15.02.2022.pdf\">Proces Verbal de licitatie Pubblica<\/a><\/p>\n<p>&nbsp;<\/li>\n<li><a href=\"https:\/\/ambbucarest.esteri.it\/wp-content\/uploads\/resource\/doc\/2021\/12\/corretto_rettifica_-_avvisi_esplorativi_per_la_manifestazione_di_interesse_per_laffidamento_diretto.pdf\">Rettifica &#8211; avvisi esplorativi per manifestazioni d&#8217;interesse<\/a><\/li>\n<li>Avvisi esplorativi per manifestazioni di interesse:<a href=\"https:\/\/ambbucarest.esteri.it\/wp-content\/uploads\/resource\/doc\/2021\/10\/1-_servizio_pulizia_-_avviso_esplorativo_manifestazione_dinteresse_italiano.pdf\">Servizio pulizia<\/a><a href=\"https:\/\/ambbucarest.esteri.it\/wp-content\/uploads\/resource\/doc\/2021\/10\/2-_giardinaggio_-_avviso_esplorativo_manifestazione_dinteresse_italiano.pdf\">Giardinaggio<\/a>\n<p><a href=\"https:\/\/ambbucarest.esteri.it\/wp-content\/uploads\/resource\/doc\/2021\/10\/3-_servizio_portierato_-_avviso_esplorativo_manifestazione_dinteresse_italiano.pdf\">Portierato<\/a><\/p>\n<p><a href=\"https:\/\/ambbucarest.esteri.it\/wp-content\/uploads\/resource\/doc\/2021\/10\/4-_servizio_manutenzione_e_facchinaggio_-_avviso_esplorativo_manifestazione_dinteresse_italiano.pdf\">Manutenzione e facchinaggio<\/a><\/p>\n<p><a href=\"https:\/\/ambbucarest.esteri.it\/wp-content\/uploads\/resource\/doc\/2021\/10\/5-_sorv._notturna_resid.-_avviso_esplorativo_manifestazione_dinteresse_italiano.pdf\">Sorveglianza notturna Residenza<\/a><\/p>\n<p><a href=\"https:\/\/ambbucarest.esteri.it\/wp-content\/uploads\/resource\/doc\/2021\/10\/6-_servizio_manutenzione_fotocop._e_fornitura_toner_-_avviso_esplorativo_manifestazione_dinteresse_italiano.pdf\">Manutenzione fotocopiatrici e fornitura toner<\/a><\/li>\n<\/ol>\n<p>&nbsp;<\/p>\n<p><strong>Anno 2019<\/strong><\/p>\n<ol>\n<li><strong><a href=\"https:\/\/ambbucarest.esteri.it\/wp-content\/uploads\/resource\/doc\/2019\/07\/capitale_2019_bucarest.pdf\">Contratti Spese Conto Capitale<\/a><\/strong><\/li>\n<li><strong><a href=\"https:\/\/ambbucarest.esteri.it\/wp-content\/uploads\/resource\/doc\/2019\/07\/funzionamento_2019_bucarest.pdf\">Contratti Spese di Funzionamento<\/a><\/strong><\/li>\n<li><strong><a href=\"https:\/\/ambbucarest.esteri.it\/wp-content\/uploads\/resource\/doc\/2019\/07\/istituzionali_2019_bucarest.pdf\">Contratti Spese Istituzionali<\/a><\/strong><\/li>\n<li><strong><a href=\"https:\/\/ambbucarest.esteri.it\/wp-content\/uploads\/resource\/doc\/2019\/07\/immobili_2019_bucarest.pdf\">Beni Immobiliari Gestione Patrimoniale<\/a><\/strong><\/li>\n<\/ol>\n<p>Anno 2018<\/p>\n<ol>\n<li><strong><a href=\"https:\/\/ambbucarest.esteri.it\/wp-content\/uploads\/resource\/doc\/2019\/03\/trasparenza_conto_capitale.pdf\">Contratti Spese Conto Capitale<\/a><\/strong><\/li>\n<li><strong><a href=\"https:\/\/ambbucarest.esteri.it\/wp-content\/uploads\/resource\/doc\/2019\/03\/trasparenza__funzionamento.pdf\">Contratti Spese di Funzionamento<\/a><\/strong><\/li>\n<li><strong><a href=\"https:\/\/ambbucarest.esteri.it\/wp-content\/uploads\/resource\/doc\/2019\/03\/trasparenza_istituzionali.pdf\">Contratti Spese Istituzionali<\/a><\/strong><\/li>\n<li><strong><a href=\"https:\/\/ambbucarest.esteri.it\/wp-content\/uploads\/resource\/doc\/2019\/03\/trasparenza_beni_immobili.pdf\">Beni Immobiliari Gestione Patrimoniale<\/a><\/strong><\/li>\n<\/ol>\n<p>Anno 2017<\/p>\n<ol>\n<li><a href=\"https:\/\/ambbucarest.esteri.it\/wp-content\/uploads\/resource\/doc\/2018\/02\/trasparenza_2017_capitale.pdf\"><strong>Contratti Spese Conto Capitale<\/strong><\/a><\/li>\n<li><a href=\"https:\/\/ambbucarest.esteri.it\/wp-content\/uploads\/resource\/doc\/2018\/02\/trasparenza_2017_funzionamento.pdf\"><strong>Contratti Spese di Funzionamento<\/strong><\/a><\/li>\n<li><a href=\"https:\/\/ambbucarest.esteri.it\/wp-content\/uploads\/resource\/doc\/2018\/02\/trasparenza_2017_istituzionali.pdf\"><strong>Contratti Spese Istituzional<\/strong>i<\/a><\/li>\n<\/ol>\n<p><a href=\"https:\/\/ambbucarest.esteri.it\/wp-content\/uploads\/resource\/doc\/2017\/03\/trasparenza_es__fin__2016_bucarest.xlsx\">Anno 2016<\/a><\/p>\n","protected":false},"excerpt":{"rendered":"Anno 2022 Avviso pubblico di manifestazione d&#8217;interesse finalizzata all&#8217;affidamento in concessione del servizio di somministrazione di bevande calde, fredde e alimenti preconfezionati da effettuarsi mediante distributori automatici da installare presso le sedi dell&#8217;Ambasciata d&#8217;Italia in Bucarest &#8211; CIG ZBA33B1F24:Avviso prot. n. 236 del 13.01.2022Verbale esito manifestazione d&#8217;interesseVerbale apertura offerta Determina aggiudicazione provvisoria Avviso ricerca sponsorizzazioni [&hellip;]","protected":false},"author":1,"featured_media":0,"parent":35,"menu_order":6,"comment_status":"closed","ping_status":"closed","template":"","meta":{"footnotes":""},"class_list":["post-134","page","type-page","status-publish","hentry"],"_links":{"self":[{"href":"https:\/\/ambbucarest.esteri.it\/it\/wp-json\/wp\/v2\/pages\/134","targetHints":{"allow":["GET"]}}],"collection":[{"href":"https:\/\/ambbucarest.esteri.it\/it\/wp-json\/wp\/v2\/pages"}],"about":[{"href":"https:\/\/ambbucarest.esteri.it\/it\/wp-json\/wp\/v2\/types\/page"}],"author":[{"embeddable":true,"href":"https:\/\/ambbucarest.esteri.it\/it\/wp-json\/wp\/v2\/users\/1"}],"replies":[{"embeddable":true,"href":"https:\/\/ambbucarest.esteri.it\/it\/wp-json\/wp\/v2\/comments?post=134"}],"version-history":[{"count":5,"href":"https:\/\/ambbucarest.esteri.it\/it\/wp-json\/wp\/v2\/pages\/134\/revisions"}],"predecessor-version":[{"id":4188,"href":"https:\/\/ambbucarest.esteri.it\/it\/wp-json\/wp\/v2\/pages\/134\/revisions\/4188"}],"up":[{"embeddable":true,"href":"https:\/\/ambbucarest.esteri.it\/it\/wp-json\/wp\/v2\/pages\/35"}],"wp:attachment":[{"href":"https:\/\/ambbucarest.esteri.it\/it\/wp-json\/wp\/v2\/media?parent=134"}],"curies":[{"name":"wp","href":"https:\/\/api.w.org\/{rel}","templated":true}]}}