{"id":275,"date":"2023-10-24T12:05:22","date_gmt":"2023-10-24T09:05:22","guid":{"rendered":"https:\/\/ambbucarest.esteri.it\/?page_id=275"},"modified":"2023-12-04T12:58:56","modified_gmt":"2023-12-04T10:58:56","slug":"1-che-cose-la-i-r-e-e-cosa-comporta-liscrizione","status":"publish","type":"page","link":"https:\/\/ambbucarest.esteri.it\/it\/servizi-consolari-e-visti\/servizi-per-il-cittadino-italiano\/anagrafe-aire\/1-che-cose-la-i-r-e-e-cosa-comporta-liscrizione\/","title":{"rendered":"1. Che cos\u2019\u00e8 l\u2019A.I.R.E. e cosa comporta l\u2019iscrizione?"},"content":{"rendered":"<div>\n<p>L\u2019Anagrafe degli Italiani Residenti all\u2019Estero (A.I.R.E.) \u00e8 stata istituita con legge 27 ottobre 1988, n. 470 e contiene i dati dei cittadini italiani che risiedono all\u2019estero per un periodo superiore ai 12 mesi.<br \/>\nEssa \u00e8 gestita dai Comuni italiani e dal Ministero dell\u2019Interno sulla base delle informazioni provenienti dagli Uffici consolari. I Comuni italiani sono gli unici competenti alla tenuta dell&#8217;anagrafe della popolazione, sia di quella residente in Italia che dei cittadini residenti all&#8217;estero.<br \/>\nL\u2019ufficio consolare di riferimento, una volta esaminata la pratica del cittadino, inoltra la richiesta d&#8217;iscrizione all\u2019A.I.R.E. al Comune competente, il quale provvede all&#8217;aggiornamento della posizione di residenza anagrafica all\u2019estero e delle liste elettorali.<br \/>\nL&#8217;iscrizione A.I.R.E. comporta:<br \/>\n\u2022 La cancellazione dalla residenza dal territorio della Repubblica (cancellazione dall&#8217;A.P.R. &#8211; Anagrafe della Popolazione Residente);<br \/>\n\u2022 Permette di richiedere servizi consolari come residente all\u2019estero presso l\u2019Ufficio consolare di riferimento;<br \/>\n\u2022 Permette di votare all\u2019estero senza farne espressa richiesta.<br \/>\nL\u2019A.I.R.E. comporta la variazione della residenza anagrafica e non fiscale; per i cambi della residenza fiscale il cittadino dovr\u00e0 rivolgersi <strong><a href=\"https:\/\/www.agenziaentrate.gov.it\/portale\/schede\/istanze\/domicilio-per-notifica-atti\/schedainfo-comunicazione-dati-domicilio?page=istanzecomunicazionicitt\">all\u2019Agenzia delle Entrate<\/a> <\/strong><br \/>\nIl servizio di iscrizione \u00e8 gratuito e non \u00e8 necessaria la presenza degli interessati.<\/p>\n<p><strong>NOTA BENE<\/strong><\/p>\n<p><a href=\"https:\/\/serviziconsolari.esteri.it\/ScoFE\/index.sco\">Link al portale Fast-IT<\/a><\/p>\n<p><strong>COME CONTATTARE L\u2019UFFICIO AIRE<\/strong><\/p>\n<p>Per inviare un messaggio di posta elettronica all\u2019Ufficio AIRE, <a href=\"mailto:anagrafe.bucarest@esteri.it\">anagrafe.bucarest@esteri.it<\/a> .<\/p>\n<p><strong>Si prega di scrivere sempre e SOLO agli uffici di competenza e di non inoltrare la stessa comunicazione a pi\u00f9 uffici.<\/strong><\/p>\n<p><strong>Stante l\u2019ingente numero di richieste, verr\u00e0 data priorit\u00e0 alla risposta di quesiti di particolare trattazione, che non trovino gi\u00e0 riscontro su questo sito internet. A tal fine, si consiglia di visitare la pagina delle Domande Frequenti sopracitata.<\/strong><\/p>\n<\/div>\n","protected":false},"excerpt":{"rendered":"L\u2019Anagrafe degli Italiani Residenti all\u2019Estero (A.I.R.E.) \u00e8 stata istituita con legge 27 ottobre 1988, n. 470 e contiene i dati dei cittadini italiani che risiedono all\u2019estero per un periodo superiore ai 12 mesi. Essa \u00e8 gestita dai Comuni italiani e dal Ministero dell\u2019Interno sulla base delle informazioni provenienti dagli Uffici consolari. I Comuni italiani sono [&hellip;]","protected":false},"author":8,"featured_media":0,"parent":272,"menu_order":1,"comment_status":"closed","ping_status":"closed","template":"","meta":{"footnotes":""},"class_list":["post-275","page","type-page","status-publish","hentry"],"_links":{"self":[{"href":"https:\/\/ambbucarest.esteri.it\/it\/wp-json\/wp\/v2\/pages\/275","targetHints":{"allow":["GET"]}}],"collection":[{"href":"https:\/\/ambbucarest.esteri.it\/it\/wp-json\/wp\/v2\/pages"}],"about":[{"href":"https:\/\/ambbucarest.esteri.it\/it\/wp-json\/wp\/v2\/types\/page"}],"author":[{"embeddable":true,"href":"https:\/\/ambbucarest.esteri.it\/it\/wp-json\/wp\/v2\/users\/8"}],"replies":[{"embeddable":true,"href":"https:\/\/ambbucarest.esteri.it\/it\/wp-json\/wp\/v2\/comments?post=275"}],"version-history":[{"count":6,"href":"https:\/\/ambbucarest.esteri.it\/it\/wp-json\/wp\/v2\/pages\/275\/revisions"}],"predecessor-version":[{"id":1036,"href":"https:\/\/ambbucarest.esteri.it\/it\/wp-json\/wp\/v2\/pages\/275\/revisions\/1036"}],"up":[{"embeddable":true,"href":"https:\/\/ambbucarest.esteri.it\/it\/wp-json\/wp\/v2\/pages\/272"}],"wp:attachment":[{"href":"https:\/\/ambbucarest.esteri.it\/it\/wp-json\/wp\/v2\/media?parent=275"}],"curies":[{"name":"wp","href":"https:\/\/api.w.org\/{rel}","templated":true}]}}