{"id":286,"date":"2023-10-24T15:27:19","date_gmt":"2023-10-24T12:27:19","guid":{"rendered":"https:\/\/ambbucarest.esteri.it\/?page_id=286"},"modified":"2024-02-01T09:24:02","modified_gmt":"2024-02-01T07:24:02","slug":"6-come-iscriversi-alla-i-r-e","status":"publish","type":"page","link":"https:\/\/ambbucarest.esteri.it\/it\/servizi-consolari-e-visti\/servizi-per-il-cittadino-italiano\/anagrafe-aire\/6-come-iscriversi-alla-i-r-e\/","title":{"rendered":"6. Come iscriversi all\u2019A.I.R.E."},"content":{"rendered":"<div>\n<p>L\u2019iscrizione all&#8217;A.I.R.E. si richiede <a href=\"https:\/\/serviziconsolari.esteri.it\/ScoFE\/index.sco\"><strong>tramite il portale FAST-IT<\/strong><\/a> (Farnesina Servizi Telematici per Italiani all&#8217;estero) dopo registrazione nel sistema. La creazione dell\u2019account nel portale <strong>non comporta l\u2019iscrizione all&#8217;A.I.R.E.<\/strong> Una volta creato l\u2019account \u00e8 necessario avviare la pratica selezionando \u201cAnagrafe Consolare e A.I.R.E.\u201d (icona della pennetta) e poi cliccare su \u201cRichiedere l&#8217;iscrizione all&#8217;Anagrafe degli Italiani all&#8217;Estero\u201d. Questa procedura permette al cittadino di richiedere l&#8217;iscrizione compilando online il relativo modello, che va comunque<strong> firmato a mano<\/strong> o con <strong>firma digitale<\/strong> autorizzata (SPID), allegando il documento d&#8217;identit\u00e0 e una prova di residenza in formato elettronico, preferibilmente PDF.<br \/>\nL\u2019iscrizione \u00e8 gratuita e non \u00e8 necessaria la presenza degli interessati presso gli uffici.<\/p>\n<p><u>Si segnala che l\u2019art. 1 comma 242 della Legge n. 213 del 30 dicembre 2023, in vigore dal 1 gennaio 2024, ha introdotto una sanzione pecuniaria da 200 a 1.000,00 euro per ogni anno di mancata iscrizione all\u2019A.I.R.E. L\u2019autorit\u00e0 competente all\u2019accertamento e all\u2019irrogazione della sanzione \u00e8 il Comune nella cui anagrafe \u00e8 iscritto il trasgressore<\/u>.<\/p>\n<p><strong>FAST-IT: DOCUMENTI RICHIESTI PER L\u2019ISCRIZIONE A.I.R.E.<\/strong><br \/>\nL\u2019iscrizione si considera completa quando si caricano i <strong>tre documenti richiesti<\/strong> nella piattaforma FAST-IT e si inoltra la pratica, la quale deve avere come stato \u201cPresentata\u201d. La mancanza di uno dei tre documenti comporter\u00e0 il<strong> rigetto<\/strong> della richiesta A.I.R.E. e sar\u00e0 necessario presentare una nuova pratica A.I.R.E. completa. Si prega di leggere i consigli di utilizzo della piattaforma sotto riportati:<\/p>\n<p><strong>1. Modulo di richiesta<\/strong><br \/>\nIl modulo, una volta compilato il formulario online, viene generato automaticamente dal sistema. Per la firma del modulo generato dal sistema esistono due possibilit\u00e0:<br \/>\na) Stampare la domanda su carta, firmarla a penna e fare la scansione digitale;<br \/>\nb) Firmare il file PDF con la propria firma digitale, senza stamparlo (per informazioni su come firmare digitalmente un documento \u00e8 possibile visitare il sito web della AGID &#8211; <a href=\"https:\/\/www.agid.gov.it\">https:\/\/www.agid.gov.it<\/a> ).<br \/>\n\u00c8 sufficiente un unico modulo per tutto il nucleo familiare. I figli maggiorenni che vivono in un domicilio diverso dai genitori devono compilare una richiesta A.I.R.E. individuale. Per i figli minorenni conviventi con un solo genitore <a href=\"https:\/\/ambbucarest.esteri.it\/it\/servizi-consolari-e-visti\/servizi-per-il-cittadino-italiano\/anagrafe-aire\/8-iscrizione-alla-i-r-e-per-i-minorenni-e-neonati\/\">(<strong>vedi punto 8<\/strong>)<\/a><\/p>\n<p><strong>2. Documento d&#8217;identit\u00e0<\/strong><br \/>\nSi pu\u00f2 utilizzare la carta d\u2019identit\u00e0 o il passaporto italiano. In caso di <strong>documento scaduto<\/strong> non sar\u00e0 possibile inserirlo nel formulario online (il sistema informatico non lo permette), ma dovr\u00e0 comunque essere allegato alla richiesta. Se non si \u00e8 in possesso di un documento italiano valido o scaduto, \u00e8 possibile allegare un documento straniero identificativo con foto.<br \/>\n\u00c8 importante allegare <strong>un documento d\u2019identit\u00e0 per ciascun membro della famiglia<\/strong> che si intende iscrivere all\u2019A.I.R.E. (si ricorda che i file PDF possono contenere varie pagine).<\/p>\n<p><strong>3. Residenza<\/strong><br \/>\nSi tratta di un documento che attesti la residenza legale e stabile in territorio romeno. \u00c8 importante inserire <strong>una prova di residenza per ciascun membro della famiglia<\/strong> che si intende iscrivere all\u2019A.I.R.E. (si ricorda che i file PDF possono contenere varie pagine).<\/p>\n<p>In particolare:<br \/>\n\u2022 permesso di soggiorno (in romeno Certificat de Inregistare);<br \/>\n\u2022 Fatture di utenze di pubblici servizi (elettricit\u00e0, luce, gas, telefono fisso, internet) non anteriori a 3 mesi e intestate all\u2019interessato; le fatture di utenze di numeri mobili non sono accettate come prove di residenza;<br \/>\n\u2022 Contratto di affitto di immobile o contratto di lavoro intestato all\u2019interessato, in modello ufficiale (non sono validi contratti sottoscritti tra privati);<br \/>\n\u2022 Iscrizione a corsi di studi (scuola o universit\u00e0).<br \/>\nSe non si \u00e8 in possesso di almeno uno dei documenti di cui sopra non sar\u00e0 possibile procedere all\u2019iscrizione A.I.R.E.; ai sensi del D.L. 223\/2012<strong> la presentazione di tale documentazione \u00e8 obbligatoria<\/strong>. La prova di residenza deve recare nell\u2019intestazione il nome e l\u2019indirizzo degli interessati. Documenti bancari o ricevute di pagamento di servizi non sono considerati una prova di residenza valida. Si ricorda anche che<strong> le autocertificazioni NON vengono accettate<\/strong> per le richieste di iscrizione all&#8217;A.I.R.E. (D.L. 223\/2012).<\/p>\n<p><a href=\"https:\/\/serviziconsolari.esteri.it\/ScoFE\/index.sco\"><strong>FAST-IT: ACCESSO ALLA PIATTAFORMA<\/strong><\/a><\/p>\n<p><strong>PER LA REGISTRAZIONE SIA DELL&#8217;ACCOUNT FAST-IT SIA DEI DATI ANAGRAFICI DELLA RICHIESTA AIRE, NON DEVONO ESSERE UTILIZZATI CARATTERI DIVERSI DA QUELLI DELL&#8217;ALFABETO INTERNAZIONALE, OVVERO: caratteri con l&#8217;accento o con la dieresi (per esempio: \u00e1, \u00e0, \u00e4), ecc. L&#8217;uso indebito di tali caratteri rende non lavorabili le pratiche ed impedisce di effettuare correttamente le ricerche nella banca dati anagrafica. Ne conseguono ritardi ed errori nella lavorazione delle richieste.<\/strong><\/p>\n<p><strong>FAST-IT: CONSIGLI UTILI PER UN CORRETTO USO DELLA PIATTAFORMA<\/strong><br \/>\nPrima di avviare la procedura online, si consiglia di assicurarsi di disporre di stampante e scanner.<\/p>\n<p>\u2022 Quando si \u00e8 in possesso dei tre documenti richiesti (<strong>formulario firmato, documenti identificativi e prova di residenza<\/strong>) bisogna tornare alla pagina di richiesta del servizio per concludere la procedura. Dopo aver allegato correttamente i tre file sopracitati apparir\u00e0 il pulsante \u201cInviare la richiesta\u201d. Si ricorda che \u00e8 possibile caricare pi\u00f9 di un foglio per ogni file richiesto.<br \/>\n\u2022 Se si usa un traduttore automatico, vi \u00e8 la possibilit\u00e0 che il portale non funzioni correttamente.<br \/>\n\u2022 Gli utenti che hanno creato l&#8217;account FAST-IT tramite SPID (Sistema Pubblico per l&#8217;Identit\u00e0 Digitale) possono accedere solo utilizzando l&#8217;identit\u00e0 digitale ovvero non possono utilizzare le utenze e password tradizionali.<br \/>\n\u2022 <strong>Indirizzo in Romania<\/strong>: deve essere il pi\u00f9 completo possibile per garantire la corretta ricezione della posta, per esempio il plico elettorale oppure le notifiche amministrative.<br \/>\n\u2022 <strong>Allegati digitali<\/strong>: il FAST-IT ammette allegati di una dimensione massima di 1 MB (1 megabyte) ciascuno. Per generare tali documenti \u00e8 preferibile utilizzare uno scanner in modalit\u00e0 &#8220;bianco e nero&#8221;, che permette di ottenere file del tipo PDF di ridotte dimensioni. Le foto scattate con i moderni cellulari creano file troppo grandi e difficili da gestire. La pagina <a href=\"https:\/\/serviziconsolarionline.esteri.it\/ScoFE\/static\/uso-scanner.sco\">https:\/\/serviziconsolarionline.esteri.it\/ScoFE\/static\/uso-scanner.sco<\/a> \u00a0contiene una serie di suggerimenti utili per impostare correttamente lo scanner. Se non si dispone di uno scanner, esistono applicazioni che consentono di ottenere file PDF ottimizzati per lo smartphone, come Office Lens di Microsoft (per IOS\/Iphone: <a href=\"https:\/\/apps.apple.com\/app\/id975925059\">https:\/\/apps.apple.com\/app\/id975925059<\/a> \u00a0&#8211; per Android: <a href=\"https:\/\/play.google.com\/store\/apps\/details?id=com.microsoft.office.officelens\">https:\/\/play.google.com\/store\/apps\/details?id=com.microsoft.office.officelens<\/a> ).<br \/>\n\u2022 <strong>Rigetti<\/strong>: qualora la domanda risulti incompleta verr\u00e0 rigettata e l\u2019interessato ricever\u00e0 un avviso automatico dalla piattaforma. I motivi del rigetto saranno indicati nel messaggio visualizzabile solo dal portale. Si suggerisce di verificare sempre la cartella di &#8220;spam&#8221; per non perdere comunicazioni di questo tipo. I messaggi del portale FAST-IT sono unidirezionali: non si dar\u00e0 risposta ad eventuali conversazioni avviate tramite il portale FAST-IT.<br \/>\n\u2022 L&#8217;utente che gi\u00e0 possiede una <strong>utenza FAST-IT presso un altro ufficio consolare<\/strong>, qualora incontri difficolt\u00e0 per fare il trasferimento, <strong>dovr\u00e0 cancellare la vecchia utenza<\/strong> della sede precedente e <strong>creare un nuovo account FAST-IT<\/strong> presso la sede \u201cAmbasciata d\u2019Italia a Bucarest\u201d.<\/p>\n<\/div>\n","protected":false},"excerpt":{"rendered":"L\u2019iscrizione all&#8217;A.I.R.E. si richiede tramite il portale FAST-IT (Farnesina Servizi Telematici per Italiani all&#8217;estero) dopo registrazione nel sistema. La creazione dell\u2019account nel portale non comporta l\u2019iscrizione all&#8217;A.I.R.E. Una volta creato l\u2019account \u00e8 necessario avviare la pratica selezionando \u201cAnagrafe Consolare e A.I.R.E.\u201d (icona della pennetta) e poi cliccare su \u201cRichiedere l&#8217;iscrizione all&#8217;Anagrafe degli Italiani all&#8217;Estero\u201d. Questa [&hellip;]","protected":false},"author":8,"featured_media":0,"parent":272,"menu_order":6,"comment_status":"closed","ping_status":"closed","template":"","meta":{"footnotes":""},"class_list":["post-286","page","type-page","status-publish","hentry"],"_links":{"self":[{"href":"https:\/\/ambbucarest.esteri.it\/it\/wp-json\/wp\/v2\/pages\/286","targetHints":{"allow":["GET"]}}],"collection":[{"href":"https:\/\/ambbucarest.esteri.it\/it\/wp-json\/wp\/v2\/pages"}],"about":[{"href":"https:\/\/ambbucarest.esteri.it\/it\/wp-json\/wp\/v2\/types\/page"}],"author":[{"embeddable":true,"href":"https:\/\/ambbucarest.esteri.it\/it\/wp-json\/wp\/v2\/users\/8"}],"replies":[{"embeddable":true,"href":"https:\/\/ambbucarest.esteri.it\/it\/wp-json\/wp\/v2\/comments?post=286"}],"version-history":[{"count":6,"href":"https:\/\/ambbucarest.esteri.it\/it\/wp-json\/wp\/v2\/pages\/286\/revisions"}],"predecessor-version":[{"id":4426,"href":"https:\/\/ambbucarest.esteri.it\/it\/wp-json\/wp\/v2\/pages\/286\/revisions\/4426"}],"up":[{"embeddable":true,"href":"https:\/\/ambbucarest.esteri.it\/it\/wp-json\/wp\/v2\/pages\/272"}],"wp:attachment":[{"href":"https:\/\/ambbucarest.esteri.it\/it\/wp-json\/wp\/v2\/media?parent=286"}],"curies":[{"name":"wp","href":"https:\/\/api.w.org\/{rel}","templated":true}]}}