{"id":290,"date":"2023-10-24T15:30:36","date_gmt":"2023-10-24T12:30:36","guid":{"rendered":"https:\/\/ambbucarest.esteri.it\/?page_id=290"},"modified":"2024-02-22T11:58:35","modified_gmt":"2024-02-22T09:58:35","slug":"8-iscrizione-alla-i-r-e-per-i-minorenni-e-neonati","status":"publish","type":"page","link":"https:\/\/ambbucarest.esteri.it\/it\/servizi-consolari-e-visti\/servizi-per-il-cittadino-italiano\/anagrafe-aire\/8-iscrizione-alla-i-r-e-per-i-minorenni-e-neonati\/","title":{"rendered":"8. Iscrizione all\u2019A.I.R.E. per i minorenni e neonati"},"content":{"rendered":"<div>\n<p>\u2022 Iscrizione A.I.R.E. di un minore convivente <strong>con entrambi i genitori<\/strong><br \/>\nSi effettua l\u2019iscrizione A.I.R.E. secondo le indicazioni al <strong><a href=\"https:\/\/ambbucarest.esteri.it\/it\/servizi-consolari-e-visti\/servizi-per-il-cittadino-italiano\/anagrafe-aire\/6-come-iscriversi-alla-i-r-e\/\">punto 6 \u201cCome iscriversi all\u2019A.I.R.E.\u201d<\/a>.<\/strong> Sar\u00e0 obbligatorio caricare: i documenti d\u2019identit\u00e0 e le prove di residenza di tutto il nucleo familiare, ma sar\u00e0 sufficiente un solo formulario con le firme di entrambi i genitori.<\/p>\n<p>\u2022 Iscrizione A.I.R.E. di un minore convivente <strong>con un solo genitore<\/strong><br \/>\nEssendo necessario il consenso del genitore non convivente, anche se straniero, la richiesta di iscrizione A.I.R.E. di un minore convivente con un solo genitore deve essere effettuata eccezionalmente via posta cartacea.<br \/>\nModello di iscrizione A.I.R.E. di un minore convivente con un solo genitore <a href=\"https:\/\/ambbucarest.esteri.it\/wp-content\/uploads\/2024\/02\/Iscrizione-AIRE-minori.pdf\">(<strong>CLICCA QUI<\/strong>)<\/a><\/p>\n<p>La richiesta di iscrizione\/variazione A.I.R.E. di un minore non convivente con entrambi i genitori <strong>deve essere sottoscritta da entrambi gli esercenti la responsabilit\u00e0 genitoriale<\/strong> e corredata dalle <strong>copie dei documenti d&#8217;identit\u00e0 di entrambi i firmatari<\/strong>.<\/p>\n<p>In difetto dell&#8217;espressione di volont\u00e0 di entrambi i genitori, la domanda dovr\u00e0 essere comunque integrata con il foglio consenso non firmato e con le spiegazioni del mancato consenso. Il consenso deve essere attuale, ossia non pi\u00f9 di 6 mesi dalla firma.<\/p>\n<p>Qualora l\u2019interessato non possa fornire il consenso dell\u2019altro genitore, ad esempio per morte dell&#8217;altro genitore o per provvedimento giurisdizionale interdittivo della sua genitorialit\u00e0 o perch\u00e8 il minore \u00e8 stato riconosciuto da un solo genitore, dovr\u00e0 fornire evidenza documentale della situazione dichiarata. Qualora l&#8217;interessato dichiari invece la semplice impossibilit\u00e0 di ottenere il consenso dell&#8217;altro genitore, ad esempio, nel caso di irreperibilit\u00e0 dello stesso, dovr\u00e0 fornire le ultime coordinate conosciute dove risulta potenzialmente rintracciabile, intendendo come tali non solo l&#8217;indirizzo, ma anche eventuali contatti telefonici o di posta elettronica.<\/p>\n<p>Iscrizione A.I.R.E. di un neonato<br \/>\nSe un neonato nasce in Romania e risiede all\u2019estero con entrambi i genitori o con un solo genitore, straniero o italiano, l\u2019iscrizione A.I.R.E. del neonato verr\u00e0 effettuata automaticamente con la richiesta di trascrizione della nascita senza necessit\u00e0 di presentare una iscrizione A.I.R.E.; sar\u00e0 sufficiente solo la richiesta di trascrizione nascita.<br \/>\nPer accedere alla sezione della trascrizione dell&#8217;atto di nascita (<a href=\"https:\/\/ambbucarest.esteri.it\/it\/servizi-consolari-e-visti\/servizi-per-il-cittadino-italiano\/stato-civile\/nascita\/\"><strong>CLICCA QUI<\/strong><\/a>)<\/p>\n<\/div>\n<hr \/>\n","protected":false},"excerpt":{"rendered":"\u2022 Iscrizione A.I.R.E. di un minore convivente con entrambi i genitori Si effettua l\u2019iscrizione A.I.R.E. secondo le indicazioni al punto 6 \u201cCome iscriversi all\u2019A.I.R.E.\u201d. Sar\u00e0 obbligatorio caricare: i documenti d\u2019identit\u00e0 e le prove di residenza di tutto il nucleo familiare, ma sar\u00e0 sufficiente un solo formulario con le firme di entrambi i genitori. \u2022 Iscrizione [&hellip;]","protected":false},"author":8,"featured_media":0,"parent":272,"menu_order":8,"comment_status":"closed","ping_status":"closed","template":"","meta":{"footnotes":""},"class_list":["post-290","page","type-page","status-publish","hentry"],"_links":{"self":[{"href":"https:\/\/ambbucarest.esteri.it\/it\/wp-json\/wp\/v2\/pages\/290","targetHints":{"allow":["GET"]}}],"collection":[{"href":"https:\/\/ambbucarest.esteri.it\/it\/wp-json\/wp\/v2\/pages"}],"about":[{"href":"https:\/\/ambbucarest.esteri.it\/it\/wp-json\/wp\/v2\/types\/page"}],"author":[{"embeddable":true,"href":"https:\/\/ambbucarest.esteri.it\/it\/wp-json\/wp\/v2\/users\/8"}],"replies":[{"embeddable":true,"href":"https:\/\/ambbucarest.esteri.it\/it\/wp-json\/wp\/v2\/comments?post=290"}],"version-history":[{"count":6,"href":"https:\/\/ambbucarest.esteri.it\/it\/wp-json\/wp\/v2\/pages\/290\/revisions"}],"predecessor-version":[{"id":4560,"href":"https:\/\/ambbucarest.esteri.it\/it\/wp-json\/wp\/v2\/pages\/290\/revisions\/4560"}],"up":[{"embeddable":true,"href":"https:\/\/ambbucarest.esteri.it\/it\/wp-json\/wp\/v2\/pages\/272"}],"wp:attachment":[{"href":"https:\/\/ambbucarest.esteri.it\/it\/wp-json\/wp\/v2\/media?parent=290"}],"curies":[{"name":"wp","href":"https:\/\/api.w.org\/{rel}","templated":true}]}}