{"id":300,"date":"2023-10-24T15:44:17","date_gmt":"2023-10-24T12:44:17","guid":{"rendered":"https:\/\/ambbucarest.esteri.it\/?page_id=300"},"modified":"2023-12-04T16:13:59","modified_gmt":"2023-12-04T14:13:59","slug":"13-voglio-cambiare-comune-a-i-r-e-in-italia-cambio-a-i-r-e-a-i-r-e","status":"publish","type":"page","link":"https:\/\/ambbucarest.esteri.it\/it\/servizi-consolari-e-visti\/servizi-per-il-cittadino-italiano\/anagrafe-aire\/13-voglio-cambiare-comune-a-i-r-e-in-italia-cambio-a-i-r-e-a-i-r-e\/","title":{"rendered":"13. Voglio cambiare comune A.I.R.E. in Italia \u2013 Cambio A.I.R.E.\/A.I.R.E."},"content":{"rendered":"<div>\n<p>I cittadini gi\u00e0 iscritti all&#8217;A.I.R.E. di un Comune che, per ragioni di famiglia o di convenienza vogliono cambiare Comune, possono fare domanda di trasferimento, ma unicamente nei seguenti casi previsti dalla legge:<br \/>\n\u2022 trasferimento nell&#8217;A.I.R.E. di un Comune nella cui <strong>A.P.R.<\/strong> (Anagrafe della Popolazione Residente in Italia) sono iscritti membri del nucleo familiare (*);<br \/>\n\u2022 trasferimento nell&#8217;A.I.R.E. di un Comune nella cui <strong>A.I.R.E.<\/strong> sono gi\u00e0 iscritti membri del proprio nucleo familiare (*);<br \/>\n\u2022 trasferimento nel <strong>Comune di nascita<\/strong> (persone nate in Italia) oppure nel Comune di <strong>trascrizione dell&#8217;atto di nascita<\/strong> (persone nate l&#8217;estero) ai sensi dell\u2019art. 3 della Legge n. 15\/1992.<\/p>\n<p><em>(*) Per nucleo familiare, in base a quanto contenuto nel D.L. n. 69\/1988, s&#8217;intende quanto segue: &#8220;il nucleo familiare \u00e8 composto dai coniugi, con esclusione del coniuge separato, e dai figli ed equiparati (art. 38 del D.P.R. n. 818\/1957) di et\u00e0 inferiore ai 18 anni compiuti, ovvero, senza limite di et\u00e0, qualora si trovino, a causa di infermit\u00e0 o difetto fisico o mentale, nell&#8217;assoluta e permanente impossibilit\u00e0 di dedicarsi ad un proficuo lavoro, nel caso in sui essi siano orfani di entrambi i genitori e non abbiano conseguito il diritto a pensione ai superstiti&#8221;.<\/em><\/p>\n<p>In casi diversi da quelli sopra elencati, il trasferimento \u00e8 soggetto alla valutazione dei due Comuni interessati. In caso di accettazione della domanda verr\u00e0 trasferita anche l&#8217;iscrizione nelle liste elettorali del nuovo Comune. Le persone che non sono iscritte all&#8217;A.I.R.E. <strong>non possono presentare direttamente la domanda di trasferimento<\/strong> presso altro Comune: prima devono finalizzare l\u2019iscrizione nel Comune di ultima residenza in Italia e, successivamente, dopo aver ricevuto la formale notifica, possono avviare la domanda di trasferimento A.I.R.E.\/A.I.R.E.<\/p>\n<p>Per trasferire anche figli minorenni \u00e8 necessario allegare alla domanda la <strong>dichiarazione di assenso firmata da entrambi i genitori<\/strong>; i figli maggiorenni, invece, devono presentare una richiesta di trasferimento individuale.<\/p>\n<p>Per poter avviare la richiesta di cambio di Comune \u00e8 necessario essere gi\u00e0 registrati nello schedario consolare. La domanda si deve inviare esclusivamente per email all\u2019indirizzo <a href=\"mailto:anagrafe.bucarest@esteri.it\">anagrafe.bucarest@esteri.it<\/a> \u00a0utilizzando il modulo firmato (<a href=\"https:\/\/ambbucarest.esteri.it\/wp-content\/uploads\/2023\/12\/Richiesta-trasferrimento-altra-AIRE.doc\"><strong>CLICCA QUI<\/strong><\/a>) allegando copia del documento d&#8217;identit\u00e0 del dichiarante, in corso di validita&#8217;.<\/p>\n<\/div>\n","protected":false},"excerpt":{"rendered":"I cittadini gi\u00e0 iscritti all&#8217;A.I.R.E. di un Comune che, per ragioni di famiglia o di convenienza vogliono cambiare Comune, possono fare domanda di trasferimento, ma unicamente nei seguenti casi previsti dalla legge: \u2022 trasferimento nell&#8217;A.I.R.E. di un Comune nella cui A.P.R. (Anagrafe della Popolazione Residente in Italia) sono iscritti membri del nucleo familiare (*); \u2022 [&hellip;]","protected":false},"author":8,"featured_media":0,"parent":272,"menu_order":13,"comment_status":"closed","ping_status":"closed","template":"","meta":{"footnotes":""},"class_list":["post-300","page","type-page","status-publish","hentry"],"_links":{"self":[{"href":"https:\/\/ambbucarest.esteri.it\/it\/wp-json\/wp\/v2\/pages\/300","targetHints":{"allow":["GET"]}}],"collection":[{"href":"https:\/\/ambbucarest.esteri.it\/it\/wp-json\/wp\/v2\/pages"}],"about":[{"href":"https:\/\/ambbucarest.esteri.it\/it\/wp-json\/wp\/v2\/types\/page"}],"author":[{"embeddable":true,"href":"https:\/\/ambbucarest.esteri.it\/it\/wp-json\/wp\/v2\/users\/8"}],"replies":[{"embeddable":true,"href":"https:\/\/ambbucarest.esteri.it\/it\/wp-json\/wp\/v2\/comments?post=300"}],"version-history":[{"count":4,"href":"https:\/\/ambbucarest.esteri.it\/it\/wp-json\/wp\/v2\/pages\/300\/revisions"}],"predecessor-version":[{"id":3821,"href":"https:\/\/ambbucarest.esteri.it\/it\/wp-json\/wp\/v2\/pages\/300\/revisions\/3821"}],"up":[{"embeddable":true,"href":"https:\/\/ambbucarest.esteri.it\/it\/wp-json\/wp\/v2\/pages\/272"}],"wp:attachment":[{"href":"https:\/\/ambbucarest.esteri.it\/it\/wp-json\/wp\/v2\/media?parent=300"}],"curies":[{"name":"wp","href":"https:\/\/api.w.org\/{rel}","templated":true}]}}