{"id":306,"date":"2023-10-24T15:46:50","date_gmt":"2023-10-24T12:46:50","guid":{"rendered":"https:\/\/ambbucarest.esteri.it\/?page_id=306"},"modified":"2023-12-04T13:06:07","modified_gmt":"2023-12-04T11:06:07","slug":"16-come-contattare-lufficio-anagrafe-a-i-r-e","status":"publish","type":"page","link":"https:\/\/ambbucarest.esteri.it\/it\/servizi-consolari-e-visti\/servizi-per-il-cittadino-italiano\/anagrafe-aire\/16-come-contattare-lufficio-anagrafe-a-i-r-e\/","title":{"rendered":"16. Come contattare l\u2019ufficio Anagrafe\/A.I.R.E."},"content":{"rendered":"<div>\n<p><strong>Si prega di scrivere sempre e solo agli uffici di competenza e di non inoltrare la stessa comunicazione a pi\u00f9 indirizzi di posta.<\/strong><\/p>\n<p>Dato l\u2019ingente numero di richieste, verr\u00e0 data priorit\u00e0 a quesiti di particolare rilevanza e si eviter\u00e0 di fornire risposta a quesiti che trovano gia&#8217; riscontro in questa sezione.<\/p>\n<p><strong>Contatti:<\/strong><br \/>\nEmail Ufficio Anagrafe: <a href=\"mailto:anagrafe.bucarest@esteri.it\">anagrafe.bucarest@esteri.it<\/a><\/p>\n<p>I cambi di indirizzo (all&#8217;interno della circoscrizione) ed i trasferimenti in altri paesi si possono comunicare solo tramite la piattaforma FAST-IT, previa registrazione sul portale (qualora non sia stato fatto in precedenza).<\/p>\n<\/div>\n","protected":false},"excerpt":{"rendered":"Si prega di scrivere sempre e solo agli uffici di competenza e di non inoltrare la stessa comunicazione a pi\u00f9 indirizzi di posta. Dato l\u2019ingente numero di richieste, verr\u00e0 data priorit\u00e0 a quesiti di particolare rilevanza e si eviter\u00e0 di fornire risposta a quesiti che trovano gia&#8217; riscontro in questa sezione. Contatti: Email Ufficio Anagrafe: [&hellip;]","protected":false},"author":8,"featured_media":0,"parent":272,"menu_order":16,"comment_status":"closed","ping_status":"closed","template":"","meta":{"footnotes":""},"class_list":["post-306","page","type-page","status-publish","hentry"],"_links":{"self":[{"href":"https:\/\/ambbucarest.esteri.it\/it\/wp-json\/wp\/v2\/pages\/306","targetHints":{"allow":["GET"]}}],"collection":[{"href":"https:\/\/ambbucarest.esteri.it\/it\/wp-json\/wp\/v2\/pages"}],"about":[{"href":"https:\/\/ambbucarest.esteri.it\/it\/wp-json\/wp\/v2\/types\/page"}],"author":[{"embeddable":true,"href":"https:\/\/ambbucarest.esteri.it\/it\/wp-json\/wp\/v2\/users\/8"}],"replies":[{"embeddable":true,"href":"https:\/\/ambbucarest.esteri.it\/it\/wp-json\/wp\/v2\/comments?post=306"}],"version-history":[{"count":4,"href":"https:\/\/ambbucarest.esteri.it\/it\/wp-json\/wp\/v2\/pages\/306\/revisions"}],"predecessor-version":[{"id":893,"href":"https:\/\/ambbucarest.esteri.it\/it\/wp-json\/wp\/v2\/pages\/306\/revisions\/893"}],"up":[{"embeddable":true,"href":"https:\/\/ambbucarest.esteri.it\/it\/wp-json\/wp\/v2\/pages\/272"}],"wp:attachment":[{"href":"https:\/\/ambbucarest.esteri.it\/it\/wp-json\/wp\/v2\/media?parent=306"}],"curies":[{"name":"wp","href":"https:\/\/api.w.org\/{rel}","templated":true}]}}