{"id":357,"date":"2023-10-25T12:32:35","date_gmt":"2023-10-25T09:32:35","guid":{"rendered":"https:\/\/ambbucarest.esteri.it\/?page_id=357"},"modified":"2026-04-02T12:37:18","modified_gmt":"2026-04-02T09:37:18","slug":"passaporti","status":"publish","type":"page","link":"https:\/\/ambbucarest.esteri.it\/it\/servizi-consolari-e-visti\/servizi-per-il-cittadino-italiano\/passaporti-e-carte-didentita\/passaporti\/","title":{"rendered":"PASSAPORTI"},"content":{"rendered":"<p style=\"text-align: justify;\">Il passaporto pu\u00f2 essere richiesto alla Cancelleria consolare di Bucarest dai cittadini residenti nella Circoscrizione Consolare (iscritti all&#8217;AIRE) oppure, in casi particolari, dai non residenti, solo e soltanto per comprovati documentati motivi. In quest&#8217;ultimo caso sar\u00e0 necessario acquisire preventivamente il nullaosta e la delega espressa da parte dell\u2019Ufficio (Questura o Rappresentanza Diplomatico\/Consolare) competente per residenza.<\/p>\n<p style=\"text-align: justify;\">Si rammenta che dal novembre 2009 non \u00e8 pi\u00f9 possibile iscrivere i figli minori sul passaporto dei genitori. Il connazionale minore, fin dalla nascita, pu\u00f2 ottenere il rilascio di un proprio passaporto individuale. Inoltre, dal 26 giugno 2012, i minori possono viaggiare solo con un proprio passaporto (anche se sono iscritti sul passaporto dei genitori).<\/p>\n<p style=\"text-align: justify;\">Per il rilascio del passaporto deve essere presentata la seguente documentazione:<\/p>\n<p style=\"text-align: justify;\">1) Istanza di richiesta del passaporto,<a href=\"https:\/\/ambbucarest.esteri.it\/wp-content\/uploads\/2026\/04\/richiesta_passaporto.doc\"> <strong>clicca qui<\/strong><\/a>.<br \/>\n2) N. 2 foto formato passaporto (3,5 x 4,5 cm) a colori con fondo bianco, recenti ed uguali tra di loro, che riproducono il soggetto con viso in primo piano ed a capo scoperto, non di profilo e con gli occhi ben visibili. Per linee guida ICAO <a href=\"https:\/\/www.esteri.it\/it\/servizi-consolari-e-visti\/italiani-all-estero\/documenti_di_viaggio\/linee-guida-foto-icao\/\"><strong>clicca qui.<\/strong><\/a><br \/>\n3) il precedente passaporto, se disponibile o\u00a0altro documento di riconoscimento.<br \/>\n4) Nel caso di richiesta del passaporto da parte di soggetto <span style=\"text-decoration: underline;\">maggiorenne con figli minori<\/span>, dichiarazione di assenza di provvedimenti inibitori al rilascio del passaporto <a href=\"https:\/\/ambbucarest.esteri.it\/wp-content\/uploads\/2023\/12\/dichiarazione_in_presenza_di_figli_minorenni-1.doc\"><strong>clicca qui<\/strong>.<\/a><br \/>\n5) Nel caso di richiesta del passaporto per un minore <a href=\"https:\/\/ambbucarest.esteri.it\/wp-content\/uploads\/2024\/01\/richiesta_passaporto-2.doc\"><strong>clicca qui<\/strong><\/a>, l\u2019assenso dei genitori esercenti la responsabilit\u00e0 genitoriale su modello fornito dalla cancelleria consolare <a href=\"https:\/\/ambbucarest.esteri.it\/wp-content\/uploads\/2023\/12\/Assenso_doc_genitori.doc\"><strong>clicca qui, <\/strong><\/a>corredato da fotocopia di un documento di riconoscimento (per i cittadini romeni sono accettate esclusivamente copie del passaporto o della patente di guida, non della carta d&#8217;identit\u00e0 romena).<br \/>\n6) Nel caso di richiesta di passaporto per furto o smarrimento, copia della denuncia presso le autorit\u00e0 romene.<\/p>\n<p style=\"text-align: justify;\">Tutta la documentazione indicata ai punti da 1) a 6), deve essere anticipata all\u2019indirizzo <a href=\"mailto:passaporti.bucarest@esteri.it\">passaporti.bucarest@esteri.it<\/a>, <strong>avendo cura di indicare nell&#8217;oggetto della mail: nome e cognome dell&#8217;interessato e tipo di documento richieto<\/strong> e dovr\u00e0 essere consegnata in originale dall\u2019interessato al momento dell&#8217;appuntamento.<\/p>\n<p style=\"text-align: justify;\">Si informano i connazionali, genitori di figli minori, che a partire dal 14 giugno 2023 non sar\u00e0 pi\u00f9 necessario presentare l\u2019atto di assenso dell\u2019altro genitore ai fini del rilascio del proprio documento d\u2019identit\u00e0 (passaporto e CIE), ai sensi del D.L. 69\/2023.<br \/>\nNello specifico il novellato articolo 3-bis della L. 1185\/1967 indica che, quando vi \u00e8 concreto e attuale pericolo che a causa del trasferimento all&#8217;estero questo possa sottrarsi all&#8217;adempimento dei suoi obblighi verso i figli, sar\u00e0 possibile per l\u2019altro genitore richiedere una inibitoria al rilascio del documento.<br \/>\nL\u2019istanza potr\u00e0 essere presentata presso il giudice competente presso il Tribunale ordinario in cui il minore ha la residenza abituale ovvero, se il minore \u00e8 residente all\u2019estero, il Tribunale nel cui circondario si trova il suo Comune di iscrizione AIRE.<br \/>\nAi fini del rilascio dei documenti per i minori, invece, resta l\u2019obbligo dell\u2019assenso firmato da entrambi i genitori o da chi esercita la responsabilit\u00e0 genitoriale.<\/p>\n<p style=\"text-align: justify;\">Il passaporto ha la seguente durata:<br \/>\n&#8211; 3 anni, fino a 3 anni di et\u00e0<br \/>\n&#8211; 5 anni, dai 3 anni ai 18 anni<br \/>\n&#8211; 10 anni, dopo il compimento dei 18 anni.<\/p>\n<p style=\"text-align: justify;\"><strong>I minori di anni quattordici, per i quali vige l\u2019obbligo del possesso di documento di espatrio individuale (passaporto o carta di identit\u00e0) possono viaggiare solo se accompagnati da uno o entrambi i genitori o da persona a cui vengano affidati. <\/strong><\/p>\n<p style=\"text-align: justify;\"><strong><br \/>\nPer l\u2019affidamento del minore ad altra persona, ente o compagnia di trasporto, i genitori (o titolari della responsabilit\u00e0 genitoriale) sono tenuti a richiedere con apposita \u201cdichiarazione\u201d (<\/strong><a href=\"https:\/\/ambbucarest.esteri.it\/wp-content\/uploads\/2023\/12\/Modulo-Dichiarazione-di-accompagnamento-domanda.docx\"><strong>clicca qui<\/strong><\/a><strong>), presentata alla Cancelleria consolare o all\u2019Autorit\u00e0 italiana competente, l\u2019attestazione o la stampa sul passaporto dell\u2019autorizzazione agli affidatari. La richiesta dovr\u00e0 indicare il periodo e i paesi di transito e destinazione relativi al viaggio del minore.<\/strong><\/p>\n<p style=\"text-align: justify;\"><strong>Si ricorda che dal dicembre 2013 le Autorit\u00e0 romene hanno introdotto particolari restrizioni all&#8217;espatrio. Nel caso in cui<br \/>\nuno dei due genitori sia romeno e viaggi con minori aventi doppia cittadinanza (ad es. romena e italiana), per le Autorit\u00e0 locali i minori saranno considerati romeni anche se la loro nascita non \u00e8 registrata in Romania. In tali casi, la<br \/>\nnormativa prevede che i minori, per uscire dalla Romania accompagnati da uno dei due genitori, debbano avere dichiarazione di consenso scritta anche dell\u2019altro genitore (Legge nr. 248 del 20\/07\/2005 art. 30 comma 1 lettere b e d).<\/strong><\/p>\n<p style=\"text-align: justify;\"><strong>IMPORTANTE &#8211; In riferimento a quanto<\/strong> <strong>sopra descritto SI INFORMA che, ai sensi della Legge di Romania n. 169 del 30.09.2016 \u00e8 ora consentito al minore cittadino romeno (o anche romeno) il passaggio delle frontiere della Romania accompagnato da un solo genitore senza l\u2019assenso dell\u2019altro genitore qualora il minore stesso viaggi per ritornare nel proprio Paese di residenza.<\/strong><\/p>\n<p style=\"text-align: justify;\">Per ulteriori informazioni consultare il sito <a title=\"http:\/\/www.politiadefrontiera.ro\" href=\"http:\/\/www.politiadefrontiera.ro\/\"><strong>http:\/\/www.politiadefrontiera.ro<\/strong><\/a> alla pagina \u201cConditii de calatorie\u201d.<strong><br \/>\n<\/strong><br \/>\nIl costo del libretto passaporto \u00e8 di Euro 117 da corrispondere in contanti in valuta romena.<br \/>\nAl connazionale viene rilasciato un passaporto elettronico che, in base alla normativa comunitaria, prevede la rilevazione delle impronte digitale e l\u2019apposizione della firma\u00a0presso la Cancelleria consolare. I minori di dodici anni sono esentati dalla rilevazione delle impronte digitali e dall\u2019apposizione della firma.<br \/>\nAl ritiro del passaporto il richiedente deve verificare accuratamente la correttezza di tutti i dati.<\/p>\n<p>Per ulteriori informazioni a carattere generale sul passaporto <a href=\"https:\/\/www.esteri.it\/it\/servizi-consolari-e-visti\/italiani-all-estero\/documenti_di_viaggio\/passaporto\/\"><strong>clicca qui<\/strong><\/a>.<\/p>\n","protected":false},"excerpt":{"rendered":"Il passaporto pu\u00f2 essere richiesto alla Cancelleria consolare di Bucarest dai cittadini residenti nella Circoscrizione Consolare (iscritti all&#8217;AIRE) oppure, in casi particolari, dai non residenti, solo e soltanto per comprovati documentati motivi. In quest&#8217;ultimo caso sar\u00e0 necessario acquisire preventivamente il nullaosta e la delega espressa da parte dell\u2019Ufficio (Questura o Rappresentanza Diplomatico\/Consolare) competente per residenza. [&hellip;]","protected":false},"author":8,"featured_media":0,"parent":353,"menu_order":0,"comment_status":"closed","ping_status":"closed","template":"","meta":{"footnotes":""},"class_list":["post-357","page","type-page","status-publish","hentry"],"_links":{"self":[{"href":"https:\/\/ambbucarest.esteri.it\/it\/wp-json\/wp\/v2\/pages\/357","targetHints":{"allow":["GET"]}}],"collection":[{"href":"https:\/\/ambbucarest.esteri.it\/it\/wp-json\/wp\/v2\/pages"}],"about":[{"href":"https:\/\/ambbucarest.esteri.it\/it\/wp-json\/wp\/v2\/types\/page"}],"author":[{"embeddable":true,"href":"https:\/\/ambbucarest.esteri.it\/it\/wp-json\/wp\/v2\/users\/8"}],"replies":[{"embeddable":true,"href":"https:\/\/ambbucarest.esteri.it\/it\/wp-json\/wp\/v2\/comments?post=357"}],"version-history":[{"count":6,"href":"https:\/\/ambbucarest.esteri.it\/it\/wp-json\/wp\/v2\/pages\/357\/revisions"}],"predecessor-version":[{"id":7871,"href":"https:\/\/ambbucarest.esteri.it\/it\/wp-json\/wp\/v2\/pages\/357\/revisions\/7871"}],"up":[{"embeddable":true,"href":"https:\/\/ambbucarest.esteri.it\/it\/wp-json\/wp\/v2\/pages\/353"}],"wp:attachment":[{"href":"https:\/\/ambbucarest.esteri.it\/it\/wp-json\/wp\/v2\/media?parent=357"}],"curies":[{"name":"wp","href":"https:\/\/api.w.org\/{rel}","templated":true}]}}