{"id":359,"date":"2023-10-25T12:33:44","date_gmt":"2023-10-25T09:33:44","guid":{"rendered":"https:\/\/ambbucarest.esteri.it\/?page_id=359"},"modified":"2026-03-11T10:40:08","modified_gmt":"2026-03-11T08:40:08","slug":"carte-didentita","status":"publish","type":"page","link":"https:\/\/ambbucarest.esteri.it\/it\/servizi-consolari-e-visti\/servizi-per-il-cittadino-italiano\/passaporti-e-carte-didentita\/carte-didentita\/","title":{"rendered":"CARTA D\u2019IDENTIT\u00c0 ELETTRONICA (C.I.E)"},"content":{"rendered":"<p><strong>ATTENZIONE &#8211; Possibilit\u00e0 di richiedere la carta d\u2019identit\u00e0 presso Comuni italiani per gli iscritti AIRE<\/strong><\/p>\n<p>Si comunica che a seguito dell\u2019entrata in vigore della legge n. 11 del 19 gennaio 2026 anche i cittadini residenti nella circoscrizione consolare e iscritti all\u2019AIRE\u00a0<strong>a partire dal 1 giugno 2026<\/strong>\u00a0potranno presentare la domanda di rilascio della carta d\u2019identit\u00e0 elettronica presso qualsiasi comune italiano, secondo le modalit\u00e0 organizzative e tecniche stabilite dai Ministeri dell\u2019interno e degli affari esteri e della cooperazione internazionale.<\/p>\n<p>Si invitano i connazionali interessati a prendere contatto con i comuni di riferimento per ogni utile informazione al riguardo.<\/p>\n<p>*****<\/p>\n<p>La nuova Carta di identit\u00e0 Elettronica \u00e8 un documento multifunzionale: attesta l\u2019identit\u00e0 del cittadino, \u00e8 un documento di viaggio, riporta il codice fiscale e si pu\u00f2 utilizzare per richiedere un\u2019identit\u00e0 sul sistema SPID (Sistema Pubblico di Identit\u00e0 Digitale) con cui accedere ai Servizi erogati dalle Pubbliche Amministrazioni Italiane.<\/p>\n<p>La carta d\u2019identit\u00e0 elettronica equivale al passaporto ai fini dell\u2019espatrio negli Stati membri dell\u2019Unione europea, negli Stati dello Spazio Schengen (UE + Islanda, Norvegia, Svizzera, Liechtenstein) e in quelli in cui vigono particolari accordi internazionali.<\/p>\n<p>Al riguardo, per ulteriori e pi\u00f9 dettagliate informazioni, \u00e8 possibile consultare il sito\u00a0<a href=\"https:\/\/www.viaggiaresicuri.it\/approfondimenti-insights\/documentidiviaggio\">https:\/\/www.viaggiaresicuri.it\/approfondimenti-insights\/documentidiviaggio<\/a><\/p>\n<p>La nuova Carta di identit\u00e0 elettronica si pu\u00f2 richiedere, previo appuntamento da richiedere al seguente indirizzo e-mail: passaporti.bucarest@esteri.it<\/p>\n<p>La CIE\u00a0<strong>non\u00a0<\/strong>viene\u00a0rilasciata a vista il giorno dell\u2019appuntamento ma viene prodotta dall\u2019Istituto Poligrafico e Zecca dello Stato di Roma e successivamente spedita dall\u2019Italia, a mezzo posta, presso l\u2019indirizzo di residenza (o recapito) dichiarato dal richiedente.<\/p>\n<p><strong>REQUISITI OBBLIGATORI PER RICHIEDERE LA CARTA D\u2019IDENTITA\u2019 ELETTRONICA:<\/strong><\/p>\n<p>Ai fini dell\u2019emissione della CIE \u00e8 indispensabile che il richiedente:<\/p>\n<ul>\n<li>sia iscritto all\u2019AIRE e il suo nominativo sia inserito nell\u2019apposito applicativo da parte del comune italiano di riferimento;<\/li>\n<li>abbia l\u2019atto di nascita trascritto in Italia, in quanto gli estremi della trascrizione devono essere riportati sulla CIE;<\/li>\n<li>abbia il Codice Fiscale validato da parte dell\u2019Agenzia delle Entrate e dal comune italiano di riferimento. Per chi non \u00e8 in possesso del Codice fiscale sar\u00e0 cura di questo Consolato Generale richiederlo d\u2019ufficio;<\/li>\n<li>abbia aggiornato la sua posizione negli schedari consolari nel caso di cambio d\u2019indirizzo, variazione dello stato civile o nascita di figli. In questo caso si dovr\u00e0 prendere contatto con i servizi competenti (aire o stato civile) prima di richiedere un appuntamento per la carta d\u2019identit\u00e0.<\/li>\n<\/ul>\n<p><strong>VALIDITA\u2019 DELLA CARTA D\u2019IDENTITA\u2019 ELETTRONICA:<\/strong><\/p>\n<p>La validit\u00e0 della CIE varia a seconda all\u2019et\u00e0 del titolare:<\/p>\n<p>\u2013 3 anni per minori di et\u00e0 inferiore a 3 anni;<br \/>\n\u2013 5 anni per i minori di et\u00e0 compresa tra i 3 e i 18 anni;<br \/>\n\u2013 10 anni per i maggiorenni.<\/p>\n<p><strong>MODALITA\u2019 DI RICHIESTA DELLA CARTA D\u2019IDENTITA\u2019 ELETTRONICA:<\/strong><\/p>\n<p style=\"text-align: justify;\">La Cancelleria consolare di Bucarest<span style=\"text-decoration: underline;\"><strong> rilascia la carta d&#8217;identit\u00e0 elettronica (C.I.E) esclusivamente ai cittadini italiani regolarmente residenti nella circoscrizione consolare ed iscritti all\u2019AIRE<\/strong><\/span>.<\/p>\n<p style=\"text-align: justify;\"><span style=\"text-decoration: underline;\">Per il rilascio della C.I.E. deve essere presentata la seguente documentazione<\/span>:<\/p>\n<p style=\"text-align: justify;\">1) Istanza di richiesta della C.I.E. su modello fornito dalla Cancelleria consolare (se maggiorenni <a href=\"https:\/\/ambbucarest.esteri.it\/wp-content\/uploads\/2023\/12\/Domanda-Carta-didentita-per-maggiorenni.pdf\"><strong>clicca qui<\/strong><\/a> e se minorenni <a href=\"https:\/\/ambbucarest.esteri.it\/wp-content\/uploads\/2023\/12\/Domanda-Carta-didentita-per-minorenni.pdf\"><strong>clicca qui<\/strong><\/a>).<br \/>\n2) N. 2 foto formato passaporto (3,5 x 4,5 cm) a colori con sfondo bianco, recenti ed uguali tra di loro, che riproducono il viso del soggetto in primo piano e a capo scoperto, non di profilo e con gli occhi ben visibili. Per linee guida ICAO <a href=\"https:\/\/www.esteri.it\/it\/servizi-consolari-e-visti\/italiani-all-estero\/documenti_di_viaggio\/linee-guida-foto-icao\/\"><strong>clicca qui.\u00a0<\/strong><\/a><br \/>\n3) la precedente carta d\u2019identit\u00e0 o passaporto (anche se scaduti), se disponibile.<br \/>\n4) Se si hanno figli minori, \u00e8 necessario compilare la dichiarazione di assenza di provvedimenti inibitori al rilascio della carta d&#8217;identit\u00e0 valida per l&#8217;espatrio <a href=\"https:\/\/ambbucarest.esteri.it\/wp-content\/uploads\/2023\/12\/dichiarazione_in_presenza_di_figli_minorenni-1.doc\">(<strong>clicca <\/strong><strong>qu<\/strong><strong>i<\/strong>).<\/a><br \/>\n5) Nel caso di rilascio di C.I.E. a minori, l\u2019assenso dei genitori esercenti la responsabilit\u00e0 genitoriale su modello fornito dalla Cancelleria consolare <a href=\"https:\/\/ambbucarest.esteri.it\/wp-content\/uploads\/2023\/12\/Assenso_doc_genitori.doc\">(<strong>clicca qui<\/strong>).<\/a><br \/>\n6) Nel caso di richiesta di C.I.E. per furto o smarrimento della precedente C.I., copia della denuncia.<\/p>\n<p style=\"text-align: justify;\">La <strong>richiesta di appuntamento<\/strong> va indirizzata a <a href=\"mailto:passaporti.bucarest@esteri.it\">passaporti.bucarest@esteri.it<\/a>. Tutta la documentazione indicata ai punti da 1) a 6) deve essere anticipata al medesimo indirizzo <a href=\"mailto:passaporti.bucarest@esteri.it\">passaporti.bucarest@esteri.it <\/a>, <strong>avendo cura di indicare nell&#8217;oggetto della mail: nome e cognome dell&#8217;interessato e tipo di documento richieto<\/strong> e dovr\u00e0 essere consegnata in originale allo sportello dall\u2019interessato al momento dell&#8217;appuntamento.<\/p>\n<p style=\"text-align: justify;\">Si informano i connazionali, genitori di figli minori, che a partire dal 14 giugno 2023 non sar\u00e0 pi\u00f9 necessario presentare l\u2019atto di assenso dell\u2019altro genitore ai fini del rilascio del proprio documento d\u2019identit\u00e0 (passaporto e CIE), ai sensi del D.L. nr. 69\/2023.<br \/>\nNello specifico il novellato articolo 3-bis della L. 1185\/1967 indica che, quando vi \u00e8 concreto e attuale pericolo che a causa del trasferimento all&#8217;estero questo possa sottrarsi all&#8217;adempimento dei suoi obblighi verso i figli, sar\u00e0 possibile per l\u2019altro genitore richiedere una inibitoria al rilascio del documento.<br \/>\nL\u2019istanza potr\u00e0 essere presentata presso il giudice competente presso il Tribunale ordinario in cui il minore ha la residenza abituale ovvero, se il minore \u00e8 residente all\u2019estero, il Tribunale nel cui circondario si trova il suo Comune di iscrizione AIRE.<br \/>\nAi fini del rilascio dei documenti per i minori, invece, resta l\u2019obbligo dell\u2019assenso firmato da entrambi i genitori o da chi esercita la responsabilit\u00e0 genitoriale.<\/p>\n<p>Il rilascio della C.I.E. prevede il pagamento di:<\/p>\n<ul>\n<li>euro 21,95 in caso di primo rilascio CIE o rinnovo;<\/li>\n<li>euro 27,11 in caso di duplicato per furto, smarrimento o deterioramento di CIE ancora in corso di validit\u00e0. Per DUPLICATO si intende il rilascio di una nuova CIE in sostituzione della precedente CIE nei casi in cui venga smarrita, rubata, deteriorata o richiesta prima dei 180 giorni dalla scadenza.<\/li>\n<\/ul>\n<p>da corrispondere in contanti in valuta romena.<\/p>\n<p><strong>SPEDIZIONE DELLA CARTA D\u2019IDENTITA\u2019 ELETTRONICA:<\/strong><\/p>\n<p>La CIE non \u00e8 rilasciata il giorno dell\u2019appuntamento: sar\u00e0 inviata dall\u2019Italia tramite raccomandata, a cura dell\u2019Istituto Poligrafico e Zecca dello Stato, direttamente all\u2019indirizzo prescelto dal richiedente, circa 15 giorni dopo la data dell\u2019appuntamento in Consolato e\/o dal perfezionamento della richiesta. Il richiedente potr\u00e0 verificare il tracciamento della spedizione sul sito di Poste italiane\u00a0<a href=\"https:\/\/www.poste.it\/prodotti\/raccomandata.html\">https:\/\/www.poste.it\/prodotti\/raccomandata.html<\/a>: cliccare su \u201cCerca spedizioni\u201d e inserire il numero di raccomandata fornito il giorno dell\u2019appuntamento.<\/p>\n<p>Si invitano i connazionali che hanno richiesto la CIE ad accertarsi che il proprio cognome di nascita appaia sulla cassetta delle lettere (cognome da nubile per le donne sposate).<\/p>\n<p>In caso di mancata consegna per indirizzo errato, \u00e8 prevista una giacenza di 30 giorni presso l\u2019ufficio postale locale. Al termine di questo periodo il plico viene restituito al Consolato Generale per ulteriori tentativi di consegna.<\/p>\n<p><strong>RESTITUZIONE AI TITOLARI DI CARTE D\u2019IDENTIT\u00c0 ITALIANE RINVENUTE ALL\u2019ESTERO<\/strong><\/p>\n<p style=\"text-align: justify;\">Si rende noto all\u2019utenza che le carte d\u2019identit\u00e0 oggetto di furto o smarrimento all\u2019estero, in caso di rinvenimento, vengono di norma restituite agli Uffici consolari nella cui circoscrizione \u00e8 avvenuto il furto o lo smarrimento.<\/p>\n<p style=\"text-align: justify;\">Si invitano pertanto coloro che abbiano recentemente subito all\u2019estero un furto\/smarrimento e vogliano verificare se la propria carta d\u2019identit\u00e0 sia stata rinvenuta, a contattare l\u2019Ufficio consolare territorialmente competente per ulteriori informazioni in merito.<\/p>\n<p style=\"text-align: justify;\">Si segnala che l\u2019eventuale ritiro dei predetti documenti potr\u00e0 avvenire, presso l\u2019Ufficio consolare dove \u00e8 avvenuto il rinvenimento, secondo le seguenti modalit\u00e0:<\/p>\n<ul style=\"text-align: justify;\">\n<li>presso gli sportelli dell\u2019Ufficio consolare;<\/li>\n<li>su richiesta dell\u2019interessato, tramite servizio postale con spese di spedizione a suo carico.<\/li>\n<\/ul>\n<p style=\"text-align: justify;\">Con riferimento alle carte di identit\u00e0 rilasciate dalla Rete consolare rubate o smarrite all\u2019estero, sar\u00e0 cura degli Uffici consolari comunicarne il rinvenimento al titolare, evidenziando che le stesse saranno distrutte nel caso in cui non ne sia stata richiesta la restituzione trascorso un anno dalla data del rinvenimento.<\/p>\n","protected":false},"excerpt":{"rendered":"ATTENZIONE &#8211; Possibilit\u00e0 di richiedere la carta d\u2019identit\u00e0 presso Comuni italiani per gli iscritti AIRE Si comunica che a seguito dell\u2019entrata in vigore della legge n. 11 del 19 gennaio 2026 anche i cittadini residenti nella circoscrizione consolare e iscritti all\u2019AIRE\u00a0a partire dal 1 giugno 2026\u00a0potranno presentare la domanda di rilascio della carta d\u2019identit\u00e0 elettronica [&hellip;]","protected":false},"author":8,"featured_media":0,"parent":353,"menu_order":0,"comment_status":"closed","ping_status":"closed","template":"","meta":{"footnotes":""},"class_list":["post-359","page","type-page","status-publish","hentry"],"_links":{"self":[{"href":"https:\/\/ambbucarest.esteri.it\/it\/wp-json\/wp\/v2\/pages\/359","targetHints":{"allow":["GET"]}}],"collection":[{"href":"https:\/\/ambbucarest.esteri.it\/it\/wp-json\/wp\/v2\/pages"}],"about":[{"href":"https:\/\/ambbucarest.esteri.it\/it\/wp-json\/wp\/v2\/types\/page"}],"author":[{"embeddable":true,"href":"https:\/\/ambbucarest.esteri.it\/it\/wp-json\/wp\/v2\/users\/8"}],"replies":[{"embeddable":true,"href":"https:\/\/ambbucarest.esteri.it\/it\/wp-json\/wp\/v2\/comments?post=359"}],"version-history":[{"count":6,"href":"https:\/\/ambbucarest.esteri.it\/it\/wp-json\/wp\/v2\/pages\/359\/revisions"}],"predecessor-version":[{"id":7724,"href":"https:\/\/ambbucarest.esteri.it\/it\/wp-json\/wp\/v2\/pages\/359\/revisions\/7724"}],"up":[{"embeddable":true,"href":"https:\/\/ambbucarest.esteri.it\/it\/wp-json\/wp\/v2\/pages\/353"}],"wp:attachment":[{"href":"https:\/\/ambbucarest.esteri.it\/it\/wp-json\/wp\/v2\/media?parent=359"}],"curies":[{"name":"wp","href":"https:\/\/api.w.org\/{rel}","templated":true}]}}