{"id":363,"date":"2023-10-25T13:09:06","date_gmt":"2023-10-25T10:09:06","guid":{"rendered":"https:\/\/ambbucarest.esteri.it\/?page_id=363"},"modified":"2025-12-18T11:56:53","modified_gmt":"2025-12-18T09:56:53","slug":"documento-di-viaggio-provvisorio-etd-emergency-travel-document","status":"publish","type":"page","link":"https:\/\/ambbucarest.esteri.it\/it\/servizi-consolari-e-visti\/servizi-per-il-cittadino-italiano\/passaporti-e-carte-didentita\/documento-di-viaggio-provvisorio-etd-emergency-travel-document\/","title":{"rendered":"Documento di viaggio provvisorio (ETD Emergency Travel Document)"},"content":{"rendered":"<p style=\"text-align: justify;\">Nei casi di furto, smarrimento o deterioramento del documento di viaggio ed il connazionale abbia necessit\u00e0 e urgenza di viaggiare, la Cancelleria consolare di Bucarest pu\u00f2 rilasciare un documento provvisorio di viaggio (ETD) valido pochi giorni, solo per il rientro del connazionale in Italia o in altro Paese dove abbia la propria residenza.<\/p>\n<p style=\"text-align: justify;\">Per il rilascio dell\u2019ETD (Emergency Travel Document) occorre presentare la seguente documentazione:<br \/>\n1) Denuncia di smarrimento o furto alla polizia romena<br \/>\n2) Una foto tessera formato Icao con fondo bianco<br \/>\n3) Copia documento d&#8217;identita&#8217; o ogni altro documento utile per meglio identificare il connazionale<br \/>\n4) Modulo di domanda compilato (<a href=\"https:\/\/ambbucarest.esteri.it\/wp-content\/uploads\/2025\/12\/Formulario-ETD-UE_IT.pdf\"><strong>Clicca qui<\/strong><\/a>)<\/p>\n<p style=\"text-align: justify;\">Per i minorenni il modulo \u00e8 compilato dal\/dai genitore\/i<\/p>\n<p style=\"text-align: justify;\">La denuncia di furto o smarrimento dovr\u00e0 essere ripetuta presso la Cancelleria consolare che ne rilascer\u00e0 copia da presentare alle autorit\u00e0 italiane per l\u2019emissione del nuovo documento smarrito o rubato.<\/p>\n<p style=\"text-align: justify;\">Il rilascio del documento e&#8217; esente da pagamento.<\/p>\n<p style=\"text-align: justify;\">Si informa che nei giorni prefestivi e festivi l\u2019emissione di un ETD potrebbe essere preclusa a causa della chiusura degli Uffici e differita, eccetto i casi di comprovata emergenza, al primo giorno lavorativo utile.<\/p>\n","protected":false},"excerpt":{"rendered":"Nei casi di furto, smarrimento o deterioramento del documento di viaggio ed il connazionale abbia necessit\u00e0 e urgenza di viaggiare, la Cancelleria consolare di Bucarest pu\u00f2 rilasciare un documento provvisorio di viaggio (ETD) valido pochi giorni, solo per il rientro del connazionale in Italia o in altro Paese dove abbia la propria residenza. Per il [&hellip;]","protected":false},"author":8,"featured_media":0,"parent":353,"menu_order":3,"comment_status":"closed","ping_status":"closed","template":"","meta":{"footnotes":""},"class_list":["post-363","page","type-page","status-publish","hentry"],"_links":{"self":[{"href":"https:\/\/ambbucarest.esteri.it\/it\/wp-json\/wp\/v2\/pages\/363","targetHints":{"allow":["GET"]}}],"collection":[{"href":"https:\/\/ambbucarest.esteri.it\/it\/wp-json\/wp\/v2\/pages"}],"about":[{"href":"https:\/\/ambbucarest.esteri.it\/it\/wp-json\/wp\/v2\/types\/page"}],"author":[{"embeddable":true,"href":"https:\/\/ambbucarest.esteri.it\/it\/wp-json\/wp\/v2\/users\/8"}],"replies":[{"embeddable":true,"href":"https:\/\/ambbucarest.esteri.it\/it\/wp-json\/wp\/v2\/comments?post=363"}],"version-history":[{"count":6,"href":"https:\/\/ambbucarest.esteri.it\/it\/wp-json\/wp\/v2\/pages\/363\/revisions"}],"predecessor-version":[{"id":7197,"href":"https:\/\/ambbucarest.esteri.it\/it\/wp-json\/wp\/v2\/pages\/363\/revisions\/7197"}],"up":[{"embeddable":true,"href":"https:\/\/ambbucarest.esteri.it\/it\/wp-json\/wp\/v2\/pages\/353"}],"wp:attachment":[{"href":"https:\/\/ambbucarest.esteri.it\/it\/wp-json\/wp\/v2\/media?parent=363"}],"curies":[{"name":"wp","href":"https:\/\/api.w.org\/{rel}","templated":true}]}}