{"id":369,"date":"2023-10-25T13:29:02","date_gmt":"2023-10-25T10:29:02","guid":{"rendered":"https:\/\/ambbucarest.esteri.it\/?page_id=369"},"modified":"2026-04-17T16:16:55","modified_gmt":"2026-04-17T13:16:55","slug":"nascita","status":"publish","type":"page","link":"https:\/\/ambbucarest.esteri.it\/it\/servizi-consolari-e-visti\/servizi-per-il-cittadino-italiano\/stato-civile\/nascita\/","title":{"rendered":"Nascita"},"content":{"rendered":"<p>Per la registrazione della nascita di un minore avvenuta in Romania, \u00e8 operativa la piattaforma Prenot@mi, attraverso la quale \u00e8 possibile accedere alla prenotazione di un appuntamento.<\/p>\n<p>\u00c8 inoltre possibile inviare la documentazione via posta o, per cittadini italiani residenti nelle circoscrizioni dei Consolati Onorari, previo appuntamento da concordare direttamente con gli stessi, presentare la documentazione pressi i Consolati stessi. La rete dei Consolati Onorari \u00e8 consultabile al seguente link: <a href=\"https:\/\/ambbucarest.esteri.it\/ambasciata_bucarest\/it\/ambasciata\/la_rete_consolare\">https:\/\/ambbucarest.esteri.it\/ambasciata_bucarest\/it\/ambasciata\/la_rete_consolare<\/a><\/p>\n<p>Di seguito, in base al caso specifico, \u00e8 elencata la documentazione da presentare.<\/p>\n<p><strong>RICONOSCIMENTO DEL MINORE<\/strong><\/p>\n<p>Se trattasi di minore nato durante il matrimonio, i genitori dovranno presentare la fotocopia del certificato di matrimonio rilasciato dal comune italiano (il matrimonio, se avvenuto all\u2019estero, deve essere gia\u2019 stato trascritto).<\/p>\n<p>Se trattasi di minore nato fuori matrimonio, prima di procedere alla registrazione della nascita, i genitori dovranno procedere al riconoscimento, firmando la dichiarazione di maternit\u00e0 e paternit\u00e0.<\/p>\n<p>Di conseguenza, il giorno dell\u2019appuntamento sar\u00e0 necessaria la presenza di entrambi i genitori e del minore. Le firme dei due genitori verranno autenticate (con pagamento della tariffa consolare corrispondente \u2013 102 RON per ciascuna autentica di firma) e la dichiarazione verr\u00e0 inviata successivamente al Comune italiano competente insieme all\u2019estratto di nascita.<\/p>\n<p>In caso di impossibilit\u00e0 a presentarsi presso la Cancelleria consolare di Bucarest, i genitori potranno rendere la loro dichiarazione presso uno Studio Notarile romeno e inviarla insieme alla documentazione richiesta, opportunamente legalizzata e tradotta (<a href=\"https:\/\/ambbucarest.esteri.it\/wp-content\/uploads\/2023\/12\/DECLARATIE-recunoastere-maternitate-si-paternitate.docx\"><strong>facsimile dichiarazione<\/strong><\/a>\u00a0e <a href=\"https:\/\/ambbucarest.esteri.it\/wp-content\/uploads\/2023\/12\/Legalizzazione-atti-notarili-romeni.doc\"><strong>foglio informativo sulla legalizzazione<\/strong>).<\/a> Se i genitori sceglieranno di rendere la dichiarazione presso il Notaio, la documentazione potr\u00e0 essere inviata via posta alla Cancelleria consolare di Bucarest oppure presentata ad uno dei <a href=\"https:\/\/ambbucarest.esteri.it\/it\/chi-siamo\/la-rete-consolare\/\"><strong>Consolati onorari d\u2019Italia<\/strong><\/a>.<\/p>\n<p><strong>\u00a0<\/strong><strong>REGISTRARE LA NASCITA DI UN MINORE FIGLIO DI GENITORI ESCLUSIVAMENTE ITALIANI<\/strong><\/p>\n<p><strong>Se un figlio nasce in Romania da genitori esclusivamente italiani, <\/strong>non si acquista la cittadinanza Romena<strong> <em>iure soli<\/em><\/strong>, per cui la pratica non sar\u00e0 trattata ai sensi dell\u2019articolo 3bis in quanto, bench\u00e9 nato all\u2019estero, non pu\u00f2 ragionevolmente possedere un\u2019altra cittadinanza. In questi casi, l\u2019art. 3bis della legge 91\/1992 non trova applicazione e per la registrazione sar\u00e0 dunque necessario presentare:<\/p>\n<ul>\n<li>Richiesta di trascrizione <strong>(modulo)<\/strong>;<\/li>\n<li>l\u2019estratto multilingue dell\u2019atto di nascita in conformit\u00e0 alla Convenzione di Vienna del 08.09.1976;<\/li>\n<li>Fotocopie dei documenti dei genitori e di eventuali permessi di soggiorno se residenti fuori lo stato di origine.<\/li>\n<\/ul>\n<p>Se il minore \u00e8 residente in Romania (con almeno uno dei genitori), alla documentazione sopra elencata, si dovr\u00e0 allegare altres\u00ec la richiesta di iscrizione all\u2019AIRE per il minore <a href=\"https:\/\/ambbucarest.esteri.it\/wp-content\/uploads\/2023\/12\/Iscrizione-AIRE-minori.doc\">(<strong>modulo<\/strong>)<\/a>. Se uno dei genitori non potr\u00e0 firmare la richiesta di iscrizione AIRE, potr\u00e0 inviare per mail all\u2019altro genitore l\u2019assenso a tale fine.<\/p>\n<p><strong>REGISTRARE LA NASCITA DI UN MINORE FIGLIO DI GENITORI <u>NON<\/u> ESCLUSIVAMENTE ITALIANI<\/strong><\/p>\n<p><strong>Figli minorenni di cittadini italiani che trasmettono automaticamente la cittadinanza per nascita (art. 3bis L. 91\/1992)<\/strong><\/p>\n<p>Il minore \u00e8 cittadino italiano\u00a0<strong><em>iure<\/em><\/strong><em>\u00a0<\/em><strong>sanguinis<\/strong>\u00a0solo se ricorre\u00a0<strong>almeno una delle seguenti condizioni<\/strong>:<\/p>\n<ol>\n<li style=\"list-style-type: none;\">\n<ol>\n<li><strong>il genitore cittadino italiano ha risieduto in Italia per almeno 2 anni continuativi dopo l\u2019acquisizione della cittadinanza italiana e prima della data di nascita del figlio\/a;<\/strong><\/li>\n<li><strong>un genitore possiede esclusivamente la cittadinanza italiana;<\/strong><\/li>\n<li><strong>un nonno\/nonna possiede al momento della nascita del minore \u2013 o possedeva al momento della sua morte \u2013 esclusivamente la cittadinanza italiana;<\/strong><\/li>\n<li><strong>il minore stesso non possiede un\u2019altra cittadinanza.<\/strong><\/li>\n<\/ol>\n<\/li>\n<\/ol>\n<p><strong>Ove non fosse soddisfatta nessuna delle precedenti condizioni<\/strong>\u00a0\u00e8 possibile richiedere la\u00a0<strong>cittadinanza per beneficio di legge<\/strong>,\u00a0le cui istruzioni si trovano alla sezione cittadinanza.<\/p>\n<p>Per l\u2019iscrizione di un figlio da parte di un genitore cittadino italiano che possa trasmettere automaticamente la cittadinanza italiana per nascita, il connazionale titolare di un appuntamento deve presentare alla Cancelleria consolare di Bucarest la seguente documentazione:<\/p>\n<ul>\n<li>istanza di registrazione su modello fornito dalla Cancelleria consolare (<a href=\"https:\/\/ambbucarest.esteri.it\/wp-content\/uploads\/2026\/03\/Richiesta-di-trascrizione-atti.pdf\"><strong>clicca qui<\/strong><\/a>);<\/li>\n<li>estratto dell\u2019atto di nascita rilasciato dall\u2019Ufficio di Stato Civile romeno su modello plurilingue previsto dalla Convenzione di Vienna dell\u20198 settembre 1976<a href=\"https:\/\/ambbucarest.esteri.it\/wp-content\/uploads\/2023\/12\/extras-al-actului-de-nastere.jpg\"><strong> (modello);<\/strong><\/a><\/li>\n<li>dichiarazione di maternit\u00e0 e paternit\u00e0, solo in caso di minore nato fuori matrimonio (vedi istruzioni sopra);<\/li>\n<li>nel caso di cui al punto 1) di sopra potrebbe essere richiesto:\n<ul>\n<li>un certificato storico di residenza del genitore rilasciato dal Comune competente che dimostri i due anni di residenza in Italia da cittadino italiano ovvero <a href=\"https:\/\/ambbucarest.esteri.it\/wp-content\/uploads\/2025\/12\/DICHIARAZIONE-SOSTITUTIVA-DI-ATTO-DI-NOTORIETA-RESIDENZA-ITALIA-2-ANNI-1.docx\"><strong>un\u2019autocertificazione<\/strong><\/a> da parte del genitore stesso. Si specifica che il momento a partire dal quale \u00e8 necessario computare i due anni continuativi di residenza, per i cittadini naturalizzati \u00e8 il giorno successivo al giuramento, per i cittadini <em>iure sanguinis<\/em> la data di nascita e per coloro che l\u2019hanno acquistata con i benefici di legge il giorno successivo alla dichiarazione di volont\u00e0 di acquisto della cittadinanza. Dovranno quindi essere presentate prove in tal senso.<\/li>\n<\/ul>\n<\/li>\n<li>nei casi ai punti 2) e 3) di sopra potrebbe essere richiesta certificazione negativa di acquisizione di una cittadinanza di altro paese in cui il genitore e\/o i nonni siano stati residenti (es. certificati negativi di cittadinanza dei Paesi esteri in cui il richiedente ha vissuto, attestazioni di rinuncia a cittadinanze straniere, attestazioni di non iscrizione alle liste elettorali; per queste in base alla lingua in cui \u00e8 stato emesso l\u2019atto potrebbero essere richieste apostille e\/o traduzioni);<\/li>\n<li>fotocopie delle carte d\u2019identit\u00e0 dei genitori del minore.<\/li>\n<\/ul>\n<p><strong>ATTRIBUZIONE DEL COGNOME MATERNO<\/strong><\/p>\n<p>La Corte Costituzionale, con Sentenza nr. 286 del 21.12.2016, ha dichiarato l\u2019illegittimit\u00e0 costituzionale della norma, desumibile da un\u2019interpretazione sistematica di alcune disposizioni del codice civile e dell\u2019Ordinamento dello Stato Civile, nella parte in cui non consente ai genitori, di comune accordo, di trasmettere al figlio, al momento della nascita, anche il cognome materno oltre a quello paterno.<\/p>\n<p>A partire dal 28.12.2016, data di pubblicazione sulla Gazzetta Ufficiale, tutti gli atti di nascita redatti all\u2019estero di figli nati da <strong>entrambi genitori di nazionalit\u00e0 italiana<\/strong>, potranno essere accettati contestualmente purch\u00e9 riportino gi\u00e0 sul documento straniero il cognome materno in aggiunta a quello paterno.<\/p>\n<p>Tale documentazione dovr\u00e0 essere corredata da <strong>un\u2019istanza di entrambi i genitori<\/strong> che esprima la volont\u00e0 di attribuire entrambi i cognomi.<\/p>\n<p>Nel caso in cui le autorit\u00e0 locali non potessero ottemperare alla richiesta di riportare entrambi i cognomi sul documento straniero, i genitori avranno comunque la facolt\u00e0 di farne richiesta direttamente alla Cancelleria consolare di Bucarest al momento della presentazione dell\u2019atto di nascita.<\/p>\n<p>Per ulteriori chiarimenti, si pu\u00f2 contattare la Cancelleria consolare di Bucarest al seguente indirizzo: <a href=\"mailto:anagrafe.bucarest@esteri.it\">anagrafe.bucarest@esteri.it<\/a><\/p>\n","protected":false},"excerpt":{"rendered":"Per la registrazione della nascita di un minore avvenuta in Romania, \u00e8 operativa la piattaforma Prenot@mi, attraverso la quale \u00e8 possibile accedere alla prenotazione di un appuntamento. \u00c8 inoltre possibile inviare la documentazione via posta o, per cittadini italiani residenti nelle circoscrizioni dei Consolati Onorari, previo appuntamento da concordare direttamente con gli stessi, presentare la [&hellip;]","protected":false},"author":8,"featured_media":0,"parent":68,"menu_order":1,"comment_status":"closed","ping_status":"closed","template":"","meta":{"footnotes":""},"class_list":["post-369","page","type-page","status-publish","hentry"],"_links":{"self":[{"href":"https:\/\/ambbucarest.esteri.it\/it\/wp-json\/wp\/v2\/pages\/369","targetHints":{"allow":["GET"]}}],"collection":[{"href":"https:\/\/ambbucarest.esteri.it\/it\/wp-json\/wp\/v2\/pages"}],"about":[{"href":"https:\/\/ambbucarest.esteri.it\/it\/wp-json\/wp\/v2\/types\/page"}],"author":[{"embeddable":true,"href":"https:\/\/ambbucarest.esteri.it\/it\/wp-json\/wp\/v2\/users\/8"}],"replies":[{"embeddable":true,"href":"https:\/\/ambbucarest.esteri.it\/it\/wp-json\/wp\/v2\/comments?post=369"}],"version-history":[{"count":8,"href":"https:\/\/ambbucarest.esteri.it\/it\/wp-json\/wp\/v2\/pages\/369\/revisions"}],"predecessor-version":[{"id":7918,"href":"https:\/\/ambbucarest.esteri.it\/it\/wp-json\/wp\/v2\/pages\/369\/revisions\/7918"}],"up":[{"embeddable":true,"href":"https:\/\/ambbucarest.esteri.it\/it\/wp-json\/wp\/v2\/pages\/68"}],"wp:attachment":[{"href":"https:\/\/ambbucarest.esteri.it\/it\/wp-json\/wp\/v2\/media?parent=369"}],"curies":[{"name":"wp","href":"https:\/\/api.w.org\/{rel}","templated":true}]}}