{"id":374,"date":"2023-10-25T14:58:04","date_gmt":"2023-10-25T11:58:04","guid":{"rendered":"https:\/\/ambbucarest.esteri.it\/?page_id=374"},"modified":"2026-04-01T13:34:44","modified_gmt":"2026-04-01T10:34:44","slug":"matrimonio","status":"publish","type":"page","link":"https:\/\/ambbucarest.esteri.it\/it\/servizi-consolari-e-visti\/servizi-per-il-cittadino-italiano\/stato-civile\/matrimonio\/","title":{"rendered":"Matrimonio"},"content":{"rendered":"<p>* art.6, comma 1, della Convenzione dell\u2019Aja del 12\/06\/1902: \u201c&#8230;sar\u00e0 riconosciuto dovunque come valido, quanto alla forma, il matrimonio celebrato davanti a un agente diplomatico o consolare, in conformit\u00e0 alla sua legislazione, purch\u00e8 nessuna delle parti contraenti appartenga allo stato dove il matrimonio fu contratto e purch\u00e8 questo Stato non vi si opponga\u201d<\/p>\n<p>Per altre informazioni a carattere generale sul matrimonio <a href=\"https:\/\/www.esteri.it\/it\/servizi-consolari-e-visti\/italiani-all-estero\/stato-civile\/matrimonio_0\/\"><strong>clicca qui<\/strong>.<\/a><\/p>\n<p><strong>Matrimonio davanti alle autorit\u00e0 civili romene<\/strong><br \/>\nOccorre contattare l\u2019amministrazione comunale romena dove si intende contrarre matrimonio per ottenere le informazioni relative agli adempimenti necessari per contrarre matrimonio davanti alle Autorit\u00e0 della Romania.<br \/>\nI comuni romeni non richiedono tutti la stessa documentazione.<br \/>\nIndicativamente, i Cittadini italiani, residenti in Italia o in Romania, che intendono contrarre matrimonio davanti alle Autorit\u00e0 della Romania, devono presentare alle Autorit\u00e0 romene la seguente documentazione:<br \/>\n1) Valido documento in corso di validit\u00e0 con fotografia (passaporto italiano, carta d\u2019identit\u00e0).<br \/>\n2) Estratto dai registri degli atti di nascita (completo dei nomi dei propri genitori), rilasciato dal Comune italiano, su modello multilingue previsto dalla Convenzione di Vienna dell\u20198 settembre 1976.<br \/>\n3) Nulla osta (\u201c<strong>certificat de cutuma<\/strong>\u201d) alla celebrazione del matrimonio rilasciato dalla Cancelleria consolare di Bucarest.<br \/>\nPer ottenere il \u201cnulla osta\u201d, l\u2019interessato dovr\u00e0 presentarsi personalmente presso questo Ufficio, in base ad una programmazione (<a href=\"https:\/\/prenotami.esteri.it\/\"><strong>Prenot@Mi<\/strong><\/a>) presentando:<br \/>\na) Valido documento in corso di validit\u00e0 con fotografia (passaporto italiano, carta d\u2019identit\u00e0);<br \/>\nb) Fotocopia del documento del\/della futuro\/a sposo\/a;<br \/>\nc) Estratto dai registri degli atti di nascita (completo dei nomi dei propri genitori), rilasciato dal Comune italiano, su modello multilingue previsto dalla Convenzione di Vienna dell\u20198 settembre 1976;<br \/>\nd) Modulo richiesta fornito dalla Cancelleria Consolare (<a href=\"https:\/\/ambbucarest.esteri.it\/wp-content\/uploads\/2025\/09\/Richiesta-NO-matrimonio.doc\"><strong>clicca qui<\/strong><\/a>)<br \/>\ne) Tariffa consolare 31 lei in contanti.<\/p>\n<p>Si precisa che nel NO al matrimonio non e\u2019 indicato alcun periodo di validita\u2019, pero normalmente i comuni romeni lo considerano valido 90gg dalla data di rilascio.<\/p>\n<p>Si precisa inoltre che il NO al matrimonio viene rilasciato <strong>in giornata<\/strong> (durante l\u2019orario con pubblico, tra le 9.15-13.00).<\/p>\n<p>I cittadini italiani impossibilitati a presentarsi presso la Cancelleria Consolare di Bucarest, potrebbero svolgere la procedura di rilascio NO al matrimonio, senza programmazione, tramite uno dei <a href=\"https:\/\/ambbucarest.esteri.it\/it\/chi-siamo\/la-rete-consolare\/\"><strong>Consolati Onorari<\/strong><\/a>.<\/p>\n<p>Si precisa infine che i cittadini, che intendono contrarre matrimonio davanti alle Autorit\u00e0 della Repubblica di Romania, non devono richiedere le \u201cpubblicazioni matrimoniali\u201d previste dall\u2019art. 93 del Codice Civile italiano.<\/p>\n<p><strong>Trascrizione dell\u2019atto di matrimonio contratto davanti alle Autorit\u00e0 romene<br \/>\n<\/strong>Il matrimonio contratto davanti alle Autorit\u00e0 romene deve essere trascritto presso il comune italiano di residenza o di iscrizione AIRE del connazionale. Per trascrivere tale certificato tramite la Cancelleria consolare di Bucarest, il connazionale deve presentare (oppure inviare per posta\/corriere) la seguente documentazione, <strong><span style=\"text-decoration: underline;\">in originale<\/span><\/strong>:<br \/>\n1)\u00a0Istanza di registrazione su modello fornito dalla Cancelleria consolare\u00a0<a href=\"https:\/\/ambbucarest.esteri.it\/wp-content\/uploads\/2026\/03\/Richiesta-di-trascrizione-atti.pdf\">(<strong>clicca qui<\/strong>)<\/a><br \/>\n2) Estratto dell\u2019atto di matrimonio rilasciato dall\u2019Ufficio di Stato Civile romeno su modello plurilingue previsto dalla Convenzione di Vienna dell\u20198 settembre 1976 <a href=\"https:\/\/ambbucarest.esteri.it\/wp-content\/uploads\/2023\/12\/extras-al-actului-de-casatorie.jpg\"><strong>(modello).<\/strong><\/a><\/p>\n<p>Se i due coniugi hanno concluso anche una convenzione matrimoniale sulla separazione dei beni, tale atto dovra\u2019 essere consegnato ai fini della trascrizione, insieme all\u2019estratto di matrimonio.<br \/>\nLa convezione deve essere legalizzata e tradotta secondo le istruzioni disponibili <a href=\"https:\/\/ambbucarest.esteri.it\/wp-content\/uploads\/2023\/12\/Legalizzazione-atti-notarili-romeni.doc\"><strong>qui.<\/strong><\/a><br \/>\n<strong><br \/>\nMatrimonio davanti alle autorit\u00e0 italiane<\/strong><\/p>\n<p><strong>A) Pubblicazioni matrimoniali<br \/>\n<\/strong>Se il Connazionale residente in Romania e iscritto all\u2019AIRE (Anagrafe Italiani Residenti Estero) intende contrarre matrimonio davanti alle Autorit\u00e0 italiane (Cancelleria consolare o il Comune Italiano) deve procedere, prima di contrarre matrimonio, alle pubblicazioni matrimoniali presso la Cancelleria consolare di Bucarest. Il Connazionale deve presentare la seguente documentazione:<br \/>\na)\u00a0Richiesta di pubblicazione su modello fornito dalla cancelleria consolare <a href=\"https:\/\/ambbucarest.esteri.it\/wp-content\/uploads\/2025\/07\/Richiesta-Pubblicazioni-di-matrimonio.pdf\">(<strong>clicca qui<\/strong>)<\/a><br \/>\nb)\u00a0Autocertificazione su modello fornito dalla cancelleria consolare<a href=\"https:\/\/ambbucarest.esteri.it\/wp-content\/uploads\/2023\/12\/Autocertificazione-matrimonio.pdf\"> (<strong>clicca qui<\/strong>)<\/a><\/p>\n<p>Inoltre il connazionale deve presentare la seguente documentazione relativa all\u2019altro nubendo, se di cittadinanza diversa da quella italiana:<br \/>\nc)\u00a0Certificato di nascita, su modello multilingue previsto dalla Convenzione di Vienna dell\u20198 settembre 1976..<br \/>\nd)\u00a0Nulla osta al matrimonio rilasciato dalle Autorit\u00e0 del suo Paese, tradotto in lingua italiana da Traduttore Ufficiale la cui firma deve essere autenticata dal Notaio Pubblico. La firma di quest\u2019ultimo deve essere apostillata presso la Camera Notarile.<br \/>\ne)\u00a0Copia del documento di riconoscimento.<\/p>\n<p>Le pubblicazioni matrimoniali si intendono eseguite quando restano affisse all\u2019Albo Consolare on-line per otto giorni consecutivi ed hanno la validit\u00e0 di 180 giorni. Il matrimonio pu\u00f2 essere celebrato decorsi almeno quattro giorni dalle avvenute pubblicazioni matrimoniali.<\/p>\n<p><strong>B) Matrimonio consolare<br \/>\nN.B. Per effetto dell&#8217;art. 6 della Convenzione dell&#8217;Aja del 12 giugno 1902*, ratificata con Legge n.523 del 7 settembre 1905, ancora vigente tra Italia e Romania,\u00a0non e&#8217; consentito il matrimonio tra un cittadino italiano e un cittadino romeno presso l&#8217;Autorita&#8217; consolare italiana in Romania.<br \/>\n<\/strong>Effettuate le pubblicazioni matrimoniali, il Connazionale deve concordare l\u2019ora e il giorno con il Capo della Cancelleria consolare per la celebrazione del matrimonio.<br \/>\nSe le pubblicazioni sono state effettuate presso la Cancelleria consolare di Bucarest non occorre altra documentazione. In caso contrario il Connazionale deve presentare la seguente documentazione:<br \/>\n&#8211;\u00a0Autocertificazione su modello fornito dalla cancelleria consolare <a href=\"https:\/\/ambbucarest.esteri.it\/wp-content\/uploads\/2023\/12\/Autocertificazione-matrimonio.pdf\">(<strong>clicca qui<\/strong>)<\/a><\/p>\n<p>Inoltre il connazionale deve presentare la seguente documentazione relativa all\u2019altro nubendo, se di cittadinanza diversa da quella italiana:<br \/>\n1)\u00a0Certificato di nascita, su modello multilingue previsto dalla Convenzione di Vienna dell\u20198 settembre 1976.<br \/>\n2)\u00a0Nulla osta al matrimonio rilasciato dalle Autorit\u00e0 del suo Paese, tradotto in lingua italiana da Traduttore Ufficiale la cui firma deve essere autenticata dal Notaio Pubblico. La firma di quest\u2019ultimo deve essere apostillata presso la Camera Notarile.<br \/>\n3)\u00a0Copia del documento di riconoscimento.<br \/>\nL\u2019invio del certificato di matrimonio al Comune italiano competente per la trascrizione, viene effettuato d\u2019Ufficio dalla Cancelleria consolare di Bucarest a mezzo posta elettronica certificata.<\/p>\n<p>Il Connazionale anche se non residente in Romania, pu\u00f2 chiedere al Capo della Cancelleria consolare di celebrare il matrimonio consolare fornendo adeguate motivazioni. In questo caso il Connazionale, dopo aver effettuato le pubblicazioni matrimoniali presso il Comune italiano o rappresentanza consolare competente per residenza, dovr\u00e0 chiedere all\u2019Ufficiale di stato civile che dovrebbe celebrare il matrimonio di delegare, ai sensi dell\u2019art. 109 c.c, il Capo della cancelleria consolare alla celebrazione del matrimonio e di inviargli tutta la documentazione prevista.<\/p>\n<p><strong>C) Matrimonio da celebrare in Italia<br \/>\n<\/strong>Il connazionale residente nella circoscrizione consolare di Bucarest pu\u00f2 chiedere al capo della Cancelleria consolare di contrarre matrimonio in Italia, indicandone i motivi. In questo caso la Cancelleria consolare di Bucarest, in base all\u2019art. 109 c.c., delega la celebrazione del matrimonio all\u2019Ufficiale di stato civile del Comune indicato dal Connazionale e gli trasmette tutta la documentazione prevista, compreso il certificato di eseguite pubblicazioni matrimoniali.<\/p>\n","protected":false},"excerpt":{"rendered":"* art.6, comma 1, della Convenzione dell\u2019Aja del 12\/06\/1902: \u201c&#8230;sar\u00e0 riconosciuto dovunque come valido, quanto alla forma, il matrimonio celebrato davanti a un agente diplomatico o consolare, in conformit\u00e0 alla sua legislazione, purch\u00e8 nessuna delle parti contraenti appartenga allo stato dove il matrimonio fu contratto e purch\u00e8 questo Stato non vi si opponga\u201d Per altre [&hellip;]","protected":false},"author":8,"featured_media":0,"parent":68,"menu_order":2,"comment_status":"closed","ping_status":"closed","template":"","meta":{"footnotes":""},"class_list":["post-374","page","type-page","status-publish","hentry"],"_links":{"self":[{"href":"https:\/\/ambbucarest.esteri.it\/it\/wp-json\/wp\/v2\/pages\/374","targetHints":{"allow":["GET"]}}],"collection":[{"href":"https:\/\/ambbucarest.esteri.it\/it\/wp-json\/wp\/v2\/pages"}],"about":[{"href":"https:\/\/ambbucarest.esteri.it\/it\/wp-json\/wp\/v2\/types\/page"}],"author":[{"embeddable":true,"href":"https:\/\/ambbucarest.esteri.it\/it\/wp-json\/wp\/v2\/users\/8"}],"replies":[{"embeddable":true,"href":"https:\/\/ambbucarest.esteri.it\/it\/wp-json\/wp\/v2\/comments?post=374"}],"version-history":[{"count":7,"href":"https:\/\/ambbucarest.esteri.it\/it\/wp-json\/wp\/v2\/pages\/374\/revisions"}],"predecessor-version":[{"id":7849,"href":"https:\/\/ambbucarest.esteri.it\/it\/wp-json\/wp\/v2\/pages\/374\/revisions\/7849"}],"up":[{"embeddable":true,"href":"https:\/\/ambbucarest.esteri.it\/it\/wp-json\/wp\/v2\/pages\/68"}],"wp:attachment":[{"href":"https:\/\/ambbucarest.esteri.it\/it\/wp-json\/wp\/v2\/media?parent=374"}],"curies":[{"name":"wp","href":"https:\/\/api.w.org\/{rel}","templated":true}]}}