{"id":384,"date":"2023-10-25T15:13:11","date_gmt":"2023-10-25T12:13:11","guid":{"rendered":"https:\/\/ambbucarest.esteri.it\/?page_id=384"},"modified":"2023-11-20T14:45:31","modified_gmt":"2023-11-20T12:45:31","slug":"autocertificazione","status":"publish","type":"page","link":"https:\/\/ambbucarest.esteri.it\/it\/servizi-consolari-e-visti\/servizi-per-il-cittadino-italiano\/autocertificazione\/","title":{"rendered":"Autocertificazione"},"content":{"rendered":"<p style=\"text-align: justify;\">L\u2019autocertificazione \u00e8 una dichiarazione che l&#8217;interessato redige e sottoscrive nel proprio interesse su stati, fatti e qualit\u00e0 personali e che utilizza nei rapporti con la P.A. e con i gestori di pubblici servizi. Nel rapporto con un soggetto privato il ricorso all&#8217;autocertificazione \u00e8 rimesso alla discrezionalit\u00e0 di quest&#8217;ultimo.<\/p>\n<p style=\"text-align: justify;\">Il <strong>1\u00b0 gennaio 2012<\/strong> sono entrate in vigore le nuove disposizioni in materia di certificati e di dichiarazioni sostitutive, di cui all\u2019art. 15 della Legge 12 novembre 2011 n. 183. A decorrere da tale data i certificati hanno pertanto validit\u00e0 solo nei rapporti tra privati, mentre <strong>le Amministrazioni Pubbliche non potranno pi\u00f9 chiedere o accettare i certificati, che dovranno essere sempre sostituiti da <\/strong><strong>autocertificazioni.<\/strong><\/p>\n<p style=\"text-align: justify;\">Le norme sull\u2019autocertificazione si applicano ai cittadini italiani e dell\u2019Unione Europea, nonch\u00e9 ai cittadini extracomunitari regolarmente soggiornanti in Italia limitatamente ai dati verificabili o certificabili in Italia da soggetti pubblici.<\/p>\n<p style=\"text-align: justify;\">Le dichiarazioni sostitutive di cui agli artt. 46 e 47 del D.P.R. n. 445\/2000 possono essere sottoscritte in presenza del dipendente addetto oppure possono essere presentate o inviate gi\u00e0 sottoscritte purch\u00e9 ad esse sia allegata una copia fotostatica non autenticata di un documento d\u2019identit\u00e0 del sottoscrittore.<\/p>\n<p>&nbsp;<\/p>\n<p style=\"text-align: justify;\"><span style=\"text-decoration: underline;\"><strong>Dichiarazione sostitutiva di certificazione (art. 46 DPR 445\/2000)<\/strong><\/span><\/p>\n<p style=\"text-align: justify;\">Possono essere comprovati, tramite dichiarazione, i seguenti stati:<\/p>\n<p style=\"text-align: justify;\">\u2022data e il luogo di nascita;<\/p>\n<p style=\"text-align: justify;\">\u2022residenza;<\/p>\n<p style=\"text-align: justify;\">\u2022cittadinanza;<\/p>\n<p style=\"text-align: justify;\">\u2022godimento dei diritti civili e politici;<\/p>\n<p style=\"text-align: justify;\">\u2022stato di celibe, coniugato, vedovo o stato libero;<\/p>\n<p style=\"text-align: justify;\">\u2022stato di famiglia;<\/p>\n<p style=\"text-align: justify;\">\u2022esistenza in vita;<\/p>\n<p style=\"text-align: justify;\">\u2022nascita del figlio, decesso del coniuge, dell&#8217;ascendente o discendente;<\/p>\n<p style=\"text-align: justify;\">\u2022iscrizione in albi, in elenchi tenuti da pubbliche amministrazioni;<\/p>\n<p style=\"text-align: justify;\">\u2022appartenenza a ordini professionali;<\/p>\n<p style=\"text-align: justify;\">\u2022titolo di studio, esami sostenuti;<\/p>\n<p style=\"text-align: justify;\">\u2022qualifica professionale posseduta, titolo di specializzazione, di abilitazione, di formazione, di aggiornamento e di qualificazione tecnica;<\/p>\n<p style=\"text-align: justify;\">\u2022situazione reddituale o economica anche ai fini della concessione dei benefici di qualsiasi tipo previsti da leggi speciali;<\/p>\n<p style=\"text-align: justify;\">\u2022assolvimento di specifici obblighi contributivi con l&#8217;indicazione dell&#8217;ammontare corrisposto;<\/p>\n<p style=\"text-align: justify;\">\u2022possesso e numero del codice fiscale, della partita IVA e di qualsiasi dato presente nell&#8217;archivio dell&#8217;anagrafe tributaria;<\/p>\n<p style=\"text-align: justify;\">\u2022stato di disoccupazione;<\/p>\n<p style=\"text-align: justify;\">\u2022qualit\u00e0 di pensionato e categoria di pensione;<\/p>\n<p style=\"text-align: justify;\">\u2022qualit\u00e0 di studente;<\/p>\n<p style=\"text-align: justify;\">\u2022qualit\u00e0 di legale rappresentante di persone fisiche o giuridiche, di tutore, di curatore e simili;<\/p>\n<p style=\"text-align: justify;\">\u2022iscrizione presso associazioni o formazioni sociali di qualsiasi tipo;<\/p>\n<p style=\"text-align: justify;\">\u2022tutte le situazioni relative all&#8217;adempimento degli obblighi militari, ivi comprese quelle attestate nel foglio matricolare dello stato di servizio;<\/p>\n<p style=\"text-align: justify;\">\u2022di non aver riportato condanne penali e di non essere destinatario di provvedimenti che riguardano l&#8217;applicazione di misure di prevenzione, di decisioni civili e di provvedimenti amministrativi iscritti nel casellario giudiziale ai sensi della vigente normativa;<\/p>\n<p style=\"text-align: justify;\">\u2022di non essere a conoscenza di essere sottoposto a procedimenti penali;<\/p>\n<p style=\"text-align: justify;\">\u2022qualit\u00e0 di vivenza a carico;<\/p>\n<p style=\"text-align: justify;\">\u2022tutti i dati a diretta conoscenza dell&#8217;interessato contenuti nei registri dello stato civile;<\/p>\n<p style=\"text-align: justify;\">\u2022di non trovarsi in stato di liquidazione o di fallimento e di non aver presentato domanda di concordato.<\/p>\n<p style=\"text-align: justify;\">Nessuna imposta di bollo deve essere corrisposta dal cittadino quando l&#8217;uso dell&#8217;atto \u00e8 esente, per legge, da essa.<\/p>\n<p>&nbsp;<\/p>\n<p><span style=\"text-decoration: underline;\"><strong>Dichiarazione sostitutiva di atto di notoriet\u00e0 (art. 47 DPR 445\/2000)<\/strong><\/span><\/p>\n<p style=\"text-align: justify;\">Si pu\u00f2 ricorrere alla dichiarazione sostitutiva dell\u2019atto di notoriet\u00e0 per tutti gli stati, fatti e qualit\u00e0 personali di cui siano a diretta conoscenza dell&#8217;interessato.<\/p>\n<p style=\"text-align: justify;\">Tale dichiarazione pu\u00f2 riguardare anche circostanze relative ad altri soggetti, di cui il dichiarante abbia diretta conoscenza, nonch\u00e9 la conformit\u00e0 all\u2019originale di copie di atti o documenti conservati o rilasciati da una pubblica amministrazione, di copie di pubblicazioni, di copie di titoli di studio o di servizio, ovvero di copie di documenti fiscali che devono essere obbligatoriamente conservati dai privati.<\/p>\n<p style=\"text-align: justify;\"><strong>La possibilit\u00e0 di avvalersi dell\u2019autocertificazione <span style=\"text-decoration: underline;\">non \u00e8 mai<\/span> ammessa per i certificati<\/strong>:<\/p>\n<p style=\"text-align: justify;\">\u2022medici;<\/p>\n<p style=\"text-align: justify;\">\u2022sanitari;<\/p>\n<p style=\"text-align: justify;\">\u2022veterinari;<\/p>\n<p style=\"text-align: justify;\">\u2022di origine;<\/p>\n<p style=\"text-align: justify;\">\u2022di conformit\u00e0 CE;<\/p>\n<p style=\"text-align: justify;\">\u2022marchi o brevetti.<\/p>\n<p style=\"text-align: justify;\"><strong>Nel caso in cui le amministrazioni abbiano dubbi sulla veridicit\u00e0 delle autocertificazioni, sono tenute a effettuare i controlli necessari<\/strong>.<\/p>\n<p style=\"text-align: justify;\">Nel caso vengano riscontrate dichiarazioni mendaci, la falsit\u00e0 negli atti e l\u2019uso di atti falsi sono puniti ai sensi del codice penale e delle leggi speciali in materia (art. 76 DPR 445\/2000). Il dichiarante inoltre decade dai benefici eventualmente conseguiti grazie a provvedimenti basati su dichiarazioni non veritiere.<\/p>\n<p style=\"text-align: justify;\">Le dichiarazioni sostitutive hanno la stessa validit\u00e0 degli atti che sostituiscono. Normalmente i certificati hanno validit\u00e0 per sei mesi dalla data in cui sono stati rilasciati, salvo che norme di legge o regolamentari non dispongono una validit\u00e0 superiore. La Validit\u00e0 delle certificazioni anagrafiche e quelle relative allo stato civile \u00e8 prolungabile se l\u2019\u2019interessato dichiara che i dati contenuti nel certificato non hanno subito modifiche e sottoscrive tale dichiarazione.<\/p>\n<p style=\"text-align: justify;\">Hanno validit\u00e0 illimitata, invece, i certificati e le dichiarazioni sostitutive che attestano stati e fatti personali che non sono soggetti a modificazioni (certificati di nascita, di morte, titoli di studio, ecc.).<\/p>\n<p style=\"text-align: justify;\">In tutti i casi in cui viene richiesto un documento di identit\u00e0 esso pu\u00f2 essere sostituito da un documento di riconoscimento equipollente. Sono equipollenti alla carta di identit\u00e0:<\/p>\n<ul>\n<li style=\"text-align: justify;\">Il passaporto;<\/li>\n<li style=\"text-align: justify;\">La patente di guida;<\/li>\n<li style=\"text-align: justify;\">La patente nautica;<\/li>\n<li style=\"text-align: justify;\">Il libretto di pensione;<\/li>\n<li style=\"text-align: justify;\">Il patentino di abilitazione alla conduzione di impianti termici;<\/li>\n<li style=\"text-align: justify;\">Il porto d\u2019armi;<\/li>\n<li style=\"text-align: justify;\">le tessere di riconoscimento rilasciate da un\u2019Amministrazione dello Stato, purch\u00e9 munite di fotografia e di timbro o altra segnatura equivalente.<\/li>\n<\/ul>\n<p style=\"text-align: justify;\">Nel caso di documento scaduto, esso potr\u00e0 essere ugualmente esibito, ma sar\u00e0 necessario redigere &#8211; a cura dell&#8217;interessato, una dichiarazione sulla fotocopia del documento in cui si dichiari che\u00a0 i dati in esso contenuti non sono cambiati dalla data del rilascio.<\/p>\n<p style=\"text-align: justify;\">Sul <a href=\"http:\/\/www.comuni.it\/autocertificazione\/certificati\/certificazioni.htm\"><span style=\"text-decoration: underline;\"><strong>sito delle autocertificazioni<\/strong><\/span><\/a> elaborato dai Comuni italiani sono disponibili vari modelli di autocertificazione, compilabili online.<\/p>\n","protected":false},"excerpt":{"rendered":"L\u2019autocertificazione \u00e8 una dichiarazione che l&#8217;interessato redige e sottoscrive nel proprio interesse su stati, fatti e qualit\u00e0 personali e che utilizza nei rapporti con la P.A. e con i gestori di pubblici servizi. Nel rapporto con un soggetto privato il ricorso all&#8217;autocertificazione \u00e8 rimesso alla discrezionalit\u00e0 di quest&#8217;ultimo. Il 1\u00b0 gennaio 2012 sono entrate in [&hellip;]","protected":false},"author":8,"featured_media":0,"parent":47,"menu_order":3,"comment_status":"closed","ping_status":"closed","template":"","meta":{"footnotes":""},"class_list":["post-384","page","type-page","status-publish","hentry"],"_links":{"self":[{"href":"https:\/\/ambbucarest.esteri.it\/it\/wp-json\/wp\/v2\/pages\/384","targetHints":{"allow":["GET"]}}],"collection":[{"href":"https:\/\/ambbucarest.esteri.it\/it\/wp-json\/wp\/v2\/pages"}],"about":[{"href":"https:\/\/ambbucarest.esteri.it\/it\/wp-json\/wp\/v2\/types\/page"}],"author":[{"embeddable":true,"href":"https:\/\/ambbucarest.esteri.it\/it\/wp-json\/wp\/v2\/users\/8"}],"replies":[{"embeddable":true,"href":"https:\/\/ambbucarest.esteri.it\/it\/wp-json\/wp\/v2\/comments?post=384"}],"version-history":[{"count":4,"href":"https:\/\/ambbucarest.esteri.it\/it\/wp-json\/wp\/v2\/pages\/384\/revisions"}],"predecessor-version":[{"id":1064,"href":"https:\/\/ambbucarest.esteri.it\/it\/wp-json\/wp\/v2\/pages\/384\/revisions\/1064"}],"up":[{"embeddable":true,"href":"https:\/\/ambbucarest.esteri.it\/it\/wp-json\/wp\/v2\/pages\/47"}],"wp:attachment":[{"href":"https:\/\/ambbucarest.esteri.it\/it\/wp-json\/wp\/v2\/media?parent=384"}],"curies":[{"name":"wp","href":"https:\/\/api.w.org\/{rel}","templated":true}]}}