{"id":388,"date":"2023-10-25T15:22:29","date_gmt":"2023-10-25T12:22:29","guid":{"rendered":"https:\/\/ambbucarest.esteri.it\/?page_id=388"},"modified":"2025-03-06T10:30:42","modified_gmt":"2025-03-06T08:30:42","slug":"codice-fiscale-e-tessera-sanitaria","status":"publish","type":"page","link":"https:\/\/ambbucarest.esteri.it\/it\/servizi-consolari-e-visti\/servizi-per-il-cittadino-italiano\/codice-fiscale\/codice-fiscale-e-tessera-sanitaria\/","title":{"rendered":"Codice fiscale e tessera sanitaria"},"content":{"rendered":"<div>\n<p><strong>Codice fiscale e tessera sanitaria<\/strong><\/p>\n<p><strong>1) Informazioni su come richiedere un codice fiscale<\/strong><\/p>\n<p><strong>La domanda di codice fiscale pu\u00f2 essere presentata solo online alla casella di posta <a href=\"mailto:bucarest.cf@esteri.it\">bucarest.cf@esteri.it<\/a> . LA RICHIESTA DEVE ESSERE INDIVIDUALE E DEVE RIGUARDARE UN SOLO SOGGETTO.<br \/>\n<\/strong><\/p>\n<p>\u2022 Richieste di nuova emissione (certificato con\/senza tesserino plastificato) o di duplicati: scheda informativa sulla procedura da seguire (<a href=\"https:\/\/ambbucarest.esteri.it\/wp-content\/uploads\/2024\/01\/COME-RICHIEDERE-IL-CODICE-FISCALE.pdf\"><strong>click qui<\/strong><\/a>) e <a href=\"https:\/\/ambbucarest.esteri.it\/wp-content\/uploads\/2023\/11\/modulo_codice_fiscale.pdf\"><strong>modulo da compilare.<\/strong><\/a><\/p>\n<p><strong><u>Attenzione<\/u><\/strong><strong>!<\/strong><\/p>\n<p><strong><u>A <\/u><\/strong><strong><u>partire dal 15 luglio 2024<\/u><\/strong>, <strong><u>i cittadini italiani iscritti all\u2019AIRE\u00a0in Romania\u00a0potranno scaricare direttamente il certificato di attribuzione del codice fiscale<\/u><\/strong> tramite il <a href=\"https:\/\/serviziconsolari.esteri.it\/\" target=\"_blank\" rel=\"noopener\">Portale FAST-IT<\/a>.<\/p>\n<p><strong><em>Come?<\/em><\/strong><\/p>\n<ol>\n<li>Accedi al Portale FAST-IT;<\/li>\n<li>Clicca su \u201cAnagrafe Consolare e AIRE\u201d e poi su\u00a0<strong>\u201cAttribuzione Codice Fiscale\u201d;<\/strong><\/li>\n<li>Conferma i dati e avvia la richiesta;<\/li>\n<li>Scarica in autonomia (download) il certificato di attribuzione del Codice Fiscale.<\/li>\n<\/ol>\n<p><strong>Se non riesci a scaricare<\/strong>\u00a0il certificato di attribuzione del Codice Fiscale:<\/p>\n<ol>\n<li>Registrati sul\u00a0<a href=\"https:\/\/serviziconsolari.esteri.it\/\" target=\"_blank\" rel=\"noopener\">Portale FAST-IT<\/a>, oppure accedi se hai gi\u00e0 un account attivo;<\/li>\n<li>Richiedi la \u201cAssociazione Online\u201d cliccando su \u201cAnagrafe Consolare e AIRE\u201d e poi su \u201cVisualizzare la propria scheda anagrafica\u201d;<\/li>\n<li>Entro 2 giorni lavorativi dalla richiesta, riceverai sulla tua casella di posta il messaggio di avvenuta associazione.<\/li>\n<li>Accedi nuovamente al portale e scarica il certificato.<\/li>\n<\/ol>\n<p>I cittadini maggiorenni iscritti all\u2019AIRE che hanno gi\u00e0 il codice fiscale possono <strong>scaricare direttamente il certificato di attestazione del codice fiscale <\/strong>attraverso il portale telematico Fast-it accedendo al relativo servizio e seguendo le indicazioni fornite per chiedere il codice fiscale; in questo caso non sar\u00e0 necessario l\u2019intervento del Consolato per il rilascio del certificato.<\/p>\n<p>Coloro che vogliano ricevere anche\u00a0il <strong>tesserino<\/strong> del codice fiscale, devono fare richiesta del codice fiscale e del tesserino presentando l\u2019apposito modulo unitamente alla copia di un documento d\u2019identit\u00e0.<\/p>\n<p>In caso di <strong>smarrimento o distruzione del certificato cartaceo o del tesserino plastificato<\/strong>, pu\u00f2 essere richiesto il duplicato con le stesse modalit\u00e0 dell\u2019attribuzione.<\/p>\n<p>&nbsp;<\/p>\n<p><strong>2) Informazioni su tessera sanitaria<\/strong><br \/>\nScheda informativa su utilizzo e su assistenza sanitaria all\u2019estero <strong>(<\/strong><a href=\"https:\/\/ambbucarest.esteri.it\/wp-content\/uploads\/2023\/12\/team.pdf\"><strong>clicca qu<\/strong><\/a><strong>i)<\/strong>.<\/p>\n<p><strong>RILASCIO DI UN CODICE FISCALE O CERTIFICAZIONE DI CODICE FISCALE ESISTENTE<\/strong><br \/>\nIl codice fiscale \u00e8 indispensabile per compiere operazioni finanziarie in Italia: operazioni immobiliari, eredit\u00e0, lavoro, aprire un conto in banca o iscriversi all\u2019universit\u00e0. Viene rilasciato anche a chi non \u00e8 cittadino italiano. Il servizio \u00e8 gratuito ed \u00e8 riservato ai privati cittadini di et\u00e0 superiore ai 18 anni, esclusivamente residenti in questa circoscrizione consolare in Romania.<br \/>\nLe richieste per minorenni, oppure per conto terzi, o da parte dell\u2019erede per familiare deceduto devono contenere documenti aggiuntivi.<br \/>\n<strong>Le Aziende o Societ\u00e0 devono richiedere il codice fiscale in Italia alla sede dell\u2019Agenzia delle Entrate competente per territorio nel luogo di registrazione\/sede dell\u2019Azienda\/Societ\u00e0 in Italia.<\/strong><br \/>\nSi pu\u00f2 richiedere il rilascio di un codice fiscale italiano, se non lo si ha mai avuto in precedenza, o una certificazione di quello esistente, ad esempio per accesso ai servizi legati all\u2019identit\u00e0 digitale (SPID \u2013 solo per cittadini italiani).<\/p>\n<p><strong>Richiesta per minori:<\/strong> nel caso di minori sar\u00e0 necessario inviare oltre al documento d\u2019identit\u00e0 del minore, anche il documento d\u2019identit\u00e0 dell\u2019adulto richiedente e .pdf del certificato di nascita o di altro documento (parte del passaporto o carta d\u2019identit\u00e0 che mostra i nomi dei genitori) comprovante che il richiedente ha diritto ad agire per conto del minore. In questo caso la prova di residenza deve essere intestata al genitore.<\/p>\n<p><strong>Richiesta da erede per persona deceduta:<\/strong> oltre al documento d\u2019identit\u00e0 del defunto, \u00e8 necessario presentare anche il documento d\u2019identit\u00e0 del richiedente\/erede e .pdf del certificato di morte. In questo caso la prova di residenza deve essere intestata al richiedente.<\/p>\n<p>Eventuali richieste urgenti, dovranno essere adeguatamente motivate.<\/p>\n<p><strong>ATTENZIONE: Il CODICE FISCALE compare sulla TESSERA SANITARIA, che ha una scadenza ed \u00e8 legata alla residenza in Italia. Chi risiede all\u2019estero non ha diritto alla TESSERA SANITARIA. Il NUMERO DI CODICE FISCALE NON HA SCADENZA E NON CAMBIA PER TRASFERIMENTO ALL&#8217;ESTERO.<\/strong><\/p>\n<p><strong>Il servizio del Codice Fiscale NON \u00e8 ritenuto urgente e si eroga compatibilmente con gli altri servizi consolari prioritari per i cittadini italiani. <\/strong>I tempi di trattazione delle richieste di attribuzione telematica del Codice Fiscale sono<strong> indicativamente di 30 giorni lavorativi. <\/strong>Data l&#8217;elevata quantit\u00e0 di domande ricevute da questo servizio, non \u00e8 possibile garantire l&#8217;erogazione del codice in tempo utile per scadenze relative a questioni private o per pratiche esterne ai nostri Uffici.<\/p>\n<p>La certificazione viene inviata via e-mail (file .pdf). <strong>L\u2019Agenzia delle Entrate non rilascia pi\u00f9 tessere in plastica.<\/strong> Il codice fiscale non scade e non cambia per trasferimento all\u2019estero. Questo ufficio non ha la possibilit\u00e0 di modificare un codice fiscale a seguito di errore o cambiamento di nome: \u00e8 necessario rivolgersi alla sede dell\u2019Agenzia delle Entrate in Italia.<\/p>\n<p>Per ci\u00f2 che concerne il <strong>PIN<\/strong>, si fa presente che \u00e8 un codice personale per accedere a tutti i servizi telematici messi a disposizione dall\u2019Agenzia delle Entrate, oltre che al proprio cassetto fiscale. Una volta ottenuto, previa registrazione, sar\u00e0 possibile accedere a Fisconline o Entratel. Per le richieste del PIN, seguire le indicazioni riportate sul sito dell\u2019Agenzia delle Entrate.<\/p>\n<p>In seguito inviare copia della richiesta effettuata con il numero della pratica (anche tramite screenshot) e la copia di un documento di identit\u00e0 in allegato alla Cancelleria consolare, all\u2019indirizzo email <a href=\"mailto:bucarest.cf@esteri.it\">bucarest.cf@esteri.it<\/a> . La Cancelleria consolare provveder\u00e0 a validare la richiesta.<br \/>\nPer qualsiasi altra informazione relativa alle questioni fiscali si suggerisce di visitare il sito ufficiale dell&#8217;Agenzia delle Entrate: <a href=\"http:\/\/www.agenziaentrate.gov.it\">http:\/\/www.agenziaentrate.gov.it<\/a>\u00a0 .<\/p>\n<p>&nbsp;<\/p>\n<p><strong>TESSERA SANITARIA ED ASSISTENZA SANITARIA ALL\u2019ESTERO<\/strong><\/p>\n<p>Gli Uffici consolari non hanno competenza diretta in materia sanitaria. I cittadini italiani che viaggiano in Romania, iscritti al \u201cServizio Sanitario Nazionale\u201d, hanno accesso ai servizi sanitari gratuiti se in possesso della tessera europea di assicurazione malattia (TEAM). Gli ospedali pubblici ed i servizi di pronto soccorso romeni forniscono assistenza medica di emergenza. Per ulteriori informazioni sulla tessera TEAM si consiglia di visitare il sito web della Commissione Europea: <a href=\"http:\/\/ec.europa.eu\/social\/\">http:\/\/ec.europa.eu\/social\/<\/a><\/p>\n<p>Per maggiori informazioni si rimanda al sito web del Ministero della Salute (<a href=\"https:\/\/www.salute.gov.it\/portale\/home.html\">https:\/\/www.salute.gov.it\/portale\/home.html<\/a> ), che ha la competenza in materia.<\/p>\n<p>Maggiori dettagli nella <a href=\"https:\/\/ambbucarest.esteri.it\/wp-content\/uploads\/2023\/12\/team.pdf\"><strong>scheda allegata.<\/strong><\/a><\/p>\n<\/div>\n","protected":false},"excerpt":{"rendered":"Codice fiscale e tessera sanitaria 1) Informazioni su come richiedere un codice fiscale La domanda di codice fiscale pu\u00f2 essere presentata solo online alla casella di posta bucarest.cf@esteri.it . LA RICHIESTA DEVE ESSERE INDIVIDUALE E DEVE RIGUARDARE UN SOLO SOGGETTO. \u2022 Richieste di nuova emissione (certificato con\/senza tesserino plastificato) o di duplicati: scheda informativa sulla [&hellip;]","protected":false},"author":8,"featured_media":0,"parent":75,"menu_order":0,"comment_status":"closed","ping_status":"closed","template":"","meta":{"footnotes":""},"class_list":["post-388","page","type-page","status-publish","hentry"],"_links":{"self":[{"href":"https:\/\/ambbucarest.esteri.it\/it\/wp-json\/wp\/v2\/pages\/388","targetHints":{"allow":["GET"]}}],"collection":[{"href":"https:\/\/ambbucarest.esteri.it\/it\/wp-json\/wp\/v2\/pages"}],"about":[{"href":"https:\/\/ambbucarest.esteri.it\/it\/wp-json\/wp\/v2\/types\/page"}],"author":[{"embeddable":true,"href":"https:\/\/ambbucarest.esteri.it\/it\/wp-json\/wp\/v2\/users\/8"}],"replies":[{"embeddable":true,"href":"https:\/\/ambbucarest.esteri.it\/it\/wp-json\/wp\/v2\/comments?post=388"}],"version-history":[{"count":6,"href":"https:\/\/ambbucarest.esteri.it\/it\/wp-json\/wp\/v2\/pages\/388\/revisions"}],"predecessor-version":[{"id":5650,"href":"https:\/\/ambbucarest.esteri.it\/it\/wp-json\/wp\/v2\/pages\/388\/revisions\/5650"}],"up":[{"embeddable":true,"href":"https:\/\/ambbucarest.esteri.it\/it\/wp-json\/wp\/v2\/pages\/75"}],"wp:attachment":[{"href":"https:\/\/ambbucarest.esteri.it\/it\/wp-json\/wp\/v2\/media?parent=388"}],"curies":[{"name":"wp","href":"https:\/\/api.w.org\/{rel}","templated":true}]}}