{"id":429,"date":"2023-10-27T12:55:30","date_gmt":"2023-10-27T09:55:30","guid":{"rendered":"https:\/\/ambbucarest.esteri.it\/?page_id=429"},"modified":"2023-12-04T12:55:13","modified_gmt":"2023-12-04T10:55:13","slug":"adozioni","status":"publish","type":"page","link":"https:\/\/ambbucarest.esteri.it\/it\/servizi-consolari-e-visti\/servizi-per-il-cittadino-italiano\/adozioni\/","title":{"rendered":"Adozioni"},"content":{"rendered":"<h1>Adozioni Internazionali<\/h1>\n<div>\n<p class=\"boxLevel03\">In Romania dal 2004 \u00e8 in atto la sospensione delle adozioni internazionali. Le nuove disposizioni, adottate nell\u2019aprile 2012, confermano il divieto di adozione a favore di coniugi stranieri, se non residenti in Romania da almeno cinque anni. Vi \u00e8 registrata per\u00f2 una lieve apertura ed oggi si riconosce a persone non residenti in territorio romeno la possibilit\u00e0 di adottare (coppie miste, in cui uno dei due genitori \u00e8 cittadino romeno).<\/p>\n<p class=\"boxLevel03\">Le adozioni internazionali sono regolate dalla Legge n.183\/84 modificata con la Legge n. 476\/98 di &#8220;Ratifica ed esecuzione della Convenzione per la tutela dei minori e la cooperazione in materia di adozione internazionale, fatta a l\u2019Aja, il 29 maggio 1993&#8221;\u00a0 (<a href=\"https:\/\/www.commissioneadozioni.it\/media\/amofgzxl\/convenzione-dellaja-1993.pdf\">https:\/\/www.commissioneadozioni.it\/media\/amofgzxl\/convenzione-dellaja-1993.pdf<\/a>) e dalla Legge n.149 del 2001.<\/p>\n<p>La Convenzione dell&#8217;Aja ha come scopo principale quello di stabilire garanzie affinch\u00e9 le adozioni internazionali si svolgano nel superiore interesse del minore e nel rispetto delle garanzie che gli sono riconosciute a livello internazionale, d&#8217;instaurare un sistema di cooperazione fra gli Stati contraenti al fine di assicurare il rispetto di queste garanzie, nonch\u00e9 prevenire il fenomeno della sottrazione e della vendita di minori.<\/p>\n<p>Ne fanno parte: Albania, Australia, Austria, Belgio, Bielorussia, Brasile, Bulgaria, Canada, Cile, Cipro, Danimarca, Estonia, Federazione Russa, Finlandia, Francia, Georgia, Germania, Islanda, Irlanda, Israele, Italia, Lettonia, Lituania, Lussemburgo, Malta, Messico, Monaco, Nuova Zelanda, Norvegia, Panama, Paesi Bassi, Per\u00f9, Polonia, Portogallo, Repubblica Ceca, Repubblica Popolare di<br \/>\nCina, Regno Unito, Repubblica Slovacca, Romania, Slovenia, Spagna, Sudafrica, Sri Lanka, Stati Uniti d\u2019America, Svezia, Svizzera, Turchia, Ungheria, Uruguay, Venezuela.<\/p>\n<p>Per maggiori informazioni sull\u2019iter da seguire per adottare un minore straniero si pu\u00f2 contattare la Commissione per le Adozioni Internazionali, al seguente indirizzo:<\/p>\n<p>Commissione per le Adozioni Internazionali<\/p>\n<p>Via di Villa Ruffo 6<\/p>\n<p>00196 ROMA<\/p>\n<p>Tel: +39 06 67791 (centralino)<\/p>\n<p>Fax: +39 06 67792165<\/p>\n<p>e-mail:\u00a0<a href=\"mailto:cai.segreteria-enti@palazzochigi.it\">cai.segreteria-enti@palazzochigi.it<\/a><\/p>\n<p>sito web: <a href=\"https:\/\/www.commissioneadozioni.it\/\">www.commissioneadozioni.it<\/a><\/p>\n<\/div>\n","protected":false},"excerpt":{"rendered":"Adozioni Internazionali In Romania dal 2004 \u00e8 in atto la sospensione delle adozioni internazionali. Le nuove disposizioni, adottate nell\u2019aprile 2012, confermano il divieto di adozione a favore di coniugi stranieri, se non residenti in Romania da almeno cinque anni. Vi \u00e8 registrata per\u00f2 una lieve apertura ed oggi si riconosce a persone non residenti in [&hellip;]","protected":false},"author":7,"featured_media":0,"parent":47,"menu_order":0,"comment_status":"closed","ping_status":"closed","template":"","meta":{"footnotes":""},"class_list":["post-429","page","type-page","status-publish","hentry"],"_links":{"self":[{"href":"https:\/\/ambbucarest.esteri.it\/it\/wp-json\/wp\/v2\/pages\/429","targetHints":{"allow":["GET"]}}],"collection":[{"href":"https:\/\/ambbucarest.esteri.it\/it\/wp-json\/wp\/v2\/pages"}],"about":[{"href":"https:\/\/ambbucarest.esteri.it\/it\/wp-json\/wp\/v2\/types\/page"}],"author":[{"embeddable":true,"href":"https:\/\/ambbucarest.esteri.it\/it\/wp-json\/wp\/v2\/users\/7"}],"replies":[{"embeddable":true,"href":"https:\/\/ambbucarest.esteri.it\/it\/wp-json\/wp\/v2\/comments?post=429"}],"version-history":[{"count":4,"href":"https:\/\/ambbucarest.esteri.it\/it\/wp-json\/wp\/v2\/pages\/429\/revisions"}],"predecessor-version":[{"id":1389,"href":"https:\/\/ambbucarest.esteri.it\/it\/wp-json\/wp\/v2\/pages\/429\/revisions\/1389"}],"up":[{"embeddable":true,"href":"https:\/\/ambbucarest.esteri.it\/it\/wp-json\/wp\/v2\/pages\/47"}],"wp:attachment":[{"href":"https:\/\/ambbucarest.esteri.it\/it\/wp-json\/wp\/v2\/media?parent=429"}],"curies":[{"name":"wp","href":"https:\/\/api.w.org\/{rel}","templated":true}]}}