{"id":4407,"date":"2024-01-29T11:55:18","date_gmt":"2024-01-29T09:55:18","guid":{"rendered":"https:\/\/ambbucarest.esteri.it\/?page_id=4407"},"modified":"2026-03-23T13:15:46","modified_gmt":"2026-03-23T11:15:46","slug":"dichiarazioni-di-vlalore","status":"publish","type":"page","link":"https:\/\/ambbucarest.esteri.it\/it\/servizi-consolari-e-visti\/servizi-per-il-cittadino-italiano\/dichiarazione-di-valore\/dichiarazioni-di-vlalore\/","title":{"rendered":"Dichiarazioni di valore"},"content":{"rendered":"<p><strong>Per il rilascio delle dichiarazioni di valore dei titoli di studio si deve fissare un appuntamento\u00a0<u>esclusivamente<\/u>\u00a0tramite la piattaforma online\u00a0<\/strong><a href=\"https:\/\/prenotami.esteri.it\/\"><strong>Prenot@Mi<\/strong><\/a>. <strong><em><u>Durante la seconda settimana del mese verr\u00e0 reso disponibile il calendario per gli appuntamenti del mese successivo.<\/u><\/em><\/strong><\/p>\n<p>\u00c8 fondamentale attenersi scrupolosamente a quanto segue:<\/p>\n<ol>\n<li><strong>Obbligo del documento d\u2019identit\u00e0<\/strong>: Ogni richiesta di prenotazione dovr\u00e0 essere accompagnata dal documento di identit\u00e0 del richiedente. In assenza di tale documento, <strong>l&#8217;appuntamento sar\u00e0 cancellato senza eccezioni<\/strong>.<\/li>\n<li><strong>Dichiarazione\/Delega per la consegna\/il ritiro<\/strong>: Chi intende delegare un\u2019altra persona alla consegna\/al ritiro della documentazione potr\u00e0 farlo esclusivamente in fase di prenotazione. Per farlo dovr\u00e0 caricare <strong>in un unico file PDF<\/strong>:\n<ul>\n<li>Il <strong>modulo di dichiarazione\/delega<\/strong> (scaricabile dal sito);<\/li>\n<li>Il <strong>documento di identit\u00e0 del delegato<\/strong>.<\/li>\n<\/ul>\n<\/li>\n<\/ol>\n<p><strong>Attenzione<\/strong>: per ogni calendario di prenotazioni saranno accettate <strong>al massimo 5 deleghe per ciascuna agenzia<\/strong>.<\/p>\n<p>Gli appuntamenti oltre i primi 5, in ordine cronologico, che riportano lo stesso delegato, saranno <strong>automaticamente annullati<\/strong>.<\/p>\n<ol start=\"3\">\n<li><strong>Documentazione obbligatoria<\/strong>:<br \/>\nSaranno <strong>cancellati tutti gli appuntamenti<\/strong> in cui:<\/p>\n<ul>\n<li>La documentazione obbligatoria \u00e8 assente;<\/li>\n<li>I file caricati risultano incompleti, errati o non conformi alle istruzioni.<\/li>\n<\/ul>\n<\/li>\n<\/ol>\n<p><strong>Non saranno fatte eccezioni. Si invita l\u2019utenza a leggere attentamente le istruzioni per evitare l\u2019annullamento dell\u2019appuntamento. Non saranno prese in considerazione le prenotazioni fatte per altri servizi (ad es. stato civile, navigazione).<\/strong><\/p>\n<p><strong>\u00a0<\/strong><\/p>\n<p><strong>CIMEA<\/strong><\/p>\n<p>Si segnala che presso il CIMEA (Centro di Informazione sulle Mobilit\u00e0 ed Equipollenze Accademiche, www.cimea.it) \u00e8 attivo il Credential Information Service (CIS), che rilascia un \u201cAttestato di Comparabilit\u00e0\u201d di un titolo di studio estero, che svolge in parte funzioni analoghe a quelle della Dichiarazione di Valore. In considerazione della discrezionalit\u00e0 che ogni amministrazione ha nel valutare i titoli esteri, si suggerisce in ogni caso a coloro che intendono presentare istanza di Dichiarazione di Valore, di effettuare le opportune verifiche con l\u2019Universit\u00e0 \/ Pubblica Amministrazione che dovr\u00e0 valutare il titolo e con il CIMEA (info@cimea.it) in modo da accertare preventivamente se la Dichiarazione di Valore sia assolutamente necessaria o se sia sufficiente la presentazione dell\u2019attestato di comparabilit\u00e0 rilasciato dal CIMEA.<\/p>\n<p>__________________________________________________________<\/p>\n<p><strong>Dichiarazione di Valore<\/strong><\/p>\n<p>La Dichiarazione di Valore di un titolo di studio \u00e8 un documento rilasciato dalle Rappresentanze diplomatico-consolari italiane, che descrive il valore del titolo nel Paese di origine. Essa NON \u00e8 una forma di riconoscimento del titolo, ma un documento di natura informativa che le Istituzioni italiane possono utilizzare per la valutazione dei titoli stessi.<\/p>\n<p>La Cancelleria Consolare di Bucarest rilascia Dichiarazioni di Valore solamente per i titoli di studio (diplomi) conseguiti presso istituti scolastici preuniversitari ed universitari romeni.<\/p>\n<p><strong>NON<\/strong>\u00a0rilascia Dichiarazioni di Valore per l\u2019Attestato\/il Diploma di conseguimento degli studi liceali (senza maturit\u00e0); le scuole postliceali (a titolo esemplificativo: per infermieri professionali); le scuole di apprendistato\/per arti e mestieri di 2 anni; i corsi organizzati dalla Croce Rossa; diploma di conversione professionale. Inoltre,\u00a0<strong>NON<\/strong>\u00a0rilascia attestati sulla natura giuridica, il riconoscimento o l\u2019accreditamento di istituzioni universitarie locali da parte dello Stato romeno. Ai sensi della legge romena sull\u2019istruzione superiore, il Ministero dell\u2019Istruzione pu\u00f2 rilasciare una lettera ufficiale (non una dichiarazione) che certifichi lo status dell\u2019universit\u00e0 e del programma di studio in cui sono iscritti i richiedenti. \u00c8 possibile inviare tale richiesta in via elettronica utilizzando gli indirizzi e-mail: <a href=\"mailto:registratura@edu.gov.ro\">registratura@edu.gov.ro<\/a>\u00a0e\u00a0<a href=\"mailto:international@edu.gov.ro\">international@edu.gov.ro<\/a><\/p>\n<p><u>La tempistica per il rilascio della Dichiarazione di valore varia da 7 a 30 giorni<\/u>.<\/p>\n<p><strong>DIPLOMI PREUNIVERSITARI:<\/strong><\/p>\n<ul>\n<li><u>Per l\u2019insegnamento di 8 anni \u2013 Terza media<\/u>: Diplom\u0103\/Certificat de absolvire a 8 clase\/ani; Certificat de promovare a testelor na\u0163ionale\/Certificat de capacitate (o una denominazione diversa, a seconda dell\u2019anno di compimento degli studi); Foaie matricol\u0103 (Pagella scolastica), nei casi in cui non si rilascia il diploma<\/li>\n<li><u>Per l\u2019insegnamento di 10 anni<\/u>: Diplom\u0103 de absolvire a \u00eenv\u0103\u0163\u0103m\u00e2ntului obligatoriu de 10 ani\/clase; Certificat de absolvire a ciclului inferior al liceului; Foaie matricol\u0103 clasele I-X (Pagella scolastica)<\/li>\n<li><u>Per le scuole professionali (<strong>di minimo 3 anni<\/strong>)<\/u>: Diplom\u0103\/Certificat de absolvire a \u015fcolii profesionale<\/li>\n<li><u>Per la maturit\u00e0<\/u>: Diplom\u0103 de bacalaureat (<u>NON<\/u>\u00a0occorre presentare la pagella scolastica).<\/li>\n<\/ul>\n<p>I seguenti documenti sono obbligatori e vanno presentati\u00a0<strong>allo sportello<\/strong>\u00a0(<u>mai per posta, corriere o posta elettronica<\/u>) nell\u2019ordine indicato qui di seguito:<\/p>\n<p>1) custodia semplice di cartone (dosar de carton tip plic) con nome e cognome dell\u2019interessato;<\/p>\n<p>2) diploma in originale, vistato dall\u2019Ispettorato scolastico competente e legalizzato con Apostille della Prefettura competente (che va esibito al funzionario consolare e immediatamente restituito);<\/p>\n<p>3) modulo di richiesta compilato dal titolare,\u00a0<a href=\"https:\/\/ambbucarest.esteri.it\/wp-content\/uploads\/2026\/02\/Richiesta-DV-modulo-2026.doc\"><strong>clicca QUI<\/strong><\/a>;<\/p>\n<p>4)\u00a0<em>Adeverin\u0163a de autenticitate<\/em>\u00a0(Attestato di conferma) per il diploma,\u00a0<u>in ORIGINALE, SENZA Apostille, SENZA traduzione<\/u>, redatta dalla segreteria dell\u2019Istituzione Scolastica che ha rilasciato il documento. Esso deve riportare: numero di registrazione, data di emissione, firma e timbro dell\u2019istituzione scolastica. Dal contenuto dell\u2019attestato devono risultare: nome completo, data e luogo di nascita del titolare del diploma, serie e numero del diploma, data di rilascio, effettivo conseguimento del diploma, durata e tipologia degli studi, tipo di corso (diurno, serale, senza obbligo di frequenza, a distanza), votazione riportata agli esami finali e scala di valori adottata, nonch\u00e9 livello di studi superiore a cui il titolare ha accesso in Romania, in base al diploma conseguito.<\/p>\n<p><strong>ATTENZIONE<\/strong>:\u00a0<u>Deve essere specificato se l\u2019istituzione scolastica che ha rilasciato il diploma \u00e8 pubblica o privata (in quest\u2019ultimo caso si devono indicare obbligatoriamente la legge e la data di accreditamento).<\/u>\u00a0Se l\u2019istituzione scolastica non rilascia il diploma per l\u2019insegnamento di 8 anni\/10 anni, ma solo la pagella scolastica, andr\u00e0 specificato nell\u2019attestato. In caso di scioglimento dell\u2019istituzione sar\u00e0 necessario presentare un atto rilasciato dall\u2019Archivio Nazionale\/Distrettuale o dalla Gazzetta Ufficiale).<\/p>\n<p>5) copia autenticata del diploma con Apostille, da effettuarsi presso un Notaio Pubblico romeno (documento assolutamente necessario, che va allegato alla dichiarazione di valore) + fotocopia;<\/p>\n<p>6) traduzione ufficiale in italiano del diploma con Apostille (anche l\u2019Apostille deve essere tradotta), da effettuarsi presso un Notaio Pubblico romeno con traduttore giurato, senza il visto dell\u2019Ordine dei Notai (documento assolutamente necessario, che va allegato alla dichiarazione di valore) + fotocopia;<\/p>\n<p>7) fotocopia del certificato di nascita, della carta di identit\u00e0 italiana, straniera e romena, in corso di validit\u00e0;<\/p>\n<p>8) fotocopia dei certificati di stato civile (matrimonio, divorzio) nel caso siano intervenute modifiche nel nome\/cognome del titolare del diploma;<\/p>\n<p>9) dichiarazione\/delega in italiano in carta semplice, accompagnata dalla fotocopia della carta d\u2019identit\u00e0 del delegato,\u00a0<a href=\"https:\/\/ambbucarest.esteri.it\/wp-content\/uploads\/2025\/09\/MODELLO-DI-DICHIARAZIONE-DELEGA-dal-1-ottobre-2025.docx\"><strong>clicca QUI<\/strong><\/a><strong>; <\/strong><\/p>\n<p>10) tassa consolare di 255 Ron, da pagare in contanti allo sportello consolare.<\/p>\n<p>_____________________________________________________________<\/p>\n<p><strong>DIPLOMI UNIVERSITARI:<\/strong><\/p>\n<ul>\n<li>Adeverin\u0163a de finalizarea studiilor (Certificato sostitutivo di diplomi universitari)<\/li>\n<li>Diploma de licen\u0163\u0103\/inginer\/arhitect\/studii superioare + relativo libretto universitario\/supplemento al diploma<\/li>\n<li>Diploma de absolvire colegiu universitar + relativo libretto universitario \/supplemento al diploma<\/li>\n<li>Diploma de master\/studii aprofundate + relativo libretto universitario \/supplemento al diploma<\/li>\n<li>Diploma de licen\u0163\u0103 \u015fi master + relativo libretto universitario\/supplemento al diploma<\/li>\n<li>Diploma de doctorat (senza supplemento)<\/li>\n<\/ul>\n<p>I seguenti documenti sono obbligatori e vanno presentati\u00a0<strong>allo sportello<\/strong>\u00a0(<u>mai per posta, corriere o posta elettronica<\/u>) nell\u2019ordine indicato qui di seguito:<\/p>\n<p>1) custodia semplice di cartone (dosar de carton tip plic) con nome e cognome dell\u2019interessato;<\/p>\n<p>2) diploma e supplemento\/libretto universitario in originale, vistati dal C.N.R.E.D. di Bucarest, legalizzati con Apostille della Prefettura competente (che va esibito al funzionario consolare e immediatamente restituito);<\/p>\n<p>3) modulo di richiesta compilato dal titolare,\u00a0<a href=\"https:\/\/ambbucarest.esteri.it\/wp-content\/uploads\/2026\/02\/Richiesta-DV-modulo-2026.doc\"><strong>clicca QUI<\/strong><\/a>;<\/p>\n<p>4) \u201c<em>Adeverin\u0163a de autenticitate<\/em>\u201d (Attestato di conferma) per il diploma e supplemento\/pagella,\u00a0<u>in ORIGINALE, SENZA Apostille, SENZA traduzione<\/u>, redatta dalla segreteria dell\u2019Istituzione Universitaria che ha rilasciato i documenti. Esso deve riportare: numero di registrazione, data di emissione, firma e timbro dell\u2019istituzione universitaria. Dal contenuto dell\u2019attestato devono risultare: nome completo, data e luogo di nascita del titolare del diploma, serie e numero del diploma e del supplemento\/pagella, data di rilascio, effettivo conseguimento del diploma, durata e tipologia degli studi, tipo di corso (diurno, serale, senza obbligo di frequenza, a distanza), votazione riportata agli esami finali, scala di valori adottata, nonch\u00e9 livello di studi superiore a cui il titolare ha accesso in Romania, in base al diploma universitario conseguito.<\/p>\n<p><strong>ATTENZIONE<\/strong>:\u00a0<u>Deve essere specificato se l\u2019istituzione universitaria che ha rilasciato il titolo di studio \u00e8 pubblica o privata (in quest\u2019ultimo caso si devono indicare obbligatoriamente la legge e la data di accreditamento).<\/u>\u00a0In caso di scioglimento dell\u2019istituzione sar\u00e0 necessario presentare un atto rilasciato dall\u2019Archivio Nazionale\/Distrettuale o dalla Gazzetta Ufficiale).<\/p>\n<p>5) copia della prima pagina del diploma e supplemento\/libretto universitario, recante il visto \u00a0C.N.R.E.D. + fotocopie;<\/p>\n<p>6) copia autenticata del diploma con Apostille e copia autenticata del supplemento\/libretto universitario con Apostille da effettuarsi presso un Notaio Pubblico romeno (documenti assolutamente necessari, che vanno allegati alla dichiarazione di valore) + fotocopie;<\/p>\n<p>7) traduzione ufficiale in italiano del diploma con Apostille e traduzione ufficiale del supplemento\/libretto universitario con Apostille (anche l\u2019Apostille deve essere tradotta), da effettuarsi presso un Notaio Pubblico romeno con traduttore giurato, senza il visto dell\u2019Ordine dei Notai (documenti assolutamente necessari, che vanno allegati alla dichiarazione di valore) + fotocopie;<\/p>\n<p>8) fotocopia del certificato di nascita, della carta di identit\u00e0 italiana, straniera e romena, in corso di validit\u00e0;<\/p>\n<p>9) fotocopia dei certificati di stato civile (matrimonio, divorzio) nel caso siano intervenute modifiche nel nome\/cognome del titolare del diploma;<\/p>\n<p>10) dichiarazione\/delega in italiano in carta semplice, accompagnata dalla fotocopia della carta d\u2019identit\u00e0 del delegato,\u00a0<a href=\"https:\/\/ambbucarest.esteri.it\/wp-content\/uploads\/2025\/09\/MODELLO-DI-DICHIARAZIONE-DELEGA-dal-1-ottobre-2025.docx\"><strong>clicca QUI<\/strong><\/a>;<\/p>\n<p>11) tassa consolare di 255 Ron, da pagare in contanti allo sportello consolare.<\/p>\n","protected":false},"excerpt":{"rendered":"Per il rilascio delle dichiarazioni di valore dei titoli di studio si deve fissare un appuntamento\u00a0esclusivamente\u00a0tramite la piattaforma online\u00a0Prenot@Mi. Durante la seconda settimana del mese verr\u00e0 reso disponibile il calendario per gli appuntamenti del mese successivo. \u00c8 fondamentale attenersi scrupolosamente a quanto segue: Obbligo del documento d\u2019identit\u00e0: Ogni richiesta di prenotazione dovr\u00e0 essere accompagnata dal [&hellip;]","protected":false},"author":8,"featured_media":0,"parent":4398,"menu_order":1,"comment_status":"closed","ping_status":"closed","template":"","meta":{"footnotes":""},"class_list":["post-4407","page","type-page","status-publish","hentry"],"_links":{"self":[{"href":"https:\/\/ambbucarest.esteri.it\/it\/wp-json\/wp\/v2\/pages\/4407","targetHints":{"allow":["GET"]}}],"collection":[{"href":"https:\/\/ambbucarest.esteri.it\/it\/wp-json\/wp\/v2\/pages"}],"about":[{"href":"https:\/\/ambbucarest.esteri.it\/it\/wp-json\/wp\/v2\/types\/page"}],"author":[{"embeddable":true,"href":"https:\/\/ambbucarest.esteri.it\/it\/wp-json\/wp\/v2\/users\/8"}],"replies":[{"embeddable":true,"href":"https:\/\/ambbucarest.esteri.it\/it\/wp-json\/wp\/v2\/comments?post=4407"}],"version-history":[{"count":7,"href":"https:\/\/ambbucarest.esteri.it\/it\/wp-json\/wp\/v2\/pages\/4407\/revisions"}],"predecessor-version":[{"id":7816,"href":"https:\/\/ambbucarest.esteri.it\/it\/wp-json\/wp\/v2\/pages\/4407\/revisions\/7816"}],"up":[{"embeddable":true,"href":"https:\/\/ambbucarest.esteri.it\/it\/wp-json\/wp\/v2\/pages\/4398"}],"wp:attachment":[{"href":"https:\/\/ambbucarest.esteri.it\/it\/wp-json\/wp\/v2\/media?parent=4407"}],"curies":[{"name":"wp","href":"https:\/\/api.w.org\/{rel}","templated":true}]}}