{"id":4411,"date":"2024-01-29T12:00:36","date_gmt":"2024-01-29T10:00:36","guid":{"rendered":"https:\/\/ambbucarest.esteri.it\/?page_id=4411"},"modified":"2026-02-19T14:04:03","modified_gmt":"2026-02-19T12:04:03","slug":"dichiarazione-consolare-per-uso-i-n-p-s","status":"publish","type":"page","link":"https:\/\/ambbucarest.esteri.it\/it\/servizi-consolari-e-visti\/servizi-per-il-cittadino-italiano\/dichiarazione-di-valore\/dichiarazione-consolare-per-uso-i-n-p-s\/","title":{"rendered":"Dichiarazione consolare per uso I.N.P.S."},"content":{"rendered":"<p><strong>Per il rilascio delle dichiarazioni consolari per uso INPS si deve fissare un appuntamento esclusivamente tramite e-mail al seguente indirizzo di posta elettronica: <\/strong><a href=\"mailto:dv.bucarest@esteri.it\">dv.bucarest@esteri.it<\/a><strong> . L\u2019interessato\/a si deve presentare di persona o accompagnato da uno dei genitori soltanto dopo aver ricevuto indicazioni sulla data e l\u2019ora da parte dell\u2019Ufficio Studi. Per tale servizio non \u00e8 prevista delega. <\/strong><\/p>\n<p>La \u201cDichiarazione Consolare\u201d per uso I.N.P.S. \u00e8 un documento richiesto dalle Autorit\u00e0 italiane, per la concessione della pensione di reversibilit\u00e0 per coloro che ne hanno diritto.<\/p>\n<p>La Cancelleria Consolare di Bucarest rilascia <u>A TITOLO GRATUITO<\/u> queste dichiarazioni solamente per gli attestati (\u201cadeverinte\u201d) emessi dalle scuole medie inferiori, dai licei, oppure dalle universit\u00e0 romene. <u>La tempistica per il rilascio della Dichiarazione di valore varia da 7 a 30 giorni<\/u>.<\/p>\n<p>I seguenti documenti sono obbligatori e vanno presentati <strong>allo sportello<\/strong> (<u>mai per posta, corriere o posta elettronica<\/u>) nell\u2019ordine indicato qui di seguito:<\/p>\n<p>1) custodia semplice di cartone (dosar plic de carton) con nome e cognome dell\u2019interessato;<\/p>\n<p>2) modulo di richiesta della dichiarazione consolare ad uso I.N.P.S. compilato interamente e firmato dal titolare dell\u2019attestato, se maggiorenne, oppure da uno dei genitori, se minorenne. Il modulo pu\u00f2 essere scaricato <a href=\"https:\/\/ambbucarest.esteri.it\/wp-content\/uploads\/2025\/04\/Richiesta-Dichiarazione-uso-INPS-modulo1-2025.doc\"><strong>cliccando qui<\/strong><\/a>:<\/p>\n<p>3) <strong>Adeverin\u0163a<\/strong> (Attestato) in originale, redatta su carta intestata, dalla segreteria dell\u2019Istituto Scolastico, che deve riportare: numero di registrazione, data di emissione, timbro e firma dell\u2019istituto scolastico. Dall\u2019attestato devono risultare: nome e cognome dell\u2019allievo\/studente, data di nascita, luogo di nascita, domicilio, classe e anno scolastico che frequenta, profilo specifico, tipo di corso (diurno, serale, senza obbligo di frequenza, a distanza), durata degli studi e scopo per il quale richiede il relativo documento (ottenimento della pensione di reversibilit\u00e0).<br \/>\n<strong>ATTENZIONE<\/strong><u>: Deve essere specificato se l\u2019istituto che ha rilasciato il titolo di studio \u00e8 pubblico o privato (in quest\u2019ultimo caso si devono indicare obbligatoriamente la legge e la data di accreditamento).<\/u><br \/>\n<strong>L\u2019attestato in originale va vistato dall\u2019autorit\u00e0 scolastica competente (ispettorato scolastico per studi preuniversitari \/ C.N.R.E.D per studi universitari), e deve recare l\u2019Apostille della Prefettura competente <\/strong>(documento assolutamente necessario, che va allegato alla dichiarazione di valore) + fotocopia<strong>;<\/strong><\/p>\n<p>4) traduzione legalizzata in lingua italiana dell\u2019attestato vistato ed apostillato (anche l\u2019Apostille deve essere tradotta), effettuata presso un Notaio Pubblico con traduttore giurato, senza il visto dell\u2019Ordine dei Notai (documento assolutamente necessario, che va allegato alla dichiarazione di valore) + fotocopia;<\/p>\n<p>5) fotocopia dell\u2019atto di decesso del genitore per il quale si ha diritto alla pensione di reversibilit\u00e0;<\/p>\n<p>6) fotocopia del certificato di nascita, della carta di identit\u00e0 italiana \/ romena, in corso di validit\u00e0 del titolare dell\u2019attestato e della carta di identit\u00e0 di uno dei genitori;<\/p>\n<p>7) fotocopie dei certificati di stato civile (matrimonio, divorzio) nel caso siano intervenute modifiche nel nome\/cognome del titolare dell\u2019attestato;<\/p>\n<p><strong>\u00a0<\/strong><\/p>\n","protected":false},"excerpt":{"rendered":"Per il rilascio delle dichiarazioni consolari per uso INPS si deve fissare un appuntamento esclusivamente tramite e-mail al seguente indirizzo di posta elettronica: dv.bucarest@esteri.it . L\u2019interessato\/a si deve presentare di persona o accompagnato da uno dei genitori soltanto dopo aver ricevuto indicazioni sulla data e l\u2019ora da parte dell\u2019Ufficio Studi. Per tale servizio non \u00e8 [&hellip;]","protected":false},"author":8,"featured_media":0,"parent":4398,"menu_order":2,"comment_status":"closed","ping_status":"closed","template":"","meta":{"footnotes":""},"class_list":["post-4411","page","type-page","status-publish","hentry"],"_links":{"self":[{"href":"https:\/\/ambbucarest.esteri.it\/it\/wp-json\/wp\/v2\/pages\/4411","targetHints":{"allow":["GET"]}}],"collection":[{"href":"https:\/\/ambbucarest.esteri.it\/it\/wp-json\/wp\/v2\/pages"}],"about":[{"href":"https:\/\/ambbucarest.esteri.it\/it\/wp-json\/wp\/v2\/types\/page"}],"author":[{"embeddable":true,"href":"https:\/\/ambbucarest.esteri.it\/it\/wp-json\/wp\/v2\/users\/8"}],"replies":[{"embeddable":true,"href":"https:\/\/ambbucarest.esteri.it\/it\/wp-json\/wp\/v2\/comments?post=4411"}],"version-history":[{"count":6,"href":"https:\/\/ambbucarest.esteri.it\/it\/wp-json\/wp\/v2\/pages\/4411\/revisions"}],"predecessor-version":[{"id":7438,"href":"https:\/\/ambbucarest.esteri.it\/it\/wp-json\/wp\/v2\/pages\/4411\/revisions\/7438"}],"up":[{"embeddable":true,"href":"https:\/\/ambbucarest.esteri.it\/it\/wp-json\/wp\/v2\/pages\/4398"}],"wp:attachment":[{"href":"https:\/\/ambbucarest.esteri.it\/it\/wp-json\/wp\/v2\/media?parent=4411"}],"curies":[{"name":"wp","href":"https:\/\/api.w.org\/{rel}","templated":true}]}}