{"id":4448,"date":"2024-02-12T09:49:45","date_gmt":"2024-02-12T07:49:45","guid":{"rendered":"https:\/\/ambbucarest.esteri.it\/?page_id=4448"},"modified":"2024-04-18T11:38:29","modified_gmt":"2024-04-18T08:38:29","slug":"elezioni-2024","status":"publish","type":"page","link":"https:\/\/ambbucarest.esteri.it\/it\/servizi-consolari-e-visti\/servizi-per-il-cittadino-italiano\/servizi-elettorali\/elezioni-europee\/elezioni-2024\/","title":{"rendered":"Elettori temporanei"},"content":{"rendered":"<p><img loading=\"lazy\" decoding=\"async\" class=\"alignnone size-full wp-image-4616 img-fluid\" src=\"https:\/\/ambbucarest.esteri.it\/wp-content\/uploads\/2024\/03\/2.jpeg\" alt=\"\" width=\"1600\" height=\"900\" srcset=\"https:\/\/ambbucarest.esteri.it\/wp-content\/uploads\/2024\/03\/2.jpeg 1600w, https:\/\/ambbucarest.esteri.it\/wp-content\/uploads\/2024\/03\/2-300x169.jpeg 300w, https:\/\/ambbucarest.esteri.it\/wp-content\/uploads\/2024\/03\/2-1024x576.jpeg 1024w, https:\/\/ambbucarest.esteri.it\/wp-content\/uploads\/2024\/03\/2-768x432.jpeg 768w\" sizes=\"auto, (max-width: 1600px) 100vw, 1600px\" \/><\/p>\n<p><strong>Elettori temporanei<\/strong><\/p>\n<p>In occasione delle elezioni per il rinnovo del Parlamento europeo, che si svolgeranno in tutti i Paesi membri dell\u2019Unione Europea il 7 e l&#8217;8 giugno 2024, gli elettori italiani che si trovano temporaneamente in un Paese membro dell\u2019Unione Europea per motivi di lavoro o studio, nonch\u00e9 i familiari conviventi, possono votare per i membri spettanti all\u2019Italia presso i seggi istituiti dagli uffici consolari.<\/p>\n<p>Per essere ammessi al voto \u00e8 necessario presentare <strong>entro il 21 marzo 2024<\/strong> una domanda \u2013 indirizzata al Sindaco del Comune di iscrizione nelle liste elettorali e da presentare all\u2019Ufficio consolare italiano competente, che poi ne curer\u00e0 l\u2019inoltro \u2013 preferibilmente redatta utilizzando il modello disponibile a <a href=\"https:\/\/ambbucarest.esteri.it\/wp-content\/uploads\/2024\/02\/4234178MODELLO-TEMPORANEI.pdf\">questo link<\/a>.<\/p>\n<p>La richiesta deve riportare l\u2019<strong>indicazione specifica dei motivi, di studio o lavoro, per i quali il connazionale si trova nel territorio della circoscrizione consolare<\/strong> e deve essere corredata dall\u2019<strong>attestazione del datore di lavoro\/dell\u2019istituto od ente presso cui svolge la sua attivit\u00e0 di studio<\/strong> oppure da una dichiarazione sostitutiva di atto di notoriet\u00e0 redatta ai sensi dell\u2019art. 47 del D.P.R. 445\/2000, che contenga l\u2019indicazione dell\u2019attivit\u00e0 di lavoro o studio svolta, ovvero la qualit\u00e0 di familiare convivente.<\/p>\n<p>Le domande possono essere presentate all\u2019Ufficio consolare di competenza:<\/p>\n<ol>\n<li>per posta elettronica ordinaria o certificata (allegando file scansionato della domanda con firma autografa + certificazione o dichiarazione sostitutiva di atto di notoriet\u00e0 + fotocopia di un documento di identit\u00e0 del richiedente, in corso di validit\u00e0) all\u2019indirizzo:<\/li>\n<\/ol>\n<p><a href=\"mailto:consolato.bucarest@esteri.it\">consolato.bucarest@esteri.it<\/a><\/p>\n<p>oppure alla PEC:<\/p>\n<p><a href=\"mailto:amb.bucarest.consolare@cert.esteri.it\">amb.bucarest.consolare@cert.esteri.it<\/a> (solo da indirizzi pec). Si prega di inviare la domanda solo all\u2019uno o all\u2019altro dei due indirizzi, non ad entrambi.<\/p>\n<ol start=\"2\">\n<li>per posta all\u2019indirizzo Strada Arht. Ion Mincu, nr. 12-Bucarest (inviando domanda + certificazione o dichiarazione sostitutiva di atto di notoriet\u00e0 + fotocopia di un documento di identit\u00e0 del richiedente, in corso di validit\u00e0);<\/li>\n<li>personalmente presso la Cancelleria consolare, dal luned\u00ec al venerd\u00ec dalle ore 09:30 alle ore 13:00.<\/li>\n<\/ol>\n<p><strong><u>Il termine del 21 marzo 2024 \u00e8 tassativo e non derogabile<\/u><\/strong> (non fa fede il timbro postale per le domande trasmesse in cartaceo): oltre tale data le domande <strong><u>NON<\/u><\/strong> potranno essere accolte e gli elettori temporaneamente all\u2019estero per motivi di lavoro o studio potranno esercitare il loro diritto di voto solo in Italia (art. 3, comma 6, DL 408\/1994).<\/p>\n","protected":false},"excerpt":{"rendered":"Elettori temporanei In occasione delle elezioni per il rinnovo del Parlamento europeo, che si svolgeranno in tutti i Paesi membri dell\u2019Unione Europea il 7 e l&#8217;8 giugno 2024, gli elettori italiani che si trovano temporaneamente in un Paese membro dell\u2019Unione Europea per motivi di lavoro o studio, nonch\u00e9 i familiari conviventi, possono votare per i [&hellip;]","protected":false},"author":8,"featured_media":0,"parent":3929,"menu_order":1,"comment_status":"closed","ping_status":"closed","template":"","meta":{"footnotes":""},"class_list":["post-4448","page","type-page","status-publish","hentry"],"_links":{"self":[{"href":"https:\/\/ambbucarest.esteri.it\/it\/wp-json\/wp\/v2\/pages\/4448","targetHints":{"allow":["GET"]}}],"collection":[{"href":"https:\/\/ambbucarest.esteri.it\/it\/wp-json\/wp\/v2\/pages"}],"about":[{"href":"https:\/\/ambbucarest.esteri.it\/it\/wp-json\/wp\/v2\/types\/page"}],"author":[{"embeddable":true,"href":"https:\/\/ambbucarest.esteri.it\/it\/wp-json\/wp\/v2\/users\/8"}],"replies":[{"embeddable":true,"href":"https:\/\/ambbucarest.esteri.it\/it\/wp-json\/wp\/v2\/comments?post=4448"}],"version-history":[{"count":6,"href":"https:\/\/ambbucarest.esteri.it\/it\/wp-json\/wp\/v2\/pages\/4448\/revisions"}],"predecessor-version":[{"id":4644,"href":"https:\/\/ambbucarest.esteri.it\/it\/wp-json\/wp\/v2\/pages\/4448\/revisions\/4644"}],"up":[{"embeddable":true,"href":"https:\/\/ambbucarest.esteri.it\/it\/wp-json\/wp\/v2\/pages\/3929"}],"wp:attachment":[{"href":"https:\/\/ambbucarest.esteri.it\/it\/wp-json\/wp\/v2\/media?parent=4448"}],"curies":[{"name":"wp","href":"https:\/\/api.w.org\/{rel}","templated":true}]}}