{"id":449,"date":"2023-11-02T10:28:11","date_gmt":"2023-11-02T08:28:11","guid":{"rendered":"https:\/\/ambbucarest.esteri.it\/?page_id=449"},"modified":"2026-02-20T11:05:04","modified_gmt":"2026-02-20T09:05:04","slug":"navigazione","status":"publish","type":"page","link":"https:\/\/ambbucarest.esteri.it\/it\/servizi-consolari-e-visti\/servizi-per-il-cittadino-italiano\/navigazione\/","title":{"rendered":"Navigazione"},"content":{"rendered":"<p><strong>AVVISO ALL\u2019UTENZA:<\/strong><\/p>\n<p>Per fissare un <strong>appuntamento<\/strong> per pratiche di navigazione, si deve utilizzare\u00a0esclusivamente la <strong>piattaforma online\u00a0<\/strong><a href=\"https:\/\/prenotami.esteri.it\/\"><strong>Prenot@Mi<\/strong><\/a><\/p>\n<p><strong><u>SI RACCOMANDA DI PRENDERE L\u2019APPUNTAMENTO CON ALMENO 30 GIORNI DI ANTICIPO RISPETTO ALLA DATA DELL\u2019IMBARCO.<\/u><\/strong><\/p>\n<p>Il portale Prenot@Mi propone alcune funzionalit\u00e0 innovative. La sicurezza applicativa \u00e8 stata incrementata e sono stati introdotti ulteriori sistemi di autenticazione pi\u00f9 efficaci, al fine di accertare la genuinit\u00e0 dell\u2019utente. La nuova interfaccia grafica, pi\u00f9 semplice, intuitiva e user-friendly, vuole inoltre semplificare l\u2019approccio dell\u2019utente in fase di registrazione e prenotazione <strong>ESCLUSIVAMENTE SUI POSTI DISPONIBILI<\/strong>.<\/p>\n<p><strong>ATTENZIONE<\/strong><\/p>\n<p>A causa di una notevole carenza di personale nei mesi passati, dovuta a circostanze impreviste, questa Sezione Consolare sta attualmente attraversando una fase di riorganizzazione del lavoro, con conseguente impatto sull\u2019operativit\u00e0 generale.<\/p>\n<p><strong><u>Al fine di garantire una gestione ordinata delle pratiche di endorsement, si ribadiscono le seguenti disposizioni, alle quali l\u2019utenza \u00e8 pregata di attenersi scrupolosamente:<\/u><\/strong><\/p>\n<ul>\n<li>saranno accettate allo sportello esclusivamente le pratiche di persone che hanno <strong>appuntamento<\/strong> nella data prestabilita;<\/li>\n<li><strong>NON<\/strong> sar\u00e0 possibile consegnare la documentazione in anticipo rispetto al giorno dell\u2019appuntamento, n\u00e9 integrarla successivamente nel caso risultasse imperfetta \u2013 saranno accettate solo richieste complete di tutti i documenti \/ requisiti necessari;<\/li>\n<li><strong>NON<\/strong> sar\u00e0 possibile concedere appuntamenti, anche in caso di urgenza, al di fuori del sistema di prenotazione attualmente in vigore;<\/li>\n<li><strong>NON<\/strong> sar\u00e0 possibile anticipare appuntamenti gi\u00e0 prenotati, anche in caso di urgenza;<\/li>\n<li>La <strong>durata per l\u2019emissione<\/strong> dell\u2019endorsement varia <strong>da 7 a 30 giorni<\/strong> dalla data di consegna del dossier completo. I tempi di lavorazione delle pratiche non possono essere garantiti con certezza. Sar\u00e0 l\u2019addetto allo sportello a contattare direttamente la persona interessata per comunicare la data del ritiro.<\/li>\n<\/ul>\n<p>Altres\u00ec si prega di seguire scrupolosamente le istruzioni riportate a seguire, in vigore a partire dalla data del 10 settembre 2025:<\/p>\n<ul>\n<li>ogni singola pratica dovr\u00e0 essere consegnata in una <strong>cartellina<\/strong> di cartone tipo busta, sulla quale verranno scritti chiaramente <strong>nome e cognome<\/strong> di ciascun richiedente;<\/li>\n<li>ogni singola pratica dovr\u00e0 essere completata con il seguente <strong>modulo<\/strong> (<a href=\"https:\/\/ambbucarest.esteri.it\/wp-content\/uploads\/2025\/09\/MODEL.docx\">clicca qui<\/a>) per ciascun dossier presentato, <strong>debitamente compilato con dati aggiornati<\/strong> (indirizzo e-mail e\/o il numero di telefono) \u2013 le pratiche che riportino dati incompleti o non aggiornati NON verranno messe in lavorazione;<\/li>\n<li>la <strong>tassa prevista<\/strong> per ogni dossier presentato deve essere consegnata in <strong>contanti<\/strong> in modo individuale nel dossier del richiedente (cosa espressamente richiesta dall\u2019ufficio contabile di questo Consolato).<\/li>\n<\/ul>\n<p>Si ringrazia per la collaborazione.<\/p>\n<p>_____________________________________________________________<\/p>\n<p>La Cancelleria Consolare di Bucarest, in materia di Navigazione, svolge in Romania le funzioni che in Italia svolge l\u2019Autorit\u00e0 Marittima Nazionale.<br \/>\nPer una panoramica generale di tali attribuzioni\u00a0<a href=\"https:\/\/www.esteri.it\/it\/servizi-consolari-e-visti\/italiani-all-estero\/navigazione\/\"><strong>clicca qui<\/strong><\/a>.<\/p>\n<p><strong>Rilascio di Endorsement<br \/>\n<\/strong>Tra i servizi pi\u00f9 richiesti, rientra il rilascio di \u201cEndorsement\u201d dei certificati IMO-STCW-95 agli Ufficiali di Coperta e di Macchina e agli Operatori Radio GMDSS, che abbiano conseguito certificati di specializzazione in Romania, ai fini dell\u2019imbarco su navi battenti bandiera italiana.<\/p>\n<p><strong>Documenti da presentare<\/strong>:<\/p>\n<p>1) Domanda di rilascio dell\u2019Endorsement, su <strong>modello<\/strong> fornito dalla Cancelleria consolare, con foto dell\u2019interessato.\u00a0<a href=\"https:\/\/ambbucarest.esteri.it\/wp-content\/uploads\/2026\/02\/Nuovo-modulo-di-richiesta-marittimi-12-febbraio-2026.doc\"><strong>Clicca qui<\/strong><\/a>\u00a0per il modello.<br \/>\n2) <strong>Certificato Adeguato<\/strong>, in originale, che abilita il lavoratore marittimo all`espletamento delle funzioni richieste, pi\u00f9 una fotocopia.<br \/>\n3) <strong>Attestazione dell\u2019Autorit\u00e0 Navale Romena<\/strong> con la quale si conferma l`autenticit\u00e0 del Certificato Adeguato, con <strong>Apostille<\/strong> della Prefettura Territoriale, prevista dalla Convenzione dell\u2019Aja del 5.10.1961.<br \/>\n4) <strong>Foto<\/strong> (formato tessera) per ogni Endorsement richiesto. Le foto devono essere tutte uguali.<br \/>\n5) <strong>Libretto del Marittimo e Libretto di Competenza<\/strong>, in originale pi\u00f9 una fotocopia.<br \/>\n6) Documenti d\u2019identit\u00e0 in originale dell\u2019interessato, <strong>passaporto e carta di identit\u00e0<\/strong>, pi\u00f9 una fotocopia.<br \/>\n7) Il Comandante deve presentare, in aggiunta ai precedenti documenti, apposita <strong>attestazione di conoscenza della lingua e della legislazione italiana<\/strong>, rilasciata dalla Direzione Marittima Italiana. Qualora il Comandante fosse sprovvisto di tale attestazione \u00e8 consentito l\u2019imbarco su nave italiana solo se delega, per un periodo non superiore a sei mesi, il compito di tenere i documenti di bordo e la compilazione degli atti di stato civile, al Primo Ufficiale di Coperta di cittadinanza italiana o al Primo Ufficiale di Coperta comunitario, in possesso di tale attestazione.<\/p>\n<p>Il servizio per il rilascio dell\u2019Endorsement prevede la riscossione di tasse e imposte da pagare in <strong>valuta locale RON<\/strong> secondo il tariffario consolare. \u00c8 possibile effettuare il relativo <strong>pagamento solo in contanti<\/strong>.<\/p>\n<p><strong>N.B.\u00a0<\/strong>Per <strong>il ritiro degli Endorsement \u00e8 necessaria la presenza dell\u2019interessato<\/strong> che deve presentare i documenti davanti al Funzionario della Cancelleria Consolare.<\/p>\n<p><strong>Rilascio di Endorsement provvisorio<\/strong><strong><br \/>\n<\/strong>Nei casi di comprovata necessit\u00e0 e urgenza, solo in <strong>casi eccezionali<\/strong> che verranno valutati dal funzionario incaricato, la Cancelleria Consolare di Bucarest pu\u00f2 rilasciare Endorsement provvisori, della durata massima di 90 giorni (a partire dalla data del rilascio), prorogabili una sola volta per altri 90 giorni.<\/p>\n<p><strong>Documenti da presentare<\/strong>:<\/p>\n<p>1) <strong>istanza<\/strong> di richiesta di Endorsement provvisorio inoltrata dal Rappresentante Legale della Compagnia di Navigazione con l\u2019indicazione dei motivi per cui si richiede un Endorsement provvisorio.<br \/>\n2) <strong>modello<\/strong> allegato 14 quater \u2013 Punto L.1.8 della Circolare Gente di Mare \u2013 Serie XIII, n.17 del 17\/12\/2008, emanata dal Ministero delle Infrastrutture e dei Trasporti, Direzione Generale per il Trasporto marittimo, lacuale e fluviale, Div. 1 Personale Marittimo.<br \/>\n3) copia dei <strong>Certificati Adeguati<\/strong> in corso di validit\u00e0 per i quali si richiede l\u2019Endorsement provvisorio.<br \/>\n4) copie del <strong>Libretto del marittimo<\/strong> e del <strong>Libretto di Competenza<\/strong>, copie <strong>carta di identit\u00e0 e passaporto<\/strong>.<\/p>\n<p>Tutta la documentazione (punti 1, 2, 3 e 4) dovr\u00e0 essere trasmessa ai seguenti indirizzi di posta:\u00a0<a href=\"mailto:bucarest.navigazione@esteri.it\">bucarest.navigazione@esteri.it<\/a>\u00a0e\u00a0<a href=\"mailto:consolato.bucarest@esteri.it\">consolato.bucarest@esteri.it<\/a><\/p>\n<p><strong>N.B.\u00a0<\/strong>L\u2019Ufficiale Marittimo in possesso dell\u2019<strong>Endorsement provvisorio<\/strong>, una volta sbarcato, dovr\u00e0 presentarsi alla Cancelleria consolare di Bucarest munito di tutti i documenti per il rilascio dell\u2019<strong>Endorsement definitivo<\/strong>, in quanto non potr\u00e0 pi\u00f9 essere rilasciato un altro Endorsement provvisorio.<\/p>\n<p>&nbsp;<\/p>\n","protected":false},"excerpt":{"rendered":"AVVISO ALL\u2019UTENZA: Per fissare un appuntamento per pratiche di navigazione, si deve utilizzare\u00a0esclusivamente la piattaforma online\u00a0Prenot@Mi SI RACCOMANDA DI PRENDERE L\u2019APPUNTAMENTO CON ALMENO 30 GIORNI DI ANTICIPO RISPETTO ALLA DATA DELL\u2019IMBARCO. Il portale Prenot@Mi propone alcune funzionalit\u00e0 innovative. La sicurezza applicativa \u00e8 stata incrementata e sono stati introdotti ulteriori sistemi di autenticazione pi\u00f9 efficaci, al [&hellip;]","protected":false},"author":8,"featured_media":0,"parent":47,"menu_order":7,"comment_status":"closed","ping_status":"closed","template":"","meta":{"footnotes":""},"class_list":["post-449","page","type-page","status-publish","hentry"],"_links":{"self":[{"href":"https:\/\/ambbucarest.esteri.it\/it\/wp-json\/wp\/v2\/pages\/449","targetHints":{"allow":["GET"]}}],"collection":[{"href":"https:\/\/ambbucarest.esteri.it\/it\/wp-json\/wp\/v2\/pages"}],"about":[{"href":"https:\/\/ambbucarest.esteri.it\/it\/wp-json\/wp\/v2\/types\/page"}],"author":[{"embeddable":true,"href":"https:\/\/ambbucarest.esteri.it\/it\/wp-json\/wp\/v2\/users\/8"}],"replies":[{"embeddable":true,"href":"https:\/\/ambbucarest.esteri.it\/it\/wp-json\/wp\/v2\/comments?post=449"}],"version-history":[{"count":7,"href":"https:\/\/ambbucarest.esteri.it\/it\/wp-json\/wp\/v2\/pages\/449\/revisions"}],"predecessor-version":[{"id":7477,"href":"https:\/\/ambbucarest.esteri.it\/it\/wp-json\/wp\/v2\/pages\/449\/revisions\/7477"}],"up":[{"embeddable":true,"href":"https:\/\/ambbucarest.esteri.it\/it\/wp-json\/wp\/v2\/pages\/47"}],"wp:attachment":[{"href":"https:\/\/ambbucarest.esteri.it\/it\/wp-json\/wp\/v2\/media?parent=449"}],"curies":[{"name":"wp","href":"https:\/\/api.w.org\/{rel}","templated":true}]}}