{"id":4779,"date":"2024-05-22T14:57:17","date_gmt":"2024-05-22T11:57:17","guid":{"rendered":"https:\/\/ambbucarest.esteri.it\/?page_id=4779"},"modified":"2024-05-22T14:57:17","modified_gmt":"2024-05-22T11:57:17","slug":"informazioni-essenziali","status":"publish","type":"page","link":"https:\/\/ambbucarest.esteri.it\/it\/servizi-consolari-e-visti\/servizi-per-il-cittadino-italiano\/servizi-elettorali\/elezioni-europee\/informazioni-essenziali\/","title":{"rendered":"Informazioni essenziali"},"content":{"rendered":"<p><strong><u>VOTO IN ROMANIA PER I MEMBRI DEL PARLAMENTO EUROPEO SPETTANTI ALL\u2019ITALIA<\/u><\/strong><\/p>\n<p>&nbsp;<\/p>\n<p><strong>QUANDO?<\/strong><\/p>\n<p>Venerd\u00ec 7 giugno 2024 dalle 17:00 alle 22:00 e sabato 8 giugno dalle 7:00 alle 18:00.<\/p>\n<p>&nbsp;<\/p>\n<p><strong>DOVE?<\/strong><\/p>\n<p>Istituto Italiano di Cultura di Bucarest, Aleea Alexandru 41, settore 1, Bucarest.<\/p>\n<p>&nbsp;<\/p>\n<p><strong>COME?<\/strong><\/p>\n<p><strong><u>SOLO ED ESCLUSIVAMENTE<\/u><\/strong> recandosi di persona ai seggi istituiti presso l\u2019Istituto Italiano di Cultura di Bucarest.<\/p>\n<p>&nbsp;<\/p>\n<p><strong>CHI PU\u00d2 VOTARE?<\/strong><\/p>\n<p>1)\u00a0\u00a0\u00a0\u00a0 <strong>Elettori italiani<\/strong> <strong>residenti in Romania<\/strong> e regolarmente <strong>iscritti all\u2019AIRE<\/strong>, che non abbiano optato per il voto dei membri del Parlamento europeo spettanti alla Romania;<\/p>\n<p>2)\u00a0\u00a0\u00a0\u00a0 <strong>elettori italiani temporaneamente in Romania<\/strong> per motivi di studio o di lavoro e familiari con essi conviventi che ne abbiano fatto richiesta entro il 21 marzo 2024.<\/p>\n<p>&nbsp;<\/p>\n<p><strong>COSA OCCORRE ESIBIRE?<\/strong><\/p>\n<p>Un <strong>documento d\u2019identit\u00e0<\/strong> in corso di validit\u00e0 e il <strong>certificato elettorale<\/strong> spedito dal Ministero dell\u2019Interno italiano al proprio domicilio o residenza. Gli elettori che non avranno ricevuto il certificato elettorale, potranno richiedere un duplicato <strong><u>a partire dal 4 giugno<\/u><\/strong> alla Cancelleria consolare dell\u2019Ambasciata d\u2019Italia a Bucarest.<\/p>\n<p>&nbsp;<\/p>\n<p><strong>ATTENZIONE<\/strong>! <u>Il doppio voto \u00e8 sempre vietato<\/u>:<\/p>\n<p>&#8211;\u00a0\u00a0\u00a0\u00a0\u00a0\u00a0\u00a0 chi vota per i candidati a membro del Parlamento europeo spettanti alla Romania non potr\u00e0 votare anche per quelli spettanti all\u2019Italia, e viceversa;<\/p>\n<p>&#8211;\u00a0\u00a0\u00a0\u00a0\u00a0\u00a0\u00a0 chi vota per i candidati a membro del Parlamento europeo spettanti all\u2019Italia presso le sezioni istituite all\u2019Istituto Italiano di Cultura di Bucarest non potr\u00e0 farlo anche presso le sezioni elettorali in Italia, e viceversa;<\/p>\n<p>&#8211;\u00a0\u00a0\u00a0\u00a0\u00a0\u00a0\u00a0 gli elettori in possesso di pi\u00f9 cittadinanze di Paesi membri dell\u2019Unione Europea possono esercitare il loro diritto di voto UNA SOLA VOLTA, a favore dei candidati a membro del Parlamento europeo spettanti a UNO SOLO degli Stati di cui sono cittadini.<\/p>\n<p>&nbsp;<\/p>\n<p>&nbsp;<\/p>\n<p><strong><u>VOTUL \u00ceN ROM\u00c2NIA PENTRU MEMBRII PARLAMENTULUI EUROPEAN AFLA\u0162I PE LISTELE ITALIEI<\/u><\/strong><\/p>\n<p>&nbsp;<\/p>\n<p><strong>C\u00c2ND?<\/strong><\/p>\n<p>Vineri 7 iunie 2024 de la ora 17:00 la ora 22:00 \u015fi s\u00e2mb\u0103t\u0103 8 iunie de la ora 7:00 la ora 18:00.<\/p>\n<p>&nbsp;<\/p>\n<p><strong>UNDE?<\/strong><\/p>\n<p>Institutul Italian de Cultur\u0103 din Bucure\u015fti, Aleea Alexandru 41, sector 1, Bucure\u015fti.<\/p>\n<p>&nbsp;<\/p>\n<p><strong>CUM?<\/strong><\/p>\n<p><strong><u>\u00ceN EXCLUSIVITATE<\/u><\/strong> merg\u00e2nd personal la sec\u0163iile de votare \u00eenfiin\u0163ate la Institutul Italian de Cultur\u0103 din Bucure\u015fti.<\/p>\n<p>&nbsp;<\/p>\n<p><strong>CINE POATE VOTA?<\/strong><\/p>\n<p>1)\u00a0\u00a0\u00a0\u00a0 <strong>aleg\u0103torii italieni reziden\u021bi \u00een Rom\u00e2nia<\/strong> \u0219i <strong>\u00eenregistra\u021bi \u00een AIRE<\/strong>, care nu au optat pentru votul membrilor Parlamentului European afla\u0163i pe listele Rom\u00e2niei;<\/p>\n<p>2)\u00a0\u00a0\u00a0\u00a0<strong>aleg\u0103torii italieni afla\u021bi temporar \u00een Rom\u00e2nia<\/strong> din motive de studiu sau munc\u0103 \u0219i membrii familiei care locuiesc cu ace\u0219tia care au solicitat acest lucru p\u00e2n\u0103 la data de 21 martie 2024.<\/p>\n<p>&nbsp;<\/p>\n<p><strong>CE DOCUMENT TREBUIE S\u0102 PREZENTA\u0162I?<\/strong><\/p>\n<p>Un <strong>act de identitate<\/strong> valabil \u0219i <strong>certificatul de aleg\u0103tor<\/strong> trimis de Ministerul de Interne italian la domiciliul sau re\u0219edin\u021ba Dumneavoastr\u0103. Aleg\u0103torii care nu au primit certificatul de aleg\u0103tor vor putea solicita un duplicat <strong><u>\u00eencep\u00e2nd cu data de 4 iunie<\/u><\/strong> la Sec\u0163ia Consular\u0103 a Ambasadei Italiei la Bucure\u0219ti.<\/p>\n<p>&nbsp;<\/p>\n<p><strong>ATEN\u0162IE<\/strong>! <u>Votul dublu este \u00eentotdeauna interzis<\/u>:<\/p>\n<p>&#8211;\u00a0\u00a0\u00a0\u00a0\u00a0\u00a0\u00a0 cine voteaz\u0103 pentru candida\u021bii la func\u0163ia de membru al Parlamentului European afla\u0163i pe listele Rom\u00e2niei nu-i va putea vota \u015fi pe cei afla\u0163i pe listele Italiei \u0219i invers;<\/p>\n<p>&#8211;\u00a0\u00a0\u00a0\u00a0\u00a0\u00a0\u00a0 cine voteaz\u0103 pentru candida\u021bii la func\u0163ia de membru al Parlamentului European afla\u0163i pe listele Italiei la sec\u0163iile instituite la Institutul Italian de Cultur\u0103 din Bucure\u015fti nu o va putea face \u015fi la sec\u0163iie de votare din Italia \u015fi invers;<\/p>\n<p>&#8211;\u00a0\u00a0\u00a0\u00a0\u00a0\u00a0\u00a0 aleg\u0103torii care de\u021bin mai multe cet\u0103\u021benii ale \u021b\u0103rilor membre ale Uniunii Europene \u00ee\u0219i pot exercita dreptul de vot NUMAI O dat\u0103, \u00een favoarea candida\u021bilor la func\u0163ia de membru al Parlamentului European afla\u0163i pe listele UNUI SINGUR stat dintre cele ai c\u0103ror cet\u0103\u021beni sunt.<\/p>\n","protected":false},"excerpt":{"rendered":"VOTO IN ROMANIA PER I MEMBRI DEL PARLAMENTO EUROPEO SPETTANTI ALL\u2019ITALIA &nbsp; QUANDO? Venerd\u00ec 7 giugno 2024 dalle 17:00 alle 22:00 e sabato 8 giugno dalle 7:00 alle 18:00. &nbsp; DOVE? Istituto Italiano di Cultura di Bucarest, Aleea Alexandru 41, settore 1, Bucarest. &nbsp; COME? SOLO ED ESCLUSIVAMENTE recandosi di persona ai seggi istituiti presso [&hellip;]","protected":false},"author":4,"featured_media":0,"parent":3929,"menu_order":4,"comment_status":"closed","ping_status":"closed","template":"","meta":{"footnotes":""},"class_list":["post-4779","page","type-page","status-publish","hentry"],"_links":{"self":[{"href":"https:\/\/ambbucarest.esteri.it\/it\/wp-json\/wp\/v2\/pages\/4779","targetHints":{"allow":["GET"]}}],"collection":[{"href":"https:\/\/ambbucarest.esteri.it\/it\/wp-json\/wp\/v2\/pages"}],"about":[{"href":"https:\/\/ambbucarest.esteri.it\/it\/wp-json\/wp\/v2\/types\/page"}],"author":[{"embeddable":true,"href":"https:\/\/ambbucarest.esteri.it\/it\/wp-json\/wp\/v2\/users\/4"}],"replies":[{"embeddable":true,"href":"https:\/\/ambbucarest.esteri.it\/it\/wp-json\/wp\/v2\/comments?post=4779"}],"version-history":[{"count":1,"href":"https:\/\/ambbucarest.esteri.it\/it\/wp-json\/wp\/v2\/pages\/4779\/revisions"}],"predecessor-version":[{"id":4781,"href":"https:\/\/ambbucarest.esteri.it\/it\/wp-json\/wp\/v2\/pages\/4779\/revisions\/4781"}],"up":[{"embeddable":true,"href":"https:\/\/ambbucarest.esteri.it\/it\/wp-json\/wp\/v2\/pages\/3929"}],"wp:attachment":[{"href":"https:\/\/ambbucarest.esteri.it\/it\/wp-json\/wp\/v2\/media?parent=4779"}],"curies":[{"name":"wp","href":"https:\/\/api.w.org\/{rel}","templated":true}]}}