{"id":505,"date":"2023-11-02T11:50:29","date_gmt":"2023-11-02T09:50:29","guid":{"rendered":"https:\/\/ambbucarest.esteri.it\/?page_id=505"},"modified":"2023-11-21T10:06:48","modified_gmt":"2023-11-21T08:06:48","slug":"tutela-dei-minori","status":"publish","type":"page","link":"https:\/\/ambbucarest.esteri.it\/it\/servizi-consolari-e-visti\/servizi-per-il-cittadino-italiano\/minori\/tutela-dei-minori\/","title":{"rendered":"Tutela dei minori"},"content":{"rendered":"<p style=\"text-align: justify;\">Per tutela del minore si intende quel potere assimilabile alla potest\u00e0 genitoriale, a cui \u00e8 sottoposto il minore di et\u00e0 privo di entrambi i genitori.<br \/>\nTali poteri, che sul territorio italiano sono svolti da Giudice Tutelare ai sensi degli artt. 343 \u2013 399 del codice civile, all\u2019estero sono svolte dal Console in base a quanto dispongono gli articoli 33, 34 e 35 del D.Lgs. n. 71 del 3 febbraio 2011.<\/p>\n<p style=\"text-align: justify;\">Si deve per\u00f2 tenere presente che nel caso di minori con doppia cittadinanza, romena e italiana, le autorit\u00e0 locali subordinano la cittadinanza italiana a quella romena e l\u2019attivit\u00e0 di assistenza consolare risulta essere meno efficace.<\/p>\n","protected":false},"excerpt":{"rendered":"Per tutela del minore si intende quel potere assimilabile alla potest\u00e0 genitoriale, a cui \u00e8 sottoposto il minore di et\u00e0 privo di entrambi i genitori. Tali poteri, che sul territorio italiano sono svolti da Giudice Tutelare ai sensi degli artt. 343 \u2013 399 del codice civile, all\u2019estero sono svolte dal Console in base a quanto [&hellip;]","protected":false},"author":8,"featured_media":0,"parent":494,"menu_order":0,"comment_status":"closed","ping_status":"closed","template":"","meta":{"footnotes":""},"class_list":["post-505","page","type-page","status-publish","hentry"],"_links":{"self":[{"href":"https:\/\/ambbucarest.esteri.it\/it\/wp-json\/wp\/v2\/pages\/505","targetHints":{"allow":["GET"]}}],"collection":[{"href":"https:\/\/ambbucarest.esteri.it\/it\/wp-json\/wp\/v2\/pages"}],"about":[{"href":"https:\/\/ambbucarest.esteri.it\/it\/wp-json\/wp\/v2\/types\/page"}],"author":[{"embeddable":true,"href":"https:\/\/ambbucarest.esteri.it\/it\/wp-json\/wp\/v2\/users\/8"}],"replies":[{"embeddable":true,"href":"https:\/\/ambbucarest.esteri.it\/it\/wp-json\/wp\/v2\/comments?post=505"}],"version-history":[{"count":3,"href":"https:\/\/ambbucarest.esteri.it\/it\/wp-json\/wp\/v2\/pages\/505\/revisions"}],"predecessor-version":[{"id":1107,"href":"https:\/\/ambbucarest.esteri.it\/it\/wp-json\/wp\/v2\/pages\/505\/revisions\/1107"}],"up":[{"embeddable":true,"href":"https:\/\/ambbucarest.esteri.it\/it\/wp-json\/wp\/v2\/pages\/494"}],"wp:attachment":[{"href":"https:\/\/ambbucarest.esteri.it\/it\/wp-json\/wp\/v2\/media?parent=505"}],"curies":[{"name":"wp","href":"https:\/\/api.w.org\/{rel}","templated":true}]}}