{"id":6163,"date":"2025-05-20T11:57:26","date_gmt":"2025-05-20T08:57:26","guid":{"rendered":"https:\/\/ambbucarest.esteri.it\/?page_id=6163"},"modified":"2025-05-20T12:07:04","modified_gmt":"2025-05-20T09:07:04","slug":"rilascio-dei-duplicati","status":"publish","type":"page","link":"https:\/\/ambbucarest.esteri.it\/it\/servizi-consolari-e-visti\/servizi-per-il-cittadino-italiano\/servizi-elettorali\/elezioni-politiche-e-referendum\/referendum-abrogativi-2025\/rilascio-dei-duplicati\/","title":{"rendered":"Rilascio dei duplicati del plico elettorale"},"content":{"rendered":"<p><img loading=\"lazy\" decoding=\"async\" class=\"alignnone size-full wp-image-6169 img-fluid\" src=\"https:\/\/ambbucarest.esteri.it\/wp-content\/uploads\/2025\/05\/1-Referendum-2025.jpg\" alt=\"\" width=\"914\" height=\"514\" srcset=\"https:\/\/ambbucarest.esteri.it\/wp-content\/uploads\/2025\/05\/1-Referendum-2025.jpg 914w, https:\/\/ambbucarest.esteri.it\/wp-content\/uploads\/2025\/05\/1-Referendum-2025-300x169.jpg 300w, https:\/\/ambbucarest.esteri.it\/wp-content\/uploads\/2025\/05\/1-Referendum-2025-768x432.jpg 768w\" sizes=\"auto, (max-width: 914px) 100vw, 914px\" \/><\/p>\n<p>Si informa che<strong> a partire da domenica 25 maggio 2025 <\/strong>gli elettori che non hanno ancora ricevuto il plico elettorale per il voto per corrispondenza in occasione dei referendum abrogativi dell\u20198 e 9 giugno al proprio indirizzo di residenza possono richiederne un <strong>duplicato<\/strong> alla Cancelleria consolare di questa Ambasciata.<\/p>\n<p>La richiesta di duplicato potr\u00e0 essere presentata di persona presso l\u2019Ufficio consolare o inviata via posta (Str. Arch. Ion Mincu, 12, 011358, Bucarest), via posta elettronica ordinaria (<a href=\"mailto:consolato.bucarest@esteri.it\">consolato.bucarest@esteri.it<\/a>) o via posta elettronica certificata (<a href=\"mailto:amb.bucarest.consolare@cert.esteri.it\">amb.bucarest.consolare@cert.esteri.it<\/a>). La richiesta \u2013 che pu\u00f2 essere redatta utilizzando il modello disponibile <a href=\"https:\/\/ambbucarest.esteri.it\/wp-content\/uploads\/2025\/05\/19.2-Modello-richiesta-duplicato.docx\"><u>qui<\/u> <\/a>\u2013 dovr\u00e0 essere accompagnata da un valido documento di riconoscimento.<\/p>\n<p>Gli elettori che richiederanno il duplicato del plico elettorale dovranno dichiarare di essere consapevoli delle <strong>responsabilit\u00e0 penali conseguenti al doppio voto<\/strong>, previste dall\u2019art. 18, comma 2, della Legge 459\/2001, secondo il quale: <em>\u201c<\/em><em>Chiunque, in occasione delle elezioni delle Camere e dei referendum, vota sia per corrispondenza che nel seggio di ultima iscrizione in Italia, ovvero vota pi\u00f9 volte per corrispondenza \u00e8 punito con la reclusione da uno a tre anni e con la multa da 52 euro a 258 euro<\/em><em>\u201d<\/em>.<\/p>\n<p>Effettuate le opportune verifiche, questa Ambasciata fornir\u00e0 le necessarie indicazioni agli interessati per il rilascio del duplicato. Il duplicato potr\u00e0 essere spedito all\u2019indirizzo di residenza dell\u2019elettore richiedente (se sussistono i tempi per la ricezione del plico) o rilasciato di persona, negli orari di apertura della Cancelleria consolare.<\/p>\n<p>Si ricorda che la Cancelleria consolare dell\u2019Ambasciata, in aggiunta ai normali orari di apertura (dal luned\u00ec al venerd\u00ec dalle ore 9:15 alle ore 13:00) osserver\u00e0 <strong>esclusivamente per il rilascio dei duplicati dei plichi elettorali<\/strong> le seguenti aperture al pubblico straordinarie: sabato 31 maggio e domenica 1\u00b0 giugno, dalle 9:30 alle 13:00.<\/p>\n<p>Si ricorda, infine, che le buste preaffrancate contenenti le <strong>schede votate dovranno pervenire alla Cancelleria consolare di questa Ambasciata tassativamente<\/strong><strong> entro le ore 16:00 di gioved\u00ec 5 giugno 2025<\/strong>.<\/p>\n","protected":false},"excerpt":{"rendered":"Si informa che a partire da domenica 25 maggio 2025 gli elettori che non hanno ancora ricevuto il plico elettorale per il voto per corrispondenza in occasione dei referendum abrogativi dell\u20198 e 9 giugno al proprio indirizzo di residenza possono richiederne un duplicato alla Cancelleria consolare di questa Ambasciata. La richiesta di duplicato potr\u00e0 essere [&hellip;]","protected":false},"author":4,"featured_media":0,"parent":5838,"menu_order":4,"comment_status":"closed","ping_status":"closed","template":"","meta":{"footnotes":""},"class_list":["post-6163","page","type-page","status-publish","hentry"],"_links":{"self":[{"href":"https:\/\/ambbucarest.esteri.it\/it\/wp-json\/wp\/v2\/pages\/6163","targetHints":{"allow":["GET"]}}],"collection":[{"href":"https:\/\/ambbucarest.esteri.it\/it\/wp-json\/wp\/v2\/pages"}],"about":[{"href":"https:\/\/ambbucarest.esteri.it\/it\/wp-json\/wp\/v2\/types\/page"}],"author":[{"embeddable":true,"href":"https:\/\/ambbucarest.esteri.it\/it\/wp-json\/wp\/v2\/users\/4"}],"replies":[{"embeddable":true,"href":"https:\/\/ambbucarest.esteri.it\/it\/wp-json\/wp\/v2\/comments?post=6163"}],"version-history":[{"count":4,"href":"https:\/\/ambbucarest.esteri.it\/it\/wp-json\/wp\/v2\/pages\/6163\/revisions"}],"predecessor-version":[{"id":6175,"href":"https:\/\/ambbucarest.esteri.it\/it\/wp-json\/wp\/v2\/pages\/6163\/revisions\/6175"}],"up":[{"embeddable":true,"href":"https:\/\/ambbucarest.esteri.it\/it\/wp-json\/wp\/v2\/pages\/5838"}],"wp:attachment":[{"href":"https:\/\/ambbucarest.esteri.it\/it\/wp-json\/wp\/v2\/media?parent=6163"}],"curies":[{"name":"wp","href":"https:\/\/api.w.org\/{rel}","templated":true}]}}