{"id":649,"date":"2023-11-07T16:58:59","date_gmt":"2023-11-07T14:58:59","guid":{"rendered":"https:\/\/ambbucarest.esteri.it\/?page_id=649"},"modified":"2023-11-07T16:58:59","modified_gmt":"2023-11-07T14:58:59","slug":"legalizari-de-documente","status":"publish","type":"page","link":"https:\/\/ambbucarest.esteri.it\/it\/servizi-consolari-e-visti\/servizi-per-il-cittadino-straniero\/traduzione-e-legalizzazione-dei-documenti\/traduzione-e-legalizzazione-dei-documenti\/legalizari-de-documente\/","title":{"rendered":"Legalizari de documente"},"content":{"rendered":"<h3>LEGALIZARI SI APOSTILA (Conven\u0163ia de la Haga 1961)<\/h3>\n<p>Romania \u00een luna iunie 2000 a aderat la Conven\u0163ia de la Haga din 5 octombrie 1961, privind abolirea legalizarii actelor publice. Adeziunea a fost ratificat\u0103 \u00een luna martie 2001.<\/p>\n<p>Apostila atest\u0103 valabilitatea legal\u0103 \u015fi autenticitatea respectivului document \u015fi ca atare, actele nu mai trebuie prezentate la Cancelaria Consular\u0103 pentru legalizare ci, pentru ca documentele emise de autorit\u0103\u0163ile romane s\u0103 fie reconoscute in Italia este suficient s\u0103\u00a0 aib\u0103 APOSTILA prev\u0103zut\u0103 de Conven\u0163ia de la Haga din 1961 \u015fi eliberat\u0103 de urm\u0103toarele autorit\u0103\u0163i:<br \/>\n1)\u00a0Tribunal: acte judiciare (ex. sentin\u0163e)<br \/>\n2)\u00a0Prefectur\u0103: acte administrative (ex. certificat de na\u015ftere, titlu de studiu)<br \/>\n3)\u00a0Camera Notarilor: acte notariale (ex. autentificare de semn\u0103tur\u0103)<\/p>\n<p>Numai \u00een cazuri excep\u0163ionale, dac\u0103 nu se poate aplica Conven\u0163ia de la Haga din 1961, documentale eliberate de autorit\u0103\u0163ile rom\u00e2ne pot fi supralegalizate (legalizare consular\u0103) de Cancelaria Consular\u0103 din Bucuresti.<\/p>\n","protected":false},"excerpt":{"rendered":"LEGALIZARI SI APOSTILA (Conven\u0163ia de la Haga 1961) Romania \u00een luna iunie 2000 a aderat la Conven\u0163ia de la Haga din 5 octombrie 1961, privind abolirea legalizarii actelor publice. Adeziunea a fost ratificat\u0103 \u00een luna martie 2001. Apostila atest\u0103 valabilitatea legal\u0103 \u015fi autenticitatea respectivului document \u015fi ca atare, actele nu mai trebuie prezentate la Cancelaria [&hellip;]","protected":false},"author":8,"featured_media":0,"parent":73,"menu_order":0,"comment_status":"closed","ping_status":"closed","template":"","meta":{"footnotes":""},"class_list":["post-649","page","type-page","status-publish","hentry"],"_links":{"self":[{"href":"https:\/\/ambbucarest.esteri.it\/it\/wp-json\/wp\/v2\/pages\/649","targetHints":{"allow":["GET"]}}],"collection":[{"href":"https:\/\/ambbucarest.esteri.it\/it\/wp-json\/wp\/v2\/pages"}],"about":[{"href":"https:\/\/ambbucarest.esteri.it\/it\/wp-json\/wp\/v2\/types\/page"}],"author":[{"embeddable":true,"href":"https:\/\/ambbucarest.esteri.it\/it\/wp-json\/wp\/v2\/users\/8"}],"replies":[{"embeddable":true,"href":"https:\/\/ambbucarest.esteri.it\/it\/wp-json\/wp\/v2\/comments?post=649"}],"version-history":[{"count":1,"href":"https:\/\/ambbucarest.esteri.it\/it\/wp-json\/wp\/v2\/pages\/649\/revisions"}],"predecessor-version":[{"id":652,"href":"https:\/\/ambbucarest.esteri.it\/it\/wp-json\/wp\/v2\/pages\/649\/revisions\/652"}],"up":[{"embeddable":true,"href":"https:\/\/ambbucarest.esteri.it\/it\/wp-json\/wp\/v2\/pages\/73"}],"wp:attachment":[{"href":"https:\/\/ambbucarest.esteri.it\/it\/wp-json\/wp\/v2\/media?parent=649"}],"curies":[{"name":"wp","href":"https:\/\/api.w.org\/{rel}","templated":true}]}}