{"id":69,"date":"2023-04-11T18:18:20","date_gmt":"2023-04-11T16:18:20","guid":{"rendered":"https:\/\/ambasciatapraga.esteri.it\/?page_id=69"},"modified":"2026-03-09T15:16:11","modified_gmt":"2026-03-09T13:16:11","slug":"assistenza-ai-cittadini-allestero","status":"publish","type":"page","link":"https:\/\/ambbucarest.esteri.it\/it\/servizi-consolari-e-visti\/servizi-per-il-cittadino-italiano\/assistenza-ai-cittadini-allestero\/","title":{"rendered":"Assistenza ai cittadini italiani all&#8217;estero"},"content":{"rendered":"<p style=\"text-align: justify;\">La Cancelleria consolare di Bucarest pu\u00f2 effettuare i seguenti interventi di assistenza a favore dei cittadini italiani in Romania (l\u2019elenco \u00e8 esemplificativo e non esaustivo di tutte le attivit\u00e0 di assistenza):<\/p>\n<p style=\"text-align: justify;\">\u2022 assistenza ai detenuti &gt; <a href=\"https:\/\/www.esteri.it\/mae\/resource\/doc\/2019\/11\/detenuti_italiani_allestero_-_guida_pratica_allassistenza_consolare.pdf\"><strong>cliccare qui<\/strong> <\/a>per scaricare la Guida Pratica per i Detenuti all\u2019estero \u2013 PDF ITA<br \/>\n\u2022 assistenza indiretta attraverso Associazioni ed Enti assistenziali<br \/>\n\u2022 assistenza legale &gt; <a href=\"https:\/\/ambbucarest.esteri.it\/wp-content\/uploads\/2026\/03\/Elenco-studi-legali-2026.pdf\"><strong>cliccare qui<\/strong><\/a> per altre informazioni<br \/>\n\u2022 assistenza in caso di furto\/smarrimento di documenti &gt; <a href=\"https:\/\/ambbucarest.esteri.it\/it\/servizi-consolari-e-visti\/servizi-per-il-cittadino-italiano\/passaporti-e-carte-didentita\/documento-di-viaggio-provvisorio-etd-emergency-travel-document\/\"><strong>cliccare qui<\/strong><\/a> per altre informazioni<br \/>\n\u2022 assistenza finanziaria (Sussidi ai connazionali indigenti e prestiti con promessa di restituzione)<br \/>\n\u2022 assistenza sanitaria<br \/>\n\u2022 assistenza nella ricerca di cittadini<br \/>\n\u2022 rimpatrio della salma o delle ceneri<\/p>\n<p>&nbsp;<\/p>\n<p style=\"text-align: justify;\"><strong>Assistenza ai detenuti<\/strong><br \/>\nIn caso di arresto di un cittadino italiano si ha il diritto di chiedere la protezione consolare, nell\u2019ambito della quale la Cancelleria consolare di Bucarest pu\u00f2:<br \/>\n&#8211; rendere visita al detenuto;<br \/>\n&#8211; fornire nominativi di avvocati locali con conoscenza della lingua italiana;<br \/>\n&#8211; curare i contatti con i familiari del detenuto;<br \/>\n&#8211; fornire, quando necessario, assistenza medica e generi alimentari.<br \/>\nLa Cancelleria consolare non pu\u00f2 intervenire in giudizio per conto del connazionale.<\/p>\n<p>&nbsp;<\/p>\n<p style=\"text-align: justify;\"><strong>Assistenza indiretta attraverso Associazioni ed Enti assistenziali<\/strong><br \/>\nA Bucarest \u00e8 presente il Comitato di Assistenza per gli Italiani (Co.As.It.) che offre assistenza ai connazionali ivi residenti, che si trovano in situazioni di indigenza o in contesti sociali e familiari difficili.<\/p>\n<p>&nbsp;<\/p>\n<p><strong>Assistenza legale<\/strong><br \/>\n<a href=\"https:\/\/ambbucarest.esteri.it\/wp-content\/uploads\/2026\/03\/Elenco-studi-legali-2026.pdf\"><strong>Cliccare qui<\/strong><\/a>\u00a0\u00a0per un elenco di studi legali che dispongono di personale che parla italiano. L\u2019elenco non \u00e8 in alcun modo esaustivo.<br \/>\n<span style=\"text-decoration: underline;\"><strong>L&#8217;Ambasciata non si assume alcuna responsabilit\u00e0 connessa all&#8217;operato di tali studi legali n\u00e9 per le tariffe dai medesimi praticate<\/strong>.<\/span><\/p>\n<p>&nbsp;<\/p>\n<p style=\"text-align: justify;\"><strong>Assistenza in caso di furto\/smarrimento di documenti<\/strong><br \/>\nAl cittadino italiano non residente in Romania che abbia smarrito o abbia subito il furto del documento di viaggio (passaporto o carta d\u2019identit\u00e0), la Cancelleria consolare di Bucarest pu\u00f2 rilasciare un documento provvisorio di viaggio, chiamato E.T.D. (Emergency Travel Document), con validit\u00e0 per il solo viaggio di rientro nel paese di stabile residenza o, in casi eccezionali, per una diversa destinazione.<\/p>\n<p>&nbsp;<\/p>\n<p><strong>Assistenza finanziaria (sussidi ai connazionali indigenti e prestitit con promessa di restituzione)<\/strong><\/p>\n<p style=\"text-align: justify;\">L&#8217;assistenza economica erogata dalla Cancelleria consolare \u00e8 destinata ai connazionali che versano in una situazione di indigenza. Questi connazionali possono ricevere dalla Cancelleria consolare un aiuto (economico o di altro tipo) per superare, momentaneamente, la propria difficile situazione.\u00a0<strong>Questo tipo di intervento ha un carattere straordinario e di eccezionalit\u00e0 e non pu\u00f2 essere inteso come uno strumento di sostegno continuativo al reddito.<\/strong><\/p>\n<p style=\"text-align: justify;\">La Cancelleria consolare <u>non<\/u> pu\u00f2 concedere pensioni. L\u2019assistenza sociale consolare \u00e8 prioritariamente destinata ai nati in Italia che abbiano compiuto i settant\u2019anni o che siano comunque inabili al lavoro. La situazione personale e familiare di ciascun richiedente verr\u00e0 valutata attentamente. Le dichiarazioni giurate degli utenti e i documenti presentati vengono verificati anche attraverso controlli incrociati. In caso di false dichiarazioni, la Cancelleria consolare procede alla revoca dei benefici eventualmente concessi ed alla denuncia all\u2019Autorit\u00e0 Giudiziaria dei responsabili.<\/p>\n<p style=\"text-align: justify;\"><strong><u>Requisiti<\/u><\/strong>:<\/p>\n<p style=\"text-align: justify;\">I presupposti per rientrare nella categoria di avente diritto ad un aiuto sono:<\/p>\n<ul style=\"text-align: justify;\">\n<li>i nati in Italia;<\/li>\n<li>il possesso della cittadinanza italiana;<\/li>\n<li>i maggiori di 70 anni;<\/li>\n<li>l\u2019effettivo stato di indigenza \u2013 tutti coloro che non hanno supporto (economico e\/o affettivo) della famiglia;<\/li>\n<li>malati gravi o cronici;<\/li>\n<li>essere in regola con l\u2019iscrizione AIRE;<\/li>\n<li>chi non \u00e8 proprietario di una casa;<\/li>\n<li>altro.<\/li>\n<\/ul>\n<p style=\"text-align: justify;\"><strong><u>Priorit\u00e0<\/u><\/strong>: la Cancelleria consolare concentra le proprie risorse sull\u2019assistenza alla fascia pi\u00f9 povera dei connazionali, sulla base dei seguenti criteri:<\/p>\n<ul>\n<li style=\"text-align: justify;\">reddito (priorit\u00e0 a coloro che ne sono totalmente sprovvisti, che non ricevono pensione o altri sussidi);<\/li>\n<li style=\"text-align: justify;\">et\u00e0 (priorit\u00e0 ai pi\u00f9 anziani);<\/li>\n<li style=\"text-align: justify;\">situazione di famiglia (priorit\u00e0 alle persone che non hanno abitazione o che non hanno familiari che li possano aiutare);<\/li>\n<li style=\"text-align: justify;\">salute (priorit\u00e0 a coloro che necessitano di cure prolungate e\/o molto onerose);<\/li>\n<li style=\"text-align: justify;\">familiari a carico con handicap fisici o mentali.<\/li>\n<\/ul>\n<p style=\"text-align: justify;\"><strong><u>Documentazione da presentare<\/u><\/strong>:<\/p>\n<p style=\"text-align: justify;\">Per la valutazione dello stato di indigenza il connazionale deve presentare presso gli Uffici della Cancelleria consolare la documentazione di seguito elencata;<\/p>\n<ul>\n<li style=\"text-align: justify;\">copia delle ultime 3 ricevute dei pagamenti effettuati per la casa (servizi di gas, luce, acqua e telefono);<\/li>\n<li style=\"text-align: justify;\">copia delle ultime 3 ricevute della pensione o dello\u00a0stipendio del richiedente e di tutte le persone conviventi; se il richiedente o il coniuge non hanno benefici previdenziali, apposita dichiarazione dell\u2019ANAF (Agen\u021bia Na\u021bional\u0103 de Administrare Fiscal\u0103);<\/li>\n<li style=\"text-align: justify;\">copia del certificato di nascita rilasciato dal Comune italiano (se posseduto); in assenza di tale certificato \u00e8 necessario fornire data e luogo di nascita, in modo da permettere al Consolato di richiederlo direttamente al Comune italiano;<\/li>\n<li style=\"text-align: justify;\">cartella clinica nel caso di problemi di salute;<\/li>\n<li style=\"text-align: justify;\">copia di un documento di identit\u00e0 (passaporto o carta di identit\u00e0) in corso di validit\u00e0;<\/li>\n<li style=\"text-align: justify;\">ricevute di acquisto di farmaci e relativa prescrizione medica, con cui si certifica la diagnosi ed i medicinali necessari alla cura;<\/li>\n<li style=\"text-align: justify;\">copia dell\u2019atto di matrimonio nel caso in cui lo stesso sia stato celebrato fuori dall\u2019Italia e non sia gi\u00e0 stato trascritto dal Comune competente prima della richiesta di assistenza (nel caso di un nucleo familiare);<\/li>\n<li style=\"text-align: justify;\">copia dell\u2019atto di nascita dei figli minori (nel caso di un nucleo familiare);<\/li>\n<li style=\"text-align: justify;\">atto di morte in originale del coniuge nel caso in cui il richiedente sia vedovo.<\/li>\n<\/ul>\n<p style=\"text-align: justify;\"><strong><u>Nota Bene<\/u><\/strong>: l\u2019assistenza viene prestata principalmente attraverso i seguenti strumenti:<\/p>\n<ul style=\"text-align: justify;\">\n<li><strong>concessione di sussidi economici<\/strong> \u2013 si tratta di un\u2019erogazione di somme di denaro destinate a far fronte alle pi\u00f9 impellenti necessit\u00e0 materiali. Tali <u>sussidi vengono corrisposti in base alla disponibilit\u00e0 di bilancio<\/u> (l\u2019ammontare viene rapportato alle necessit\u00e0 del richiedente. Esiste un limite massimo stabilito dall\u2019Ambasciata) e <u>non possono rappresentare in alcun modo una prestazione a carattere continuativo, obbligatorio o di natura pensionistica<\/u>;<\/li>\n<li><strong>rimpatrio definitivo in Italia<\/strong> \u2013 il rimpatrio a carico dell\u2019Erario potr\u00e0 essere effettuato soltanto in favore di persone indigenti, in genere emigrate dall\u2019Italia da molti anni, le cui condizioni di vita siano estremamente precarie e senza prospettive di miglioramento nel Paese di residenza.<\/li>\n<\/ul>\n<p style=\"text-align: justify;\"><strong>Iscritti AIRE<\/strong><br \/>\nL\u2019assistenza pu\u00f2 essere erogata, in formato di sussidio in denaro o mediante altre forme di assistenza indiretta, ai connazionali iscritti all&#8217;AIRE previa verifica della condizione di indigenza da parte del richiedente e dei soggetti obbligati al mantenimento indicati dal nostro Codice Civile.<br \/>\nIl Consolato concentra le proprie risorse nell&#8217;assistenza alla fascia pi\u00f9 povera di connazionali, sulla base dei seguenti criteri:<br \/>\n\u2022 reddito (priorit\u00e0 a coloro che ne sono totalmente sprovvisti, che non ricevono pensione o altri sussidi);<br \/>\n\u2022 et\u00e0 (priorit\u00e0 ai pi\u00f9 anziani);<br \/>\n\u2022 situazione di famiglia (priorit\u00e0 alle persone che non hanno abitazione o che non hanno familiari che li possano aiutare);<br \/>\n\u2022 salute (priorit\u00e0 a coloro che necessitano di cure prolungate e\/o molto onerose);<br \/>\n\u2022 familiari a carico diversamente abili.<\/p>\n<p style=\"text-align: justify;\"><strong>Non iscritti AIRE<\/strong><br \/>\nAi non iscritti all&#8217;AIRE tale assistenza assume solo ed esclusivamente la forma di <strong>prestito con promessa di restituzione<\/strong>, solitamente erogata per contribuire alle spese di rimpatrio in situazioni di emergenza. Tale prestito deve essere onorato non appena si fa rientro in Italia (restituzione all\u2019Erario-Agenzia delle Entrate). Anche in questo caso, l&#8217;intervento pu\u00f2 essere accordato <strong>solo previa dimostrazione dell&#8217;oggettiva impossibilit\u00e0 da parte dei congiunti del richiedente a farsi carico di dette spese.<\/strong> In assenza questa Cancelleria consolare provveder\u00e0 ad effettuare tutte gli accertamenti necessari.<\/p>\n<p>&nbsp;<\/p>\n<p style=\"text-align: justify;\"><strong>Assistenza sanitaria<\/strong><br \/>\nGli Uffici consolari non hanno competenza diretta in materia sanitaria. I cittadini italiani che viaggiano in Romania, iscritti al \u201cServizio Sanitario Nazionale\u201d, hanno accesso ai servizi sanitari gratuiti se in possesso della tessera europea di assicurazione malattia (TEAM). Gli ospedali pubblici ed i servizi di pronto soccorso romeni forniscono assistenza medica di emergenza. Per ulteriori informazioni sulla tessera TEAM si consiglia di visitare il sito web della Commissione Europea: <a href=\"http:\/\/ec.europa.eu\/social\/\">http:\/\/ec.europa.eu\/social\/<\/a><br \/>\nPer maggiori informazioni si rimanda al sito web del <a href=\"https:\/\/www.salute.gov.it\/portale\/home.html\"><strong>Ministero della Salute<\/strong><\/a>\u00a0, che ha la competenza in materia.<\/p>\n<p>&nbsp;<\/p>\n<p style=\"text-align: justify;\"><strong>Assistenza nella ricerca di cittadini<\/strong><br \/>\nLe informazioni riguardanti cittadini italiani presenti nella circoscrizione consolare possono essere fornite esclusivamente nel rispetto della normativa vigente in materia di protezione dei dati personali, che impone, in primo luogo, l\u2019assenso della persona ricercata.<br \/>\nLa Cancelleria consolare di Bucarest, dopo che il richiedente abbia dimostrato un interesse legittimo alla ricerca del connazionale, pu\u00f2 avviare le ricerche sul territorio romeno, chiedendo l\u2019intervento degli organi di polizia romena.<br \/>\nLa richiesta di ricerca di un connazionale deve pervenire mediante istanza motivata sottoscritta dall\u2019interessato, allegando la copia di un valido documento d\u2019identit\u00e0 del richiedente e, ove del caso, la copia della relativa denuncia resa davanti ai competenti organi di polizia italiani.<\/p>\n<p style=\"text-align: justify;\"><strong>Rimpatrio di cittadini italiani residenti, in stato di indigenza<\/strong><br \/>\nLa Cancelleria consolare di Bucarest provvede, in collaborazione con Prefetture, Questure, Comuni, Aziende Sanitarie Locali, Servizi Sociali, al rimpatrio dei cittadini italiani residenti in Romania, in stato di indigenza, che versino in gravi condizioni di salute e necessitino di ricovero in Italia, e dei minori italiani in stato di abbandono.<\/p>\n<p style=\"text-align: justify;\"><strong>Rimpatrio della salma o delle ceneri<\/strong><br \/>\nLa Rappresentanza consolare fornisce assistenza e consulenza in caso di rimpatrio di salme di cittadini italiani deceduti in Romania. In questo ambito, <strong>provvede alla richiesta di autorizzazione al Comune italiano<\/strong> per la tumulazione della salma o delle ceneri e al rilascio del passaporto mortuario.<\/p>\n<p style=\"text-align: justify;\">Al fine di ottenere il passaporto mortuario il richiedente dovr\u00e0 produrre la seguente documentazione:<br \/>\n1) certificato di morte rilasciato dal Comune romeno dove \u00e8 avvenuto il decesso;<br \/>\n2) certificato della competente Autorit\u00e0 sanitaria romena dalla quale risulti che sono state osservate specifiche prescrizioni igieniche di sicurezza;<br \/>\n3) certificato che attesti il decesso in zona esente da malattie infettive e di natura endemica;<br \/>\nNei Paesi dell\u2019Unione Europea il passaporto mortuario pu\u00f2 essere rilasciato dalle autorit\u00e0 locali nel rispetto dei regolamenti comunitari.<br \/>\nIn Romania, gli indicati adempimenti burocratici sono svolti direttamente dalle imprese funebri incaricate del rimpatrio della salma del connazionale.<\/p>\n<p style=\"text-align: justify;\">La Cancelleria consolare di Bucarest, salvo casi di comprovata indigenza, non pu\u00f2 assumere oneri finanziari connessi al rimpatrio della salma o alla sepoltura in loco.<\/p>\n","protected":false},"excerpt":{"rendered":"La Cancelleria consolare di Bucarest pu\u00f2 effettuare i seguenti interventi di assistenza a favore dei cittadini italiani in Romania (l\u2019elenco \u00e8 esemplificativo e non esaustivo di tutte le attivit\u00e0 di assistenza): \u2022 assistenza ai detenuti &gt; cliccare qui per scaricare la Guida Pratica per i Detenuti all\u2019estero \u2013 PDF ITA \u2022 assistenza indiretta attraverso Associazioni [&hellip;]","protected":false},"author":1,"featured_media":0,"parent":47,"menu_order":2,"comment_status":"closed","ping_status":"closed","template":"","meta":{"footnotes":""},"class_list":["post-69","page","type-page","status-publish","hentry"],"_links":{"self":[{"href":"https:\/\/ambbucarest.esteri.it\/it\/wp-json\/wp\/v2\/pages\/69","targetHints":{"allow":["GET"]}}],"collection":[{"href":"https:\/\/ambbucarest.esteri.it\/it\/wp-json\/wp\/v2\/pages"}],"about":[{"href":"https:\/\/ambbucarest.esteri.it\/it\/wp-json\/wp\/v2\/types\/page"}],"author":[{"embeddable":true,"href":"https:\/\/ambbucarest.esteri.it\/it\/wp-json\/wp\/v2\/users\/1"}],"replies":[{"embeddable":true,"href":"https:\/\/ambbucarest.esteri.it\/it\/wp-json\/wp\/v2\/comments?post=69"}],"version-history":[{"count":8,"href":"https:\/\/ambbucarest.esteri.it\/it\/wp-json\/wp\/v2\/pages\/69\/revisions"}],"predecessor-version":[{"id":7644,"href":"https:\/\/ambbucarest.esteri.it\/it\/wp-json\/wp\/v2\/pages\/69\/revisions\/7644"}],"up":[{"embeddable":true,"href":"https:\/\/ambbucarest.esteri.it\/it\/wp-json\/wp\/v2\/pages\/47"}],"wp:attachment":[{"href":"https:\/\/ambbucarest.esteri.it\/it\/wp-json\/wp\/v2\/media?parent=69"}],"curies":[{"name":"wp","href":"https:\/\/api.w.org\/{rel}","templated":true}]}}