{"id":71,"date":"2023-04-11T18:19:16","date_gmt":"2023-04-11T16:19:16","guid":{"rendered":"https:\/\/ambasciatapraga.esteri.it\/?page_id=71"},"modified":"2026-03-31T13:34:27","modified_gmt":"2026-03-31T10:34:27","slug":"servizi-notarili","status":"publish","type":"page","link":"https:\/\/ambbucarest.esteri.it\/it\/servizi-consolari-e-visti\/servizi-per-il-cittadino-italiano\/servizi-notarili\/","title":{"rendered":"Servizi notarili"},"content":{"rendered":"<div>\n<p><strong>Gli appuntamenti per l&#8217;Ufficio Notarile si prenotano <u>solo<\/u> tramite la casella di posta<\/strong>: \u00a0<a href=\"mailto:bucarest.notifiche@esteri.it\">bucarest.notifiche@esteri.it<\/a>.<\/p>\n<p>In base alla normativa vigente (D. Lgs. nr. 71\/2011) il servizio notarile \u00e8 <strong><u>dovuto unicamente ai cittadini italiani che si trovino all\u2019estero in via permanente o temporanea<\/u><\/strong>. I doppi cittadini dovranno esibire documento di identit\u00e0 italiano valido. Per la sottoscrizione di atti notarili ed altri servizi da far valere dinanzi alle Autorit\u00e0 italiane, i cittadini stranieri dovranno rivolgersi ad un notaio pubblico in Romania.<\/p>\n<p>Si fa presente che esistono alcune differenze tra le competenze consolari in materia notarile e quelle attribuite ai notai esercenti in Italia, sostanzialmente connesse alla diversa posizione del Capo della Rappresentanza consolare, funzionario dello Stato, e quella del notaio, libero professionista. In particolare:<\/p>\n<ul>\n<li>il notaio pu\u00f2 anche essere chiamato a fungere da consulente legale del cliente; egli pertanto pu\u00f2 assumere informazioni circa la solvibilit\u00e0 di una persona o agire da mediatore in una transazione, oppure consigliare il cliente circa rapporti familiari o finanziari.\u00a0\u00c8<strong> escluso che l\u2019Autorit\u00e0 consolare possa svolgere attivit\u00e0 analoghe<\/strong>. Il suo consiglio, se richiesto, deve essere limitato al campo giuridico, con particolare riguardo alla validit\u00e0 degli atti che le si domanda di ricevere. La sua assistenza deve limitarsi alla legalit\u00e0 degli atti prospettati e non alla loro utilit\u00e0 economica;<\/li>\n<li>il notaio pu\u00f2 essere a volte il mandatario del cliente rispetto alla pubblicit\u00e0 e alla esecuzione di formalit\u00e0 relative agli atti da lui ricevuti.\u00a0<strong>Nessuna attivit\u00e0 di tale natura pu\u00f2, invece, essere svolta dal Capo della Rappresentanza consolare<\/strong>.<\/li>\n<\/ul>\n<p><strong>In caso di urgenza il connazionale all\u2019estero potr\u00e0, in alternativa, formalizzare gli atti notarili presso un Notaio Pubblico ufficialmente accreditato in Romania. <u>L\u2019atto notarile sar\u00e0 comunque pienamente valido in Italia<\/u><\/strong>. Successivamente, si dovr\u00e0 provvedere a far apporre sul documento l\u2019Apostille, ai sensi della Convenzione de L\u2019Aja del 1961, dalla Camera Notarile e si dovr\u00e0 effettuare la traduzione in lingua italiana predisposta da un traduttore giurato. La firma del traduttore dovr\u00e0 poi essere autenticata dal notaio e la firma di quest\u2019ultimo apostillata dalla Camera Notarile.<\/p>\n<p>Il rilascio di procure e di atti notarili \u00e8 soggetto al versamento di relativa <a href=\"https:\/\/ambbucarest.esteri.it\/wp-content\/uploads\/2026\/03\/Tariffa-Consolare-II-Trimestre-2026.pdf\"><strong>tariffa consolare<\/strong><\/a>.<\/p>\n<p>Gli atti notarili effettuati presso questa Cancelleria consolare <strong><u>sono validi nel solo territorio della Repubblica Italiana e presso le Rappresentanze diplomatico-consolari Italiane<\/u><\/strong>. Il cittadino italiano che si trova in territorio romeno e necessiti di sottoscrivere un atto notarile da far valere in Romania o in Paesi terzi dovr\u00e0 rivolgersi ad un notaio pubblico in Romania.<\/p>\n<p><strong>L\u2019Ufficio Notarile offre i seguenti servizi:<\/strong><\/p>\n<ul>\n<li><a href=\"https:\/\/ambbucarest.esteri.it\/it\/servizi-consolari-e-visti\/servizi-per-il-cittadino-italiano\/servizi-notarili\/procure-generali-e-speciali\/\">Procure generali e speciali<\/a>;<\/li>\n<li><a href=\"https:\/\/ambbucarest.esteri.it\/it\/servizi-consolari-e-visti\/servizi-per-il-cittadino-italiano\/servizi-notarili\/procure-generali-e-speciali\/accettazione-rinuncia-eredita\/\">Accettazione o rinunce ad eredit\u00e0 <\/a><\/li>\n<li><a href=\"https:\/\/ambbucarest.esteri.it\/it\/servizi-consolari-e-visti\/servizi-per-il-cittadino-italiano\/servizi-notarili\/atti-notori\/\">Atti notori <\/a><\/li>\n<li><a href=\"https:\/\/ambbucarest.esteri.it\/it\/servizi-consolari-e-visti\/servizi-per-il-cittadino-italiano\/servizi-notarili\/pratiche-di-cancellazione-di-autovetture-dal-p-r-a-esportazione-veicoli-dallitalia\/\">Pratiche di cancellazione di autovetture dal P.R.A. italiano<\/a><\/li>\n<\/ul>\n<p>ed inoltre:<\/p>\n<ul>\n<li><a href=\"https:\/\/ambbucarest.esteri.it\/it\/servizi-consolari-e-visti\/servizi-per-il-cittadino-italiano\/servizi-notarili\/autenticazione-di-fotocopia-di-atti-e-documenti-foto-firme\/\">Autentica di fotocopie di documenti, firme e foto<\/a>;<\/li>\n<li><a href=\"https:\/\/ambbucarest.esteri.it\/it\/servizi-consolari-e-visti\/servizi-per-il-cittadino-italiano\/servizi-notarili\/certificati-penali\/\">Certificati penali<\/a>;<\/li>\n<li>Sottoscrizione di dichiarazioni sostitutive di atti notoriet\u00e0;<\/li>\n<li><a href=\"https:\/\/ambbucarest.esteri.it\/it\/servizi-consolari-e-visti\/servizi-per-il-cittadino-italiano\/servizi-notarili\/procure-generali-e-speciali\/procure-speciali\/\">Vendita di veicoli<\/a>;<\/li>\n<li><a href=\"https:\/\/ambbucarest.esteri.it\/it\/servizi-consolari-e-visti\/servizi-per-il-cittadino-italiano\/navigazione\/\">Navigazione<\/a>;<\/li>\n<li><a href=\"https:\/\/ambbucarest.esteri.it\/it\/servizi-consolari-e-visti\/servizi-per-il-cittadino-italiano\/servizi-notarili\/disposizioni-anticipate-di-trattamento-dat\/\">Disposizioni Anticipate di Trattamento<\/a>;<\/li>\n<li><a href=\"https:\/\/ambbucarest.esteri.it\/it\/servizi-consolari-e-visti\/servizi-per-il-cittadino-italiano\/servizi-notarili\/certificazione-esecuzione-lavori-eseguiti-allestero-da-imprese-italiane-c-e-l\/\">C.E.L.<\/a><\/li>\n<li><a href=\"https:\/\/ambbucarest.esteri.it\/it\/servizi-consolari-e-visti\/servizi-per-il-cittadino-italiano\/servizi-notarili\/testamento-pubblico\/\">Testamento pubblico<\/a>.<\/li>\n<\/ul>\n<p>&nbsp;<\/p>\n<\/div>\n","protected":false},"excerpt":{"rendered":"Gli appuntamenti per l&#8217;Ufficio Notarile si prenotano solo tramite la casella di posta: \u00a0bucarest.notifiche@esteri.it. In base alla normativa vigente (D. Lgs. nr. 71\/2011) il servizio notarile \u00e8 dovuto unicamente ai cittadini italiani che si trovino all\u2019estero in via permanente o temporanea. I doppi cittadini dovranno esibire documento di identit\u00e0 italiano valido. Per la sottoscrizione di [&hellip;]","protected":false},"author":1,"featured_media":0,"parent":47,"menu_order":13,"comment_status":"closed","ping_status":"closed","template":"","meta":{"footnotes":""},"class_list":["post-71","page","type-page","status-publish","hentry"],"_links":{"self":[{"href":"https:\/\/ambbucarest.esteri.it\/it\/wp-json\/wp\/v2\/pages\/71","targetHints":{"allow":["GET"]}}],"collection":[{"href":"https:\/\/ambbucarest.esteri.it\/it\/wp-json\/wp\/v2\/pages"}],"about":[{"href":"https:\/\/ambbucarest.esteri.it\/it\/wp-json\/wp\/v2\/types\/page"}],"author":[{"embeddable":true,"href":"https:\/\/ambbucarest.esteri.it\/it\/wp-json\/wp\/v2\/users\/1"}],"replies":[{"embeddable":true,"href":"https:\/\/ambbucarest.esteri.it\/it\/wp-json\/wp\/v2\/comments?post=71"}],"version-history":[{"count":7,"href":"https:\/\/ambbucarest.esteri.it\/it\/wp-json\/wp\/v2\/pages\/71\/revisions"}],"predecessor-version":[{"id":7841,"href":"https:\/\/ambbucarest.esteri.it\/it\/wp-json\/wp\/v2\/pages\/71\/revisions\/7841"}],"up":[{"embeddable":true,"href":"https:\/\/ambbucarest.esteri.it\/it\/wp-json\/wp\/v2\/pages\/47"}],"wp:attachment":[{"href":"https:\/\/ambbucarest.esteri.it\/it\/wp-json\/wp\/v2\/media?parent=71"}],"curies":[{"name":"wp","href":"https:\/\/api.w.org\/{rel}","templated":true}]}}