{"id":72,"date":"2023-04-11T18:19:34","date_gmt":"2023-04-11T16:19:34","guid":{"rendered":"https:\/\/ambasciatapraga.esteri.it\/?page_id=72"},"modified":"2026-04-17T09:46:13","modified_gmt":"2026-04-17T06:46:13","slug":"pensioni-e-sicurezza-sociale","status":"publish","type":"page","link":"https:\/\/ambbucarest.esteri.it\/it\/servizi-consolari-e-visti\/servizi-per-il-cittadino-italiano\/pensioni-e-sicurezza-sociale\/","title":{"rendered":"Pensioni e sicurezza sociale"},"content":{"rendered":"<p>La Cancelleria consolare rilascia ai fini pensionistici i <strong>certificati di\u00a0esistenza in vita<\/strong> su richiesta dell\u2019interessato. <strong>Nel ricordare l\u2019importanza della procedura di accertamento dell\u2019esistenza in vita, al fine di evitare che l\u2019erogazione dei pagamenti venga bloccata,<\/strong> si fa presente che l\u2019Ufficio pu\u00f2 fornire <strong>solo assistenza generale<\/strong> ai pensionati, ma\u00a0non\u00a0gestisce direttamente le pratiche pensionistiche, per le quali si potr\u00e0 chiedere\u00a0assistenza agli Enti e\/o Professionisti specializzati in materia seguendo il link <a href=\"https:\/\/ambbucarest.esteri.it\/wp-content\/uploads\/2026\/01\/PATRONATI-IN-ROMANIA.pdf\"><strong>Patronati<\/strong><\/a>. Per informazioni in materia di pensioni, si prega di consultare la pagina web <a href=\"https:\/\/www.inps.it\/it\/it.html\"><strong>Portale Inps &#8211; Home<\/strong><\/a><\/p>\n<p>Come da prassi, la Citibank N.A. avvier\u00e0 la verifica dell\u2019esistenza in vita con la spedizione della lettera esplicativa ed un <strong>modulo standard<\/strong> di attestazione ai pensionati (fac-simile disponibile<strong>\u00a0<\/strong><a href=\"https:\/\/ambbucarest.esteri.it\/wp-content\/uploads\/2024\/01\/allegato_n.1_msg_inps_794.docx\"><strong>qui<\/strong><\/a>\u00a0).<\/p>\n<p>Nel caso in cui il pensionato si trovi in stato di infermit\u00e0 fisica o mentale, o si tratti di pensionati che risiedono in istituti di riposo o sanitari, pubblici o privati, o di pensionati affetti da patologie che ne impediscano gli spostamenti o di soggetti incapaci o reclusi in istituti di detenzione, \u00e8 necessario contattare il Servizio di supporto di Citi, che render\u00e0 disponibile il <strong>modulo alternativo<\/strong> di certificazione di esistenza in vita (fac-simile disponibile<a href=\"https:\/\/ambbucarest.esteri.it\/wp-content\/uploads\/2024\/01\/allegato_n.2_msg_inps_794.docx\"><strong>\u00a0qui<\/strong>\u00a0<\/a>).<\/p>\n<p>Si consiglia di leggere attentamente l\u2019intera comunicazione disponibile nei link a fine pagina.<\/p>\n<p><strong>Si ricorda infine l\u2019importanza della procedura di accertamento dell\u2019esistenza in vita, al fine di evitare che l\u2019erogazione dei pagamenti venga bloccata<\/strong><strong>.<\/strong><\/p>\n<p>Con l\u2019intento di gestire le numerose richieste ed organizzare al meglio il lavoro di questi uffici, la Cancelleria Consolare dell\u2019Ambasciata tratter\u00e0 le pratiche di certificazione di esistenza in vita esclusivamente il\u00a0<strong><u>gioved\u00ec dalle ore 09:00 alle ore 13:00<\/u><\/strong>.\u00a0Si ricorda che oltre al modello del certificato, l\u2019utente deve presentare una <strong>fotocopia<\/strong> su foglio A4 del <strong>proprio documento d\u2019identit\u00e0 in corso di validit\u00e0<\/strong>.<\/p>\n<p><strong>\u00a0<\/strong><\/p>\n<p><strong>ATTENZIONE<\/strong><\/p>\n<p>Si comunica che <strong><u>a partire dal prossimo 01.09.2026<\/u><\/strong>, al fine di razionalizzare il servizio di ricevimento dell\u2019utenza e diminuire i tempi di attesa allo sportello, i<strong> titolari di pensione <\/strong>che vogliono effettuare presso la Cancelleria consolare dell\u2019Ambasciata d\u2019Italia a Bucarest la pratica di convalida del certificato di esistenza in vita <strong><u>VERRANNO RICEVUTI ESCLUSIVAMENTE PREVIA PRENOTAZIONE<\/u><\/strong>, che potranno richiedere mediante la piattaforma web Prenot@mi (<a href=\"https:\/\/prenotami.esteri.it\/\"><strong>https:\/\/prenotami.esteri.it\/<\/strong><\/a>). Si prega di prendere attenta nota di questo cambiamento nella procedura perch\u00e9 <strong>le persone sprovviste di appuntamento non potranno accedere agli uffici. <\/strong><\/p>\n<p>Si informa altres\u00ec che in tutta la Romania sono disponibili opzioni alternative presso i seguenti enti ed uffici, accettate dalla Citibank, per convalidare il certificato di esistenza in vita:<\/p>\n<ol>\n<li><strong><u>Enti Previdenziali Romeni<\/u><\/strong><\/li>\n<\/ol>\n<p>L&#8217;autorit\u00e0 locale pi\u00f9 celere per lo svolgimento di questa pratica \u00e8 la Casa Jude\u021bean\u0103 de Pensii (Casa Provinciale Pensioni) competente territorialmente per la zona di residenza. I funzionari possono gestire i moduli per le convenzioni internazionali di previdenza sociale e possono apporre il timbro come &#8220;testimoni accettabili&#8221;. Il servizio \u00e8 gratuito.<\/p>\n<ol start=\"2\">\n<li><strong><u>Autorit\u00e0 Amministrative Romene<\/u><\/strong><\/li>\n<\/ol>\n<p>&#8211; Consiglio locale \/ Consiliul local<\/p>\n<p>&#8211; Comune \/ Primarie (qualsiasi Ufficio del Comune)<\/p>\n<p>&#8211; Uffici di Polizia del Ministero dell\u2019Interno romeno<\/p>\n<p>&#8211; Enti del Ministero della Giustizia (Tribunal, Judecatorie, ecc)<\/p>\n<p>Il servizio \u00e8 gratuito.<\/p>\n<ol start=\"3\">\n<li><strong><u>Studi Notarili<\/u><\/strong><\/li>\n<\/ol>\n<p>Questa opzione potrebbe prevedere il pagamento di una tariffa professionale.<\/p>\n<ol start=\"4\">\n<li><strong><u>Rete Consolare Onoraria <\/u><\/strong><\/li>\n<\/ol>\n<p>I Consoli Onorari d\u2019Italia sono autorizzati a vidimare i certificati di esistenza in vita.<br \/>\nIl servizio \u00e8 gratuito<em>. <\/em><\/p>\n<p><a href=\"https:\/\/ambbucarest.esteri.it\/it\/chi-siamo\/la-rete-consolare\">https:\/\/ambbucarest.esteri.it\/it\/chi-siamo\/la-rete-consolare<\/a><\/p>\n<ol start=\"5\">\n<li><strong><u>In caso di ricovero o impedimento fisico<\/u><\/strong><\/li>\n<\/ol>\n<p>Qualora l\u2019utente fosse impossibilitato ad uscire di casa per motivi di salute o sia ricoverato in una struttura sanitaria (ospedale, clinica di lunga degenza) oppure residente presso una casa di riposo, Citibank accetta la firma di un medico curante o del personale direttivo della struttura di degenza, che dovr\u00e0 timbrare il modulo cartaceo attestando lo stato di salute e l&#8217;esistenza in vita. Il servizio \u00e8 gratuito.<\/p>\n<p>Chi <strong>non avesse ricevuto il certificato di esistenza in vita per posta<\/strong>, pu\u00f2 ottenerlo rivolgendosi ad uno dei <strong>Patronati Italiani<\/strong> in Romania, che sono abilitati a scaricarlo dalla pagina web della Citibank.<\/p>\n<p>Per quanto riguarda invece <strong>l\u2019invio del certificato convalidato alla Citibank<\/strong>, l&#8217;alternativa pi\u00f9 semplice \u00e8 di presentarlo sempre ad uno dei <strong>Patronati Italiani<\/strong>, che provveder\u00e0 al caricamento sulla pagina web della Citibank per via telematica.<\/p>\n<p>I Patronati Italiani sono presenti in diverse citt\u00e0 della Romania ed offrono entrambi i servizi gratuitamente (link <a href=\"https:\/\/ambbucarest.esteri.it\/wp-content\/uploads\/2026\/01\/PATRONATI-IN-ROMANIA.pdf\"><strong>Patronati<\/strong><\/a>).<\/p>\n<p><a href=\"https:\/\/ambbucarest.esteri.it\/wp-content\/uploads\/2025\/03\/15961_Messaggio-numero-890-del-13-03-2025-1.pdf\"><strong>MESSAGGIO INPS \u2013 Certificazioni esistenze in vita 2025-2026<\/strong><\/a><\/p>\n<p><a href=\"https:\/\/ambbucarest.esteri.it\/wp-content\/uploads\/2026\/04\/1043013316492_Messaggio-numero-3863-del-19-12-2025.pdf\"><strong>MESSAGGIO INPS \u2013 Certificazioni esistenza in vita \u2013 prima fase 2026<\/strong><\/a><\/p>\n","protected":false},"excerpt":{"rendered":"La Cancelleria consolare rilascia ai fini pensionistici i certificati di\u00a0esistenza in vita su richiesta dell\u2019interessato. Nel ricordare l\u2019importanza della procedura di accertamento dell\u2019esistenza in vita, al fine di evitare che l\u2019erogazione dei pagamenti venga bloccata, si fa presente che l\u2019Ufficio pu\u00f2 fornire solo assistenza generale ai pensionati, ma\u00a0non\u00a0gestisce direttamente le pratiche pensionistiche, per le quali [&hellip;]","protected":false},"author":1,"featured_media":0,"parent":47,"menu_order":11,"comment_status":"closed","ping_status":"closed","template":"","meta":{"footnotes":""},"class_list":["post-72","page","type-page","status-publish","hentry"],"_links":{"self":[{"href":"https:\/\/ambbucarest.esteri.it\/it\/wp-json\/wp\/v2\/pages\/72","targetHints":{"allow":["GET"]}}],"collection":[{"href":"https:\/\/ambbucarest.esteri.it\/it\/wp-json\/wp\/v2\/pages"}],"about":[{"href":"https:\/\/ambbucarest.esteri.it\/it\/wp-json\/wp\/v2\/types\/page"}],"author":[{"embeddable":true,"href":"https:\/\/ambbucarest.esteri.it\/it\/wp-json\/wp\/v2\/users\/1"}],"replies":[{"embeddable":true,"href":"https:\/\/ambbucarest.esteri.it\/it\/wp-json\/wp\/v2\/comments?post=72"}],"version-history":[{"count":7,"href":"https:\/\/ambbucarest.esteri.it\/it\/wp-json\/wp\/v2\/pages\/72\/revisions"}],"predecessor-version":[{"id":7883,"href":"https:\/\/ambbucarest.esteri.it\/it\/wp-json\/wp\/v2\/pages\/72\/revisions\/7883"}],"up":[{"embeddable":true,"href":"https:\/\/ambbucarest.esteri.it\/it\/wp-json\/wp\/v2\/pages\/47"}],"wp:attachment":[{"href":"https:\/\/ambbucarest.esteri.it\/it\/wp-json\/wp\/v2\/media?parent=72"}],"curies":[{"name":"wp","href":"https:\/\/api.w.org\/{rel}","templated":true}]}}