{"id":726,"date":"2023-11-14T09:36:55","date_gmt":"2023-11-14T07:36:55","guid":{"rendered":"https:\/\/ambbucarest.esteri.it\/?page_id=726"},"modified":"2024-07-04T09:33:19","modified_gmt":"2024-07-04T06:33:19","slug":"2-requisiti-per-la-richiesta-della-cittadinanza","status":"publish","type":"page","link":"https:\/\/ambbucarest.esteri.it\/it\/servizi-consolari-e-visti\/servizi-per-il-cittadino-straniero\/cittadinanza\/cittadinanza-per-matrimonio-o-unione-civile-ai-sensi-dellart-5-l-91-92\/2-requisiti-per-la-richiesta-della-cittadinanza\/","title":{"rendered":"2. Requisiti per la richiesta della cittadinanza"},"content":{"rendered":"<p><strong><u>Residenza nella circoscrizione consolare:<\/u><\/strong><\/p>\n<ul>\n<li>Il richiedente dovr\u00e0 indirizzare la domanda alla Rappresentanza diplomatico-consolare\u00a0<u>competente per la sua residenza<\/u> (vedasi Punto 4, Procedura, Fase 1-Registrazione e inserimento istanza);<\/li>\n<li>Il coniuge\/parte dell\u2019unione civile di nazionalit\u00e0 italiana\u00a0<u>deve essere residente e regolarmente iscritto all\u2019Anagrafe degli Italiani residenti all\u2019estero (A.I.R.E.)<\/u>della circoscrizione consolare di competenza\u00a0<u>e convivente allo stesso indirizzo<\/u>\u00a0del richiedente la cittadinanza. In caso contrario, dovr\u00e0 fornire documentazione comprovante la motivazione (es. lavoro, scolarit\u00e0 dei figli, cure mediche o altro), che determina o ha determinato la necessit\u00e0 di domicilio disgiunto.<\/li>\n<\/ul>\n<p><strong><u>Termini di presentazione<\/u><\/strong>:<\/p>\n<ul>\n<li>la domanda pu\u00f2 essere presentata tre anni dopo la celebrazione del matrimonio\/unione civile, se il coniuge \u00e8 cittadino italiano iure sanguinis, cio\u00e8 dalla nascita. Se il coniuge ha acquisito la cittadinanza successivamente al matrimonio (ad esempio, per residenza in Italia), i tre anni decorrono dalla data della naturalizzazione del coniuge. I tre anni vengono ridotti a un anno e mezzo in presenza di figli minori nati o adottati dai coniugi.<\/li>\n<\/ul>\n<p><strong><u>Trascrizione e validit\u00e0 del matrimonio\/unione civile:<\/u><\/strong><\/p>\n<ul>\n<li>se avvenuto all\u2019estero, deve essere stato precedentemente trascritto presso un Comune in Italia;<\/li>\n<li>il vincolo di coniugio\/unione civile deve rimanere valido e stabile fino all\u2019adozione del provvedimento di concessione della cittadinanza. Al fine del conferimento della cittadinanza italiana, alla data di adozione del decreto non deve essere intervenuto lo scioglimento del matrimonio\/unione civile per separazione personale o divorzio. Invece, il decesso del coniuge dopo la presentazione della domanda di cittadinanza non comporta la decadenza del beneficio.<\/li>\n<\/ul>\n<p><strong><u>Situazione penale<\/u><\/strong>:<\/p>\n<ul>\n<li>assenza\u00a0di sentenze di condanna da parte delle Autorit\u00e0 giudiziarie italiane per reati per i quali sia prevista una pena superiore a tre anni di reclusione;<\/li>\n<li>assenza\u00a0di sentenze di condanna da parte delle Autorit\u00e0 giudiziarie straniere ad una pena superiore ad un anno per reati non politici;<\/li>\n<li>assenza\u00a0di condanne per delitti contro la personalit\u00e0 dello Stato e di motivi ostativi per la sicurezza della Repubblica;<\/li>\n<\/ul>\n<p><strong><u>Conoscenza della lingua italiana\u00a0non inferiore a livello B1 del Quadro Comune Europeo di Riferimento (QCER)<\/u><\/strong>.<\/p>\n<p><strong><u>Pagamento\u00a0delle tasse e percezioni indicate nelle sezioni documenti e costi<\/u><\/strong>.<\/p>\n<p>&nbsp;<\/p>\n","protected":false},"excerpt":{"rendered":"Residenza nella circoscrizione consolare: Il richiedente dovr\u00e0 indirizzare la domanda alla Rappresentanza diplomatico-consolare\u00a0competente per la sua residenza (vedasi Punto 4, Procedura, Fase 1-Registrazione e inserimento istanza); Il coniuge\/parte dell\u2019unione civile di nazionalit\u00e0 italiana\u00a0deve essere residente e regolarmente iscritto all\u2019Anagrafe degli Italiani residenti all\u2019estero (A.I.R.E.)della circoscrizione consolare di competenza\u00a0e convivente allo stesso indirizzo\u00a0del richiedente la cittadinanza. [&hellip;]","protected":false},"author":8,"featured_media":0,"parent":718,"menu_order":0,"comment_status":"closed","ping_status":"closed","template":"","meta":{"footnotes":""},"class_list":["post-726","page","type-page","status-publish","hentry"],"_links":{"self":[{"href":"https:\/\/ambbucarest.esteri.it\/it\/wp-json\/wp\/v2\/pages\/726","targetHints":{"allow":["GET"]}}],"collection":[{"href":"https:\/\/ambbucarest.esteri.it\/it\/wp-json\/wp\/v2\/pages"}],"about":[{"href":"https:\/\/ambbucarest.esteri.it\/it\/wp-json\/wp\/v2\/types\/page"}],"author":[{"embeddable":true,"href":"https:\/\/ambbucarest.esteri.it\/it\/wp-json\/wp\/v2\/users\/8"}],"replies":[{"embeddable":true,"href":"https:\/\/ambbucarest.esteri.it\/it\/wp-json\/wp\/v2\/comments?post=726"}],"version-history":[{"count":2,"href":"https:\/\/ambbucarest.esteri.it\/it\/wp-json\/wp\/v2\/pages\/726\/revisions"}],"predecessor-version":[{"id":4837,"href":"https:\/\/ambbucarest.esteri.it\/it\/wp-json\/wp\/v2\/pages\/726\/revisions\/4837"}],"up":[{"embeddable":true,"href":"https:\/\/ambbucarest.esteri.it\/it\/wp-json\/wp\/v2\/pages\/718"}],"wp:attachment":[{"href":"https:\/\/ambbucarest.esteri.it\/it\/wp-json\/wp\/v2\/media?parent=726"}],"curies":[{"name":"wp","href":"https:\/\/api.w.org\/{rel}","templated":true}]}}