{"id":735,"date":"2023-11-14T09:44:51","date_gmt":"2023-11-14T07:44:51","guid":{"rendered":"https:\/\/ambbucarest.esteri.it\/?page_id=735"},"modified":"2024-07-04T10:21:38","modified_gmt":"2024-07-04T07:21:38","slug":"4-procedura","status":"publish","type":"page","link":"https:\/\/ambbucarest.esteri.it\/it\/servizi-consolari-e-visti\/servizi-per-il-cittadino-straniero\/cittadinanza\/cittadinanza-per-matrimonio-o-unione-civile-ai-sensi-dellart-5-l-91-92\/4-procedura\/","title":{"rendered":"4. PROCEDURA"},"content":{"rendered":"<p><strong>a) FASE 1 \u2013 REGISTRAZIONE<\/strong><\/p>\n<p><u>Il richiedente dovr\u00e0 effettuare la registrazione sul portale del Ministero dell\u2019Interno<\/u>\u00a0(clicca\u00a0<a href=\"https:\/\/www.interno.gov.it\/it\/temi\/cittadinanza-e-altri-diritti-civili\/cittadinanza\/cittadinanza-invia-tua-domanda\"><strong>QUI<\/strong><\/a>), senza l\u2019utilizzo di SPID ma con il proprio indirizzo e-mail. Si precisa che\u00a0<strong><u>l\u2019indirizzo email dichiarato sul portale in fase di inoltro della domanda on line costituisce domicilio eletto<\/u><\/strong>\u00a0(art. 47 c.c.), si rende pertanto necessaria una frequente consultazione della propria casella di posta elettronica in quanto tutte le comunicazioni relative alla domanda di cittadinanza, ivi comprese richieste di integrazione documentale, convocazioni, notifiche di provvedimenti, ecc. avverranno UNICAMENTE tramite canale informatico.<\/p>\n<p><strong>Il richiedente \u00e8 tenuto a registrare i propri dati con la massima attenzione in quanto questi potranno essere modificati e, in caso di errore, si dovr\u00e0 procedere ad una nuova registrazione con altro indirizzo e-mail<\/strong>. In particolare, andranno riportate le generalit\u00e0 indicate nell\u2019atto di nascita (incluse eventuali annotazioni) e\/o atti e documenti formati all\u2019estero dalle competenti autorit\u00e0 straniere (quali atti di matrimonio, documenti di identit\u00e0, sentenza di cambio nome\/cognome, etc. ), tutto debitamente legalizzato e munito di traduzione certificata in italiano. In caso di discordanze, il richiedente \u00e8 tenuto a fornire opportuna documentazione giustificativa.<\/p>\n<p>Nella domanda dovr\u00e0 essere dichiarata l\u2019eventuale convivenza di figli minori del\/della richiedente, nati da una precedente relazione.<\/p>\n<p>Si dovranno dichiarare tutte le residenze dal quattordicesimo anno e non lasciare periodi di tempo non dichiarati.<\/p>\n<p><strong>Qualsiasi domanda di carattere tecnico o di contenuto relativa all\u2019istanza online dovr\u00e0 essere risolta rivolgendosi direttamente al Ministero dell\u2019Interno che ha predisposto un servizio di assistenza con FAQ e HelpDesk dedicati<\/strong>\u00a0(clicca\u00a0<a href=\"http:\/\/selfhdext.dlci.interno.it\/shd\/?referer=ALI\"><strong>QUI<\/strong><\/a>).<\/p>\n<p><strong>FASE 2 \u2013 VERIFICA CONSOLARE<\/strong><\/p>\n<p>L\u2019Ufficio Consolare sar\u00e0 automaticamente informato della presentazione della domanda e proceder\u00e0 alle necessarie VERIFICHE.<br \/>\nIl richiedente ricever\u00e0 quindi, in modalit\u00e0 telematica tramite il portale del Ministero dell\u2019Interno, una comunicazione relativa all\u2019accettazione o al rifiuto della propria pratica.<\/p>\n<p>In caso di rifiuto della domanda, si potr\u00e0 ripresentare la domanda avendo cura di sanare gli errori indicati nel rifiuto stesso e si potranno riutilizzare i pagamenti gi\u00e0 effettuati, se si ripresenta la domanda entro un anno.<\/p>\n<p>In caso di accettazione della domanda, il richiedente sar\u00e0 convocato, per via telematica, presso la Rappresentanza diplomatico-consolare per l\u2019autentica della firma apposta sulla domanda di cittadinanza, per la consegna di tutta la documentazione cartacea IN ORIGINALE, ivi compresa quella gi\u00e0 trasmessa per via telematica tramite il Portale, per la riscossione delle percezioni consolari previste.<\/p>\n<p>Tutta la documentazione di cui sopra sar\u00e0 conservata in originale dalla Rappresentanza diplomatico-consolare, ad eccezione del documento di identit\u00e0 e del certificato linguistico, per i quali verr\u00e0 effettuata una copia conforme con relativi pagamenti.<\/p>\n<p><strong>FASE 3 \u2013 VALUTAZIONE e TERMINI DEL PROCEDIMENTO<\/strong><\/p>\n<p>La valutazione della domanda e la definizione del procedimento sono di esclusiva competenza del Ministero dell\u2019Interno, entro 24 mesi dalla data di presentazione della domanda, prorogabili fino al massimo di 36 mesi. Qualora al termine della valutazione della pratica il procedimento si concluda positivamente, il Ministero dell\u2019Interno invier\u00e0 il Decreto di conferimento di cittadinanza italiana alla Rappresentanza diplomatico-consolare competente per residenza dell\u2019interessato\/a.<\/p>\n<p><strong>FASE 4 \u2013 DECRETO, NOTIFICA E GIURAMENTO<\/strong><\/p>\n<p>Il Decreto di conferimento della cittadinanza italiana verr\u00e0 notificato \u2013 tramite portale \u2013 con comunicazione indirizzata all\u2019email indicata dal richiedente in fase di registrazione. All\u2019atto della notifica verranno altres\u00ec richiesti documenti \u2013 previsti dalla normativa nazionale \u2013 volti a verificare la permanenza del vincolo coniugale, con data successiva al decreto, quali, ad esempio (elenco non esaustivo):<\/p>\n<ol>\n<li><strong>nuovo Certificato Penale Romeno\u00a0<\/strong>(certificat de cazier judiciar), munito di apostille e traduzione certificata (vedi\u00a0<a href=\"https:\/\/ambbucarest.esteri.it\/it\/servizi-consolari-e-visti\/servizi-per-il-cittadino-straniero\/traduzione-e-legalizzazione-dei-documenti\/\"><strong>QUI<\/strong><\/a>), rilasciato in data successiva alla data del Decreto di cui sopra. IMPORTANTE: il Certificato Penale deve riportare le generalit\u00e0 esattamente come indicate nel Decreto di concessione della cittadinanza;<\/li>\n<li><strong>copia dell\u2019Atto Integrale di Matrimonio (non l\u2019Estratto) rilasciato<\/strong>, in data successiva alla data del decreto di cui sopra,\u00a0<strong>dal competente Comune italiano<\/strong>;<\/li>\n<li><strong>certificato integrale di matrimonio emesso dalle competenti autorit\u00e0 dello stato in cui \u00e8 stato celebrato il matrimonio<\/strong>(se diverso dall\u2019Italia), debitamente legalizzato e con traduzione certificata, emesso in data successiva al decreto;<\/li>\n<li><strong>passaporto<\/strong>\u00a0o altro valido documento d\u2019identit\u00e0 e, se del caso, permesso di soggiorno, settled o pre-settled status;<\/li>\n<li><strong>recente prova di indirizzo<\/strong>\u00a0attestante la residenza nella circoscrizione consolare (bollette, estratto conto, ecc., datati e non pi\u00f9 vecchi di tre mesi).<\/li>\n<\/ol>\n<p>Alla data di adozione del decreto, quindi, non deve essere intervenuto lo scioglimento del matrimonio o dell\u2019unione civile n\u00e9 la separazione personale (sentenza di separazione). Invece, il decesso del coniuge avvenuto dopo la presentazione della domanda di cittadinanza non comporta la decedenza del beneficio.<\/p>\n<p>Entro e non oltre sei mesi dalla notifica, l\u2019interessato verr\u00e0 convocato presso gli Uffici consolari, per prestare giuramento di fedelt\u00e0 alla Repubblica e alle sue leggi. Il termine di sei mesi \u00e8 tassativo, decorso il quale si perder\u00e0 il diritto al conseguimento della cittadinanza.<br \/>\n\u00c8 previsto il pagamento della marca da bollo sul decreto.<br \/>\nLa persona interessata prester\u00e0 giuramento di fedelt\u00e0 alla Repubblica italiana pronunciando le parole:<\/p>\n<p>\u201cGIURO DI ESSERE FEDELE ALLA REPUBBLICA E DI OSSERVARE LA\u00a0<a href=\"https:\/\/www.cortecostituzionale.it\/documenti\/download\/pdf\/Costituzione_della_Repubblica_italiana.pdf\"><strong>COSTITUZIONE<\/strong><\/a>\u00a0 E LE LEGGI DELLO STATO\u201d<\/p>\n<p>Gli effetti del giuramento, ovvero l\u2019acquisto della cittadinanza italiana, saranno efficaci a partire dal giorno successivo a quello del giuramento.<\/p>\n<p>Il certificato di nascita originale sar\u00e0 inviato per la trascrizione al Comune italiano di riferimento insieme alla richiesta di iscrizione all\u2019AIRE e al verbale dell\u2019avvenuto giuramento.<\/p>\n<p>&nbsp;<\/p>\n<p>&nbsp;<\/p>\n<p><strong>\u00a0<\/strong><\/p>\n<p>&nbsp;<\/p>\n<p>&nbsp;<\/p>\n<p>&nbsp;<\/p>\n","protected":false},"excerpt":{"rendered":"a) FASE 1 \u2013 REGISTRAZIONE Il richiedente dovr\u00e0 effettuare la registrazione sul portale del Ministero dell\u2019Interno\u00a0(clicca\u00a0QUI), senza l\u2019utilizzo di SPID ma con il proprio indirizzo e-mail. Si precisa che\u00a0l\u2019indirizzo email dichiarato sul portale in fase di inoltro della domanda on line costituisce domicilio eletto\u00a0(art. 47 c.c.), si rende pertanto necessaria una frequente consultazione della propria [&hellip;]","protected":false},"author":8,"featured_media":0,"parent":718,"menu_order":0,"comment_status":"closed","ping_status":"closed","template":"","meta":{"footnotes":""},"class_list":["post-735","page","type-page","status-publish","hentry"],"_links":{"self":[{"href":"https:\/\/ambbucarest.esteri.it\/it\/wp-json\/wp\/v2\/pages\/735","targetHints":{"allow":["GET"]}}],"collection":[{"href":"https:\/\/ambbucarest.esteri.it\/it\/wp-json\/wp\/v2\/pages"}],"about":[{"href":"https:\/\/ambbucarest.esteri.it\/it\/wp-json\/wp\/v2\/types\/page"}],"author":[{"embeddable":true,"href":"https:\/\/ambbucarest.esteri.it\/it\/wp-json\/wp\/v2\/users\/8"}],"replies":[{"embeddable":true,"href":"https:\/\/ambbucarest.esteri.it\/it\/wp-json\/wp\/v2\/comments?post=735"}],"version-history":[{"count":4,"href":"https:\/\/ambbucarest.esteri.it\/it\/wp-json\/wp\/v2\/pages\/735\/revisions"}],"predecessor-version":[{"id":4842,"href":"https:\/\/ambbucarest.esteri.it\/it\/wp-json\/wp\/v2\/pages\/735\/revisions\/4842"}],"up":[{"embeddable":true,"href":"https:\/\/ambbucarest.esteri.it\/it\/wp-json\/wp\/v2\/pages\/718"}],"wp:attachment":[{"href":"https:\/\/ambbucarest.esteri.it\/it\/wp-json\/wp\/v2\/media?parent=735"}],"curies":[{"name":"wp","href":"https:\/\/api.w.org\/{rel}","templated":true}]}}