{"id":7357,"date":"2026-02-02T13:27:04","date_gmt":"2026-02-02T11:27:04","guid":{"rendered":"https:\/\/ambbucarest.esteri.it\/?page_id=7357"},"modified":"2026-03-09T15:18:49","modified_gmt":"2026-03-09T13:18:49","slug":"denunce-di-fatti-o-eventi-esposti-querele-e-remissioni-di-querela","status":"publish","type":"page","link":"https:\/\/ambbucarest.esteri.it\/it\/servizi-consolari-e-visti\/servizi-per-il-cittadino-italiano\/servizi-notarili\/denunce-di-fatti-o-eventi-esposti-querele-e-remissioni-di-querela\/","title":{"rendered":"DENUNCE DI FATTI O EVENTI, ESPOSTI, QUERELE E REMISSIONI DI QUERELA"},"content":{"rendered":"<p>\u00c8 possibile presentare, presso questo Ufficio Notarile, denunce di fatti o eventi avvenuti o aventi rilevanza in Italia, querele ed esposti. \u00c8 possibile altres\u00ec revocare una querela precedentemente presentata tramite atti di remissione di querela.<\/p>\n<p><strong>MODALIT\u00c0 DI PRENOTAZIONE DELL\u2019APPUNTAMENTO E COSTO DEL SERVIZIO<\/strong><\/p>\n<p>Gli interessati dovranno richiedere un appuntamento scrivendo all\u2019indirizzo <a href=\"mailto:consolato.bucarest@esteri.it\">consolato.bucarest@esteri.it<\/a>. L\u2019email di richiesta dovr\u00e0 contenere:<\/p>\n<ol>\n<li>Scansione di un proprio documento di identit\u00e0 in corso di validit\u00e0;<\/li>\n<li>Il testo che si intende presentare, in formato modificabile (ad es.: Word) compilato per intero in lingua italiana, ma NON firmato. Per le denunce aventi ad oggetto questioni pi\u00f9 semplici, gli interessati potranno compilare essi stessi il\u00a0<a href=\"https:\/\/ambbucarest.esteri.it\/wp-content\/uploads\/2026\/02\/denuncia_generica_-_modello.docx\"><strong><u>Modello di denuncia generico<\/u><\/strong><\/a>. Per denunce relative a vicende pi\u00f9 complesse, esposti, querele e relative remissioni, andr\u00e0 invece allegato un testo redatto da un legale. Un elenco non esaustivo di professionisti noti a questo Consolato \u00e8 disponibile a\u00a0<a href=\"https:\/\/ambbucarest.esteri.it\/wp-content\/uploads\/2026\/03\/Elenco-studi-legali-2026.pdf\"><strong><u>questa pagina<\/u><\/strong><\/a>;<\/li>\n<li>Indicazioni circa l\u2019indirizzo email PEC dell\u2019Ufficio in Italia (Questura, Commissariato o Procura della Repubblica) al quale si desidera venga inoltrata scansione dell\u2019atto una volta conclusa la procedura. Solitamente, gli indirizzi email PEC sono rinvenibili sui siti internet degli uffici stessi.<\/li>\n<\/ol>\n<p>Eventuali allegati formato immagine (PDF, JPEG, JPG, \u2026), video o audio\u00a0<strong>non<\/strong>\u00a0dovranno essere anticipati via email. Sar\u00e0 sufficiente che vengano menzionati nel testo della denuncia\/esposto\/querela\/remissione e vengano successivamente inviati dall\u2019interessato, su supporto USB, tramite corriere privato, alla Questura, Commissariato o Procura della Repubblica di interesse.<\/p>\n<p>Una volta verificata l\u2019accettabilit\u00e0 della richiesta, l\u2019Ufficio risponder\u00e0 al richiedente offrendo un appuntamento in Consolato. All\u2019appuntamento verr\u00e0 autenticata la firma dell\u2019interessato sulla denuncia\/esposto\/querela\/remissione, verr\u00e0 sottoscritto un verbale di ricezione del documento, e verranno inviate scansioni della pratica all\u2019Ufficio selezionato.<\/p>\n<p><strong>All\u2019appuntamento, l\u2019interessato dovr\u00e0 portare:<\/strong><\/p>\n<ol>\n<li>Un proprio documento di identit\u00e0 in corso di validit\u00e0;<\/li>\n<li>Il testo che si intende presentare, compilato per intero in lingua italiana, stampato ma <strong>non<\/strong> firmato;<\/li>\n<li>Il supporto USB contenente eventuali allegati;<\/li>\n<li>Il costo del servizio \u00e8 quello indicato all\u2019art. 24, della\u00a0<a href=\"https:\/\/ambbucarest.esteri.it\/wp-content\/uploads\/2026\/03\/Tariffa-Consolare-I-Trimestre-2026.pdf\"><strong><u>Tabella dei diritti consolari<\/u><\/strong><\/a>. Si prega di notare che i pagamenti sono effettuabili in Consolato solamente in contanti (no contactless, no Applepay, no carte di credito).<\/li>\n<\/ol>\n","protected":false},"excerpt":{"rendered":"\u00c8 possibile presentare, presso questo Ufficio Notarile, denunce di fatti o eventi avvenuti o aventi rilevanza in Italia, querele ed esposti. \u00c8 possibile altres\u00ec revocare una querela precedentemente presentata tramite atti di remissione di querela. MODALIT\u00c0 DI PRENOTAZIONE DELL\u2019APPUNTAMENTO E COSTO DEL SERVIZIO Gli interessati dovranno richiedere un appuntamento scrivendo all\u2019indirizzo consolato.bucarest@esteri.it. L\u2019email di richiesta [&hellip;]","protected":false},"author":8,"featured_media":0,"parent":71,"menu_order":0,"comment_status":"closed","ping_status":"closed","template":"","meta":{"footnotes":""},"class_list":["post-7357","page","type-page","status-publish","hentry"],"_links":{"self":[{"href":"https:\/\/ambbucarest.esteri.it\/it\/wp-json\/wp\/v2\/pages\/7357","targetHints":{"allow":["GET"]}}],"collection":[{"href":"https:\/\/ambbucarest.esteri.it\/it\/wp-json\/wp\/v2\/pages"}],"about":[{"href":"https:\/\/ambbucarest.esteri.it\/it\/wp-json\/wp\/v2\/types\/page"}],"author":[{"embeddable":true,"href":"https:\/\/ambbucarest.esteri.it\/it\/wp-json\/wp\/v2\/users\/8"}],"replies":[{"embeddable":true,"href":"https:\/\/ambbucarest.esteri.it\/it\/wp-json\/wp\/v2\/comments?post=7357"}],"version-history":[{"count":4,"href":"https:\/\/ambbucarest.esteri.it\/it\/wp-json\/wp\/v2\/pages\/7357\/revisions"}],"predecessor-version":[{"id":7636,"href":"https:\/\/ambbucarest.esteri.it\/it\/wp-json\/wp\/v2\/pages\/7357\/revisions\/7636"}],"up":[{"embeddable":true,"href":"https:\/\/ambbucarest.esteri.it\/it\/wp-json\/wp\/v2\/pages\/71"}],"wp:attachment":[{"href":"https:\/\/ambbucarest.esteri.it\/it\/wp-json\/wp\/v2\/media?parent=7357"}],"curies":[{"name":"wp","href":"https:\/\/api.w.org\/{rel}","templated":true}]}}