{"id":771,"date":"2023-11-14T11:23:19","date_gmt":"2023-11-14T09:23:19","guid":{"rendered":"https:\/\/ambbucarest.esteri.it\/?page_id=771"},"modified":"2025-04-02T14:44:55","modified_gmt":"2025-04-02T11:44:55","slug":"2-per-discendenza-jure-sanguinis","status":"publish","type":"page","link":"https:\/\/ambbucarest.esteri.it\/it\/servizi-consolari-e-visti\/servizi-per-il-cittadino-straniero\/cittadinanza\/2-per-discendenza-jure-sanguinis\/","title":{"rendered":"2. PER DISCENDENZA \u2013 Jure Sanguinis"},"content":{"rendered":"<p><strong><u>CITTADINANZA ITALIANA PER DISCENDENZA (&#8220;JURE SANGUINIS&#8221;)<\/u><\/strong><\/p>\n<p style=\"text-align: center;\"><strong><em>*** AVVISO IMPORTANTE***<\/em><\/strong><\/p>\n<p style=\"text-align: center;\">*****<\/p>\n<p><strong>IMPORTANTE: Modifiche alla normativa sulla cittadinanza \u201cius sanguinis\u201d<\/strong><\/p>\n<p><strong>Il Consiglio dei Ministri approva modifiche alla legge sulla cittadinanza \u201cius sanguinis\u201d<\/strong><\/p>\n<p>Il Consiglio dei Ministri ha adottato il 28 marzo scorso il \u201cpacchetto cittadinanza\u201d, insieme di misure legislative proposte dal Ministero degli Affari Esteri e della Cooperazione Internazionale per riformare la disciplina in materia di cittadinanza. L\u2019obiettivo delle misure adottate \u00e8 valorizzare il legame effettivo tra l\u2019Italia e il cittadino all\u2019estero. Il Ministro degli Esteri Antonio Tajani ha chiarito che \u201c<em>non verr\u00e0 meno il principio dello ius sanguinis e molti discendenti degli emigrati potranno ancora ottenere la cittadinanza italiana, ma verranno posti limiti precisi soprattutto per evitare abusi o fenomeni di \u201ccommercializzazione\u201d dei passaporti italiani. La cittadinanza deve essere una cosa seria<\/em>\u201d.<\/p>\n<p>La riforma liberer\u00e0 risorse per rendere i servizi consolari pi\u00f9 efficienti, nella misura in cui questi potranno dedicarsi in via esclusiva a chi ne ha una reale necessit\u00e0, in virt\u00f9 del suo concreto legame con l\u2019Italia. Il sistema attuale si ripercuote infatti sull\u2019efficienza degli uffici amministrativi o giudiziari italiani, messi sotto pressione da chi si reca in Italia solo nel tentativo di accelerare l\u2019iter del riconoscimento della cittadinanza, alimentando anche frodi o pratiche scorrette.<\/p>\n<p>Per raggiungere questo obiettivo, si procede in due fasi: alcune norme entrano in vigore subito con decreto-legge e, successivamente, si procede a una riforma organica dei requisiti sostanziali e delle procedure in materia di cittadinanza.<\/p>\n<p>Il decreto-legge approvato (il testo \u00e8 disponibile al seguente link: <a href=\"http:\/\/www.gazzettaufficiale.it\/eli\/id\/2025\/03\/28\/25G00049\/sg\">www.gazzettaufficiale.it\/eli\/id\/2025\/03\/28\/25G00049\/sg<\/a>) prevede che gli italo-discendenti nati all\u2019estero saranno automaticamente cittadini solo per due generazioni: solo chi ha almeno un genitore o un nonno nato in Italia sar\u00e0 cittadino dalla nascita.<\/p>\n<p>Nella seconda fase, con un primo disegno di legge (sempre approvato il 28 marzo scorso) si introducono ulteriori e pi\u00f9 approfondite modifiche sostanziali alla legge sulla cittadinanza. Si impone innanzitutto ai cittadini nati e residenti all\u2019estero di mantenere nel tempo legami reali con il nostro Paese, esercitando i diritti e i doveri del cittadino almeno una volta ogni venticinque anni.<\/p>\n<p>La riforma \u00e8 completata da un secondo disegno di legge che rivede anche le procedure per il riconoscimento della cittadinanza. I residenti all\u2019estero non si rivolgeranno pi\u00f9 ai consolati, ma ad un ufficio speciale centralizzato alla Farnesina. Ci sar\u00e0 un periodo transitorio di un anno circa per l\u2019organizzazione dell\u2019ufficio. L\u2019intento \u00e8 rendere pi\u00f9 efficienti le procedure, con economie di scala evidenti. I consolati dovranno concentrarsi sull\u2019erogazione dei servizi a chi \u00e8 gi\u00e0 cittadino e non pi\u00f9 a \u201ccreare\u201d nuovi cittadini.<\/p>\n<p>Il provvedimento contiene, infine, altre misure per migliorare e modernizzare l\u2019erogazione dei servizi: legalizzazioni, anagrafe, passaporti, carte d\u2019identit\u00e0 valide per l\u2019espatrio. Inoltre, si prevedono misure organizzative per mettere la struttura della Farnesina sempre pi\u00f9 al servizio dei cittadini e delle imprese.<\/p>\n<p><strong>Alla luce di quanto precede,\u00a0vengono sospesi<\/strong> <u>nuovi appuntamenti<\/u> per la ricezione di domande di riconoscimento di cittadinanza, la <u>ricezione di nuove domande<\/u>, <u>qualsiasi riconoscimento<\/u> di cittadinanza a seguito di \u201c<em>ricostruzione<\/em>\u201d <u>nonch\u00e9 di ogni richiesta di trascrizione<\/u> di atti di nascita (anche relativi a minorenni presentati come aggiornamento della posizione anagrafica e di stato civile di genitori cittadini gi\u00e0 iscritti).<\/p>\n<p><strong>Seguiranno aggiornamenti non appena disponibili.<\/strong><\/p>\n<p style=\"text-align: center;\">*****<\/p>\n<p style=\"text-align: center;\"><strong><em>Nuove linee interpretative in materia di cittadinanza iure sanguinis<\/em><\/strong><\/p>\n<p>Si attira l\u2019attenzione degli utenti, potenzialmente interessati al riconoscimento della cittadinanza italiana per discendenza, sulle\u00a0<strong>importanti novit\u00e0<\/strong>\u00a0introdotte in materia da alcune recenti pronunce della suprema Corte di Cassazione (Cass. Civ. Sez. I, ord. N. 454\/2024 e n. 17161\/2023) e dalla circolare 3 ottobre 2024 n. 43347 del Ministero dell\u2019Interno, emanata in applicazione delle nuove linee interpretative dettate dal predetto organo giudiziario.<\/p>\n<p>Recependo gli orientamenti della Cassazione, la circolare chiarisce anzitutto che il cittadino italiano che \u2013 in vigenza della norma del 1912 (e, prima ancora, del codice civile del 1865) \u2013 ha perso la cittadinanza italiana in conseguenza dell\u2019acquisto volontario della naturalit\u00e0 straniera ha fatto contestualmente perdere il nostro status civitatis al figlio minore con lui convivente anche nell\u2019ipotesi in cui quest\u2019ultimo sia nato in un paese, come gli Stati Uniti, dove si applica lo iure soli (e che pertanto, alla nascita, risultava bipolide: italiano per derivazione paterna in base al principio dello iure sanguinis e straniero in base al luogo di nascita in applicazione del principio dello iure soli). In tutti tali casi, pertanto, l<strong>a linea di trasmissione della cittadinanza deve considerarsi interrotta<\/strong>, il minore in questione non disponendo pi\u00f9, a far data dalla naturalizzazione del padre, della capacit\u00e0 di trasmettere a sua volta il diritto ai propri eventuali discendenti.<\/p>\n<p>Fermo quanto precede, \u00e8 tuttavia data all\u2019istante la possibilit\u00e0 di dimostrare che il proprio ascendente, incorso nella perdita per le ragioni sopra esposte, abbia, successivamente al raggiungimento della maggiore et\u00e0, compiuto un atto di riacquisto del nostro status civitatis. Nell\u2019ipotesi in cui ci\u00f2 sia effettivamente avvenuto e possa essere provato, occorrer\u00e0 tuttavia che\u00a0<strong>l\u2019evento abbia avuto luogo prima della nascita del discendente in linea retta dell\u2019interessato<\/strong>. Diversamente la linea di trasmissione non potr\u00e0 considerarsi ricostituita.<\/p>\n<p style=\"text-align: center;\">*****<\/p>\n<p>Il riconoscimento della cittadinanza per discendenza avviene soltanto per i maggiorenni. Il figlio minorenne di un cittadino\/a italiano \u00e8 automaticamente italiano. Deve solo essere registrato l\u2019atto di nascita presso il Consolato, come previsto dalla legge\u00a0(vedi\u00a0<a href=\"https:\/\/ambbucarest.esteri.it\/it\/servizi-consolari-e-visti\/servizi-per-il-cittadino-italiano\/stato-civile\/nascita\/\"><strong>Stato Civile<\/strong><\/a>).<\/p>\n<p>Si \u00e8 cittadini italiani per nascita (anche all&#8217;estero) per linea paterna (senza limite di generazione) o per linea materna (solo per coloro nati dopo il 1.1.1948).<\/p>\n<p><strong>A decorrere dall\u20198 agosto 2014, tutte le richieste di riconoscimento della cittadinanza Jure Sanguinis (per discendenza)\u00a0 sono soggette al pagamento della somma di \u20ac 300.00<\/strong>\u00a0(<u>da corrispondere a questo Consolato\u00a0in RON<\/u>, art. 7b &#8211; vedi\u00a0<a href=\"https:\/\/ambbucarest.esteri.it\/wp-content\/uploads\/2023\/11\/tariffa_da__affiggere__albo_cons_dal_iv_trim._2023.pdf\"><strong>Tariffe Consolari<\/strong><\/a> . (L. n. 66, 24\/04\/2014 e successive modifiche, L. n. 89 23\/06\/2014 art. 5-bis, comma 1)<\/p>\n<p><strong>La tariffa\u00a0non \u00e8 rimborsabile, indipendentemente dall\u2019esito della domanda.<\/strong><\/p>\n<p><strong>N.B.: l\u2019esame della documentazione per il riconoscimento della cittadinanza italiana per discendenza si basa sull\u2019acquisizione dei certificati\u00a0originali\u00a0che dovranno essere conservati agli atti e NON verranno restituiti. <\/strong><strong>Tali certificati dovranno essere:<\/strong><\/p>\n<ul>\n<li>legalizzati per mezzo di\u00a0<a href=\"https:\/\/ambbucarest.esteri.it\/it\/servizi-consolari-e-visti\/servizi-per-il-cittadino-straniero\/traduzione-e-legalizzazione-dei-documenti\/traduzione-e-legalizzazione-dei-documenti\/\"><strong>apostille<\/strong><\/a> (tranne i certificati italiani)<\/li>\n<li>tradotti in italiano e muniti di\u00a0<a href=\"https:\/\/ambbucarest.esteri.it\/it\/servizi-consolari-e-visti\/servizi-per-il-cittadino-straniero\/traduzione-e-legalizzazione-dei-documenti\/traduzioni\/\"><strong>certificazione di traduzione<\/strong> <\/a><\/li>\n<\/ul>\n<p><strong>Nessun caso \u00e8 mai esattamente uguale ad un altro. L\u2019esame della documentazione NON \u00e8 possibile prima della ricezione del pagamento, si prega pertanto di non inviare allegati per email o fotocopie poich\u00e9 saranno cestinati. Le informazioni richieste per email o per telefono non riceveranno una risposta ufficiale. \u00c8 esclusiva responsabilit\u00e0 del richiedente procurarsi tutta la documentazione necessaria alla presentazione della propria istanza di cittadinanza.<\/strong><\/p>\n<p><strong>ATTENZIONE<\/strong>: il requisito di residenza \u00e8 fondamentale, NON possono essere accettate istanze di chi non possa dimostrare di avere stabile residenza in Romania.<\/p>\n<p><strong>APPUNTAMENTO<\/strong>: Per richiedere un appuntamento (SOLO DOPO aver raccolto TUTTA la documentazione necessaria con relative legalizzazioni e traduzioni certificate) si deve inviare una e-mail all&#8217;indirizzo: <a href=\"mailto:infovisti.bucarest@esteri.it\"><strong>infovisti.bucarest@esteri.it<\/strong><\/a>,\u00a0indicando nel campo\u00a0oggetto\u00a0<em>Jure Sanguinis<\/em>.<\/p>\n<p><strong>DOCUMENTAZIONE DA PRESENTARE<\/strong><\/p>\n<p>La seguente documentazione deve essere presentata\u00a0<strong>per intero<\/strong>\u00a0ed a partire dall&#8217;avo (ascendente nato in Italia), anche se esiste un riconoscimento di cittadinanza di un altro familiare prossimo, effettuato presso un altro Consolato o presso un Comune italiano:<\/p>\n<ol>\n<li>a) documentazione dell&#8217;avo (nato in Italia):<\/li>\n<\/ol>\n<ul>\n<li>certificato di nascita rilasciato dal Comune italiano, in originale e con indicazione della paternit\u00e0 e della maternit\u00e0; o, in mancanza di tale documento, atto di battesimo;<\/li>\n<li>certificato di matrimonio (in originale, apostillato e tradotto all&#8217;italiano);<\/li>\n<li>certificato di morte, se deceduto (in originale, apostillato e tradotto all&#8217;italiano);<\/li>\n<li>certificato di non-naturalizzazione del paese dove era stato residente, con tutti gli eventuali cambiamenti del nome e del cognome (in originale, apostillato e tradotto all&#8217;italiano);<\/li>\n<li>nel caso in cui l&#8217;avo si fosse naturalizzato, \u00e8 necessario presentare l&#8217;atto di naturalizzazione (o Gazzetta Ufficiale dello stato) allo scopo di verificare la data esatta di acquisizione della cittadinanza straniera; la naturalizzazione dell&#8217;avo italiano potrebbe comportare la perdita del diritto al riconoscimento della cittadinanza italiana da parte dei discendenti.<\/li>\n<\/ul>\n<ol>\n<li>b) documentazione di ciascuno dei discendenti dell&#8217;italiano in linea diretta:<\/li>\n<\/ol>\n<ul>\n<li>certificato di nascita (in originale, apostillato e tradotto all&#8217;italiano);<\/li>\n<li>certificato di matrimonio (in caso di persone sposate) (in originale, apostillato e tradotto all&#8217;italiano);<\/li>\n<li>certificato di morte, in caso di un deceduto (in originale, apostillato e tradotto all&#8217;italiano).<\/li>\n<\/ul>\n<p>SE IL PADRE O LA MADRE HANNO GI\u00c0 ACQUISITO LA CITTADINANZA ITALIANA, MA TRAMITE UN ALTRO CONSOLATO E IN UN ALTRO STATO, SI DOVRANNO PRESENTARE GLI ATTI DI STATO CIVILE RILASCIATI DAL COMUNE ITALIANO DOVE SONO REGISTRATI.<\/p>\n<ol>\n<li>c) documentazione del richiedente:<\/li>\n<\/ol>\n<ul>\n<li>certificato di nascita proprio (in originale, apostillato e tradotto all&#8217;italiano);<\/li>\n<li>eventuale certificato di matrimonio e\/o divorzio (in originale, apostillato e tradotto all&#8217;italiano) con fotocopia del passaporto del coniuge;<\/li>\n<li>fotocopia del permesso di soggiorno e del passaporto;<\/li>\n<li>istanza dell&#8217;interessato<\/li>\n<\/ul>\n<p>PER GLI ASCENDENTI CHE HANNO OTTENUTO LA CITTADINANZA ITALIANA CON SENTENZA EMESSA DA UN TRIBUNALE ITALIANO, DETTA SENTENZA DOVR\u00c0 ESSERE PRESENTATA IN COPIA.<\/p>\n","protected":false},"excerpt":{"rendered":"CITTADINANZA ITALIANA PER DISCENDENZA (&#8220;JURE SANGUINIS&#8221;) *** AVVISO IMPORTANTE*** ***** IMPORTANTE: Modifiche alla normativa sulla cittadinanza \u201cius sanguinis\u201d Il Consiglio dei Ministri approva modifiche alla legge sulla cittadinanza \u201cius sanguinis\u201d Il Consiglio dei Ministri ha adottato il 28 marzo scorso il \u201cpacchetto cittadinanza\u201d, insieme di misure legislative proposte dal Ministero degli Affari Esteri e della [&hellip;]","protected":false},"author":8,"featured_media":0,"parent":90,"menu_order":2,"comment_status":"closed","ping_status":"closed","template":"","meta":{"footnotes":""},"class_list":["post-771","page","type-page","status-publish","hentry"],"_links":{"self":[{"href":"https:\/\/ambbucarest.esteri.it\/it\/wp-json\/wp\/v2\/pages\/771","targetHints":{"allow":["GET"]}}],"collection":[{"href":"https:\/\/ambbucarest.esteri.it\/it\/wp-json\/wp\/v2\/pages"}],"about":[{"href":"https:\/\/ambbucarest.esteri.it\/it\/wp-json\/wp\/v2\/types\/page"}],"author":[{"embeddable":true,"href":"https:\/\/ambbucarest.esteri.it\/it\/wp-json\/wp\/v2\/users\/8"}],"replies":[{"embeddable":true,"href":"https:\/\/ambbucarest.esteri.it\/it\/wp-json\/wp\/v2\/comments?post=771"}],"version-history":[{"count":7,"href":"https:\/\/ambbucarest.esteri.it\/it\/wp-json\/wp\/v2\/pages\/771\/revisions"}],"predecessor-version":[{"id":5822,"href":"https:\/\/ambbucarest.esteri.it\/it\/wp-json\/wp\/v2\/pages\/771\/revisions\/5822"}],"up":[{"embeddable":true,"href":"https:\/\/ambbucarest.esteri.it\/it\/wp-json\/wp\/v2\/pages\/90"}],"wp:attachment":[{"href":"https:\/\/ambbucarest.esteri.it\/it\/wp-json\/wp\/v2\/media?parent=771"}],"curies":[{"name":"wp","href":"https:\/\/api.w.org\/{rel}","templated":true}]}}