{"id":936,"date":"2023-11-17T11:34:19","date_gmt":"2023-11-17T09:34:19","guid":{"rendered":"https:\/\/ambbucarest.esteri.it\/?page_id=936"},"modified":"2023-11-21T11:56:25","modified_gmt":"2023-11-21T09:56:25","slug":"procure-generali-e-speciali","status":"publish","type":"page","link":"https:\/\/ambbucarest.esteri.it\/it\/servizi-consolari-e-visti\/servizi-per-il-cittadino-italiano\/servizi-notarili\/procure-generali-e-speciali\/","title":{"rendered":"Procure generali e speciali"},"content":{"rendered":"<p>I cittadini italiani che desiderano formalizzare una procura presso questa Cancelleria consolare, dovranno presentarsi personalmente,\u00a0previo appuntamento (da richiedere tramite l\u2019email <a href=\"mailto:bucarest.notifiche@esteri.it\">bucarest.notifiche@esteri.it<\/a>), muniti di documento di identit\u00e0 italiano (passaporto o carta di identit\u00e0) in corso di validit\u00e0 e\u00a0codice fiscale.<\/p>\n<p>Dovranno inoltre fornire i dati relativi alla propria residenza anagrafica e allo stato civile.<br \/>\nSar\u00e0 altres\u00ec necessario esibire una copia del documento d\u2019identit\u00e0 e del codice fiscale\u00a0del procuratore.<\/p>\n<p>&nbsp;<\/p>\n<p><strong>Per le seguenti procure \u00e8 necessario inviare <u>prima della data fissata per l\u2019appuntamento<\/u>, una bozza in formato modificabile<\/strong>\u00a0(MS Word) dell\u2019atto richiesto redatta dal notaio\/avvocato italiano, al seguente indirizzo email:\u00a0<a href=\"mailto:bucarest.notifiche@esteri.it\">bucarest.notifiche@esteri.it<\/a><\/p>\n<ul>\n<li><a href=\"https:\/\/ambbucarest.esteri.it\/it\/servizi-consolari-e-visti\/servizi-per-il-cittadino-italiano\/servizi-notarili\/procure-generali-e-speciali\/procure-speciali\/\">Procura speciale per l\u2019acquisto o la vendita di immobili<\/a>;<\/li>\n<li><a href=\"https:\/\/ambbucarest.esteri.it\/it\/servizi-consolari-e-visti\/servizi-per-il-cittadino-italiano\/servizi-notarili\/procure-generali-e-speciali\/procure-speciali\/\">Procura speciale alle liti<\/a>;<\/li>\n<li><a href=\"https:\/\/ambbucarest.esteri.it\/it\/servizi-consolari-e-visti\/servizi-per-il-cittadino-italiano\/servizi-notarili\/procure-generali-e-speciali\/procure-speciali\/\">Procura speciale per amministrazioni di immobili<\/a> ;<\/li>\n<li><a href=\"https:\/\/ambbucarest.esteri.it\/it\/servizi-consolari-e-visti\/servizi-per-il-cittadino-italiano\/servizi-notarili\/procure-generali-e-speciali\/procure-speciali\/\">Procura speciale a donare o per accettazione di donazione<\/a> ;<\/li>\n<li><a href=\"https:\/\/ambbucarest.esteri.it\/it\/servizi-consolari-e-visti\/servizi-per-il-cittadino-italiano\/servizi-notarili\/procure-generali-e-speciali\/procure-speciali\/\">Procura speciale per pratiche successorie<\/a> ;<\/li>\n<li><a href=\"https:\/\/ambbucarest.esteri.it\/it\/servizi-consolari-e-visti\/servizi-per-il-cittadino-italiano\/servizi-notarili\/procure-generali-e-speciali\/procure-speciali\/\">Procura speciale per vendita di veicolo<\/a> ;<\/li>\n<\/ul>\n<p>Per le seguenti procure, l\u2019interessato dovr\u00e0 fornire le informazioni richieste a seconda del tipo di atto da formalizzare:<\/p>\n<ul>\n<li><a href=\"https:\/\/ambbucarest.esteri.it\/ambasciata_bucarest\/resource\/img\/2023\/11\/tariffa_da__affiggere__albo_cons_dal_iv_trim._2023.pdf\">Procura generale<\/a>;<\/li>\n<li><a href=\"https:\/\/ambbucarest.esteri.it\/it\/servizi-consolari-e-visti\/servizi-per-il-cittadino-italiano\/servizi-notarili\/procure-generali-e-speciali\/accettazione-rinuncia-eredita\/\">Procura speciale rinuncia o accettazione eredit\u00e0<\/a>;<\/li>\n<li><a href=\"https:\/\/ambbucarest.esteri.it\/it\/servizi-consolari-e-visti\/servizi-per-il-cittadino-italiano\/servizi-notarili\/procure-generali-e-speciali\/revoca-procure\/\">Revoca di procura<\/a>.<\/li>\n<\/ul>\n<p><strong><u>I cittadini italiani che hanno urgenza di sottoscrivere una procura e non trovano appuntamenti disponibili in tempo utile, potranno\u00a0rivolgersi ad un Notaio Pubblico in Romania<\/u><\/strong> (<a href=\"https:\/\/www.uniuneanotarilor.ro\/\">clicca qui<\/a>).<\/p>\n","protected":false},"excerpt":{"rendered":"I cittadini italiani che desiderano formalizzare una procura presso questa Cancelleria consolare, dovranno presentarsi personalmente,\u00a0previo appuntamento (da richiedere tramite l\u2019email bucarest.notifiche@esteri.it), muniti di documento di identit\u00e0 italiano (passaporto o carta di identit\u00e0) in corso di validit\u00e0 e\u00a0codice fiscale. Dovranno inoltre fornire i dati relativi alla propria residenza anagrafica e allo stato civile. Sar\u00e0 altres\u00ec necessario [&hellip;]","protected":false},"author":8,"featured_media":0,"parent":71,"menu_order":0,"comment_status":"closed","ping_status":"closed","template":"","meta":{"footnotes":""},"class_list":["post-936","page","type-page","status-publish","hentry"],"_links":{"self":[{"href":"https:\/\/ambbucarest.esteri.it\/it\/wp-json\/wp\/v2\/pages\/936","targetHints":{"allow":["GET"]}}],"collection":[{"href":"https:\/\/ambbucarest.esteri.it\/it\/wp-json\/wp\/v2\/pages"}],"about":[{"href":"https:\/\/ambbucarest.esteri.it\/it\/wp-json\/wp\/v2\/types\/page"}],"author":[{"embeddable":true,"href":"https:\/\/ambbucarest.esteri.it\/it\/wp-json\/wp\/v2\/users\/8"}],"replies":[{"embeddable":true,"href":"https:\/\/ambbucarest.esteri.it\/it\/wp-json\/wp\/v2\/comments?post=936"}],"version-history":[{"count":7,"href":"https:\/\/ambbucarest.esteri.it\/it\/wp-json\/wp\/v2\/pages\/936\/revisions"}],"predecessor-version":[{"id":7361,"href":"https:\/\/ambbucarest.esteri.it\/it\/wp-json\/wp\/v2\/pages\/936\/revisions\/7361"}],"up":[{"embeddable":true,"href":"https:\/\/ambbucarest.esteri.it\/it\/wp-json\/wp\/v2\/pages\/71"}],"wp:attachment":[{"href":"https:\/\/ambbucarest.esteri.it\/it\/wp-json\/wp\/v2\/media?parent=936"}],"curies":[{"name":"wp","href":"https:\/\/api.w.org\/{rel}","templated":true}]}}