{"id":940,"date":"2023-11-17T12:06:44","date_gmt":"2023-11-17T10:06:44","guid":{"rendered":"https:\/\/ambbucarest.esteri.it\/?page_id=940"},"modified":"2025-12-10T11:07:02","modified_gmt":"2025-12-10T09:07:02","slug":"procure-speciali","status":"publish","type":"page","link":"https:\/\/ambbucarest.esteri.it\/it\/servizi-consolari-e-visti\/servizi-per-il-cittadino-italiano\/servizi-notarili\/procure-generali-e-speciali\/procure-speciali\/","title":{"rendered":"Procure speciali"},"content":{"rendered":"<p><strong>Procura speciale per la vendita\/acquisto di un immobile<\/strong><\/p>\n<p>Per formalizzare una procura speciale per la vendita o l\u2019acquisto di un immobile\u00a0 presso questo Consolato Generale, \u00e8 necessario inviare per e-mail a <a class=\"focus--mouse\" href=\"mailto:bucarest.notifiche@esteri.it\" data-focus-mouse=\"true\">bucarest.notifiche@esteri.it<\/a>, PRIMA della data fissata per l\u2019appuntamento,\u00a0 una bozza della procura speciale redatta dal notaio in Italia, in formato modificabile (word).<\/p>\n<p>L\u2019interessato dovr\u00e0 esibire i seguenti documenti:<\/p>\n<p>\u2013\u00a0il proprio documento di identit\u00e0 italiano (passaporto o carta di identit\u00e0) in corso di validit\u00e0<br \/>\n\u2013\u00a0il proprio codice fiscale<br \/>\n\u2013\u00a0copia del documento d\u2019identit\u00e0 del procuratore<br \/>\n\u2013\u00a0copia del codice fiscale del procuratore<\/p>\n<p>Sar\u00e0 altres\u00ec necessario fornire i dati relativi alla residenza anagrafica dell\u2019interessato e del procuratore.<\/p>\n<p>Il costo del servizio \u00e8 quello indicato all\u2019art. 18 A della Tabella dei diritti consolari.<\/p>\n<p><a name=\"psliti\"><\/a><\/p>\n<p><strong>Procura speciale alle liti<\/strong><\/p>\n<p>La procura speciale alle liti \u00e8 quell\u2019atto mediante il quale viene conferita al proprio difensore di fiducia la rappresentanza per una o pi\u00f9 fasi di un determinato processo giudiziale nel quale il soggetto conferente potr\u00e0 trovarsi coinvolto come parte.<\/p>\n<p>Per formalizzare una procura speciale alle liti presso questo Consolato Generale, \u00e8 necessario inviare per e-mail a <a class=\"focus--mouse\" href=\"mailto:bucarest.notifiche@esteri.it\" data-focus-mouse=\"true\">bucarest.notifiche@esteri.it<\/a>, PRIMA della data fissata per l\u2019appuntamento, una bozza della procura speciale redatta dal difensore in Italia, in formato modificabile (word).<\/p>\n<p>L\u2019interessato dovr\u00e0 esibire i seguenti documenti:<\/p>\n<ul>\n<li>il proprio documento di identit\u00e0 italiano (passaporto o carta di identit\u00e0) in corso di validit\u00e0;<\/li>\n<li>il proprio codice fiscale;<\/li>\n<li>copia del documento d\u2019identit\u00e0 del difensore;<\/li>\n<li>copia del codice fiscale del difensore.<\/li>\n<\/ul>\n<p>Sar\u00e0 altres\u00ec necessario fornire i dati relativi\u00a0 alla residenza anagrafica dell\u2019interessato e l\u2019indirizzo dello studio legale, ove\u00a0 il nominato avvocato esercita la professione.<\/p>\n<p>Il costo del servizio \u00e8 quello indicato all\u2019art. 18 A della Tabella dei diritti consolari.<\/p>\n<p><a name=\"&quot;psammimmobili\"><\/a><\/p>\n<p><strong>Procura speciale per amministrazione di immobili<\/strong><\/p>\n<p>Per formalizzare una procura speciale per gestire ed amministrare un immobile presso questo Consolato Generale, \u00e8 necessario inviare per e-mail a <a class=\"focus--mouse\" href=\"mailto:bucarest.notifiche@esteri.it\" data-focus-mouse=\"true\">bucarest.notifiche@esteri.it<\/a>,\u00a0 PRIMA della data fissata per l\u2019appuntamento, una bozza della procura speciale redatta dal legale\/notaio in Italia, in formato modificabile (word).<\/p>\n<p>L\u2019interessato dovr\u00e0 esibire i seguenti documenti:<\/p>\n<ul>\n<li>il proprio documento di identit\u00e0 italiano (passaporto o carta di identit\u00e0) in corso di validit\u00e0;<\/li>\n<li>il proprio codice fiscale;<\/li>\n<li>copia del documento d\u2019identit\u00e0 del procuratore;<\/li>\n<li>copia del codice fiscale del procuratore.<\/li>\n<\/ul>\n<p>Sar\u00e0 altres\u00ec necessario fornire i dati relativi alla residenza anagrafica dell\u2019interessato e del procuratore.<\/p>\n<p>Il costo del servizio \u00e8 quello indicato all\u2019art. 18 A della Tabella dei diritti consolari.<\/p>\n<p><a name=\"psdoneaccdon\"><\/a><\/p>\n<p><strong>Procura speciale a donare o per accettazione di donazione<\/strong><\/p>\n<p>Per formalizzare una procura speciale a donare o per accettazione di donazione\u00a0 presso questo Consolato Generale, \u00e8 necessario inviare per e-mail a <a class=\"focus--mouse\" href=\"mailto:bucarest.notifiche@esteri.it\" data-focus-mouse=\"true\">bucarest.notifiche@esteri.it<\/a>, PRIMA della data fissata per l\u2019appuntamento una bozza della procura speciale redatta dal notaio in Italia, in formato modificabile\u00a0 (word).<\/p>\n<p>La bozza della procura speciale dovr\u00e0 riportare una descrizione dettagliata del bene oggetto della donazione ed in caso di un immobile anche i relativi dati catastali.<\/p>\n<p>Il giorno dell\u2019appuntamento l\u2019interessato dovr\u00e0 esibire i seguenti documenti:<\/p>\n<ul>\n<li>documento di identit\u00e0 italiano (passaporto o carta di identit\u00e0) in corso di validit\u00e0;<\/li>\n<li>codice fiscale;<\/li>\n<li>copia del documento d\u2019identit\u00e0 del procuratore;<\/li>\n<li>copia del codice fiscale del procuratore.<\/li>\n<\/ul>\n<p>Sar\u00e0 altres\u00ec necessario fornire i dati relativi alla residenza anagrafica dell\u2019interessato e del procuratore.<\/p>\n<p>Il costo del servizio \u00e8 quello indicato all\u2019art. 18 A della Tabella dei diritti consolari.<\/p>\n<p><a name=\"psprsuccessorie\"><\/a><\/p>\n<p><strong>Procura speciale per pratiche successorie<\/strong><\/p>\n<p>Per successione ereditaria si intende la devoluzione dei rapporti giuridici dal De Cuius (il defunto) agli eredi ed \u00e8 regolata nel Libro Secondo del Codice Civile.<\/p>\n<p>La Successione ereditaria non comporta il solo trasferimento dei beni immobili, mobili ed altri diritti reali ma anche il trasferimento di obblighi che il De Cuius assunse in vita quali debiti, imposte arretrate ai quali devono far fronte tutti gli eredi in proporzione ai loro diritti.<\/p>\n<p>La procura per pratiche successorie si conferisce quando si vuole che una persona, nominata procuratore speciale, possa seguire tutte le pratiche relative alla successione di una persona deceduta, quali:<\/p>\n<ol>\n<li>denuncia di successione;<\/li>\n<li>vendita immobili ereditati;<\/li>\n<li>riscossione di buoni postali;<\/li>\n<li>riscossione somme depositate su libretto postale;<\/li>\n<li>conti correnti postali e bancari<\/li>\n<\/ol>\n<p>intestati alla persona deceduta .<\/p>\n<p>Per il rilascio di una procura speciale per pratiche successorie, sono necessari i seguenti dati:<\/p>\n<ul>\n<li>Cognome e Nome<\/li>\n<li>Luogo e data di nascita<\/li>\n<li>Cittadinanza<\/li>\n<li>Residenza<\/li>\n<li>Codice fiscale<\/li>\n<li>Stato Civile<\/li>\n<\/ul>\n<p>della persona che conferisce la procura e del procuratore e:<\/p>\n<ul>\n<li>Cognome e Nome<\/li>\n<li>Luogo e data di nascita<\/li>\n<li>Cittadinanza<\/li>\n<li>Luogo e data di morte<\/li>\n<li>Residenza in vita<\/li>\n<li>Codice fiscale<\/li>\n<\/ul>\n<p>della persona deceduta.<\/p>\n<p>Il costo del servizio \u00e8 quello indicato all\u2019art. 18 A della Tabella dei diritti consolari.<\/p>\n<p><a name=\"psvenditaautoveicoli\"><\/a><\/p>\n<p><strong>Procura Speciale per Vendita di Veicolo<\/strong><\/p>\n<p>Gli interessati che intendano conferire una procura speciale alla vendita di un veicolo dovranno concordare un appuntamento scrivendo all\u2019indirizzo <a class=\"focus--mouse\" href=\"mailto:bucarest.notifiche@esteri.it\" data-focus-mouse=\"true\">bucarest.notifiche@esteri.it<\/a>. Alla email di richiesta andr\u00e0 allegato il testo della procura, ottenuto compilando il \u201c<a href=\"https:\/\/ambbucarest.esteri.it\/wp-content\/uploads\/2023\/11\/modello-procura-vendita-veicolo.docx\">Modello di Procura Speciale per Vendita di Veicolo<\/a>\u201d disponibile a questa pagina.<\/p>\n<p>Il modello dovr\u00e0 essere compilato <strong>elettronicamente<\/strong> in <strong>ogni sua parte<\/strong>.<\/p>\n<p>La firma dovr\u00e0 essere apposta dinanzi ad un funzionario consolare, previa esibizione della seguente documentazione:<\/p>\n<ul>\n<li>documento di identit\u00e0 italiano in corso di validit\u00e0 (passaporto o carta d\u2019identit\u00e0);<\/li>\n<li>certificazione del proprio codice fiscale (carta d\u2019identit\u00e0 elettronica, tessera sanitaria, tesserino del codice fiscale, certificato di attribuzione del codice fiscale);<\/li>\n<li>copia del documento di identit\u00e0 del procuratore;<\/li>\n<li>copia del codice fiscale del procuratore;<\/li>\n<li>copia del certificato di propriet\u00e0 del veicolo.<\/li>\n<\/ul>\n<p>Il costo del servizio \u00e8 quello indicato all\u2019art. 18 A della Tabella dei diritti consolari. Si prega di notare che i pagamenti sono effettuabili in Consolato solamente in contanti.<\/p>\n","protected":false},"excerpt":{"rendered":"Procura speciale per la vendita\/acquisto di un immobile Per formalizzare una procura speciale per la vendita o l\u2019acquisto di un immobile\u00a0 presso questo Consolato Generale, \u00e8 necessario inviare per e-mail a bucarest.notifiche@esteri.it, PRIMA della data fissata per l\u2019appuntamento,\u00a0 una bozza della procura speciale redatta dal notaio in Italia, in formato modificabile (word). L\u2019interessato dovr\u00e0 esibire [&hellip;]","protected":false},"author":8,"featured_media":0,"parent":936,"menu_order":0,"comment_status":"closed","ping_status":"closed","template":"","meta":{"footnotes":""},"class_list":["post-940","page","type-page","status-publish","hentry"],"_links":{"self":[{"href":"https:\/\/ambbucarest.esteri.it\/it\/wp-json\/wp\/v2\/pages\/940","targetHints":{"allow":["GET"]}}],"collection":[{"href":"https:\/\/ambbucarest.esteri.it\/it\/wp-json\/wp\/v2\/pages"}],"about":[{"href":"https:\/\/ambbucarest.esteri.it\/it\/wp-json\/wp\/v2\/types\/page"}],"author":[{"embeddable":true,"href":"https:\/\/ambbucarest.esteri.it\/it\/wp-json\/wp\/v2\/users\/8"}],"replies":[{"embeddable":true,"href":"https:\/\/ambbucarest.esteri.it\/it\/wp-json\/wp\/v2\/comments?post=940"}],"version-history":[{"count":7,"href":"https:\/\/ambbucarest.esteri.it\/it\/wp-json\/wp\/v2\/pages\/940\/revisions"}],"predecessor-version":[{"id":7179,"href":"https:\/\/ambbucarest.esteri.it\/it\/wp-json\/wp\/v2\/pages\/940\/revisions\/7179"}],"up":[{"embeddable":true,"href":"https:\/\/ambbucarest.esteri.it\/it\/wp-json\/wp\/v2\/pages\/936"}],"wp:attachment":[{"href":"https:\/\/ambbucarest.esteri.it\/it\/wp-json\/wp\/v2\/media?parent=940"}],"curies":[{"name":"wp","href":"https:\/\/api.w.org\/{rel}","templated":true}]}}