{"id":958,"date":"2023-11-17T12:42:04","date_gmt":"2023-11-17T10:42:04","guid":{"rendered":"https:\/\/ambbucarest.esteri.it\/?page_id=958"},"modified":"2026-03-31T13:36:24","modified_gmt":"2026-03-31T10:36:24","slug":"procure-generali","status":"publish","type":"page","link":"https:\/\/ambbucarest.esteri.it\/it\/servizi-consolari-e-visti\/servizi-per-il-cittadino-italiano\/servizi-notarili\/procure-generali-e-speciali\/procure-generali\/","title":{"rendered":"Procure generali"},"content":{"rendered":"<p>Con questo atto l\u2019interessato affida al rappresentante (procuratore) la gestione di <u>tutti<\/u> i suoi affari, sia presenti che futuri. La procura generale \u00e8 rilasciata a tempo indeterminato ed \u00e8 efficace fino a revoca (<a href=\"https:\/\/ambbucarest.esteri.it\/it\/servizi-consolari-e-visti\/servizi-per-il-cittadino-italiano\/servizi-notarili\/procure-generali-e-speciali\/revoca-procure\/\">clicca qui<\/a>).<\/p>\n<p><strong>Nota bene<\/strong>: se il richiedente \u00e8 coniugato in regime di comunione dei beni, la procura deve essere sottoscritta da entrambi i coniugi.<\/p>\n<p><strong><u>Dati richiesti<\/u><\/strong>:<\/p>\n<ul>\n<li>Cognome;<\/li>\n<li>Nome;<\/li>\n<li>Data di nascita;<\/li>\n<li>Luogo di nascita;<\/li>\n<li>Residenza (citt\u00e0 ed indirizzo);<\/li>\n<li>Cittadinanza;<\/li>\n<li>Codice fiscale;<\/li>\n<li>Stato civile: Coniugato\/Libero\/Vedovo.<\/li>\n<\/ul>\n<p>sia della persona che conferisce la procura sia della persona a cui si intende conferire la procura generale.<\/p>\n<p>L\u2019originale della procura generale resta agli atti del Consolato Generale. Agli interessati vengono rilasciate copie autentiche.<\/p>\n<p>Costo del servizio: Art. 17 A + Art.25 per ogni copia richiesta\u00a0<strong><a href=\"https:\/\/ambbucarest.esteri.it\/wp-content\/uploads\/2026\/03\/Tariffa-Consolare-II-Trimestre-2026.pdf\">(vedi tabella dei diritti consolari)<\/a><\/strong>.<\/p>\n<p>&nbsp;<\/p>\n","protected":false},"excerpt":{"rendered":"Con questo atto l\u2019interessato affida al rappresentante (procuratore) la gestione di tutti i suoi affari, sia presenti che futuri. La procura generale \u00e8 rilasciata a tempo indeterminato ed \u00e8 efficace fino a revoca (clicca qui). Nota bene: se il richiedente \u00e8 coniugato in regime di comunione dei beni, la procura deve essere sottoscritta da entrambi [&hellip;]","protected":false},"author":8,"featured_media":0,"parent":936,"menu_order":0,"comment_status":"closed","ping_status":"closed","template":"","meta":{"footnotes":""},"class_list":["post-958","page","type-page","status-publish","hentry"],"_links":{"self":[{"href":"https:\/\/ambbucarest.esteri.it\/it\/wp-json\/wp\/v2\/pages\/958","targetHints":{"allow":["GET"]}}],"collection":[{"href":"https:\/\/ambbucarest.esteri.it\/it\/wp-json\/wp\/v2\/pages"}],"about":[{"href":"https:\/\/ambbucarest.esteri.it\/it\/wp-json\/wp\/v2\/types\/page"}],"author":[{"embeddable":true,"href":"https:\/\/ambbucarest.esteri.it\/it\/wp-json\/wp\/v2\/users\/8"}],"replies":[{"embeddable":true,"href":"https:\/\/ambbucarest.esteri.it\/it\/wp-json\/wp\/v2\/comments?post=958"}],"version-history":[{"count":6,"href":"https:\/\/ambbucarest.esteri.it\/it\/wp-json\/wp\/v2\/pages\/958\/revisions"}],"predecessor-version":[{"id":7843,"href":"https:\/\/ambbucarest.esteri.it\/it\/wp-json\/wp\/v2\/pages\/958\/revisions\/7843"}],"up":[{"embeddable":true,"href":"https:\/\/ambbucarest.esteri.it\/it\/wp-json\/wp\/v2\/pages\/936"}],"wp:attachment":[{"href":"https:\/\/ambbucarest.esteri.it\/it\/wp-json\/wp\/v2\/media?parent=958"}],"curies":[{"name":"wp","href":"https:\/\/api.w.org\/{rel}","templated":true}]}}