{"id":968,"date":"2023-11-17T12:55:46","date_gmt":"2023-11-17T10:55:46","guid":{"rendered":"https:\/\/ambbucarest.esteri.it\/?page_id=968"},"modified":"2026-03-31T13:37:26","modified_gmt":"2026-03-31T10:37:26","slug":"revoca-procure","status":"publish","type":"page","link":"https:\/\/ambbucarest.esteri.it\/it\/servizi-consolari-e-visti\/servizi-per-il-cittadino-italiano\/servizi-notarili\/procure-generali-e-speciali\/revoca-procure\/","title":{"rendered":"Revoca procure"},"content":{"rendered":"<p>In linea generale, la procura si estingue:<\/p>\n<ul>\n<li>con il compimento, da parte del rappresentante, degli atti per cui era stata conferita la procura;<\/li>\n<li>con la morte del rappresentante o del rappresentato;<\/li>\n<li>con la revoca da parte del rappresentato;<\/li>\n<li>con la rinunzia da parte del rappresentante o con il fallimento del rappresentato.<\/li>\n<\/ul>\n<p>Per la revoca di una procura \u00e8 necessario conoscere i dati relativi alla procura da revocare.<\/p>\n<p>Se la procura \u00e8 stata rilasciata da questa Cancelleria consolare, occorre indicare: data, numero di repertorio della procura, generalit\u00e0 e indirizzo del procuratore.<\/p>\n<p>Se la procura \u00e8 stata effettuata presso un Notaio in Italia o presso altra Rappresentanza diplomatico-consolare Italiana, \u00e8 necessaria una copia della stessa.<\/p>\n<p>Il giorno dell\u2019appuntamento l\u2019interessato dovr\u00e0 presentarsi munito di: documento di identit\u00e0 italiano (passaporto o carta di identit\u00e0) in corso di validit\u00e0 e codice fiscale. Dovr\u00e0 inoltre fornire i dati relativi alla propria residenza anagrafica ed allo stato civile.<\/p>\n<p><strong>Nota bene<\/strong>: l\u2019interessato dovr\u00e0 provvedere alla trasmissione della revoca al procuratore revocato e, qualora la procura non sia stata formalizzata presso questa Cancelleria consolare, al notaio italiano o alla Rappresentanza diplomatico-consolare italiana, ove \u00e8 depositato l\u2019atto.<\/p>\n<p>Il costo del servizio \u00e8 quello indicato agli artt. 17 C (revoca della procura generale) e 18D (revoca della procura speciale) della Tabella dei diritti consolari (<a href=\"https:\/\/ambbucarest.esteri.it\/wp-content\/uploads\/2026\/03\/Tariffa-Consolare-II-Trimestre-2026.pdf\"><strong>clicca qui<\/strong><\/a>).<\/p>\n","protected":false},"excerpt":{"rendered":"In linea generale, la procura si estingue: con il compimento, da parte del rappresentante, degli atti per cui era stata conferita la procura; con la morte del rappresentante o del rappresentato; con la revoca da parte del rappresentato; con la rinunzia da parte del rappresentante o con il fallimento del rappresentato. Per la revoca di [&hellip;]","protected":false},"author":8,"featured_media":0,"parent":936,"menu_order":0,"comment_status":"closed","ping_status":"closed","template":"","meta":{"footnotes":""},"class_list":["post-968","page","type-page","status-publish","hentry"],"_links":{"self":[{"href":"https:\/\/ambbucarest.esteri.it\/it\/wp-json\/wp\/v2\/pages\/968","targetHints":{"allow":["GET"]}}],"collection":[{"href":"https:\/\/ambbucarest.esteri.it\/it\/wp-json\/wp\/v2\/pages"}],"about":[{"href":"https:\/\/ambbucarest.esteri.it\/it\/wp-json\/wp\/v2\/types\/page"}],"author":[{"embeddable":true,"href":"https:\/\/ambbucarest.esteri.it\/it\/wp-json\/wp\/v2\/users\/8"}],"replies":[{"embeddable":true,"href":"https:\/\/ambbucarest.esteri.it\/it\/wp-json\/wp\/v2\/comments?post=968"}],"version-history":[{"count":4,"href":"https:\/\/ambbucarest.esteri.it\/it\/wp-json\/wp\/v2\/pages\/968\/revisions"}],"predecessor-version":[{"id":7846,"href":"https:\/\/ambbucarest.esteri.it\/it\/wp-json\/wp\/v2\/pages\/968\/revisions\/7846"}],"up":[{"embeddable":true,"href":"https:\/\/ambbucarest.esteri.it\/it\/wp-json\/wp\/v2\/pages\/936"}],"wp:attachment":[{"href":"https:\/\/ambbucarest.esteri.it\/it\/wp-json\/wp\/v2\/media?parent=968"}],"curies":[{"name":"wp","href":"https:\/\/api.w.org\/{rel}","templated":true}]}}