{"id":99,"date":"2023-04-11T18:24:38","date_gmt":"2023-04-11T16:24:38","guid":{"rendered":"https:\/\/ambasciatapraga.esteri.it\/?page_id=99"},"modified":"2026-03-18T10:21:35","modified_gmt":"2026-03-18T08:21:35","slug":"studiare-in-italia","status":"publish","type":"page","link":"https:\/\/ambbucarest.esteri.it\/it\/italia-e-romania\/diplomazia-culturale\/studiare-in-italia\/","title":{"rendered":"Studiare in Italia"},"content":{"rendered":"<p>Per informazioni e opportunit\u00e0 di studio in Italia, si consiglia di consultare il portale <a href=\"https:\/\/studyinitaly.esteri.it\/\">Study in Italy<\/a>.<\/p>\n<p class=\"entry-title h3\"><a href=\"https:\/\/ambbucarest.esteri.it\/it\/news\/dall_ambasciata\/2026\/03\/borse-di-studio-offerte-dal-governo-italiano-per-lanno-accademico-2026-2027-ordinarie-e-italofonia\/\">BORSE DI STUDIO OFFERTE DAL GOVERNO ITALIANO PER L\u2019ANNO ACCADEMICO 2026-2027. ORDINARIE E ITALOFONIA.<\/a><\/p>\n<p>Borse di studio offerte da universit\u00e0 italiane:<\/p>\n<p><a href=\"https:\/\/ambbucarest.esteri.it\/it\/news\/dall_ambasciata\/2026\/03\/borse-di-studio-per-studenti-internazionali-delluniversita-gabriele-dannunzio-di-chieti-pescara\/\">Universit\u00e0 \u201cGabriele d\u2019Annunzio\u201d di Chieti-Pescara<\/a><\/p>\n<p><a href=\"https:\/\/ambbucarest.esteri.it\/it\/news\/dall_ambasciata\/2026\/03\/borse-di-studio-per-talenti-internazionali-delluniversita-di-verona\/\">Universit\u00e0 di Verona<\/a><\/p>\n<p><a href=\"https:\/\/ambbucarest.esteri.it\/it\/news\/dall_ambasciata\/2026\/03\/bandi-di-ammissione-universita-di-bologna-campus-di-forli\/\">Universit\u00e0 di Bologna<\/a><\/p>\n<p><a href=\"https:\/\/ambbucarest.esteri.it\/it\/news\/dall_ambasciata\/2026\/03\/msca-marathonuniversity-of-padua-2026-master-your-research-and-training-needs\/\">Universit\u00e0 di Padova<\/a><\/p>\n<p><a href=\"https:\/\/ambbucarest.esteri.it\/it\/news\/dall_ambasciata\/2026\/02\/bandi-di-ammissione-a-due-lauree-magistrali-della-scuola-di-studi-internazionali-delluniversita-di-trento\/\">Universit\u00e0 di Trento<\/a><\/p>\n","protected":false},"excerpt":{"rendered":"Per informazioni e opportunit\u00e0 di studio in Italia, si consiglia di consultare il portale Study in Italy. BORSE DI STUDIO OFFERTE DAL GOVERNO ITALIANO PER L\u2019ANNO ACCADEMICO 2026-2027. ORDINARIE E ITALOFONIA. Borse di studio offerte da universit\u00e0 italiane: Universit\u00e0 \u201cGabriele d\u2019Annunzio\u201d di Chieti-Pescara Universit\u00e0 di Verona Universit\u00e0 di Bologna Universit\u00e0 di Padova Universit\u00e0 di Trento","protected":false},"author":1,"featured_media":0,"parent":44,"menu_order":0,"comment_status":"closed","ping_status":"closed","template":"","meta":{"footnotes":""},"class_list":["post-99","page","type-page","status-publish","hentry"],"_links":{"self":[{"href":"https:\/\/ambbucarest.esteri.it\/it\/wp-json\/wp\/v2\/pages\/99","targetHints":{"allow":["GET"]}}],"collection":[{"href":"https:\/\/ambbucarest.esteri.it\/it\/wp-json\/wp\/v2\/pages"}],"about":[{"href":"https:\/\/ambbucarest.esteri.it\/it\/wp-json\/wp\/v2\/types\/page"}],"author":[{"embeddable":true,"href":"https:\/\/ambbucarest.esteri.it\/it\/wp-json\/wp\/v2\/users\/1"}],"replies":[{"embeddable":true,"href":"https:\/\/ambbucarest.esteri.it\/it\/wp-json\/wp\/v2\/comments?post=99"}],"version-history":[{"count":6,"href":"https:\/\/ambbucarest.esteri.it\/it\/wp-json\/wp\/v2\/pages\/99\/revisions"}],"predecessor-version":[{"id":7794,"href":"https:\/\/ambbucarest.esteri.it\/it\/wp-json\/wp\/v2\/pages\/99\/revisions\/7794"}],"up":[{"embeddable":true,"href":"https:\/\/ambbucarest.esteri.it\/it\/wp-json\/wp\/v2\/pages\/44"}],"wp:attachment":[{"href":"https:\/\/ambbucarest.esteri.it\/it\/wp-json\/wp\/v2\/media?parent=99"}],"curies":[{"name":"wp","href":"https:\/\/api.w.org\/{rel}","templated":true}]}}