{"id":158,"date":"2023-04-11T18:10:30","date_gmt":"2023-04-11T15:10:30","guid":{"rendered":"https:\/\/ambbucarest.esteri.it\/diplomazia-economica\/"},"modified":"2025-11-19T10:48:04","modified_gmt":"2025-11-19T08:48:04","slug":"diplomazia-economica","status":"publish","type":"page","link":"https:\/\/ambbucarest.esteri.it\/ro\/italia-e-romania\/diplomazia-economica\/","title":{"rendered":"Diploma\u021bia economic\u0103"},"content":{"rendered":"<p>Biroul Economic \u0219i Comercial al Ambasadei Italiei la Bucure\u0219ti coordoneaz\u0103 activit\u0103\u021bile de promovare economic\u0103 \u00een Rom\u00e2nia, stabilindu-\u0219i ca obiectiv cre\u0219terea volumului de schimburi comerciale, a fluxurilor de investi\u021bii \u0219i a cooper\u0103rii tehnologice dintre cele dou\u0103 \u021b\u0103ri. Biroul furnizeaz\u0103 informa\u021bii, asisten\u021b\u0103 \u0219i servicii companiilor \u0219i operatorilor economici italieni care doresc s\u0103 identifice oportunit\u0103\u021bi de afaceri \u00een Rom\u00e2nia.<\/p>\n<p>Strategia de promovare economic\u0103 \u0219i comercial\u0103 a Ambasadei Italiei este implementat\u0103 prin coordonarea continu\u0103 cu organismele institu\u021bionale ale Sistemului Italia din Rom\u00e2nia, cum ar fi ICE \u0219i Camera de Comer\u021b Italian\u0103 pentru Rom\u00e2nia, dar \u0219i cu Confindustria Rom\u00e2nia.<\/p>\n<p>Pentru a solicita asisten\u021b\u0103 din partea sec\u021biei economice \u0219i comerciale,\u00a0ap\u0103sa\u021bi <a href=\"https:\/\/nexus.esteri.it\/\">aici<\/a>.<\/p>\n<p>Pentru o prezentare mai detaliat\u0103 a Rom\u00e2niei, v\u0103 invit\u0103m s\u0103 consulta\u021bi <a href=\"https:\/\/ambbucarest.esteri.it\/wp-content\/uploads\/2025\/09\/AMB-IT-DESTINAZIONE-ROMANIA-A5-250825-3-100DPI-1.pdf\">Ghidul de afaceri \u201eDiploma\u021bia cre\u0219terii economice: Destina\u021bia Rom\u00e2nia\u201d<\/a>.<\/p>\n<p><img loading=\"lazy\" decoding=\"async\" class=\"alignnone size-medium wp-image-7083 img-fluid\" src=\"https:\/\/ambbucarest.esteri.it\/wp-content\/uploads\/2025\/11\/qrcode-Guida-Affari-300x300.jpeg\" alt=\"\" width=\"300\" height=\"300\" srcset=\"https:\/\/ambbucarest.esteri.it\/wp-content\/uploads\/2025\/11\/qrcode-Guida-Affari-300x300.jpeg 300w, https:\/\/ambbucarest.esteri.it\/wp-content\/uploads\/2025\/11\/qrcode-Guida-Affari-150x150.jpeg 150w, https:\/\/ambbucarest.esteri.it\/wp-content\/uploads\/2025\/11\/qrcode-Guida-Affari-768x768.jpeg 768w, https:\/\/ambbucarest.esteri.it\/wp-content\/uploads\/2025\/11\/qrcode-Guida-Affari.jpeg 1000w\" sizes=\"auto, (max-width: 300px) 100vw, 300px\" \/><\/p>\n<p>&nbsp;<\/p>\n<p><strong>Biroul economic \u0219i comercial al Ambasadei Italiei<\/strong><\/p>\n<p>\u0218ef Birou: Domnul Federico Mozzi<\/p>\n<p>Tel. +40 21 305 21 00<\/p>\n<p>Fax +40 21 312 04 22<\/p>\n<p>E-mail:\u00a0<a href=\"mailto:uffcomm.bucarest@esteri.it\">uffcomm.bucarest@esteri.it<\/a><\/p>\n<p>&nbsp;<\/p>\n<p><a href=\"https:\/\/www.ice.it\/it\/mercati\/romania\"><strong>ITA (Italian Trade Agency)<\/strong><\/a><\/p>\n<p><a href=\"https:\/\/www.ice.it\/it\/mercati\/romania\"><strong>ICE-Agen\u0163ia pentru promovarea extern\u0103 \u015fi interna\u0163ionalizarea firmelor italiene<\/strong><\/a><\/p>\n<p>Director: Doamna Alessandra Capobianco<\/p>\n<p>Tel: +40 21 211 42 40<\/p>\n<p>Fax: +40 21 210 06 13<\/p>\n<p>E-mail:\u00a0<a href=\"mailto:bucarest@ice.it\">bucarest@ice.it<\/a><\/p>\n<p>&nbsp;<\/p>\n<p><a href=\"https:\/\/www.cameradicommercio.ro\/\"><strong>Camera de Comer\u0163 Italian\u0103 pentru Rom\u00e2nia<\/strong><\/a><\/p>\n<p>Pre\u0219edinte: Roberto Musneci<\/p>\n<p>Tel: +40 21 310 23 15<\/p>\n<p>Fax: +40 21 310 23 18<\/p>\n<p>E-mail:\u00a0<a href=\"mailto:info@ccipr.ro\">info@ccipr.ro<\/a><\/p>\n<p>&nbsp;<\/p>\n<p><strong><a href=\"https:\/\/www.confindustria.ro\/\">Confindustria Rom\u00e2nia\u00a0<\/a><\/strong><\/p>\n<p>Pre\u0219edinte: Giulio Bertola<\/p>\n<p>Tel: +40 31 805 31 85<\/p>\n<p>Fax: +40 31 805 31 84<\/p>\n<p>E-mail:\u00a0<a href=\"mailto:info@confindustria.ro\">info@confindustria.ro<\/a><\/p>\n<p>&nbsp;<\/p>\n<p><u>Schimburile comerciale<\/u><\/p>\n<p>Rela\u021biile economice dintre Italia \u0219i Rom\u00e2nia sunt extrem de intense. Pe baza datelor furnizate de Institutul Rom\u00e2n de Statistic\u0103, Italia este al doilea partener comercial al Rom\u00e2niei, dup\u0103 Germania, de\u021bin\u00e2nd, \u00een primele \u0219ase luni ale anului 2025 o cot\u0103 de 8,9% din totalul exporturilor din Rom\u00e2nia \u0219i de 8,1% din totalul importurilor. Schimburile comerciale dintre Italia \u0219i Romania au totalizat circa 9,5 miliarde de euro. \u00cen special, Rom\u00e2nia a exportat c\u0103tre Italia bunuri \u00een valoare total\u0103 de 4.233 milioane de euro (-8,1% fa\u021b\u0103 de aceea\u0219i perioad\u0103 din 2024), \u00een timp ce importurile din Italia au atins o valoare de 5.236 milioane de euro (-1% fa\u021b\u0103 de aceea\u0219i perioad\u0103 din 2024). Balan\u021ba comercial\u0103 a Rom\u00e2niei \u00een ceea ce prive\u0219te schimburile cu Italia \u00een perioada de referin\u021b\u0103 a \u00eenregistrat un excedent comercial negativ de 1 miliard de euro. \u00cen perioada la care se face referire, Rom\u00e2nia a exportat \u00een Italia \u00een principal utilaje \u0219i aparatur\u0103 electric\u0103, vehicule \u0219i materiale pentru transport, dar \u0219i produse textile, \u0219i a importat utilaje \u0219i aparatur\u0103 electric\u0103, metale comune \u0219i produse textile.<\/p>\n<p>&nbsp;<\/p>\n<p><u>Investi\u021bii italiene \u00een Rom\u00e2nia<\/u><\/p>\n<p>Soliditatea rela\u021biilor economice dintre cele dou\u0103 \u021bari este confirmat\u0103 \u0219i de puternica prezen\u021b\u0103 a investitorilor italieni \u00een Rom\u00e2nia. Italia este principala \u021bar\u0103 investitoare \u00een Rom\u00e2nia ca num\u0103r de companii \u00eenregistrate \u2013 54.000, dintre care 23 de mii active \u2013 la data de 28 februarie 2025, ceea ce reprezint\u0103 19% din total.\u00a0Companiile italiene activeaz\u0103 \u00een toate sectoarele, fie c\u0103 sunt companii mici \u0219i mijlocii, fie mari grupuri industriale. O zon\u0103 important\u0103 de activitate este cea a infrastructurilor, unde activeaz\u0103 principalele companii de construc\u021bii italiene. Acestea au contribuit \u00eentr-o manier\u0103 semnificativ\u0103 la realizarea unor mari proiecte stradale, feroviare sau de dezvoltare a conectivit\u0103\u021bii. \u0218i \u00een sectorul energetic companiile italiene s-au eviden\u021biat prin\u00a0<em>know how<\/em>, ceea ce a f\u0103cut ca acestea s\u0103 ocupe un loc de v\u00e2rf \u00een produc\u021bia \u0219i distribu\u021bia de energie. Exist\u0103, de asemenea, numeroase companii cu unit\u0103\u021bi de produc\u021bie \u00een sectorul ingineriei de precizie, precum \u0219i \u00een sectorul produc\u021biei tradi\u021bionale. Sectorul agroalimentar este un alt sector de interes pentru companiile italiene.<\/p>\n<p>Conform statisticii B\u0103ncii Na\u021bionale a Rom\u00e2niei bazate pe principiul \u021b\u0103rii investitorului final (<em>ultimate investing country<\/em>), \u00een 2024 Italia s-a clasat pe locul cinci printre principalii investitori str\u0103ini \u00een Rom\u00e2nia, cu 7,2 miliarde de euro \u0219i o pondere de 5,8% din totalul ISD din \u021bar\u0103. \u00cen fa\u021ba Italiei se situeaz\u0103 Germania (14,9%), Austria (11,3%), Fran\u021ba (10,3%) \u0219i Statele Unite (6,7%). Utiliz\u00e2nd criteriul \u021b\u0103rii investitorului imediat, Italia r\u0103m\u00e2ne pe locul \u0219ase \u00een clasamentul din 2024, cu o pondere de 5,8% din totalul investi\u021biilor str\u0103ine.<\/p>\n","protected":false},"excerpt":{"rendered":"Biroul Economic \u0219i Comercial al Ambasadei Italiei la Bucure\u0219ti coordoneaz\u0103 activit\u0103\u021bile de promovare economic\u0103 \u00een Rom\u00e2nia, stabilindu-\u0219i ca obiectiv cre\u0219terea volumului de schimburi comerciale, a fluxurilor de investi\u021bii \u0219i a cooper\u0103rii tehnologice dintre cele dou\u0103 \u021b\u0103ri. Biroul furnizeaz\u0103 informa\u021bii, asisten\u021b\u0103 \u0219i servicii companiilor \u0219i operatorilor economici italieni care doresc s\u0103 identifice oportunit\u0103\u021bi de afaceri \u00een [&hellip;]","protected":false},"author":1,"featured_media":0,"parent":180,"menu_order":0,"comment_status":"closed","ping_status":"closed","template":"","meta":{"footnotes":""},"class_list":["post-158","page","type-page","status-publish","hentry"],"_links":{"self":[{"href":"https:\/\/ambbucarest.esteri.it\/ro\/wp-json\/wp\/v2\/pages\/158","targetHints":{"allow":["GET"]}}],"collection":[{"href":"https:\/\/ambbucarest.esteri.it\/ro\/wp-json\/wp\/v2\/pages"}],"about":[{"href":"https:\/\/ambbucarest.esteri.it\/ro\/wp-json\/wp\/v2\/types\/page"}],"author":[{"embeddable":true,"href":"https:\/\/ambbucarest.esteri.it\/ro\/wp-json\/wp\/v2\/users\/1"}],"replies":[{"embeddable":true,"href":"https:\/\/ambbucarest.esteri.it\/ro\/wp-json\/wp\/v2\/comments?post=158"}],"version-history":[{"count":6,"href":"https:\/\/ambbucarest.esteri.it\/ro\/wp-json\/wp\/v2\/pages\/158\/revisions"}],"predecessor-version":[{"id":7087,"href":"https:\/\/ambbucarest.esteri.it\/ro\/wp-json\/wp\/v2\/pages\/158\/revisions\/7087"}],"up":[{"embeddable":true,"href":"https:\/\/ambbucarest.esteri.it\/ro\/wp-json\/wp\/v2\/pages\/180"}],"wp:attachment":[{"href":"https:\/\/ambbucarest.esteri.it\/ro\/wp-json\/wp\/v2\/media?parent=158"}],"curies":[{"name":"wp","href":"https:\/\/api.w.org\/{rel}","templated":true}]}}