{"id":159,"date":"2023-04-11T18:24:01","date_gmt":"2023-04-11T15:24:01","guid":{"rendered":"https:\/\/ambbucarest.esteri.it\/diplomazia-economica\/fare-affari-in-italia\/"},"modified":"2023-12-07T17:54:29","modified_gmt":"2023-12-07T15:54:29","slug":"fare-affari-in-italia","status":"publish","type":"page","link":"https:\/\/ambbucarest.esteri.it\/ro\/italia-e-romania\/diplomazia-economica\/fare-affari-in-italia\/","title":{"rendered":"A face afaceri \u00een Italia"},"content":{"rendered":"<p class=\"boxLevel03\">Dac\u0103 sunte\u0163i interesa\u0163i s\u0103 face\u0163i afaceri \u00een Italia, pute\u0163i accesa urm\u0103toarele link-uri unde ve\u0163i g\u0103si documente \u015fi informa\u0163ii detaliate despre economia italian\u0103 \u015fi despre oportunit\u0103\u0163ile economice \u015fi comerciale.<\/p>\n<p><strong><a href=\"https:\/\/www.ice.it\/en\/index.php\/\">Italian Trade Agency<\/a><\/strong><\/p>\n<p><strong><a href=\"https:\/\/www.bancaditalia.it\/homepage\/index.html\">Banca d\u2019Italia<\/a><br \/>\n<\/strong><\/p>\n<p><strong><a href=\"https:\/\/www.mise.gov.it\/index.php\/en\/\">Ministero dello Sviluppo Economico<\/a><\/strong><\/p>\n<p><strong><a href=\"https:\/\/www4.istat.it\/en\/\">Istituto Nazionale di Statistica<\/a><br \/>\n<\/strong><\/p>\n<p><strong><a href=\"https:\/\/www.agenziaentrate.gov.it\/portale\/web\/english\">Agenzia delle Entrate<\/a><\/strong><\/p>\n<p><strong><a href=\"https:\/\/www.doingbusiness.org\/en\/data\/exploreeconomies\/italy\">Doing Business in Italy<\/a><\/strong><\/p>\n","protected":false},"excerpt":{"rendered":"Dac\u0103 sunte\u0163i interesa\u0163i s\u0103 face\u0163i afaceri \u00een Italia, pute\u0163i accesa urm\u0103toarele link-uri unde ve\u0163i g\u0103si documente \u015fi informa\u0163ii detaliate despre economia italian\u0103 \u015fi despre oportunit\u0103\u0163ile economice \u015fi comerciale. Italian Trade Agency Banca d\u2019Italia Ministero dello Sviluppo Economico Istituto Nazionale di Statistica Agenzia delle Entrate Doing Business in Italy","protected":false},"author":1,"featured_media":0,"parent":158,"menu_order":0,"comment_status":"closed","ping_status":"closed","template":"","meta":{"footnotes":""},"class_list":["post-159","page","type-page","status-publish","hentry"],"_links":{"self":[{"href":"https:\/\/ambbucarest.esteri.it\/ro\/wp-json\/wp\/v2\/pages\/159","targetHints":{"allow":["GET"]}}],"collection":[{"href":"https:\/\/ambbucarest.esteri.it\/ro\/wp-json\/wp\/v2\/pages"}],"about":[{"href":"https:\/\/ambbucarest.esteri.it\/ro\/wp-json\/wp\/v2\/types\/page"}],"author":[{"embeddable":true,"href":"https:\/\/ambbucarest.esteri.it\/ro\/wp-json\/wp\/v2\/users\/1"}],"replies":[{"embeddable":true,"href":"https:\/\/ambbucarest.esteri.it\/ro\/wp-json\/wp\/v2\/comments?post=159"}],"version-history":[{"count":2,"href":"https:\/\/ambbucarest.esteri.it\/ro\/wp-json\/wp\/v2\/pages\/159\/revisions"}],"predecessor-version":[{"id":4086,"href":"https:\/\/ambbucarest.esteri.it\/ro\/wp-json\/wp\/v2\/pages\/159\/revisions\/4086"}],"up":[{"embeddable":true,"href":"https:\/\/ambbucarest.esteri.it\/ro\/wp-json\/wp\/v2\/pages\/158"}],"wp:attachment":[{"href":"https:\/\/ambbucarest.esteri.it\/ro\/wp-json\/wp\/v2\/media?parent=159"}],"curies":[{"name":"wp","href":"https:\/\/api.w.org\/{rel}","templated":true}]}}