{"id":164,"date":"2023-04-11T18:10:45","date_gmt":"2023-04-11T15:10:45","guid":{"rendered":"https:\/\/ambbucarest.esteri.it\/diplomazia-culturale\/"},"modified":"2026-03-05T16:34:55","modified_gmt":"2026-03-05T14:34:55","slug":"diplomazia-culturale","status":"publish","type":"page","link":"https:\/\/ambbucarest.esteri.it\/ro\/italia-e-romania\/diplomazia-culturale\/","title":{"rendered":"Diploma\u021bie cultural\u0103"},"content":{"rendered":"<p class=\"boxLevel03\"><strong>Cadru general<\/strong><\/p>\n<p>Cultura este un element esen\u021bial al identit\u0103\u021bii italiene \u00een \u00eentreaga lume \u0219i reprezint\u0103 un patrimoniu material \u0219i imaterial pe care ne putem baza pentru a face fa\u021b\u0103 provoc\u0103rilor contemporane. Aceasta include limba italian\u0103, o mo\u0219tenire vie a trecutului \u0219i o punte c\u0103tre viitor, \u0219i cercetarea \u0219tiin\u021bific\u0103, un domeniu \u00een care Italia exceleaz\u0103 \u0219i este recunoscut\u0103 la nivel interna\u021bional.<\/p>\n<p>Prin urmare, promovarea cultural\u0103 joac\u0103 un rol central \u00een politica extern\u0103 a \u021b\u0103rii noastre \u0219i este unul dintre principalele instrumente de proiec\u021bie interna\u021bional\u0103. Prin eforturi ample \u0219i continue, Ambasada Italiei la Bucure\u0219ti, \u00een str\u00e2ns\u0103 colaborare cu Institutul Italian de Cultur\u0103 din Bucure\u0219ti, promoveaz\u0103 \u0219i consolideaz\u0103 rela\u021biile culturale dintre Italia \u0219i Rom\u00e2nia \u00een numeroase domenii. Acestea includ predarea \u0219i promovarea limbii italiene, organizarea de ini\u021biative \u0219i evenimente artistice &#8211; festivaluri de film, conferin\u021be, concerte, expozi\u021bii &#8211; precum \u0219i protejarea \u0219i valorificarea patrimoniului cultural al Italiei.<\/p>\n<p>Activit\u0103\u021bile de promovare cultural\u0103 sunt desf\u0103\u0219urate \u00een cadrul Legii 401\/1990 privind reforma Institutelor Italiene de Cultur\u0103 \u0219i respect\u0103 obiectivele \u0219i directivele definite de Minister \u0219i de Comisia Na\u021bional\u0103 pentru Promovarea Culturii Italiene \u00een Str\u0103in\u0103tate. Ambasada \u00eencurajeaz\u0103 \u0219i sprijin\u0103 predarea limbii italiene la toate nivelurile, contribuie la proiecte de traducere finan\u021bate de Ministerul Afacerilor Externe \u0219i acord\u0103 burse burse guvernamentale italiene studen\u021bilor \u0219i cercet\u0103torilor merituo\u0219i pentru studii \u0219i cercetare \u00een Italia, promov\u00e2nd totodat\u0103 formarea cadrelor didactice \u0219i educa\u021bia continu\u0103.<\/p>\n<p>&nbsp;<\/p>\n<p><strong>Anul Cultural Italia-Rom\u00e2nia 2026<\/strong><\/p>\n<p>\u00cen aceast\u0103 perspectiv\u0103 se \u00eenscrie Anul Cultural Italia\u2013Rom\u00e2nia 2026, un proiect desf\u0103\u015furat sub \u00cenaltul Patronaj al Pre\u0219edintelui Republicii Italiene, Sergio Mattarella, \u0219i al Pre\u0219edintelui Rom\u00e2niei, Nicu\u0219or Dan.<\/p>\n<p>Ini\u021biativa reprezint\u0103 un moment deosebit de intens \u00een dialogul bilateral, oferind un calendar de evenimente menite s\u0103 celebreze leg\u0103turile istorice dintre cele dou\u0103 \u021b\u0103ri \u0219i s\u0103 promoveze noi oportunit\u0103\u021bi de colaborare cultural\u0103, \u0219tiin\u021bific\u0103 \u0219i academic\u0103, consolid\u00e2nd un viitor comun \u00eentemeiat pe valori \u00eemp\u0103rt\u0103\u0219ite. Primul semestru se desf\u0103\u0219oar\u0103 \u00een Italia, pentru a promova cultura rom\u00e2n\u0103; al doilea semestru se desf\u0103\u0219oar\u0103 \u00een Rom\u00e2nia, pentru a promova cultura italian\u0103.<\/p>\n<p>&nbsp;<\/p>\n<p>Pentru mai multe informa\u021bii privind ini\u021biativele Institutului Italian de Cultur\u0103 din Bucure\u015fti pute\u021bi accesa link-ul de mai jos:<\/p>\n<p align=\"justify\"><a href=\"https:\/\/iicbucarest.esteri.it\/ro\/gli_eventi\/\">Evenimentele Institutului Italian de Cultur\u0103 la Bucure\u015fti<\/a><\/p>\n","protected":false},"excerpt":{"rendered":"Cadru general Cultura este un element esen\u021bial al identit\u0103\u021bii italiene \u00een \u00eentreaga lume \u0219i reprezint\u0103 un patrimoniu material \u0219i imaterial pe care ne putem baza pentru a face fa\u021b\u0103 provoc\u0103rilor contemporane. Aceasta include limba italian\u0103, o mo\u0219tenire vie a trecutului \u0219i o punte c\u0103tre viitor, \u0219i cercetarea \u0219tiin\u021bific\u0103, un domeniu \u00een care Italia exceleaz\u0103 \u0219i [&hellip;]","protected":false},"author":1,"featured_media":0,"parent":180,"menu_order":2,"comment_status":"closed","ping_status":"closed","template":"","meta":{"footnotes":""},"class_list":["post-164","page","type-page","status-publish","hentry"],"_links":{"self":[{"href":"https:\/\/ambbucarest.esteri.it\/ro\/wp-json\/wp\/v2\/pages\/164","targetHints":{"allow":["GET"]}}],"collection":[{"href":"https:\/\/ambbucarest.esteri.it\/ro\/wp-json\/wp\/v2\/pages"}],"about":[{"href":"https:\/\/ambbucarest.esteri.it\/ro\/wp-json\/wp\/v2\/types\/page"}],"author":[{"embeddable":true,"href":"https:\/\/ambbucarest.esteri.it\/ro\/wp-json\/wp\/v2\/users\/1"}],"replies":[{"embeddable":true,"href":"https:\/\/ambbucarest.esteri.it\/ro\/wp-json\/wp\/v2\/comments?post=164"}],"version-history":[{"count":6,"href":"https:\/\/ambbucarest.esteri.it\/ro\/wp-json\/wp\/v2\/pages\/164\/revisions"}],"predecessor-version":[{"id":7580,"href":"https:\/\/ambbucarest.esteri.it\/ro\/wp-json\/wp\/v2\/pages\/164\/revisions\/7580"}],"up":[{"embeddable":true,"href":"https:\/\/ambbucarest.esteri.it\/ro\/wp-json\/wp\/v2\/pages\/180"}],"wp:attachment":[{"href":"https:\/\/ambbucarest.esteri.it\/ro\/wp-json\/wp\/v2\/media?parent=164"}],"curies":[{"name":"wp","href":"https:\/\/api.w.org\/{rel}","templated":true}]}}