{"id":165,"date":"2023-04-11T18:24:57","date_gmt":"2023-04-11T15:24:57","guid":{"rendered":"https:\/\/ambbucarest.esteri.it\/diplomazia-culturale\/lingua-e-cultura-italiana\/"},"modified":"2023-12-07T17:58:46","modified_gmt":"2023-12-07T15:58:46","slug":"lingua-e-cultura-italiana","status":"publish","type":"page","link":"https:\/\/ambbucarest.esteri.it\/ro\/italia-e-romania\/diplomazia-culturale\/lingua-e-cultura-italiana\/","title":{"rendered":"Limba \u0219i cultura italian\u0103"},"content":{"rendered":"<p>Institutul Italian de Cultur\u0103 la Bucure\u015fti organizeaz\u0103 cursuri de limba italian\u0103, \u00eemp\u0103r\u0163ite \u00een diferite nivele.<br \/>\nEste posibil\u0103 consultarea calendarului de cursuri pe site-ul\u00a0<strong><a href=\"https:\/\/iicbucarest.esteri.it\/iic_bucarest\/ro\/imparare_italiano\/i_corsi_di_lingua\/\">Institutului Italian de Cultur\u0103 din Bucure\u015fti<\/a>\u00a0<\/strong>pentru a ob\u0163ine toate informa\u0163iile necesare pentru a urma un curs de limba italian\u0103.<\/p>\n","protected":false},"excerpt":{"rendered":"Institutul Italian de Cultur\u0103 la Bucure\u015fti organizeaz\u0103 cursuri de limba italian\u0103, \u00eemp\u0103r\u0163ite \u00een diferite nivele. Este posibil\u0103 consultarea calendarului de cursuri pe site-ul\u00a0Institutului Italian de Cultur\u0103 din Bucure\u015fti\u00a0pentru a ob\u0163ine toate informa\u0163iile necesare pentru a urma un curs de limba italian\u0103.","protected":false},"author":1,"featured_media":0,"parent":164,"menu_order":0,"comment_status":"closed","ping_status":"closed","template":"","meta":{"footnotes":""},"class_list":["post-165","page","type-page","status-publish","hentry"],"_links":{"self":[{"href":"https:\/\/ambbucarest.esteri.it\/ro\/wp-json\/wp\/v2\/pages\/165","targetHints":{"allow":["GET"]}}],"collection":[{"href":"https:\/\/ambbucarest.esteri.it\/ro\/wp-json\/wp\/v2\/pages"}],"about":[{"href":"https:\/\/ambbucarest.esteri.it\/ro\/wp-json\/wp\/v2\/types\/page"}],"author":[{"embeddable":true,"href":"https:\/\/ambbucarest.esteri.it\/ro\/wp-json\/wp\/v2\/users\/1"}],"replies":[{"embeddable":true,"href":"https:\/\/ambbucarest.esteri.it\/ro\/wp-json\/wp\/v2\/comments?post=165"}],"version-history":[{"count":3,"href":"https:\/\/ambbucarest.esteri.it\/ro\/wp-json\/wp\/v2\/pages\/165\/revisions"}],"predecessor-version":[{"id":4096,"href":"https:\/\/ambbucarest.esteri.it\/ro\/wp-json\/wp\/v2\/pages\/165\/revisions\/4096"}],"up":[{"embeddable":true,"href":"https:\/\/ambbucarest.esteri.it\/ro\/wp-json\/wp\/v2\/pages\/164"}],"wp:attachment":[{"href":"https:\/\/ambbucarest.esteri.it\/ro\/wp-json\/wp\/v2\/media?parent=165"}],"curies":[{"name":"wp","href":"https:\/\/api.w.org\/{rel}","templated":true}]}}