{"id":167,"date":"2023-04-11T18:24:28","date_gmt":"2023-04-11T15:24:28","guid":{"rendered":"https:\/\/ambbucarest.esteri.it\/diplomazia-culturale\/missioni-archeologiche\/"},"modified":"2026-03-10T10:01:41","modified_gmt":"2026-03-10T08:01:41","slug":"missioni-archeologiche","status":"publish","type":"page","link":"https:\/\/ambbucarest.esteri.it\/ro\/italia-e-romania\/diplomazia-culturale\/missioni-archeologiche\/","title":{"rendered":"Misiuni arheologice"},"content":{"rendered":"<p>\u00cen Rom\u00e2nia este activ\u0103 o misiune arheologic\u0103 italian\u0103 la Tibiscum (jude\u021bul Cara\u0219-Severin), condus\u0103 de Prof. Livio Zerbini de la Universitatea din Ferrara. Situat \u00een partea sud-vestic\u0103 a Rom\u00e2niei, Tibiscum, patrimoniu UNESCO, reprezint\u0103 <strong>cel mai important castru militar din Dacia occidental\u0103<\/strong> \u0219i se afl\u0103 la 55 km est de Ulpia Traiana Sarmizegetusa, capitala Daciei romane. Misiunea este activ\u0103 din 2014 \u0219i colaboreaz\u0103 cu Muzeul Jude\u0163ean de Etnografie \u015fi al Regimentului de Grani\u0163\u0103 din Caransebe\u015f la un proiect comun pentru crearea unui parc arheologic.<\/p>\n","protected":false},"excerpt":{"rendered":"\u00cen Rom\u00e2nia este activ\u0103 o misiune arheologic\u0103 italian\u0103 la Tibiscum (jude\u021bul Cara\u0219-Severin), condus\u0103 de Prof. Livio Zerbini de la Universitatea din Ferrara. Situat \u00een partea sud-vestic\u0103 a Rom\u00e2niei, Tibiscum, patrimoniu UNESCO, reprezint\u0103 cel mai important castru militar din Dacia occidental\u0103 \u0219i se afl\u0103 la 55 km est de Ulpia Traiana Sarmizegetusa, capitala Daciei romane. Misiunea [&hellip;]","protected":false},"author":1,"featured_media":0,"parent":164,"menu_order":0,"comment_status":"closed","ping_status":"closed","template":"","meta":{"footnotes":""},"class_list":["post-167","page","type-page","status-publish","hentry"],"_links":{"self":[{"href":"https:\/\/ambbucarest.esteri.it\/ro\/wp-json\/wp\/v2\/pages\/167","targetHints":{"allow":["GET"]}}],"collection":[{"href":"https:\/\/ambbucarest.esteri.it\/ro\/wp-json\/wp\/v2\/pages"}],"about":[{"href":"https:\/\/ambbucarest.esteri.it\/ro\/wp-json\/wp\/v2\/types\/page"}],"author":[{"embeddable":true,"href":"https:\/\/ambbucarest.esteri.it\/ro\/wp-json\/wp\/v2\/users\/1"}],"replies":[{"embeddable":true,"href":"https:\/\/ambbucarest.esteri.it\/ro\/wp-json\/wp\/v2\/comments?post=167"}],"version-history":[{"count":4,"href":"https:\/\/ambbucarest.esteri.it\/ro\/wp-json\/wp\/v2\/pages\/167\/revisions"}],"predecessor-version":[{"id":7670,"href":"https:\/\/ambbucarest.esteri.it\/ro\/wp-json\/wp\/v2\/pages\/167\/revisions\/7670"}],"up":[{"embeddable":true,"href":"https:\/\/ambbucarest.esteri.it\/ro\/wp-json\/wp\/v2\/pages\/164"}],"wp:attachment":[{"href":"https:\/\/ambbucarest.esteri.it\/ro\/wp-json\/wp\/v2\/media?parent=167"}],"curies":[{"name":"wp","href":"https:\/\/api.w.org\/{rel}","templated":true}]}}