{"id":168,"date":"2023-04-11T18:24:38","date_gmt":"2023-04-11T15:24:38","guid":{"rendered":"https:\/\/ambbucarest.esteri.it\/diplomazia-culturale\/studiare-in-italia\/"},"modified":"2026-03-18T10:22:47","modified_gmt":"2026-03-18T08:22:47","slug":"studiare-in-italia","status":"publish","type":"page","link":"https:\/\/ambbucarest.esteri.it\/ro\/italia-e-romania\/diplomazia-culturale\/studiare-in-italia\/","title":{"rendered":"Studii \u00een Italia"},"content":{"rendered":"<p>Pentru informa\u021bii \u0219i oportunit\u0103\u021bi de studiu \u00een Italia, v\u0103 rug\u0103m s\u0103 consulta\u021bi portalul <a href=\"https:\/\/studyinitaly.esteri.it\/\">Study in Italy<\/a>.<\/p>\n<p class=\"entry-title h3\"><a href=\"https:\/\/ambbucarest.esteri.it\/ro\/news\/dall_ambasciata\/2026\/03\/burse-de-studii-oferite-de-guvernul-italian-pentru-anul-universitar-2026-2027\/\">BURSE DE STUDII OFERITE DE GUVERNUL ITALIAN PENTRU ANUL UNIVERSITAR 2026-2027<\/a><\/p>\n<p>Burse de studii oferite de universit\u0103\u021bi italiene:<\/p>\n<p><a href=\"https:\/\/ambbucarest.esteri.it\/ro\/news\/dall_ambasciata\/2026\/03\/burse-de-studiu-pentru-studenti-internationali-la-universitatea-gabriele-dannunzio-din-chieti-pescara\/\">Universit\u00e0 \u201cGabriele d\u2019Annunzio\u201d di Chieti-Pescara<\/a><\/p>\n<p><a href=\"https:\/\/ambbucarest.esteri.it\/ro\/news\/dall_ambasciata\/2026\/03\/borse-di-studio-per-talenti-internazionali-delluniversita-di-verona\/\">Universit\u00e0 di Verona<\/a><\/p>\n<p><a href=\"https:\/\/ambbucarest.esteri.it\/ro\/news\/dall_ambasciata\/2026\/03\/apeluri-pentru-inscrieri-universitatea-din-bologna-campusul-forli\/\">Universit\u00e0 di Bologna<\/a><\/p>\n<p><a href=\"https:\/\/ambbucarest.esteri.it\/ro\/news\/dall_ambasciata\/2026\/03\/7613\/\">Universit\u00e0 di Padova<\/a><\/p>\n<p><a href=\"https:\/\/ambbucarest.esteri.it\/ro\/news\/dall_ambasciata\/2026\/02\/admitere-la-doua-programe-de-masterat-la-scoala-de-studii-internationale-a-universitatii-din-trento\/\">Universit\u00e0 di Trento<\/a><\/p>\n<p>&nbsp;<\/p>\n","protected":false},"excerpt":{"rendered":"Pentru informa\u021bii \u0219i oportunit\u0103\u021bi de studiu \u00een Italia, v\u0103 rug\u0103m s\u0103 consulta\u021bi portalul Study in Italy. BURSE DE STUDII OFERITE DE GUVERNUL ITALIAN PENTRU ANUL UNIVERSITAR 2026-2027 Burse de studii oferite de universit\u0103\u021bi italiene: Universit\u00e0 \u201cGabriele d\u2019Annunzio\u201d di Chieti-Pescara Universit\u00e0 di Verona Universit\u00e0 di Bologna Universit\u00e0 di Padova Universit\u00e0 di Trento &nbsp;","protected":false},"author":1,"featured_media":0,"parent":164,"menu_order":0,"comment_status":"closed","ping_status":"closed","template":"","meta":{"footnotes":""},"class_list":["post-168","page","type-page","status-publish","hentry"],"_links":{"self":[{"href":"https:\/\/ambbucarest.esteri.it\/ro\/wp-json\/wp\/v2\/pages\/168","targetHints":{"allow":["GET"]}}],"collection":[{"href":"https:\/\/ambbucarest.esteri.it\/ro\/wp-json\/wp\/v2\/pages"}],"about":[{"href":"https:\/\/ambbucarest.esteri.it\/ro\/wp-json\/wp\/v2\/types\/page"}],"author":[{"embeddable":true,"href":"https:\/\/ambbucarest.esteri.it\/ro\/wp-json\/wp\/v2\/users\/1"}],"replies":[{"embeddable":true,"href":"https:\/\/ambbucarest.esteri.it\/ro\/wp-json\/wp\/v2\/comments?post=168"}],"version-history":[{"count":6,"href":"https:\/\/ambbucarest.esteri.it\/ro\/wp-json\/wp\/v2\/pages\/168\/revisions"}],"predecessor-version":[{"id":7797,"href":"https:\/\/ambbucarest.esteri.it\/ro\/wp-json\/wp\/v2\/pages\/168\/revisions\/7797"}],"up":[{"embeddable":true,"href":"https:\/\/ambbucarest.esteri.it\/ro\/wp-json\/wp\/v2\/pages\/164"}],"wp:attachment":[{"href":"https:\/\/ambbucarest.esteri.it\/ro\/wp-json\/wp\/v2\/media?parent=168"}],"curies":[{"name":"wp","href":"https:\/\/api.w.org\/{rel}","templated":true}]}}