{"id":169,"date":"2023-04-11T18:24:48","date_gmt":"2023-04-11T15:24:48","guid":{"rendered":"https:\/\/ambbucarest.esteri.it\/diplomazia-culturale\/turismo\/"},"modified":"2023-12-07T18:14:20","modified_gmt":"2023-12-07T16:14:20","slug":"turismo","status":"publish","type":"page","link":"https:\/\/ambbucarest.esteri.it\/ro\/italia-e-romania\/diplomazia-culturale\/turismo\/","title":{"rendered":"Turism"},"content":{"rendered":"<p>Pentru informa\u021bii, v\u0103 rug\u0103m s\u0103 vizita\u021bi portalul <a href=\"https:\/\/www.italia.it\/it\">Italia.it<\/a><\/p>\n","protected":false},"excerpt":{"rendered":"Pentru informa\u021bii, v\u0103 rug\u0103m s\u0103 vizita\u021bi portalul Italia.it","protected":false},"author":1,"featured_media":0,"parent":164,"menu_order":0,"comment_status":"closed","ping_status":"closed","template":"","meta":{"footnotes":""},"class_list":["post-169","page","type-page","status-publish","hentry"],"_links":{"self":[{"href":"https:\/\/ambbucarest.esteri.it\/ro\/wp-json\/wp\/v2\/pages\/169","targetHints":{"allow":["GET"]}}],"collection":[{"href":"https:\/\/ambbucarest.esteri.it\/ro\/wp-json\/wp\/v2\/pages"}],"about":[{"href":"https:\/\/ambbucarest.esteri.it\/ro\/wp-json\/wp\/v2\/types\/page"}],"author":[{"embeddable":true,"href":"https:\/\/ambbucarest.esteri.it\/ro\/wp-json\/wp\/v2\/users\/1"}],"replies":[{"embeddable":true,"href":"https:\/\/ambbucarest.esteri.it\/ro\/wp-json\/wp\/v2\/comments?post=169"}],"version-history":[{"count":3,"href":"https:\/\/ambbucarest.esteri.it\/ro\/wp-json\/wp\/v2\/pages\/169\/revisions"}],"predecessor-version":[{"id":4118,"href":"https:\/\/ambbucarest.esteri.it\/ro\/wp-json\/wp\/v2\/pages\/169\/revisions\/4118"}],"up":[{"embeddable":true,"href":"https:\/\/ambbucarest.esteri.it\/ro\/wp-json\/wp\/v2\/pages\/164"}],"wp:attachment":[{"href":"https:\/\/ambbucarest.esteri.it\/ro\/wp-json\/wp\/v2\/media?parent=169"}],"curies":[{"name":"wp","href":"https:\/\/api.w.org\/{rel}","templated":true}]}}