{"id":170,"date":"2023-04-11T18:10:55","date_gmt":"2023-04-11T15:10:55","guid":{"rendered":"https:\/\/ambbucarest.esteri.it\/diplomazia-scientifica\/"},"modified":"2026-03-10T16:07:46","modified_gmt":"2026-03-10T14:07:46","slug":"diplomazia-scientifica","status":"publish","type":"page","link":"https:\/\/ambbucarest.esteri.it\/ro\/italia-e-romania\/diplomazia-scientifica\/","title":{"rendered":"Diploma\u0163ie \u015ftiin\u0163ific\u0103"},"content":{"rendered":"<p>Ministerul Afacerilor Externe \u0219i Cooper\u0103rii Interna\u021bionale (MAECI) promoveaz\u0103 interna\u021bionalizarea cercet\u0103rii italiene \u0219i diploma\u021bia \u0219tiin\u021bific\u0103, instrumente fundamentale pentru consolidarea cooper\u0103rii \u00eentre Italia \u0219i restul lumii.<\/p>\n<p>Acest demers se bazeaz\u0103 pe convingerea c\u0103 nu poate exista dezvoltare economic\u0103 f\u0103r\u0103 inovare \u0219i sprijin pentru cercetarea \u0219tiin\u021bific\u0103. Competitivitatea pe pie\u021bele globale din ce \u00een ce mai complexe necesit\u0103 aplicarea constant\u0103 a noilor tehnologii \u00een procesele de produc\u021bie, pentru a ob\u021bine produse inovatoare cu valoare ad\u0103ugat\u0103 ridicat\u0103.<\/p>\n<p>Din acest motiv, Italia investe\u0219te din ce \u00een ce mai multe resurse \u00een cercetare \u0219i inovare, consider\u00e2ndu-le un motor de cre\u0219tere pentru \u021bar\u0103, cu efecte pozitive asupra sectoarelor economice \u0219i comerciale, \u00een special \u00een industriile de \u00eenalt\u0103 tehnologie.<\/p>\n<p>\u00cen cadrul colabor\u0103rii \u0219tiin\u021bifice interna\u021bionale, este activ\u0103 platforma <a href=\"https:\/\/innovitalia.esteri.it\/\">Innovitalia.net<\/a>, promovat\u0103 de Ministerul Afacerilor Externe \u0219i Cooper\u0103rii Interna\u021bionale (MAECI) \u015fi Ministerul Educa\u021biei, Universit\u0103\u021bii \u0219i Cercet\u0103rii (MIUR). Platforma faciliteaz\u0103 schimbul bidirec\u021bional \u00eentre cercet\u0103torii italieni din \u00eentreaga lume \u0219i institu\u021biile \u0219tiin\u021bifice italiene, maximiz\u00e2nd impactul experien\u021bei, capitalului uman \u0219i re\u021belei culturale \u0219i disciplinare a cercet\u0103torilor no\u0219tri din str\u0103in\u0103tate.<\/p>\n","protected":false},"excerpt":{"rendered":"Ministerul Afacerilor Externe \u0219i Cooper\u0103rii Interna\u021bionale (MAECI) promoveaz\u0103 interna\u021bionalizarea cercet\u0103rii italiene \u0219i diploma\u021bia \u0219tiin\u021bific\u0103, instrumente fundamentale pentru consolidarea cooper\u0103rii \u00eentre Italia \u0219i restul lumii. Acest demers se bazeaz\u0103 pe convingerea c\u0103 nu poate exista dezvoltare economic\u0103 f\u0103r\u0103 inovare \u0219i sprijin pentru cercetarea \u0219tiin\u021bific\u0103. Competitivitatea pe pie\u021bele globale din ce \u00een ce mai complexe necesit\u0103 aplicarea [&hellip;]","protected":false},"author":1,"featured_media":0,"parent":180,"menu_order":4,"comment_status":"closed","ping_status":"closed","template":"","meta":{"footnotes":""},"class_list":["post-170","page","type-page","status-publish","hentry"],"_links":{"self":[{"href":"https:\/\/ambbucarest.esteri.it\/ro\/wp-json\/wp\/v2\/pages\/170","targetHints":{"allow":["GET"]}}],"collection":[{"href":"https:\/\/ambbucarest.esteri.it\/ro\/wp-json\/wp\/v2\/pages"}],"about":[{"href":"https:\/\/ambbucarest.esteri.it\/ro\/wp-json\/wp\/v2\/types\/page"}],"author":[{"embeddable":true,"href":"https:\/\/ambbucarest.esteri.it\/ro\/wp-json\/wp\/v2\/users\/1"}],"replies":[{"embeddable":true,"href":"https:\/\/ambbucarest.esteri.it\/ro\/wp-json\/wp\/v2\/comments?post=170"}],"version-history":[{"count":3,"href":"https:\/\/ambbucarest.esteri.it\/ro\/wp-json\/wp\/v2\/pages\/170\/revisions"}],"predecessor-version":[{"id":7717,"href":"https:\/\/ambbucarest.esteri.it\/ro\/wp-json\/wp\/v2\/pages\/170\/revisions\/7717"}],"up":[{"embeddable":true,"href":"https:\/\/ambbucarest.esteri.it\/ro\/wp-json\/wp\/v2\/pages\/180"}],"wp:attachment":[{"href":"https:\/\/ambbucarest.esteri.it\/ro\/wp-json\/wp\/v2\/media?parent=170"}],"curies":[{"name":"wp","href":"https:\/\/api.w.org\/{rel}","templated":true}]}}