{"id":173,"date":"2023-04-11T17:53:01","date_gmt":"2023-04-11T14:53:01","guid":{"rendered":"https:\/\/ambbucarest.esteri.it\/chi-siamo\/lambasciatore\/"},"modified":"2026-02-09T09:50:09","modified_gmt":"2026-02-09T07:50:09","slug":"lambasciatore","status":"publish","type":"page","link":"https:\/\/ambbucarest.esteri.it\/ro\/chi-siamo\/lambasciatore\/","title":{"rendered":"Ambasador"},"content":{"rendered":"<p><strong><img loading=\"lazy\" decoding=\"async\" class=\"alignnone size-medium wp-image-6928 img-fluid\" src=\"https:\/\/ambbucarest.esteri.it\/wp-content\/uploads\/2025\/11\/Foto-Amb.-Aghillare-scelta-300x200.jpg\" alt=\"\" width=\"300\" height=\"200\" srcset=\"https:\/\/ambbucarest.esteri.it\/wp-content\/uploads\/2025\/11\/Foto-Amb.-Aghillare-scelta-300x200.jpg 300w, https:\/\/ambbucarest.esteri.it\/wp-content\/uploads\/2025\/11\/Foto-Amb.-Aghillare-scelta-1024x683.jpg 1024w, https:\/\/ambbucarest.esteri.it\/wp-content\/uploads\/2025\/11\/Foto-Amb.-Aghillare-scelta-768x512.jpg 768w, https:\/\/ambbucarest.esteri.it\/wp-content\/uploads\/2025\/11\/Foto-Amb.-Aghillare-scelta.jpg 1920w\" sizes=\"auto, (max-width: 300px) 100vw, 300px\" \/>\u00a0 <\/strong><\/p>\n<p><strong>Laura AGHILARRE<\/strong><\/p>\n<p>N\u0103scut\u0103 la Roma, \u00een data de 12 februarie 1968. A absolvit Universitatea din Roma, Facultatea de \u0218tiin\u021be Politice, la 15 aprilie 1994.<\/p>\n<p>Ulterior, \u00een urma unui examen de concurs, a fost numit\u0103, la 23 septembrie 1996, voluntar \u00een cariera diplomatic\u0103.<\/p>\n<p>Din 23 iunie 1997, a ocupat func\u021bia de Secretar I \u00een cadrul Direc\u021biei Generale pentru Cooperare la Dezvoltare, Biroul XIII.<\/p>\n<p>La 7 ianuarie 1998, a fost transferat\u0103 la Secretariatul aceleia\u0219i Direc\u021bii Generale.<\/p>\n<p>Din 15 mai 1998, a activat \u00een Secretariatul Particular al Subsecretarului de Stat.<\/p>\n<p>La 10 aprilie 2000, a fost numit\u0103 \u00een Direc\u021bia General\u0103 pentru Cooperare Economic\u0103 \u0219i Financiar\u0103 Multilateral\u0103, Biroul I.<\/p>\n<p>\u00cencep\u00e2nd cu 5 septembrie 2000, a de\u021binut func\u021bia de Vice Consul comercial la Montreal \u0219i Reprezentant Permanent adjunct la Organiza\u021bia Avia\u021biei Civile Interna\u021bionale (ICAO), fiind confirmat\u0103 \u00een aceea\u0219i misiune cu rangul de Consul comercial la 23 septembrie 2000.<\/p>\n<p>La 28 decembrie 2004, a fost transferat\u0103 la Direc\u021bia General\u0103 pentru Afaceri Politice Multilaterale \u0219i Drepturile Omului, Biroul I, iar din 11 august 2005, la Biroul V al aceleia\u0219i direc\u021bii.<\/p>\n<p>La 2 iulie 2006, a fost promovat\u0103 la rangul de Consilier.<\/p>\n<p>\u00centre decembrie 2007 \u0219i iunie 2008, a urmat, la Institutul Diplomatic, cursul de perfec\u021bionare profesional\u0103 pentru consilieri.<\/p>\n<p>\u00cencep\u00e2nd cu 1 septembrie 2009, a activat la Consulatul General de clasa I din New York, cu func\u021bia de Consul, iar din 29 august 2011, cu rangul de Consul General adjunct.<\/p>\n<p>La 2 iulie 2011, a fost numit\u0103 Consilier de ambasad\u0103, iar la 2 septembrie 2013, prim consilier la Reprezentan\u021ba Permanent\u0103 pe l\u00e2ng\u0103 OCDE, la Paris.<\/p>\n<p>La 28 august 2017, a fost plasat\u0103 sub autoritatea direct\u0103 a Directorului General pentru Cooperare la Dezvoltare, iar la 18 septembrie 2017, a preluat conducerea Biroului III din cadrul Direc\u021biei Generale Cooperare la Dezvoltare.<\/p>\n<p>La 2 ianuarie 2020, a fost promovat\u0103 la rangul de Ministru Plenipoten\u021biar.<\/p>\n<p>Din 5 ianuarie 2021, a continuat s\u0103 fie sub autoritatea direct\u0103 a Directorului General pentru Cooperare la Dezvoltare.<\/p>\n<p>Din 30 septembrie 2021, a \u00eendeplinit func\u021bia de Director General Adjunct pentru Cooperare la Dezvoltare \u0219i Director central pentru probleme generale \u0219i coordonare \u00een domeniul cooper\u0103rii pentru dezvoltare.<\/p>\n<p>La 29 octombrie 2025, a preluat func\u021bia de Ambasador al Italiei \u00een Rom\u00e2nia.<\/p>\n<p>Este Cavaler al Ordinului Meritul Republicii \u00een grad de Ofi\u021ber (2021).<\/p>\n","protected":false},"excerpt":{"rendered":"\u00a0 Laura AGHILARRE N\u0103scut\u0103 la Roma, \u00een data de 12 februarie 1968. A absolvit Universitatea din Roma, Facultatea de \u0218tiin\u021be Politice, la 15 aprilie 1994. Ulterior, \u00een urma unui examen de concurs, a fost numit\u0103, la 23 septembrie 1996, voluntar \u00een cariera diplomatic\u0103. Din 23 iunie 1997, a ocupat func\u021bia de Secretar I \u00een cadrul [&hellip;]","protected":false},"author":1,"featured_media":0,"parent":150,"menu_order":0,"comment_status":"closed","ping_status":"closed","template":"","meta":{"footnotes":""},"class_list":["post-173","page","type-page","status-publish","hentry"],"_links":{"self":[{"href":"https:\/\/ambbucarest.esteri.it\/ro\/wp-json\/wp\/v2\/pages\/173","targetHints":{"allow":["GET"]}}],"collection":[{"href":"https:\/\/ambbucarest.esteri.it\/ro\/wp-json\/wp\/v2\/pages"}],"about":[{"href":"https:\/\/ambbucarest.esteri.it\/ro\/wp-json\/wp\/v2\/types\/page"}],"author":[{"embeddable":true,"href":"https:\/\/ambbucarest.esteri.it\/ro\/wp-json\/wp\/v2\/users\/1"}],"replies":[{"embeddable":true,"href":"https:\/\/ambbucarest.esteri.it\/ro\/wp-json\/wp\/v2\/comments?post=173"}],"version-history":[{"count":7,"href":"https:\/\/ambbucarest.esteri.it\/ro\/wp-json\/wp\/v2\/pages\/173\/revisions"}],"predecessor-version":[{"id":7367,"href":"https:\/\/ambbucarest.esteri.it\/ro\/wp-json\/wp\/v2\/pages\/173\/revisions\/7367"}],"up":[{"embeddable":true,"href":"https:\/\/ambbucarest.esteri.it\/ro\/wp-json\/wp\/v2\/pages\/150"}],"wp:attachment":[{"href":"https:\/\/ambbucarest.esteri.it\/ro\/wp-json\/wp\/v2\/media?parent=173"}],"curies":[{"name":"wp","href":"https:\/\/api.w.org\/{rel}","templated":true}]}}