{"id":175,"date":"2023-04-11T17:55:33","date_gmt":"2023-04-11T14:55:33","guid":{"rendered":"https:\/\/ambbucarest.esteri.it\/chi-siamo\/la-sede\/"},"modified":"2023-12-07T17:46:11","modified_gmt":"2023-12-07T15:46:11","slug":"la-sede","status":"publish","type":"page","link":"https:\/\/ambbucarest.esteri.it\/ro\/chi-siamo\/la-sede\/","title":{"rendered":"Sediu"},"content":{"rendered":"<p align=\"justify\"><img loading=\"lazy\" decoding=\"async\" class=\"alignnone size-full wp-image-4027 img-fluid\" src=\"https:\/\/ambbucarest.esteri.it\/wp-content\/uploads\/2023\/12\/266257281_4372488866206846_3512175042240914089_n.jpg\" alt=\"\" width=\"1920\" height=\"728\" srcset=\"https:\/\/ambbucarest.esteri.it\/wp-content\/uploads\/2023\/12\/266257281_4372488866206846_3512175042240914089_n.jpg 1920w, https:\/\/ambbucarest.esteri.it\/wp-content\/uploads\/2023\/12\/266257281_4372488866206846_3512175042240914089_n-300x114.jpg 300w, https:\/\/ambbucarest.esteri.it\/wp-content\/uploads\/2023\/12\/266257281_4372488866206846_3512175042240914089_n-1024x388.jpg 1024w, https:\/\/ambbucarest.esteri.it\/wp-content\/uploads\/2023\/12\/266257281_4372488866206846_3512175042240914089_n-768x291.jpg 768w\" sizes=\"auto, (max-width: 1920px) 100vw, 1920px\" \/><\/p>\n<h2>Bine a\u021bi venit la Ambasada Italiei la Bucure\u0219ti<\/h2>\n<h2 align=\"justify\">Considera\u0163ii generale<\/h2>\n<p>Construc\u0163ie cu personalitate accentuat\u0103, re\u015fedin\u0163a Ambasadorului Italiei la Bucure\u015fti se distinge fa\u0163\u0103 de toate celelalte sedii diplomatice ale capitalei rom\u00e2ne\u015fti. Actuala \u00eenf\u0103\u0163i\u015fare arhitectonic\u0103 exteriaor\u0103, care dateaz\u0103 din anii treizeci, este rezultatul unei reinterpret\u0103ri \u00een stil lictoriu a unei cl\u0103diri dintr-o perioad\u0103 anterioar\u0103. O cl\u0103dire caracterizat\u0103 de spa\u0163ii \u015fi volume atipice prin form\u0103 \u015fi vastitate ce ofer\u0103 posibilit\u0103\u0163i deosebite gra\u0163ie versatilit\u0103\u0163ii sale.<br \/>\nImpresia ini\u0163ial\u0103 de austeritate este dep\u0103\u015fit\u0103 cur\u00e2nd prin cunoa\u015fterea interioarelor care ofer\u0103 intimitatea necesar\u0103 unei vie\u0163i pl\u0103cute persoanelor care locuiesc aici \u015fi creeaz\u0103 un deosebit sentiment de g\u0103zduire oaspe\u0163ilor care o viziteaz\u0103 frecvent. Gr\u0103dina, spa\u0163ioas\u0103 \u015fi protejat\u0103, ofer\u0103 o atmosfer\u0103 de senin\u0103tate cu totul nea\u015fteptat\u0103 \u00een centrul unei mari capitale.<br \/>\nRe\u015fedin\u0163a unui Ambasador al Italiei reflect\u0103 istoria rela\u0163iilor dintre cele doua \u0163\u0103ri precum \u015fi personalitatea Ambasadorului care locuie\u015fte aici. Re\u015fedin\u0163a din Bucure\u015fti nu numai c\u0103 este dotat\u0103 cu \u00eenc\u0103peri adecvate pentru a str\u00e2nge rela\u0163ii cu parteneri str\u0103ini, dar are \u015fi calitatea de a-i face pe italieni s\u0103 se simta la ei acas\u0103. Prin relevan\u0163a sa arhitectonic\u0103, aceasta reprezint\u0103 o m\u0103rturie a importan\u0163ei rela\u0163iilor dintre Roma \u015fi Bucure\u015fti \u015fi, \u00een acela\u015fi timp constituie, prin elegan\u0163a \u00eenc\u0103perilor \u015fi prin frumuse\u0163ea operelor de art\u0103 \u015fi a decora\u0163iunilor, un instrument de lucru formidabil aflat la dispozi\u0163ia \u015fefilor de misiune care de aproape un secol se succedeaz\u0103 pe aceste meleaguri.<br \/>\nO re\u015fedin\u0163\u0103 la \u00een\u0103l\u0163imea vechilor rela\u0163ii dintre cele dou\u0103 \u0163\u0103ri a c\u0103ror soliditate se trage din profundele r\u0103d\u0103cini latine comune \u015fi din evenimentele istrice sculptate \u00een Columna lui Traian \u015fi amintite \u00een imnul na\u0163ional rom\u00e2nesc.<br \/>\n\u015ei, mai ales, este o re\u015fedin\u0163\u0103 care corespunde intensit\u0103\u0163ii rela\u0163iilor politice, economice \u015fi culturale actuale.<\/p>\n<h2 align=\"justify\">Istoricul cl\u0103dirii<\/h2>\n<p align=\"justify\">Re\u015fedin\u0163a Ambasadorului Italiei la Bucure\u015fti, aceea\u015fi de la sf\u00e2r\u015fitul primului r\u0103zboi mondial \u015fi p\u00e2n\u0103 ast\u0103zi, a fost martorul ac\u0163iunii care \u00ee\u015fi propune consolidarea rela\u0163iilor de prietenie intens\u0103 dintre Italia \u015fi Rom\u00e2nia. Motivele unui sediu at\u00e2t de prestigios trebuie c\u0103utate f\u0103r\u0103 \u00eendoial\u0103 \u00een dorin\u0163a Romei de a conferi un statut special rela\u0163iilor italo-rom\u00e2ne. Nu \u00eent\u00e2mpl\u0103tor, imediat dupa cump\u0103rare, sediul a f\u0103cut obiectul unor importante lucrari de reamenajare prin care se urm\u0103rea s\u0103 se dea o anumit\u0103 maestuozitate \u015fi un aspect italian arhitecturii exterioare a cl\u0103dirii.<br \/>\nCl\u0103direa a fost proprietate a familiei Stolojan-Vintil\u0103 Br\u0103tianu \u015fi a fost locuit\u0103 dup\u0103 aceea de un bogat \u00eentreprinz\u0103tor norvegian, negustor de lemn, cunoscut prin via\u0163a plin\u0103 de fast pe care o ducea \u015fi prin recep\u0163iile frecvente pe care le organiza \u00een saloanele sale, recep\u0163ii la care luau parte cele mai importante personalit\u0103\u0163i ale lumii politice \u015fi artistice rom\u00e2ne\u015fti din acea perioad\u0103. \u00cen anul 1920 cl\u0103direa a fost pus\u0103 \u00een v\u00e2nzare \u015fi cump\u0103rat\u0103 \u00een numele Statului italian de c\u0103tre Alberto Martin Franklin, \u00een calitate de trimis special \u015fi ministru plenipoten\u0163iar al Regatului Italiei la Bucure\u015fti.<br \/>\n\u00cen anii treizeci vila a suferit lucr\u0103ri de reamenajare conduse de arhitectul florentin Gherardo Bosio (1903-1941) care a transformat exteriorul in stil lictoriu.<br \/>\nVila este situat\u0103 pe strada Henri Coanda la numarul 7, \u00een zona central\u0103 a orasului, la numai ca\u0163iva pa\u015fi distan\u0163\u0103 de sediul celor mai importante institu\u0163ii rom\u00e2ne\u015fti \u015fi de numeroase alte ambasade, de Calea Victoriei, strad\u0103 istoric\u0103 elegant\u0103 a capitalei \u00een epoca \u00een care Bucure\u015ftiul era cunoscut \u00een toat\u0103 Europa sub numele de \u201cmicul Paris\u201d, \u015fi de Pia\u0163a Roman\u0103, \u00een centrul c\u0103reia a fost a\u015fezat\u0103 o reproducere \u00een m\u0103rime natural\u0103 a Lupoaicei Capitoline, dar al Prim\u0103riei din Roma din 1906. Aceasta din urm\u0103, prezent\u0103 \u00een aproape toate ora\u015fele Rom\u00e2niei, atest\u0103 importan\u0163a pe care rom\u00e2nii o acord\u0103 r\u0103d\u0103cinilor lor romane.<\/p>\n","protected":false},"excerpt":{"rendered":"Bine a\u021bi venit la Ambasada Italiei la Bucure\u0219ti Considera\u0163ii generale Construc\u0163ie cu personalitate accentuat\u0103, re\u015fedin\u0163a Ambasadorului Italiei la Bucure\u015fti se distinge fa\u0163\u0103 de toate celelalte sedii diplomatice ale capitalei rom\u00e2ne\u015fti. Actuala \u00eenf\u0103\u0163i\u015fare arhitectonic\u0103 exteriaor\u0103, care dateaz\u0103 din anii treizeci, este rezultatul unei reinterpret\u0103ri \u00een stil lictoriu a unei cl\u0103diri dintr-o perioad\u0103 anterioar\u0103. O cl\u0103dire caracterizat\u0103 [&hellip;]","protected":false},"author":1,"featured_media":0,"parent":150,"menu_order":2,"comment_status":"closed","ping_status":"closed","template":"","meta":{"footnotes":""},"class_list":["post-175","page","type-page","status-publish","hentry"],"_links":{"self":[{"href":"https:\/\/ambbucarest.esteri.it\/ro\/wp-json\/wp\/v2\/pages\/175","targetHints":{"allow":["GET"]}}],"collection":[{"href":"https:\/\/ambbucarest.esteri.it\/ro\/wp-json\/wp\/v2\/pages"}],"about":[{"href":"https:\/\/ambbucarest.esteri.it\/ro\/wp-json\/wp\/v2\/types\/page"}],"author":[{"embeddable":true,"href":"https:\/\/ambbucarest.esteri.it\/ro\/wp-json\/wp\/v2\/users\/1"}],"replies":[{"embeddable":true,"href":"https:\/\/ambbucarest.esteri.it\/ro\/wp-json\/wp\/v2\/comments?post=175"}],"version-history":[{"count":2,"href":"https:\/\/ambbucarest.esteri.it\/ro\/wp-json\/wp\/v2\/pages\/175\/revisions"}],"predecessor-version":[{"id":4074,"href":"https:\/\/ambbucarest.esteri.it\/ro\/wp-json\/wp\/v2\/pages\/175\/revisions\/4074"}],"up":[{"embeddable":true,"href":"https:\/\/ambbucarest.esteri.it\/ro\/wp-json\/wp\/v2\/pages\/150"}],"wp:attachment":[{"href":"https:\/\/ambbucarest.esteri.it\/ro\/wp-json\/wp\/v2\/media?parent=175"}],"curies":[{"name":"wp","href":"https:\/\/api.w.org\/{rel}","templated":true}]}}