{"id":178,"date":"2023-04-11T18:07:19","date_gmt":"2023-04-11T15:07:19","guid":{"rendered":"https:\/\/ambbucarest.esteri.it\/chi-siamo\/numeri-di-emergenza\/"},"modified":"2023-12-07T17:48:51","modified_gmt":"2023-12-07T15:48:51","slug":"numeri-di-emergenza","status":"publish","type":"page","link":"https:\/\/ambbucarest.esteri.it\/ro\/chi-siamo\/numeri-di-emergenza\/","title":{"rendered":"Numere de urgen\u021b\u0103"},"content":{"rendered":"<p>Telefon de urgen\u021b\u0103:<\/p>\n<p><strong>+40 722 314 803<\/strong><\/p>\n<p>Acest num\u0103r trebuie contactat numai \u00een caz de nevoie real\u0103!<\/p>\n","protected":false},"excerpt":{"rendered":"Telefon de urgen\u021b\u0103: +40 722 314 803 Acest num\u0103r trebuie contactat numai \u00een caz de nevoie real\u0103!","protected":false},"author":1,"featured_media":0,"parent":150,"menu_order":6,"comment_status":"closed","ping_status":"closed","template":"","meta":{"footnotes":""},"class_list":["post-178","page","type-page","status-publish","hentry"],"_links":{"self":[{"href":"https:\/\/ambbucarest.esteri.it\/ro\/wp-json\/wp\/v2\/pages\/178","targetHints":{"allow":["GET"]}}],"collection":[{"href":"https:\/\/ambbucarest.esteri.it\/ro\/wp-json\/wp\/v2\/pages"}],"about":[{"href":"https:\/\/ambbucarest.esteri.it\/ro\/wp-json\/wp\/v2\/types\/page"}],"author":[{"embeddable":true,"href":"https:\/\/ambbucarest.esteri.it\/ro\/wp-json\/wp\/v2\/users\/1"}],"replies":[{"embeddable":true,"href":"https:\/\/ambbucarest.esteri.it\/ro\/wp-json\/wp\/v2\/comments?post=178"}],"version-history":[{"count":2,"href":"https:\/\/ambbucarest.esteri.it\/ro\/wp-json\/wp\/v2\/pages\/178\/revisions"}],"predecessor-version":[{"id":4078,"href":"https:\/\/ambbucarest.esteri.it\/ro\/wp-json\/wp\/v2\/pages\/178\/revisions\/4078"}],"up":[{"embeddable":true,"href":"https:\/\/ambbucarest.esteri.it\/ro\/wp-json\/wp\/v2\/pages\/150"}],"wp:attachment":[{"href":"https:\/\/ambbucarest.esteri.it\/ro\/wp-json\/wp\/v2\/media?parent=178"}],"curies":[{"name":"wp","href":"https:\/\/api.w.org\/{rel}","templated":true}]}}