{"id":179,"date":"2023-04-11T18:08:31","date_gmt":"2023-04-11T15:08:31","guid":{"rendered":"https:\/\/ambbucarest.esteri.it\/chi-siamo\/la-rete-consolare\/"},"modified":"2025-09-04T12:55:52","modified_gmt":"2025-09-04T09:55:52","slug":"la-rete-consolare","status":"publish","type":"page","link":"https:\/\/ambbucarest.esteri.it\/ro\/chi-siamo\/la-rete-consolare\/","title":{"rendered":"Re\u021beaua Consular\u0103"},"content":{"rendered":"<h2>Sec\u0163ia Consular\u0103<\/h2>\n<p>\u015eeful Sec\u0163iei Consulare:<br \/>\nStr. Arch. Ion Mincu nr. 12<br \/>\ncod po\u015ftal 011358 Bucure\u015fti<br \/>\nTel: 40 21 223.2424<br \/>\nFax: 40 21 223.4550<br \/>\nE-mail:\u00a0<a href=\"mailto:consolato.bucarest@esteri.it\">consolato.bucarest@esteri.it<\/a><br \/>\nProgram: pentru toate serviciile consulare de luni p\u00e2n\u0103 vineri de la orele 9:15 la orele 13:00<\/p>\n<p>Date de contact:<br \/>\nDocumente de calatorie, acte notariale: <a href=\"mailto:passaporti.bucarest@esteri.it\">passaporti.bucarest@esteri.it<\/a><br \/>\nDeclara\u0163ii de valoare:\u00a0<a href=\"mailto:dv.bucarest@esteri.it\">dv.bucarest@esteri.it<\/a><br \/>\nVize:\u00a0<a href=\"mailto:infovisti.bucarest@esteri.it\">infovisti.bucarest@esteri.it<\/a><\/p>\n<h2>Consulatele Onorifice ale Italiei \u00een Rom\u00e2nia<\/h2>\n<p>Func\u0163iile desf\u0103\u015furate de Consulatele Onorifice\u00a0ale Italiei au prin tradi\u0163ie scopul de a ap\u0103ra interesele italienilor \u015fi de a oferi asisten\u0163\u0103 persoanelor fizice \u015fi juridice italiene care se afl\u0103 pe teritoriul de competen\u0163\u0103.<br \/>\nCu toate acestea, odat\u0103 cu evolu\u0163ia situa\u0163iei politice interna\u0163ionale \u015fi cu consolidarea rela\u0163iilor dintre Italia \u015fi Rom\u00e2nia, Consulii \u015fi Vice Consulii Onorifici numi\u0163i p\u00e2n\u0103 acum sunt chema\u0163i s\u0103 prezinte \u015fi s\u0103 r\u0103sp\u00e2ndeasc\u0103, \u00een str\u00e2ns\u0103 leg\u0103tur\u0103 cu Ambasada, imaginea Italiei pe l\u00e2ng\u0103 autorit\u0103\u0163ile \u015fi comunit\u0103\u0163ile rom\u00e2ne locale \u015fi \u00ee\u015fi propun obiectivul ambi\u0163ios de a favoriza cunoa\u015fterea, armonizarea \u015fi \u00een final deplina integrare economic\u0103, social\u0103 \u015fi cultural\u0103 a celor dou\u0103 \u0163\u0103ri, valorific\u00e2nd din plin pozi\u0163ia lor de &#8222;punct de leg\u0103tur\u0103&#8221; \u00eentre Italia \u015fi Rom\u00e2nia.<br \/>\nConsulii \u015fi Vice Consulii Onorifici \u00eendeplinesc \u015fi func\u0163ii specifice cu caracter administrativ, unele din ele \u00een deplin\u0103 autonomie, altele dup\u0103 ce au contactat pentru fiecare caz \u00een parte Ambasada Italiei la Bucure\u015fti.<br \/>\nPrintre func\u0163iile de interes public ce pot fi exercitate \u00een deplin\u0103 autonomie se afl\u0103 eliberarea de adeverin\u0163e (cu excep\u0163ia certificatelor de cet\u0103\u0163enie), autentificarea \u015fi legalizarea actelor.<\/p>\n<p><strong>Se atrage aten\u0163ia cona\u0163ionalilor \u015fi utilizatorilor asupra faptului c\u0103 Consulii Onorifici inclu\u015fi pe lista de mai jos sunt singurii autoriza\u0163i de aceast\u0103 Ambasad\u0103 s\u0103 \u00eendeplineasc\u0103 func\u0163iile men\u0163ionate anterior.<\/strong><\/p>\n<p>&nbsp;<\/p>\n<p><strong>REORGANIZAREA RE\u0162ELEI DE OFICII CONSULARE ONORIFICE DIN ROM\u00c2NIA \u00ceN BAZA DECRETULUI MINISTERIAL NR. 5013\/94\/BIS DIN DATA DE\u00a0 02\/03\/2015<\/strong><\/p>\n<p><strong>Consulatul Onorific ARAD<\/strong><br \/>\nTitular: Roberto SPERANDIO<br \/>\nSediu: Strada Decebal n. 7<br \/>\nMob: +40 733 698 820; +40 740 596 468<br \/>\nTel: +40 257 230112<br \/>\nFax: +40 257 210269<br \/>\nEmail:\u00a0<a href=\"mailto:arad.onorario@esteri.it\">arad.onorario@esteri.it<\/a>;\u00a0<a href=\"mailto:sperandior63@gmail.com\">sperandior63@gmail.com<\/a><br \/>\nProgram de luni p\u00e2n\u0103 vineri, \u00eentre orele 10:00 \u0219i 15:30 (primirile se fac pe baz\u0103 de programare la numerele mai sus indicate)<br \/>\nCircumscrip\u021bie teritorial\u0103 pentru jude\u021bele: Arad, Hunedoara \u0219i Bihor<\/p>\n<p><strong>Consulatul Onorific BRA\u015eOV<\/strong><br \/>\nTitular: Emanuele Guglielmo BAGNASCO<br \/>\nSediu: Strada Paraului 40 Bl. S27, sc. B, ap. 2<br \/>\nTel. +40 268 310460<br \/>\nMob: +40 721537226<br \/>\nE-mail:\u00a0<a href=\"mailto:brasov.onorario@esteri.it\">brasov.onorario@esteri.it<\/a><a>;\u00a0<\/a><a href=\"mailto:emanuele@bagnasco.eu\">emanuele@bagnasco.eu<\/a><br \/>\nCircumscrip\u0163ie teritorial\u0103 pentru jude\u0163ele: Bra\u015fov \u015fi Covasna<\/p>\n<p><strong>Consulatul Onorific CLUJ-NAPOCA<\/strong><br \/>\nTitular: Massimo NOVALI<br \/>\nSediu: Strada Emil Racovita n. 16, Ap. 8<br \/>\nTel.: +40 0264 579 062<br \/>\nMob.: +40 744 773 862<br \/>\nE-mail:\u00a0<a href=\"mailto:cluj.onorario@esteri.it\">cluj.onorario@esteri.it<\/a><br \/>\nProgram: de luni p\u00e2n\u0103 vineri, \u00eentre orele 10:30 \u015fi 13.00<br \/>\nCircumscrip\u0163ie teritorial\u0103 pentru jude\u0163ele: Cluj, Bistri\u0163a-N\u0103s\u0103ud \u015fi Mure\u015f<\/p>\n<p><strong>Consulatul Onorific IA\u015eI<\/strong><br \/>\nTitular: vacant<br \/>\nCircumscrip\u0163ie teritorial\u0103 pentru jude\u0163ele:\u00a0Ia\u0219i, Bac\u0103u, Boto\u0219ani, Br\u0103ila, Gala\u021bi, Harghita, Neam\u021b, Suceava, Vaslui.<\/p>\n<p><strong>Consulatul Onorific\u00a0SATU MARE<\/strong><br \/>\nTitular: Dino TUCCI<br \/>\nSediu: Strada Decebal n. 5<br \/>\nMob. +40 723 500 279<br \/>\nE-mail:\u00a0<a href=\"mailto:satumare.onorario@esteri.it\">satumare.onorario@esteri.it<\/a><br \/>\nProgram: de luni p\u00e2n\u0103 vineri, \u00eentre orele 08:00 \u015fi 16:00<br \/>\nCircumscrip\u0163ie teritorial\u0103 pentru jude\u0163ele: Satu Mare, S\u0103laj \u015fi Maramure\u015f<\/p>\n<p><strong>Consulatul Onorific\u00a0SIBIU<\/strong><br \/>\nTitular: Italo SELLERI<br \/>\nSediu: Strada Nicolae Iorga, Nr. 35<br \/>\nMob.: +40 744 557 172<br \/>\nE-mail:\u00a0<a href=\"mailto:sibiu.onorario@esteri.i\">sibiu.onorario@esteri.i<\/a>t;\u00a0<a href=\"mailto:italoselleri@gmail.com\">italoselleri@gmail.com<\/a><br \/>\nCircumscrip\u0163ie teritorial\u0103 pentru jude\u0163ele: Sibiu \u015fi Alba<\/p>\n<p><strong>Consulatul Onorific\u00a0TIMI\u015eOARA<\/strong><br \/>\nTitular: Angela PESAVENTO<br \/>\nSediu: Piata Libert\u0103\u021bii nr. 2<br \/>\nTel. +40\u00a0750 613 624<br \/>\nE-mail:\u00a0<a href=\"mailto:timisoara.onorario@esteri.it\">timisoara.onorario@esteri.it<\/a>,\u00a0<a href=\"mailto:cons.on.timisoara@gmail.com\">cons.on.timisoara@gmail.com<\/a><\/p>\n<p>Program: Lunedi&#8217; e Mercoledi&#8217;: 12.00-16.00<br \/>\nMartedi&#8217;, Giovedi&#8217; e Venerdi&#8217;: 9.00-13.00<br \/>\nCircumscrip\u021bie teritorial\u0103 pentru jude\u021bele: Timi\u015f \u0219i Cara\u015f-Severin<\/p>\n<p><strong>Consulatul Onorific\u00a0CRAIOVA<\/strong><br \/>\nTitular: vacant<br \/>\nCircumscrip\u0163ie teritorial\u0103 pentru jude\u0163ele: Dolj, Olt, Gorj, Mehedin\u0163i \u015fi V\u00e2lcea<\/p>\n","protected":false},"excerpt":{"rendered":"Sec\u0163ia Consular\u0103 \u015eeful Sec\u0163iei Consulare: Str. Arch. Ion Mincu nr. 12 cod po\u015ftal 011358 Bucure\u015fti Tel: 40 21 223.2424 Fax: 40 21 223.4550 E-mail:\u00a0consolato.bucarest@esteri.it Program: pentru toate serviciile consulare de luni p\u00e2n\u0103 vineri de la orele 9:15 la orele 13:00 Date de contact: Documente de calatorie, acte notariale: passaporti.bucarest@esteri.it Declara\u0163ii de valoare:\u00a0dv.bucarest@esteri.it Vize:\u00a0infovisti.bucarest@esteri.it Consulatele Onorifice [&hellip;]","protected":false},"author":1,"featured_media":0,"parent":150,"menu_order":8,"comment_status":"closed","ping_status":"closed","template":"","meta":{"footnotes":""},"class_list":["post-179","page","type-page","status-publish","hentry"],"_links":{"self":[{"href":"https:\/\/ambbucarest.esteri.it\/ro\/wp-json\/wp\/v2\/pages\/179","targetHints":{"allow":["GET"]}}],"collection":[{"href":"https:\/\/ambbucarest.esteri.it\/ro\/wp-json\/wp\/v2\/pages"}],"about":[{"href":"https:\/\/ambbucarest.esteri.it\/ro\/wp-json\/wp\/v2\/types\/page"}],"author":[{"embeddable":true,"href":"https:\/\/ambbucarest.esteri.it\/ro\/wp-json\/wp\/v2\/users\/1"}],"replies":[{"embeddable":true,"href":"https:\/\/ambbucarest.esteri.it\/ro\/wp-json\/wp\/v2\/comments?post=179"}],"version-history":[{"count":6,"href":"https:\/\/ambbucarest.esteri.it\/ro\/wp-json\/wp\/v2\/pages\/179\/revisions"}],"predecessor-version":[{"id":6561,"href":"https:\/\/ambbucarest.esteri.it\/ro\/wp-json\/wp\/v2\/pages\/179\/revisions\/6561"}],"up":[{"embeddable":true,"href":"https:\/\/ambbucarest.esteri.it\/ro\/wp-json\/wp\/v2\/pages\/150"}],"wp:attachment":[{"href":"https:\/\/ambbucarest.esteri.it\/ro\/wp-json\/wp\/v2\/media?parent=179"}],"curies":[{"name":"wp","href":"https:\/\/api.w.org\/{rel}","templated":true}]}}